{"id":201,"date":"2024-10-03T12:45:57","date_gmt":"2024-10-03T12:45:57","guid":{"rendered":"https:\/\/betlabel.games\/al\/?page_id=201"},"modified":"2026-03-10T11:05:12","modified_gmt":"2026-03-10T11:05:12","slug":"bonuses","status":"publish","type":"page","link":"https:\/\/betlabel.games\/al\/bonuses\/","title":{"rendered":"Bonuse"},"content":{"rendered":"","protected":false},"excerpt":{"rendered":"","protected":false},"author":1,"featured_media":0,"parent":0,"menu_order":0,"comment_status":"closed","ping_status":"closed","template":"","meta":{"footnotes":""},"class_list":["post-201","page","type-page","status-publish","hentry"],"yoast_head":"<!-- This site is optimized with the Yoast SEO plugin v27.4 - https:\/\/yoast.com\/product\/yoast-seo-wordpress\/ -->\n<title>BetLabel\u2122 Bonuse \u2014 Oferta p\u00ebr baste dhe kazino \u2014 Prill 2026<\/title>\n<meta name=\"description\" content=\"Merrni bonuset e Bet Label p\u00ebr bastet sportive dhe kazinot\u00eb, duke p\u00ebrfshir\u00eb ofertat e mir\u00ebseardhjes, marr\u00ebveshjet e rimbushjes, rrotullimet falas, kthimin e parave dhe promovimet ekskluzive p\u00ebr lojtar\u00ebt e rinj dhe aktiv\u00eb.\" \/>\n<meta name=\"robots\" content=\"index, follow, max-snippet:-1, max-image-preview:large, max-video-preview:-1\" \/>\n<meta property=\"og:locale\" content=\"sq_AL\" \/>\n<meta property=\"og:type\" content=\"article\" \/>\n<meta property=\"og:title\" content=\"BetLabel\u2122 Bonuse \u2014 Oferta p\u00ebr baste dhe kazino \u2014 Prill 2026\" \/>\n<meta property=\"og:description\" content=\"Merrni bonuset e Bet Label p\u00ebr bastet sportive dhe kazinot\u00eb, duke p\u00ebrfshir\u00eb ofertat e mir\u00ebseardhjes, marr\u00ebveshjet e rimbushjes, rrotullimet falas, kthimin e parave dhe promovimet ekskluzive p\u00ebr lojtar\u00ebt e rinj dhe aktiv\u00eb.\" \/>\n<meta property=\"og:url\" content=\"https:\/\/betlabel.games\/al\/bonuses\/\" \/>\n<meta property=\"og:site_name\" content=\"Betlabel al\" \/>\n<meta property=\"article:modified_time\" content=\"2026-03-10T11:05:12+00:00\" \/>\n<meta name=\"twitter:card\" content=\"summary_large_image\" \/>\n<script type=\"application\/ld+json\" class=\"yoast-schema-graph\">{\"@context\":\"https:\\\/\\\/schema.org\",\"@graph\":[{\"@type\":\"WebPage\",\"@id\":\"https:\\\/\\\/betlabel.games\\\/al\\\/bonuses\\\/\",\"url\":\"https:\\\/\\\/betlabel.games\\\/al\\\/bonuses\\\/\",\"name\":\"BetLabel\u2122 Bonuse \u2014 Oferta p\u00ebr baste dhe kazino \u2014 Prill 2026\",\"isPartOf\":{\"@id\":\"https:\\\/\\\/betlabel.games\\\/al\\\/#website\"},\"datePublished\":\"2024-10-03T12:45:57+00:00\",\"dateModified\":\"2026-03-10T11:05:12+00:00\",\"description\":\"Merrni bonuset e Bet Label p\u00ebr bastet sportive dhe kazinot\u00eb, duke p\u00ebrfshir\u00eb ofertat e mir\u00ebseardhjes, marr\u00ebveshjet e rimbushjes, rrotullimet falas, kthimin e parave dhe promovimet ekskluzive p\u00ebr lojtar\u00ebt e rinj dhe aktiv\u00eb.\",\"breadcrumb\":{\"@id\":\"https:\\\/\\\/betlabel.games\\\/al\\\/bonuses\\\/#breadcrumb\"},\"inLanguage\":\"sq\",\"potentialAction\":[{\"@type\":\"ReadAction\",\"target\":[\"https:\\\/\\\/betlabel.games\\\/al\\\/bonuses\\\/\"]}]},{\"@type\":\"BreadcrumbList\",\"@id\":\"https:\\\/\\\/betlabel.games\\\/al\\\/bonuses\\\/#breadcrumb\",\"itemListElement\":[{\"@type\":\"ListItem\",\"position\":1,\"name\":\"Home\",\"item\":\"https:\\\/\\\/betlabel.games\\\/al\\\/\"},{\"@type\":\"ListItem\",\"position\":2,\"name\":\"Bonuse\"}]},{\"@type\":\"WebSite\",\"@id\":\"https:\\\/\\\/betlabel.games\\\/al\\\/#website\",\"url\":\"https:\\\/\\\/betlabel.games\\\/al\\\/\",\"name\":\"Betlabel al\",\"description\":\"My WordPress Blog\",\"potentialAction\":[{\"@type\":\"SearchAction\",\"target\":{\"@type\":\"EntryPoint\",\"urlTemplate\":\"https:\\\/\\\/betlabel.games\\\/al\\\/?s={search_term_string}\"},\"query-input\":{\"@type\":\"PropertyValueSpecification\",\"valueRequired\":true,\"valueName\":\"search_term_string\"}}],\"inLanguage\":\"sq\"}]}<\/script>\n<!-- \/ Yoast SEO plugin. -->","yoast_head_json":{"title":"BetLabel\u2122 Bonuse \u2014 Oferta p\u00ebr baste dhe kazino \u2014 Prill 2026","description":"Merrni bonuset e Bet Label p\u00ebr bastet sportive dhe kazinot\u00eb, duke p\u00ebrfshir\u00eb ofertat e mir\u00ebseardhjes, marr\u00ebveshjet e rimbushjes, rrotullimet falas, kthimin e parave dhe promovimet ekskluzive p\u00ebr lojtar\u00ebt e rinj dhe aktiv\u00eb.","robots":{"index":"index","follow":"follow","max-snippet":"max-snippet:-1","max-image-preview":"max-image-preview:large","max-video-preview":"max-video-preview:-1"},"og_locale":"sq_AL","og_type":"article","og_title":"BetLabel\u2122 Bonuse \u2014 Oferta p\u00ebr baste dhe kazino \u2014 Prill 2026","og_description":"Merrni bonuset e Bet Label p\u00ebr bastet sportive dhe kazinot\u00eb, duke p\u00ebrfshir\u00eb ofertat e mir\u00ebseardhjes, marr\u00ebveshjet e rimbushjes, rrotullimet falas, kthimin e parave dhe promovimet ekskluzive p\u00ebr lojtar\u00ebt e rinj dhe aktiv\u00eb.","og_url":"https:\/\/betlabel.games\/al\/bonuses\/","og_site_name":"Betlabel al","article_modified_time":"2026-03-10T11:05:12+00:00","twitter_card":"summary_large_image","schema":{"@context":"https:\/\/schema.org","@graph":[{"@type":"WebPage","@id":"https:\/\/betlabel.games\/al\/bonuses\/","url":"https:\/\/betlabel.games\/al\/bonuses\/","name":"BetLabel\u2122 Bonuse \u2014 Oferta p\u00ebr baste dhe kazino \u2014 Prill 2026","isPartOf":{"@id":"https:\/\/betlabel.games\/al\/#website"},"datePublished":"2024-10-03T12:45:57+00:00","dateModified":"2026-03-10T11:05:12+00:00","description":"Merrni bonuset e Bet Label p\u00ebr bastet sportive dhe kazinot\u00eb, duke p\u00ebrfshir\u00eb ofertat e mir\u00ebseardhjes, marr\u00ebveshjet e rimbushjes, rrotullimet falas, kthimin e parave dhe promovimet ekskluzive p\u00ebr lojtar\u00ebt e rinj dhe aktiv\u00eb.","breadcrumb":{"@id":"https:\/\/betlabel.games\/al\/bonuses\/#breadcrumb"},"inLanguage":"sq","potentialAction":[{"@type":"ReadAction","target":["https:\/\/betlabel.games\/al\/bonuses\/"]}]},{"@type":"BreadcrumbList","@id":"https:\/\/betlabel.games\/al\/bonuses\/#breadcrumb","itemListElement":[{"@type":"ListItem","position":1,"name":"Home","item":"https:\/\/betlabel.games\/al\/"},{"@type":"ListItem","position":2,"name":"Bonuse"}]},{"@type":"WebSite","@id":"https:\/\/betlabel.games\/al\/#website","url":"https:\/\/betlabel.games\/al\/","name":"Betlabel al","description":"My WordPress Blog","potentialAction":[{"@type":"SearchAction","target":{"@type":"EntryPoint","urlTemplate":"https:\/\/betlabel.games\/al\/?s={search_term_string}"},"query-input":{"@type":"PropertyValueSpecification","valueRequired":true,"valueName":"search_term_string"}}],"inLanguage":"sq"}]}},"_links":{"self":[{"href":"https:\/\/betlabel.games\/al\/wp-json\/wp\/v2\/pages\/201","targetHints":{"allow":["GET"]}}],"collection":[{"href":"https:\/\/betlabel.games\/al\/wp-json\/wp\/v2\/pages"}],"about":[{"href":"https:\/\/betlabel.games\/al\/wp-json\/wp\/v2\/types\/page"}],"author":[{"embeddable":true,"href":"https:\/\/betlabel.games\/al\/wp-json\/wp\/v2\/users\/1"}],"replies":[{"embeddable":true,"href":"https:\/\/betlabel.games\/al\/wp-json\/wp\/v2\/comments?post=201"}],"version-history":[{"count":5,"href":"https:\/\/betlabel.games\/al\/wp-json\/wp\/v2\/pages\/201\/revisions"}],"predecessor-version":[{"id":1073,"href":"https:\/\/betlabel.games\/al\/wp-json\/wp\/v2\/pages\/201\/revisions\/1073"}],"wp:attachment":[{"href":"https:\/\/betlabel.games\/al\/wp-json\/wp\/v2\/media?parent=201"}],"curies":[{"name":"wp","href":"https:\/\/api.w.org\/{rel}","templated":true}]}}