{"id":204,"date":"2024-10-03T12:46:23","date_gmt":"2024-10-03T12:46:23","guid":{"rendered":"https:\/\/betlabel.games\/al\/?page_id=204"},"modified":"2026-03-12T11:40:25","modified_gmt":"2026-03-12T11:40:25","slug":"mobile","status":"publish","type":"page","link":"https:\/\/betlabel.games\/al\/mobile\/","title":{"rendered":"Mobile"},"content":{"rendered":"","protected":false},"excerpt":{"rendered":"","protected":false},"author":1,"featured_media":0,"parent":0,"menu_order":0,"comment_status":"closed","ping_status":"closed","template":"","meta":{"footnotes":""},"class_list":["post-204","page","type-page","status-publish","hentry"],"yoast_head":"<!-- This site is optimized with the Yoast SEO plugin v27.4 - https:\/\/yoast.com\/product\/yoast-seo-wordpress\/ -->\n<title>BetLabel\u2122 Aplikacioni \u2014 Platform\u00eb bastesh sportive p\u00ebr celular\u00eb \u2014 2026<\/title>\n<meta name=\"description\" content=\"Shkarkoni aplikacionin Bet Label p\u00ebr t\u00eb vendosur baste sportive, p\u00ebr t\u00eb aksesuar shanset live, p\u00ebr t\u00eb menaxhuar llogarin\u00eb tuaj dhe p\u00ebr t\u00eb shijuar baste t\u00eb shpejta, t\u00eb sigurta dhe pa probleme n\u00eb celular n\u00eb Android dhe iOS.\" \/>\n<meta name=\"robots\" content=\"index, follow, max-snippet:-1, max-image-preview:large, max-video-preview:-1\" \/>\n<meta property=\"og:locale\" content=\"sq_AL\" \/>\n<meta property=\"og:type\" content=\"article\" \/>\n<meta property=\"og:title\" content=\"BetLabel\u2122 Aplikacioni \u2014 Platform\u00eb bastesh sportive p\u00ebr celular\u00eb \u2014 2026\" \/>\n<meta property=\"og:description\" content=\"Shkarkoni aplikacionin Bet Label p\u00ebr t\u00eb vendosur baste sportive, p\u00ebr t\u00eb aksesuar shanset live, p\u00ebr t\u00eb menaxhuar llogarin\u00eb tuaj dhe p\u00ebr t\u00eb shijuar baste t\u00eb shpejta, t\u00eb sigurta dhe pa probleme n\u00eb celular n\u00eb Android dhe iOS.\" \/>\n<meta property=\"og:url\" content=\"https:\/\/betlabel.games\/al\/mobile\/\" \/>\n<meta property=\"og:site_name\" content=\"Betlabel al\" \/>\n<meta property=\"article:modified_time\" content=\"2026-03-12T11:40:25+00:00\" \/>\n<meta name=\"twitter:card\" content=\"summary_large_image\" \/>\n<script type=\"application\/ld+json\" class=\"yoast-schema-graph\">{\"@context\":\"https:\\\/\\\/schema.org\",\"@graph\":[{\"@type\":\"WebPage\",\"@id\":\"https:\\\/\\\/betlabel.games\\\/al\\\/mobile\\\/\",\"url\":\"https:\\\/\\\/betlabel.games\\\/al\\\/mobile\\\/\",\"name\":\"BetLabel\u2122 Aplikacioni \u2014 Platform\u00eb bastesh sportive p\u00ebr celular\u00eb \u2014 2026\",\"isPartOf\":{\"@id\":\"https:\\\/\\\/betlabel.games\\\/al\\\/#website\"},\"datePublished\":\"2024-10-03T12:46:23+00:00\",\"dateModified\":\"2026-03-12T11:40:25+00:00\",\"description\":\"Shkarkoni aplikacionin Bet Label p\u00ebr t\u00eb vendosur baste sportive, p\u00ebr t\u00eb aksesuar shanset live, p\u00ebr t\u00eb menaxhuar llogarin\u00eb tuaj dhe p\u00ebr t\u00eb shijuar baste t\u00eb shpejta, t\u00eb sigurta dhe pa probleme n\u00eb celular n\u00eb Android dhe iOS.\",\"breadcrumb\":{\"@id\":\"https:\\\/\\\/betlabel.games\\\/al\\\/mobile\\\/#breadcrumb\"},\"inLanguage\":\"sq\",\"potentialAction\":[{\"@type\":\"ReadAction\",\"target\":[\"https:\\\/\\\/betlabel.games\\\/al\\\/mobile\\\/\"]}]},{\"@type\":\"BreadcrumbList\",\"@id\":\"https:\\\/\\\/betlabel.games\\\/al\\\/mobile\\\/#breadcrumb\",\"itemListElement\":[{\"@type\":\"ListItem\",\"position\":1,\"name\":\"Home\",\"item\":\"https:\\\/\\\/betlabel.games\\\/al\\\/\"},{\"@type\":\"ListItem\",\"position\":2,\"name\":\"Mobile\"}]},{\"@type\":\"WebSite\",\"@id\":\"https:\\\/\\\/betlabel.games\\\/al\\\/#website\",\"url\":\"https:\\\/\\\/betlabel.games\\\/al\\\/\",\"name\":\"Betlabel al\",\"description\":\"My WordPress Blog\",\"potentialAction\":[{\"@type\":\"SearchAction\",\"target\":{\"@type\":\"EntryPoint\",\"urlTemplate\":\"https:\\\/\\\/betlabel.games\\\/al\\\/?s={search_term_string}\"},\"query-input\":{\"@type\":\"PropertyValueSpecification\",\"valueRequired\":true,\"valueName\":\"search_term_string\"}}],\"inLanguage\":\"sq\"}]}<\/script>\n<!-- \/ Yoast SEO plugin. -->","yoast_head_json":{"title":"BetLabel\u2122 Aplikacioni \u2014 Platform\u00eb bastesh sportive p\u00ebr celular\u00eb \u2014 2026","description":"Shkarkoni aplikacionin Bet Label p\u00ebr t\u00eb vendosur baste sportive, p\u00ebr t\u00eb aksesuar shanset live, p\u00ebr t\u00eb menaxhuar llogarin\u00eb tuaj dhe p\u00ebr t\u00eb shijuar baste t\u00eb shpejta, t\u00eb sigurta dhe pa probleme n\u00eb celular n\u00eb Android dhe iOS.","robots":{"index":"index","follow":"follow","max-snippet":"max-snippet:-1","max-image-preview":"max-image-preview:large","max-video-preview":"max-video-preview:-1"},"og_locale":"sq_AL","og_type":"article","og_title":"BetLabel\u2122 Aplikacioni \u2014 Platform\u00eb bastesh sportive p\u00ebr celular\u00eb \u2014 2026","og_description":"Shkarkoni aplikacionin Bet Label p\u00ebr t\u00eb vendosur baste sportive, p\u00ebr t\u00eb aksesuar shanset live, p\u00ebr t\u00eb menaxhuar llogarin\u00eb tuaj dhe p\u00ebr t\u00eb shijuar baste t\u00eb shpejta, t\u00eb sigurta dhe pa probleme n\u00eb celular n\u00eb Android dhe iOS.","og_url":"https:\/\/betlabel.games\/al\/mobile\/","og_site_name":"Betlabel al","article_modified_time":"2026-03-12T11:40:25+00:00","twitter_card":"summary_large_image","schema":{"@context":"https:\/\/schema.org","@graph":[{"@type":"WebPage","@id":"https:\/\/betlabel.games\/al\/mobile\/","url":"https:\/\/betlabel.games\/al\/mobile\/","name":"BetLabel\u2122 Aplikacioni \u2014 Platform\u00eb bastesh sportive p\u00ebr celular\u00eb \u2014 2026","isPartOf":{"@id":"https:\/\/betlabel.games\/al\/#website"},"datePublished":"2024-10-03T12:46:23+00:00","dateModified":"2026-03-12T11:40:25+00:00","description":"Shkarkoni aplikacionin Bet Label p\u00ebr t\u00eb vendosur baste sportive, p\u00ebr t\u00eb aksesuar shanset live, p\u00ebr t\u00eb menaxhuar llogarin\u00eb tuaj dhe p\u00ebr t\u00eb shijuar baste t\u00eb shpejta, t\u00eb sigurta dhe pa probleme n\u00eb celular n\u00eb Android dhe iOS.","breadcrumb":{"@id":"https:\/\/betlabel.games\/al\/mobile\/#breadcrumb"},"inLanguage":"sq","potentialAction":[{"@type":"ReadAction","target":["https:\/\/betlabel.games\/al\/mobile\/"]}]},{"@type":"BreadcrumbList","@id":"https:\/\/betlabel.games\/al\/mobile\/#breadcrumb","itemListElement":[{"@type":"ListItem","position":1,"name":"Home","item":"https:\/\/betlabel.games\/al\/"},{"@type":"ListItem","position":2,"name":"Mobile"}]},{"@type":"WebSite","@id":"https:\/\/betlabel.games\/al\/#website","url":"https:\/\/betlabel.games\/al\/","name":"Betlabel al","description":"My WordPress Blog","potentialAction":[{"@type":"SearchAction","target":{"@type":"EntryPoint","urlTemplate":"https:\/\/betlabel.games\/al\/?s={search_term_string}"},"query-input":{"@type":"PropertyValueSpecification","valueRequired":true,"valueName":"search_term_string"}}],"inLanguage":"sq"}]}},"_links":{"self":[{"href":"https:\/\/betlabel.games\/al\/wp-json\/wp\/v2\/pages\/204","targetHints":{"allow":["GET"]}}],"collection":[{"href":"https:\/\/betlabel.games\/al\/wp-json\/wp\/v2\/pages"}],"about":[{"href":"https:\/\/betlabel.games\/al\/wp-json\/wp\/v2\/types\/page"}],"author":[{"embeddable":true,"href":"https:\/\/betlabel.games\/al\/wp-json\/wp\/v2\/users\/1"}],"replies":[{"embeddable":true,"href":"https:\/\/betlabel.games\/al\/wp-json\/wp\/v2\/comments?post=204"}],"version-history":[{"count":5,"href":"https:\/\/betlabel.games\/al\/wp-json\/wp\/v2\/pages\/204\/revisions"}],"predecessor-version":[{"id":1098,"href":"https:\/\/betlabel.games\/al\/wp-json\/wp\/v2\/pages\/204\/revisions\/1098"}],"wp:attachment":[{"href":"https:\/\/betlabel.games\/al\/wp-json\/wp\/v2\/media?parent=204"}],"curies":[{"name":"wp","href":"https:\/\/api.w.org\/{rel}","templated":true}]}}