{"id":267,"date":"2024-10-10T12:44:36","date_gmt":"2024-10-10T12:44:36","guid":{"rendered":"https:\/\/betlabel.games\/al\/?page_id=267"},"modified":"2026-03-12T13:57:31","modified_gmt":"2026-03-12T13:57:31","slug":"registration","status":"publish","type":"page","link":"https:\/\/betlabel.games\/al\/registration\/","title":{"rendered":"Regjistrimi"},"content":{"rendered":"","protected":false},"excerpt":{"rendered":"","protected":false},"author":1,"featured_media":0,"parent":0,"menu_order":0,"comment_status":"closed","ping_status":"closed","template":"","meta":{"footnotes":""},"class_list":["post-267","page","type-page","status-publish","hentry"],"yoast_head":"<!-- This site is optimized with the Yoast SEO plugin v27.4 - https:\/\/yoast.com\/product\/yoast-seo-wordpress\/ -->\n<title>BetLabel\u2122 Regjistrimi \u2014 Llogaria e basteve dhe kazinos\u00eb \u2014 2026<\/title>\n<meta name=\"description\" content=\"Regjistrohuni n\u00eb Bet Label p\u00ebr t\u00eb krijuar llogarin\u00eb tuaj t\u00eb basteve dhe kazinos\u00eb, p\u00ebr t\u00eb vendosur baste sportive, p\u00ebr t\u00eb luajtur loj\u00ebra kazinoje, p\u00ebr t\u00eb k\u00ebrkuar bonuse dhe p\u00ebr t\u00eb shijuar akses t\u00eb shpejt\u00eb dhe t\u00eb sigurt n\u00eb t\u00eb gjitha pajisjet.\" \/>\n<meta name=\"robots\" content=\"index, follow, max-snippet:-1, max-image-preview:large, max-video-preview:-1\" \/>\n<meta property=\"og:locale\" content=\"sq_AL\" \/>\n<meta property=\"og:type\" content=\"article\" \/>\n<meta property=\"og:title\" content=\"BetLabel\u2122 Regjistrimi \u2014 Llogaria e basteve dhe kazinos\u00eb \u2014 2026\" \/>\n<meta property=\"og:description\" content=\"Regjistrohuni n\u00eb Bet Label p\u00ebr t\u00eb krijuar llogarin\u00eb tuaj t\u00eb basteve dhe kazinos\u00eb, p\u00ebr t\u00eb vendosur baste sportive, p\u00ebr t\u00eb luajtur loj\u00ebra kazinoje, p\u00ebr t\u00eb k\u00ebrkuar bonuse dhe p\u00ebr t\u00eb shijuar akses t\u00eb shpejt\u00eb dhe t\u00eb sigurt n\u00eb t\u00eb gjitha pajisjet.\" \/>\n<meta property=\"og:url\" content=\"https:\/\/betlabel.games\/al\/registration\/\" \/>\n<meta property=\"og:site_name\" content=\"Betlabel al\" \/>\n<meta property=\"article:modified_time\" content=\"2026-03-12T13:57:31+00:00\" \/>\n<meta name=\"twitter:card\" content=\"summary_large_image\" \/>\n<script type=\"application\/ld+json\" class=\"yoast-schema-graph\">{\"@context\":\"https:\\\/\\\/schema.org\",\"@graph\":[{\"@type\":\"WebPage\",\"@id\":\"https:\\\/\\\/betlabel.games\\\/al\\\/registration\\\/\",\"url\":\"https:\\\/\\\/betlabel.games\\\/al\\\/registration\\\/\",\"name\":\"BetLabel\u2122 Regjistrimi \u2014 Llogaria e basteve dhe kazinos\u00eb \u2014 2026\",\"isPartOf\":{\"@id\":\"https:\\\/\\\/betlabel.games\\\/al\\\/#website\"},\"datePublished\":\"2024-10-10T12:44:36+00:00\",\"dateModified\":\"2026-03-12T13:57:31+00:00\",\"description\":\"Regjistrohuni n\u00eb Bet Label p\u00ebr t\u00eb krijuar llogarin\u00eb tuaj t\u00eb basteve dhe kazinos\u00eb, p\u00ebr t\u00eb vendosur baste sportive, p\u00ebr t\u00eb luajtur loj\u00ebra kazinoje, p\u00ebr t\u00eb k\u00ebrkuar bonuse dhe p\u00ebr t\u00eb shijuar akses t\u00eb shpejt\u00eb dhe t\u00eb sigurt n\u00eb t\u00eb gjitha pajisjet.\",\"breadcrumb\":{\"@id\":\"https:\\\/\\\/betlabel.games\\\/al\\\/registration\\\/#breadcrumb\"},\"inLanguage\":\"sq\",\"potentialAction\":[{\"@type\":\"ReadAction\",\"target\":[\"https:\\\/\\\/betlabel.games\\\/al\\\/registration\\\/\"]}]},{\"@type\":\"BreadcrumbList\",\"@id\":\"https:\\\/\\\/betlabel.games\\\/al\\\/registration\\\/#breadcrumb\",\"itemListElement\":[{\"@type\":\"ListItem\",\"position\":1,\"name\":\"Home\",\"item\":\"https:\\\/\\\/betlabel.games\\\/al\\\/\"},{\"@type\":\"ListItem\",\"position\":2,\"name\":\"Regjistrimi\"}]},{\"@type\":\"WebSite\",\"@id\":\"https:\\\/\\\/betlabel.games\\\/al\\\/#website\",\"url\":\"https:\\\/\\\/betlabel.games\\\/al\\\/\",\"name\":\"Betlabel al\",\"description\":\"My WordPress Blog\",\"potentialAction\":[{\"@type\":\"SearchAction\",\"target\":{\"@type\":\"EntryPoint\",\"urlTemplate\":\"https:\\\/\\\/betlabel.games\\\/al\\\/?s={search_term_string}\"},\"query-input\":{\"@type\":\"PropertyValueSpecification\",\"valueRequired\":true,\"valueName\":\"search_term_string\"}}],\"inLanguage\":\"sq\"}]}<\/script>\n<!-- \/ Yoast SEO plugin. -->","yoast_head_json":{"title":"BetLabel\u2122 Regjistrimi \u2014 Llogaria e basteve dhe kazinos\u00eb \u2014 2026","description":"Regjistrohuni n\u00eb Bet Label p\u00ebr t\u00eb krijuar llogarin\u00eb tuaj t\u00eb basteve dhe kazinos\u00eb, p\u00ebr t\u00eb vendosur baste sportive, p\u00ebr t\u00eb luajtur loj\u00ebra kazinoje, p\u00ebr t\u00eb k\u00ebrkuar bonuse dhe p\u00ebr t\u00eb shijuar akses t\u00eb shpejt\u00eb dhe t\u00eb sigurt n\u00eb t\u00eb gjitha pajisjet.","robots":{"index":"index","follow":"follow","max-snippet":"max-snippet:-1","max-image-preview":"max-image-preview:large","max-video-preview":"max-video-preview:-1"},"og_locale":"sq_AL","og_type":"article","og_title":"BetLabel\u2122 Regjistrimi \u2014 Llogaria e basteve dhe kazinos\u00eb \u2014 2026","og_description":"Regjistrohuni n\u00eb Bet Label p\u00ebr t\u00eb krijuar llogarin\u00eb tuaj t\u00eb basteve dhe kazinos\u00eb, p\u00ebr t\u00eb vendosur baste sportive, p\u00ebr t\u00eb luajtur loj\u00ebra kazinoje, p\u00ebr t\u00eb k\u00ebrkuar bonuse dhe p\u00ebr t\u00eb shijuar akses t\u00eb shpejt\u00eb dhe t\u00eb sigurt n\u00eb t\u00eb gjitha pajisjet.","og_url":"https:\/\/betlabel.games\/al\/registration\/","og_site_name":"Betlabel al","article_modified_time":"2026-03-12T13:57:31+00:00","twitter_card":"summary_large_image","schema":{"@context":"https:\/\/schema.org","@graph":[{"@type":"WebPage","@id":"https:\/\/betlabel.games\/al\/registration\/","url":"https:\/\/betlabel.games\/al\/registration\/","name":"BetLabel\u2122 Regjistrimi \u2014 Llogaria e basteve dhe kazinos\u00eb \u2014 2026","isPartOf":{"@id":"https:\/\/betlabel.games\/al\/#website"},"datePublished":"2024-10-10T12:44:36+00:00","dateModified":"2026-03-12T13:57:31+00:00","description":"Regjistrohuni n\u00eb Bet Label p\u00ebr t\u00eb krijuar llogarin\u00eb tuaj t\u00eb basteve dhe kazinos\u00eb, p\u00ebr t\u00eb vendosur baste sportive, p\u00ebr t\u00eb luajtur loj\u00ebra kazinoje, p\u00ebr t\u00eb k\u00ebrkuar bonuse dhe p\u00ebr t\u00eb shijuar akses t\u00eb shpejt\u00eb dhe t\u00eb sigurt n\u00eb t\u00eb gjitha pajisjet.","breadcrumb":{"@id":"https:\/\/betlabel.games\/al\/registration\/#breadcrumb"},"inLanguage":"sq","potentialAction":[{"@type":"ReadAction","target":["https:\/\/betlabel.games\/al\/registration\/"]}]},{"@type":"BreadcrumbList","@id":"https:\/\/betlabel.games\/al\/registration\/#breadcrumb","itemListElement":[{"@type":"ListItem","position":1,"name":"Home","item":"https:\/\/betlabel.games\/al\/"},{"@type":"ListItem","position":2,"name":"Regjistrimi"}]},{"@type":"WebSite","@id":"https:\/\/betlabel.games\/al\/#website","url":"https:\/\/betlabel.games\/al\/","name":"Betlabel al","description":"My WordPress Blog","potentialAction":[{"@type":"SearchAction","target":{"@type":"EntryPoint","urlTemplate":"https:\/\/betlabel.games\/al\/?s={search_term_string}"},"query-input":{"@type":"PropertyValueSpecification","valueRequired":true,"valueName":"search_term_string"}}],"inLanguage":"sq"}]}},"_links":{"self":[{"href":"https:\/\/betlabel.games\/al\/wp-json\/wp\/v2\/pages\/267","targetHints":{"allow":["GET"]}}],"collection":[{"href":"https:\/\/betlabel.games\/al\/wp-json\/wp\/v2\/pages"}],"about":[{"href":"https:\/\/betlabel.games\/al\/wp-json\/wp\/v2\/types\/page"}],"author":[{"embeddable":true,"href":"https:\/\/betlabel.games\/al\/wp-json\/wp\/v2\/users\/1"}],"replies":[{"embeddable":true,"href":"https:\/\/betlabel.games\/al\/wp-json\/wp\/v2\/comments?post=267"}],"version-history":[{"count":5,"href":"https:\/\/betlabel.games\/al\/wp-json\/wp\/v2\/pages\/267\/revisions"}],"predecessor-version":[{"id":1103,"href":"https:\/\/betlabel.games\/al\/wp-json\/wp\/v2\/pages\/267\/revisions\/1103"}],"wp:attachment":[{"href":"https:\/\/betlabel.games\/al\/wp-json\/wp\/v2\/media?parent=267"}],"curies":[{"name":"wp","href":"https:\/\/api.w.org\/{rel}","templated":true}]}}