{"id":270,"date":"2024-10-10T12:51:51","date_gmt":"2024-10-10T12:51:51","guid":{"rendered":"https:\/\/betlabel.games\/al\/?page_id=270"},"modified":"2026-03-12T11:07:08","modified_gmt":"2026-03-12T11:07:08","slug":"login","status":"publish","type":"page","link":"https:\/\/betlabel.games\/al\/login\/","title":{"rendered":"Hyrje"},"content":{"rendered":"","protected":false},"excerpt":{"rendered":"","protected":false},"author":1,"featured_media":0,"parent":0,"menu_order":0,"comment_status":"closed","ping_status":"closed","template":"","meta":{"footnotes":""},"class_list":["post-270","page","type-page","status-publish","hentry"],"yoast_head":"<!-- This site is optimized with the Yoast SEO plugin v27.4 - https:\/\/yoast.com\/product\/yoast-seo-wordpress\/ -->\n<title>BetLabel\u2122 Hyrja \u2014 Qasje e Sigurt n\u00eb Llogari \u2014 2026<\/title>\n<meta name=\"description\" content=\"Hyni n\u00eb Bet Label p\u00ebr t\u00eb hyr\u00eb n\u00eb llogarin\u00eb tuaj, p\u00ebr t\u00eb menaxhuar bastet, p\u00ebr t\u00eb par\u00eb bonuset, p\u00ebr t\u00eb ndjekur aktivitetin dhe p\u00ebr t\u00eb shijuar performanc\u00eb t\u00eb shpejt\u00eb, t\u00eb sigurt dhe t\u00eb qet\u00eb t\u00eb platform\u00ebs.\" \/>\n<meta name=\"robots\" content=\"index, follow, max-snippet:-1, max-image-preview:large, max-video-preview:-1\" \/>\n<meta property=\"og:locale\" content=\"sq_AL\" \/>\n<meta property=\"og:type\" content=\"article\" \/>\n<meta property=\"og:title\" content=\"BetLabel\u2122 Hyrja \u2014 Qasje e Sigurt n\u00eb Llogari \u2014 2026\" \/>\n<meta property=\"og:description\" content=\"Hyni n\u00eb Bet Label p\u00ebr t\u00eb hyr\u00eb n\u00eb llogarin\u00eb tuaj, p\u00ebr t\u00eb menaxhuar bastet, p\u00ebr t\u00eb par\u00eb bonuset, p\u00ebr t\u00eb ndjekur aktivitetin dhe p\u00ebr t\u00eb shijuar performanc\u00eb t\u00eb shpejt\u00eb, t\u00eb sigurt dhe t\u00eb qet\u00eb t\u00eb platform\u00ebs.\" \/>\n<meta property=\"og:url\" content=\"https:\/\/betlabel.games\/al\/login\/\" \/>\n<meta property=\"og:site_name\" content=\"Betlabel al\" \/>\n<meta property=\"article:modified_time\" content=\"2026-03-12T11:07:08+00:00\" \/>\n<meta name=\"twitter:card\" content=\"summary_large_image\" \/>\n<script type=\"application\/ld+json\" class=\"yoast-schema-graph\">{\"@context\":\"https:\\\/\\\/schema.org\",\"@graph\":[{\"@type\":\"WebPage\",\"@id\":\"https:\\\/\\\/betlabel.games\\\/al\\\/login\\\/\",\"url\":\"https:\\\/\\\/betlabel.games\\\/al\\\/login\\\/\",\"name\":\"BetLabel\u2122 Hyrja \u2014 Qasje e Sigurt n\u00eb Llogari \u2014 2026\",\"isPartOf\":{\"@id\":\"https:\\\/\\\/betlabel.games\\\/al\\\/#website\"},\"datePublished\":\"2024-10-10T12:51:51+00:00\",\"dateModified\":\"2026-03-12T11:07:08+00:00\",\"description\":\"Hyni n\u00eb Bet Label p\u00ebr t\u00eb hyr\u00eb n\u00eb llogarin\u00eb tuaj, p\u00ebr t\u00eb menaxhuar bastet, p\u00ebr t\u00eb par\u00eb bonuset, p\u00ebr t\u00eb ndjekur aktivitetin dhe p\u00ebr t\u00eb shijuar performanc\u00eb t\u00eb shpejt\u00eb, t\u00eb sigurt dhe t\u00eb qet\u00eb t\u00eb platform\u00ebs.\",\"breadcrumb\":{\"@id\":\"https:\\\/\\\/betlabel.games\\\/al\\\/login\\\/#breadcrumb\"},\"inLanguage\":\"sq\",\"potentialAction\":[{\"@type\":\"ReadAction\",\"target\":[\"https:\\\/\\\/betlabel.games\\\/al\\\/login\\\/\"]}]},{\"@type\":\"BreadcrumbList\",\"@id\":\"https:\\\/\\\/betlabel.games\\\/al\\\/login\\\/#breadcrumb\",\"itemListElement\":[{\"@type\":\"ListItem\",\"position\":1,\"name\":\"Home\",\"item\":\"https:\\\/\\\/betlabel.games\\\/al\\\/\"},{\"@type\":\"ListItem\",\"position\":2,\"name\":\"Hyrje\"}]},{\"@type\":\"WebSite\",\"@id\":\"https:\\\/\\\/betlabel.games\\\/al\\\/#website\",\"url\":\"https:\\\/\\\/betlabel.games\\\/al\\\/\",\"name\":\"Betlabel al\",\"description\":\"My WordPress Blog\",\"potentialAction\":[{\"@type\":\"SearchAction\",\"target\":{\"@type\":\"EntryPoint\",\"urlTemplate\":\"https:\\\/\\\/betlabel.games\\\/al\\\/?s={search_term_string}\"},\"query-input\":{\"@type\":\"PropertyValueSpecification\",\"valueRequired\":true,\"valueName\":\"search_term_string\"}}],\"inLanguage\":\"sq\"}]}<\/script>\n<!-- \/ Yoast SEO plugin. -->","yoast_head_json":{"title":"BetLabel\u2122 Hyrja \u2014 Qasje e Sigurt n\u00eb Llogari \u2014 2026","description":"Hyni n\u00eb Bet Label p\u00ebr t\u00eb hyr\u00eb n\u00eb llogarin\u00eb tuaj, p\u00ebr t\u00eb menaxhuar bastet, p\u00ebr t\u00eb par\u00eb bonuset, p\u00ebr t\u00eb ndjekur aktivitetin dhe p\u00ebr t\u00eb shijuar performanc\u00eb t\u00eb shpejt\u00eb, t\u00eb sigurt dhe t\u00eb qet\u00eb t\u00eb platform\u00ebs.","robots":{"index":"index","follow":"follow","max-snippet":"max-snippet:-1","max-image-preview":"max-image-preview:large","max-video-preview":"max-video-preview:-1"},"og_locale":"sq_AL","og_type":"article","og_title":"BetLabel\u2122 Hyrja \u2014 Qasje e Sigurt n\u00eb Llogari \u2014 2026","og_description":"Hyni n\u00eb Bet Label p\u00ebr t\u00eb hyr\u00eb n\u00eb llogarin\u00eb tuaj, p\u00ebr t\u00eb menaxhuar bastet, p\u00ebr t\u00eb par\u00eb bonuset, p\u00ebr t\u00eb ndjekur aktivitetin dhe p\u00ebr t\u00eb shijuar performanc\u00eb t\u00eb shpejt\u00eb, t\u00eb sigurt dhe t\u00eb qet\u00eb t\u00eb platform\u00ebs.","og_url":"https:\/\/betlabel.games\/al\/login\/","og_site_name":"Betlabel al","article_modified_time":"2026-03-12T11:07:08+00:00","twitter_card":"summary_large_image","schema":{"@context":"https:\/\/schema.org","@graph":[{"@type":"WebPage","@id":"https:\/\/betlabel.games\/al\/login\/","url":"https:\/\/betlabel.games\/al\/login\/","name":"BetLabel\u2122 Hyrja \u2014 Qasje e Sigurt n\u00eb Llogari \u2014 2026","isPartOf":{"@id":"https:\/\/betlabel.games\/al\/#website"},"datePublished":"2024-10-10T12:51:51+00:00","dateModified":"2026-03-12T11:07:08+00:00","description":"Hyni n\u00eb Bet Label p\u00ebr t\u00eb hyr\u00eb n\u00eb llogarin\u00eb tuaj, p\u00ebr t\u00eb menaxhuar bastet, p\u00ebr t\u00eb par\u00eb bonuset, p\u00ebr t\u00eb ndjekur aktivitetin dhe p\u00ebr t\u00eb shijuar performanc\u00eb t\u00eb shpejt\u00eb, t\u00eb sigurt dhe t\u00eb qet\u00eb t\u00eb platform\u00ebs.","breadcrumb":{"@id":"https:\/\/betlabel.games\/al\/login\/#breadcrumb"},"inLanguage":"sq","potentialAction":[{"@type":"ReadAction","target":["https:\/\/betlabel.games\/al\/login\/"]}]},{"@type":"BreadcrumbList","@id":"https:\/\/betlabel.games\/al\/login\/#breadcrumb","itemListElement":[{"@type":"ListItem","position":1,"name":"Home","item":"https:\/\/betlabel.games\/al\/"},{"@type":"ListItem","position":2,"name":"Hyrje"}]},{"@type":"WebSite","@id":"https:\/\/betlabel.games\/al\/#website","url":"https:\/\/betlabel.games\/al\/","name":"Betlabel al","description":"My WordPress Blog","potentialAction":[{"@type":"SearchAction","target":{"@type":"EntryPoint","urlTemplate":"https:\/\/betlabel.games\/al\/?s={search_term_string}"},"query-input":{"@type":"PropertyValueSpecification","valueRequired":true,"valueName":"search_term_string"}}],"inLanguage":"sq"}]}},"_links":{"self":[{"href":"https:\/\/betlabel.games\/al\/wp-json\/wp\/v2\/pages\/270","targetHints":{"allow":["GET"]}}],"collection":[{"href":"https:\/\/betlabel.games\/al\/wp-json\/wp\/v2\/pages"}],"about":[{"href":"https:\/\/betlabel.games\/al\/wp-json\/wp\/v2\/types\/page"}],"author":[{"embeddable":true,"href":"https:\/\/betlabel.games\/al\/wp-json\/wp\/v2\/users\/1"}],"replies":[{"embeddable":true,"href":"https:\/\/betlabel.games\/al\/wp-json\/wp\/v2\/comments?post=270"}],"version-history":[{"count":5,"href":"https:\/\/betlabel.games\/al\/wp-json\/wp\/v2\/pages\/270\/revisions"}],"predecessor-version":[{"id":1096,"href":"https:\/\/betlabel.games\/al\/wp-json\/wp\/v2\/pages\/270\/revisions\/1096"}],"wp:attachment":[{"href":"https:\/\/betlabel.games\/al\/wp-json\/wp\/v2\/media?parent=270"}],"curies":[{"name":"wp","href":"https:\/\/api.w.org\/{rel}","templated":true}]}}