{"id":275,"date":"2024-10-10T12:58:51","date_gmt":"2024-10-10T12:58:51","guid":{"rendered":"https:\/\/betlabel.games\/al\/?page_id=275"},"modified":"2026-03-10T10:33:38","modified_gmt":"2026-03-10T10:33:38","slug":"affiliate","status":"publish","type":"page","link":"https:\/\/betlabel.games\/al\/affiliate\/","title":{"rendered":"Filial"},"content":{"rendered":"","protected":false},"excerpt":{"rendered":"","protected":false},"author":1,"featured_media":0,"parent":0,"menu_order":0,"comment_status":"closed","ping_status":"closed","template":"","meta":{"footnotes":""},"class_list":["post-275","page","type-page","status-publish","hentry"],"yoast_head":"<!-- This site is optimized with the Yoast SEO plugin v27.4 - https:\/\/yoast.com\/product\/yoast-seo-wordpress\/ -->\n<title>BetLabel\u2122 Programi i Filialeve \u2014 Fitoni me Baste dhe Kazino \u2014 2026<\/title>\n<meta name=\"description\" content=\"Bashkohuni me Programin e Filialeve t\u00eb Bet Label dhe b\u00ebhuni partner p\u00ebr t\u00eb fituar komisione duke referuar lojtar\u00eb. Fitoni para nga trafiku me ndarjen e t\u00eb ardhurave, marr\u00ebveshjet CPA, mjetet e ndjekjes dhe mb\u00ebshtetjen e dedikuar t\u00eb partner\u00ebve.\" \/>\n<meta name=\"robots\" content=\"index, follow, max-snippet:-1, max-image-preview:large, max-video-preview:-1\" \/>\n<meta property=\"og:locale\" content=\"sq_AL\" \/>\n<meta property=\"og:type\" content=\"article\" \/>\n<meta property=\"og:title\" content=\"BetLabel\u2122 Programi i Filialeve \u2014 Fitoni me Baste dhe Kazino \u2014 2026\" \/>\n<meta property=\"og:description\" content=\"Bashkohuni me Programin e Filialeve t\u00eb Bet Label dhe b\u00ebhuni partner p\u00ebr t\u00eb fituar komisione duke referuar lojtar\u00eb. Fitoni para nga trafiku me ndarjen e t\u00eb ardhurave, marr\u00ebveshjet CPA, mjetet e ndjekjes dhe mb\u00ebshtetjen e dedikuar t\u00eb partner\u00ebve.\" \/>\n<meta property=\"og:url\" content=\"https:\/\/betlabel.games\/al\/affiliate\/\" \/>\n<meta property=\"og:site_name\" content=\"Betlabel al\" \/>\n<meta property=\"article:modified_time\" content=\"2026-03-10T10:33:38+00:00\" \/>\n<meta name=\"twitter:card\" content=\"summary_large_image\" \/>\n<script type=\"application\/ld+json\" class=\"yoast-schema-graph\">{\"@context\":\"https:\\\/\\\/schema.org\",\"@graph\":[{\"@type\":\"WebPage\",\"@id\":\"https:\\\/\\\/betlabel.games\\\/al\\\/affiliate\\\/\",\"url\":\"https:\\\/\\\/betlabel.games\\\/al\\\/affiliate\\\/\",\"name\":\"BetLabel\u2122 Programi i Filialeve \u2014 Fitoni me Baste dhe Kazino \u2014 2026\",\"isPartOf\":{\"@id\":\"https:\\\/\\\/betlabel.games\\\/al\\\/#website\"},\"datePublished\":\"2024-10-10T12:58:51+00:00\",\"dateModified\":\"2026-03-10T10:33:38+00:00\",\"description\":\"Bashkohuni me Programin e Filialeve t\u00eb Bet Label dhe b\u00ebhuni partner p\u00ebr t\u00eb fituar komisione duke referuar lojtar\u00eb. Fitoni para nga trafiku me ndarjen e t\u00eb ardhurave, marr\u00ebveshjet CPA, mjetet e ndjekjes dhe mb\u00ebshtetjen e dedikuar t\u00eb partner\u00ebve.\",\"breadcrumb\":{\"@id\":\"https:\\\/\\\/betlabel.games\\\/al\\\/affiliate\\\/#breadcrumb\"},\"inLanguage\":\"sq\",\"potentialAction\":[{\"@type\":\"ReadAction\",\"target\":[\"https:\\\/\\\/betlabel.games\\\/al\\\/affiliate\\\/\"]}]},{\"@type\":\"BreadcrumbList\",\"@id\":\"https:\\\/\\\/betlabel.games\\\/al\\\/affiliate\\\/#breadcrumb\",\"itemListElement\":[{\"@type\":\"ListItem\",\"position\":1,\"name\":\"Home\",\"item\":\"https:\\\/\\\/betlabel.games\\\/al\\\/\"},{\"@type\":\"ListItem\",\"position\":2,\"name\":\"Filial\"}]},{\"@type\":\"WebSite\",\"@id\":\"https:\\\/\\\/betlabel.games\\\/al\\\/#website\",\"url\":\"https:\\\/\\\/betlabel.games\\\/al\\\/\",\"name\":\"Betlabel al\",\"description\":\"My WordPress Blog\",\"potentialAction\":[{\"@type\":\"SearchAction\",\"target\":{\"@type\":\"EntryPoint\",\"urlTemplate\":\"https:\\\/\\\/betlabel.games\\\/al\\\/?s={search_term_string}\"},\"query-input\":{\"@type\":\"PropertyValueSpecification\",\"valueRequired\":true,\"valueName\":\"search_term_string\"}}],\"inLanguage\":\"sq\"}]}<\/script>\n<!-- \/ Yoast SEO plugin. -->","yoast_head_json":{"title":"BetLabel\u2122 Programi i Filialeve \u2014 Fitoni me Baste dhe Kazino \u2014 2026","description":"Bashkohuni me Programin e Filialeve t\u00eb Bet Label dhe b\u00ebhuni partner p\u00ebr t\u00eb fituar komisione duke referuar lojtar\u00eb. Fitoni para nga trafiku me ndarjen e t\u00eb ardhurave, marr\u00ebveshjet CPA, mjetet e ndjekjes dhe mb\u00ebshtetjen e dedikuar t\u00eb partner\u00ebve.","robots":{"index":"index","follow":"follow","max-snippet":"max-snippet:-1","max-image-preview":"max-image-preview:large","max-video-preview":"max-video-preview:-1"},"og_locale":"sq_AL","og_type":"article","og_title":"BetLabel\u2122 Programi i Filialeve \u2014 Fitoni me Baste dhe Kazino \u2014 2026","og_description":"Bashkohuni me Programin e Filialeve t\u00eb Bet Label dhe b\u00ebhuni partner p\u00ebr t\u00eb fituar komisione duke referuar lojtar\u00eb. Fitoni para nga trafiku me ndarjen e t\u00eb ardhurave, marr\u00ebveshjet CPA, mjetet e ndjekjes dhe mb\u00ebshtetjen e dedikuar t\u00eb partner\u00ebve.","og_url":"https:\/\/betlabel.games\/al\/affiliate\/","og_site_name":"Betlabel al","article_modified_time":"2026-03-10T10:33:38+00:00","twitter_card":"summary_large_image","schema":{"@context":"https:\/\/schema.org","@graph":[{"@type":"WebPage","@id":"https:\/\/betlabel.games\/al\/affiliate\/","url":"https:\/\/betlabel.games\/al\/affiliate\/","name":"BetLabel\u2122 Programi i Filialeve \u2014 Fitoni me Baste dhe Kazino \u2014 2026","isPartOf":{"@id":"https:\/\/betlabel.games\/al\/#website"},"datePublished":"2024-10-10T12:58:51+00:00","dateModified":"2026-03-10T10:33:38+00:00","description":"Bashkohuni me Programin e Filialeve t\u00eb Bet Label dhe b\u00ebhuni partner p\u00ebr t\u00eb fituar komisione duke referuar lojtar\u00eb. Fitoni para nga trafiku me ndarjen e t\u00eb ardhurave, marr\u00ebveshjet CPA, mjetet e ndjekjes dhe mb\u00ebshtetjen e dedikuar t\u00eb partner\u00ebve.","breadcrumb":{"@id":"https:\/\/betlabel.games\/al\/affiliate\/#breadcrumb"},"inLanguage":"sq","potentialAction":[{"@type":"ReadAction","target":["https:\/\/betlabel.games\/al\/affiliate\/"]}]},{"@type":"BreadcrumbList","@id":"https:\/\/betlabel.games\/al\/affiliate\/#breadcrumb","itemListElement":[{"@type":"ListItem","position":1,"name":"Home","item":"https:\/\/betlabel.games\/al\/"},{"@type":"ListItem","position":2,"name":"Filial"}]},{"@type":"WebSite","@id":"https:\/\/betlabel.games\/al\/#website","url":"https:\/\/betlabel.games\/al\/","name":"Betlabel al","description":"My WordPress Blog","potentialAction":[{"@type":"SearchAction","target":{"@type":"EntryPoint","urlTemplate":"https:\/\/betlabel.games\/al\/?s={search_term_string}"},"query-input":{"@type":"PropertyValueSpecification","valueRequired":true,"valueName":"search_term_string"}}],"inLanguage":"sq"}]}},"_links":{"self":[{"href":"https:\/\/betlabel.games\/al\/wp-json\/wp\/v2\/pages\/275","targetHints":{"allow":["GET"]}}],"collection":[{"href":"https:\/\/betlabel.games\/al\/wp-json\/wp\/v2\/pages"}],"about":[{"href":"https:\/\/betlabel.games\/al\/wp-json\/wp\/v2\/types\/page"}],"author":[{"embeddable":true,"href":"https:\/\/betlabel.games\/al\/wp-json\/wp\/v2\/users\/1"}],"replies":[{"embeddable":true,"href":"https:\/\/betlabel.games\/al\/wp-json\/wp\/v2\/comments?post=275"}],"version-history":[{"count":5,"href":"https:\/\/betlabel.games\/al\/wp-json\/wp\/v2\/pages\/275\/revisions"}],"predecessor-version":[{"id":1070,"href":"https:\/\/betlabel.games\/al\/wp-json\/wp\/v2\/pages\/275\/revisions\/1070"}],"wp:attachment":[{"href":"https:\/\/betlabel.games\/al\/wp-json\/wp\/v2\/media?parent=275"}],"curies":[{"name":"wp","href":"https:\/\/api.w.org\/{rel}","templated":true}]}}