{"id":420,"date":"2025-06-13T06:21:39","date_gmt":"2025-06-13T06:21:39","guid":{"rendered":"https:\/\/betlabel.games\/al\/?page_id=420"},"modified":"2026-03-10T11:23:12","modified_gmt":"2026-03-10T11:23:12","slug":"first-deposit","status":"publish","type":"page","link":"https:\/\/betlabel.games\/al\/bonuses\/first-deposit\/","title":{"rendered":"Depozita e Par\u00eb"},"content":{"rendered":"","protected":false},"excerpt":{"rendered":"","protected":false},"author":1,"featured_media":0,"parent":201,"menu_order":0,"comment_status":"closed","ping_status":"closed","template":"","meta":{"footnotes":""},"class_list":["post-420","page","type-page","status-publish","hentry"],"yoast_head":"<!-- This site is optimized with the Yoast SEO plugin v27.4 - https:\/\/yoast.com\/product\/yoast-seo-wordpress\/ -->\n<title>Merrni 100% n\u00eb Depozit\u00ebn tuaj t\u00eb Par\u00eb n\u00eb BetLabel | K\u00ebrkoni deri n\u00eb 9.000 lek\u00eb<\/title>\n<meta name=\"description\" content=\"Mos e humbisni mund\u00ebsin\u00eb p\u00ebr t\u00eb marr\u00eb 100% n\u00eb depozit\u00ebn tuaj t\u00eb par\u00eb n\u00eb BetLabel! Regjistrohuni dhe merrni deri n\u00eb 9.000 lek\u00eb p\u00ebr baste sportive. \u00cbsht\u00eb e leht\u00eb, e shpejt\u00eb dhe fitimprur\u00ebse - bonusi juaj tashm\u00eb ju pret!\" \/>\n<meta name=\"robots\" content=\"index, follow, max-snippet:-1, max-image-preview:large, max-video-preview:-1\" \/>\n<meta property=\"og:locale\" content=\"sq_AL\" \/>\n<meta property=\"og:type\" content=\"article\" \/>\n<meta property=\"og:title\" content=\"Merrni 100% n\u00eb Depozit\u00ebn tuaj t\u00eb Par\u00eb n\u00eb BetLabel | K\u00ebrkoni deri n\u00eb 9.000 lek\u00eb\" \/>\n<meta property=\"og:description\" content=\"Mos e humbisni mund\u00ebsin\u00eb p\u00ebr t\u00eb marr\u00eb 100% n\u00eb depozit\u00ebn tuaj t\u00eb par\u00eb n\u00eb BetLabel! Regjistrohuni dhe merrni deri n\u00eb 9.000 lek\u00eb p\u00ebr baste sportive. \u00cbsht\u00eb e leht\u00eb, e shpejt\u00eb dhe fitimprur\u00ebse - bonusi juaj tashm\u00eb ju pret!\" \/>\n<meta property=\"og:url\" content=\"https:\/\/betlabel.games\/al\/bonuses\/first-deposit\/\" \/>\n<meta property=\"og:site_name\" content=\"Betlabel al\" \/>\n<meta property=\"article:modified_time\" content=\"2026-03-10T11:23:12+00:00\" \/>\n<meta name=\"twitter:card\" content=\"summary_large_image\" \/>\n<script type=\"application\/ld+json\" class=\"yoast-schema-graph\">{\"@context\":\"https:\\\/\\\/schema.org\",\"@graph\":[{\"@type\":\"WebPage\",\"@id\":\"https:\\\/\\\/betlabel.games\\\/al\\\/bonuses\\\/first-deposit\\\/\",\"url\":\"https:\\\/\\\/betlabel.games\\\/al\\\/bonuses\\\/first-deposit\\\/\",\"name\":\"Merrni 100% n\u00eb Depozit\u00ebn tuaj t\u00eb Par\u00eb n\u00eb BetLabel | K\u00ebrkoni deri n\u00eb 9.000 lek\u00eb\",\"isPartOf\":{\"@id\":\"https:\\\/\\\/betlabel.games\\\/al\\\/#website\"},\"datePublished\":\"2025-06-13T06:21:39+00:00\",\"dateModified\":\"2026-03-10T11:23:12+00:00\",\"description\":\"Mos e humbisni mund\u00ebsin\u00eb p\u00ebr t\u00eb marr\u00eb 100% n\u00eb depozit\u00ebn tuaj t\u00eb par\u00eb n\u00eb BetLabel! Regjistrohuni dhe merrni deri n\u00eb 9.000 lek\u00eb p\u00ebr baste sportive. \u00cbsht\u00eb e leht\u00eb, e shpejt\u00eb dhe fitimprur\u00ebse - bonusi juaj tashm\u00eb ju pret!\",\"breadcrumb\":{\"@id\":\"https:\\\/\\\/betlabel.games\\\/al\\\/bonuses\\\/first-deposit\\\/#breadcrumb\"},\"inLanguage\":\"sq\",\"potentialAction\":[{\"@type\":\"ReadAction\",\"target\":[\"https:\\\/\\\/betlabel.games\\\/al\\\/bonuses\\\/first-deposit\\\/\"]}]},{\"@type\":\"BreadcrumbList\",\"@id\":\"https:\\\/\\\/betlabel.games\\\/al\\\/bonuses\\\/first-deposit\\\/#breadcrumb\",\"itemListElement\":[{\"@type\":\"ListItem\",\"position\":1,\"name\":\"Home\",\"item\":\"https:\\\/\\\/betlabel.games\\\/al\\\/\"},{\"@type\":\"ListItem\",\"position\":2,\"name\":\"Bonuse\",\"item\":\"https:\\\/\\\/betlabel.games\\\/al\\\/bonuses\\\/\"},{\"@type\":\"ListItem\",\"position\":3,\"name\":\"Depozita e Par\u00eb\"}]},{\"@type\":\"WebSite\",\"@id\":\"https:\\\/\\\/betlabel.games\\\/al\\\/#website\",\"url\":\"https:\\\/\\\/betlabel.games\\\/al\\\/\",\"name\":\"Betlabel al\",\"description\":\"My WordPress Blog\",\"potentialAction\":[{\"@type\":\"SearchAction\",\"target\":{\"@type\":\"EntryPoint\",\"urlTemplate\":\"https:\\\/\\\/betlabel.games\\\/al\\\/?s={search_term_string}\"},\"query-input\":{\"@type\":\"PropertyValueSpecification\",\"valueRequired\":true,\"valueName\":\"search_term_string\"}}],\"inLanguage\":\"sq\"}]}<\/script>\n<!-- \/ Yoast SEO plugin. -->","yoast_head_json":{"title":"Merrni 100% n\u00eb Depozit\u00ebn tuaj t\u00eb Par\u00eb n\u00eb BetLabel | K\u00ebrkoni deri n\u00eb 9.000 lek\u00eb","description":"Mos e humbisni mund\u00ebsin\u00eb p\u00ebr t\u00eb marr\u00eb 100% n\u00eb depozit\u00ebn tuaj t\u00eb par\u00eb n\u00eb BetLabel! Regjistrohuni dhe merrni deri n\u00eb 9.000 lek\u00eb p\u00ebr baste sportive. \u00cbsht\u00eb e leht\u00eb, e shpejt\u00eb dhe fitimprur\u00ebse - bonusi juaj tashm\u00eb ju pret!","robots":{"index":"index","follow":"follow","max-snippet":"max-snippet:-1","max-image-preview":"max-image-preview:large","max-video-preview":"max-video-preview:-1"},"og_locale":"sq_AL","og_type":"article","og_title":"Merrni 100% n\u00eb Depozit\u00ebn tuaj t\u00eb Par\u00eb n\u00eb BetLabel | K\u00ebrkoni deri n\u00eb 9.000 lek\u00eb","og_description":"Mos e humbisni mund\u00ebsin\u00eb p\u00ebr t\u00eb marr\u00eb 100% n\u00eb depozit\u00ebn tuaj t\u00eb par\u00eb n\u00eb BetLabel! Regjistrohuni dhe merrni deri n\u00eb 9.000 lek\u00eb p\u00ebr baste sportive. \u00cbsht\u00eb e leht\u00eb, e shpejt\u00eb dhe fitimprur\u00ebse - bonusi juaj tashm\u00eb ju pret!","og_url":"https:\/\/betlabel.games\/al\/bonuses\/first-deposit\/","og_site_name":"Betlabel al","article_modified_time":"2026-03-10T11:23:12+00:00","twitter_card":"summary_large_image","schema":{"@context":"https:\/\/schema.org","@graph":[{"@type":"WebPage","@id":"https:\/\/betlabel.games\/al\/bonuses\/first-deposit\/","url":"https:\/\/betlabel.games\/al\/bonuses\/first-deposit\/","name":"Merrni 100% n\u00eb Depozit\u00ebn tuaj t\u00eb Par\u00eb n\u00eb BetLabel | K\u00ebrkoni deri n\u00eb 9.000 lek\u00eb","isPartOf":{"@id":"https:\/\/betlabel.games\/al\/#website"},"datePublished":"2025-06-13T06:21:39+00:00","dateModified":"2026-03-10T11:23:12+00:00","description":"Mos e humbisni mund\u00ebsin\u00eb p\u00ebr t\u00eb marr\u00eb 100% n\u00eb depozit\u00ebn tuaj t\u00eb par\u00eb n\u00eb BetLabel! Regjistrohuni dhe merrni deri n\u00eb 9.000 lek\u00eb p\u00ebr baste sportive. \u00cbsht\u00eb e leht\u00eb, e shpejt\u00eb dhe fitimprur\u00ebse - bonusi juaj tashm\u00eb ju pret!","breadcrumb":{"@id":"https:\/\/betlabel.games\/al\/bonuses\/first-deposit\/#breadcrumb"},"inLanguage":"sq","potentialAction":[{"@type":"ReadAction","target":["https:\/\/betlabel.games\/al\/bonuses\/first-deposit\/"]}]},{"@type":"BreadcrumbList","@id":"https:\/\/betlabel.games\/al\/bonuses\/first-deposit\/#breadcrumb","itemListElement":[{"@type":"ListItem","position":1,"name":"Home","item":"https:\/\/betlabel.games\/al\/"},{"@type":"ListItem","position":2,"name":"Bonuse","item":"https:\/\/betlabel.games\/al\/bonuses\/"},{"@type":"ListItem","position":3,"name":"Depozita e Par\u00eb"}]},{"@type":"WebSite","@id":"https:\/\/betlabel.games\/al\/#website","url":"https:\/\/betlabel.games\/al\/","name":"Betlabel al","description":"My WordPress Blog","potentialAction":[{"@type":"SearchAction","target":{"@type":"EntryPoint","urlTemplate":"https:\/\/betlabel.games\/al\/?s={search_term_string}"},"query-input":{"@type":"PropertyValueSpecification","valueRequired":true,"valueName":"search_term_string"}}],"inLanguage":"sq"}]}},"_links":{"self":[{"href":"https:\/\/betlabel.games\/al\/wp-json\/wp\/v2\/pages\/420","targetHints":{"allow":["GET"]}}],"collection":[{"href":"https:\/\/betlabel.games\/al\/wp-json\/wp\/v2\/pages"}],"about":[{"href":"https:\/\/betlabel.games\/al\/wp-json\/wp\/v2\/types\/page"}],"author":[{"embeddable":true,"href":"https:\/\/betlabel.games\/al\/wp-json\/wp\/v2\/users\/1"}],"replies":[{"embeddable":true,"href":"https:\/\/betlabel.games\/al\/wp-json\/wp\/v2\/comments?post=420"}],"version-history":[{"count":5,"href":"https:\/\/betlabel.games\/al\/wp-json\/wp\/v2\/pages\/420\/revisions"}],"predecessor-version":[{"id":1076,"href":"https:\/\/betlabel.games\/al\/wp-json\/wp\/v2\/pages\/420\/revisions\/1076"}],"up":[{"embeddable":true,"href":"https:\/\/betlabel.games\/al\/wp-json\/wp\/v2\/pages\/201"}],"wp:attachment":[{"href":"https:\/\/betlabel.games\/al\/wp-json\/wp\/v2\/media?parent=420"}],"curies":[{"name":"wp","href":"https:\/\/api.w.org\/{rel}","templated":true}]}}