{"id":440,"date":"2025-06-13T07:21:59","date_gmt":"2025-06-13T07:21:59","guid":{"rendered":"https:\/\/betlabel.games\/al\/?page_id=440"},"modified":"2026-03-10T11:28:48","modified_gmt":"2026-03-10T11:28:48","slug":"freebet","status":"publish","type":"page","link":"https:\/\/betlabel.games\/al\/bonuses\/freebet\/","title":{"rendered":"Bast Falas"},"content":{"rendered":"","protected":false},"excerpt":{"rendered":"","protected":false},"author":1,"featured_media":0,"parent":201,"menu_order":0,"comment_status":"closed","ping_status":"closed","template":"","meta":{"footnotes":""},"class_list":["post-440","page","type-page","status-publish","hentry"],"yoast_head":"<!-- This site is optimized with the Yoast SEO plugin v27.4 - https:\/\/yoast.com\/product\/yoast-seo-wordpress\/ -->\n<title>Bast falas nga BetLabel | 15% n\u00eb depozit\u00ebn tuaj t\u00eb par\u00eb deri n\u00eb 9.000 lek\u00eb!<\/title>\n<meta name=\"description\" content=\"Merrni bastin tuaj falas t\u00eb mir\u00ebseardhjes nga BetLabel dhe merrni 15% n\u00eb depozit\u00ebn tuaj t\u00eb par\u00eb! Regjistrohuni, aktivizoni bonusin dhe rimbushni bilancin tuaj - p\u00ebrfitimet maksimale ju presin! Mos e humbisni shansin tuaj!\" \/>\n<meta name=\"robots\" content=\"index, follow, max-snippet:-1, max-image-preview:large, max-video-preview:-1\" \/>\n<meta property=\"og:locale\" content=\"sq_AL\" \/>\n<meta property=\"og:type\" content=\"article\" \/>\n<meta property=\"og:title\" content=\"Bast falas nga BetLabel | 15% n\u00eb depozit\u00ebn tuaj t\u00eb par\u00eb deri n\u00eb 9.000 lek\u00eb!\" \/>\n<meta property=\"og:description\" content=\"Merrni bastin tuaj falas t\u00eb mir\u00ebseardhjes nga BetLabel dhe merrni 15% n\u00eb depozit\u00ebn tuaj t\u00eb par\u00eb! Regjistrohuni, aktivizoni bonusin dhe rimbushni bilancin tuaj - p\u00ebrfitimet maksimale ju presin! Mos e humbisni shansin tuaj!\" \/>\n<meta property=\"og:url\" content=\"https:\/\/betlabel.games\/al\/bonuses\/freebet\/\" \/>\n<meta property=\"og:site_name\" content=\"Betlabel al\" \/>\n<meta property=\"article:modified_time\" content=\"2026-03-10T11:28:48+00:00\" \/>\n<meta name=\"twitter:card\" content=\"summary_large_image\" \/>\n<script type=\"application\/ld+json\" class=\"yoast-schema-graph\">{\"@context\":\"https:\\\/\\\/schema.org\",\"@graph\":[{\"@type\":\"WebPage\",\"@id\":\"https:\\\/\\\/betlabel.games\\\/al\\\/bonuses\\\/freebet\\\/\",\"url\":\"https:\\\/\\\/betlabel.games\\\/al\\\/bonuses\\\/freebet\\\/\",\"name\":\"Bast falas nga BetLabel | 15% n\u00eb depozit\u00ebn tuaj t\u00eb par\u00eb deri n\u00eb 9.000 lek\u00eb!\",\"isPartOf\":{\"@id\":\"https:\\\/\\\/betlabel.games\\\/al\\\/#website\"},\"datePublished\":\"2025-06-13T07:21:59+00:00\",\"dateModified\":\"2026-03-10T11:28:48+00:00\",\"description\":\"Merrni bastin tuaj falas t\u00eb mir\u00ebseardhjes nga BetLabel dhe merrni 15% n\u00eb depozit\u00ebn tuaj t\u00eb par\u00eb! Regjistrohuni, aktivizoni bonusin dhe rimbushni bilancin tuaj - p\u00ebrfitimet maksimale ju presin! Mos e humbisni shansin tuaj!\",\"breadcrumb\":{\"@id\":\"https:\\\/\\\/betlabel.games\\\/al\\\/bonuses\\\/freebet\\\/#breadcrumb\"},\"inLanguage\":\"sq\",\"potentialAction\":[{\"@type\":\"ReadAction\",\"target\":[\"https:\\\/\\\/betlabel.games\\\/al\\\/bonuses\\\/freebet\\\/\"]}]},{\"@type\":\"BreadcrumbList\",\"@id\":\"https:\\\/\\\/betlabel.games\\\/al\\\/bonuses\\\/freebet\\\/#breadcrumb\",\"itemListElement\":[{\"@type\":\"ListItem\",\"position\":1,\"name\":\"Home\",\"item\":\"https:\\\/\\\/betlabel.games\\\/al\\\/\"},{\"@type\":\"ListItem\",\"position\":2,\"name\":\"Bonuse\",\"item\":\"https:\\\/\\\/betlabel.games\\\/al\\\/bonuses\\\/\"},{\"@type\":\"ListItem\",\"position\":3,\"name\":\"Bast Falas\"}]},{\"@type\":\"WebSite\",\"@id\":\"https:\\\/\\\/betlabel.games\\\/al\\\/#website\",\"url\":\"https:\\\/\\\/betlabel.games\\\/al\\\/\",\"name\":\"Betlabel al\",\"description\":\"My WordPress Blog\",\"potentialAction\":[{\"@type\":\"SearchAction\",\"target\":{\"@type\":\"EntryPoint\",\"urlTemplate\":\"https:\\\/\\\/betlabel.games\\\/al\\\/?s={search_term_string}\"},\"query-input\":{\"@type\":\"PropertyValueSpecification\",\"valueRequired\":true,\"valueName\":\"search_term_string\"}}],\"inLanguage\":\"sq\"}]}<\/script>\n<!-- \/ Yoast SEO plugin. -->","yoast_head_json":{"title":"Bast falas nga BetLabel | 15% n\u00eb depozit\u00ebn tuaj t\u00eb par\u00eb deri n\u00eb 9.000 lek\u00eb!","description":"Merrni bastin tuaj falas t\u00eb mir\u00ebseardhjes nga BetLabel dhe merrni 15% n\u00eb depozit\u00ebn tuaj t\u00eb par\u00eb! Regjistrohuni, aktivizoni bonusin dhe rimbushni bilancin tuaj - p\u00ebrfitimet maksimale ju presin! Mos e humbisni shansin tuaj!","robots":{"index":"index","follow":"follow","max-snippet":"max-snippet:-1","max-image-preview":"max-image-preview:large","max-video-preview":"max-video-preview:-1"},"og_locale":"sq_AL","og_type":"article","og_title":"Bast falas nga BetLabel | 15% n\u00eb depozit\u00ebn tuaj t\u00eb par\u00eb deri n\u00eb 9.000 lek\u00eb!","og_description":"Merrni bastin tuaj falas t\u00eb mir\u00ebseardhjes nga BetLabel dhe merrni 15% n\u00eb depozit\u00ebn tuaj t\u00eb par\u00eb! Regjistrohuni, aktivizoni bonusin dhe rimbushni bilancin tuaj - p\u00ebrfitimet maksimale ju presin! Mos e humbisni shansin tuaj!","og_url":"https:\/\/betlabel.games\/al\/bonuses\/freebet\/","og_site_name":"Betlabel al","article_modified_time":"2026-03-10T11:28:48+00:00","twitter_card":"summary_large_image","schema":{"@context":"https:\/\/schema.org","@graph":[{"@type":"WebPage","@id":"https:\/\/betlabel.games\/al\/bonuses\/freebet\/","url":"https:\/\/betlabel.games\/al\/bonuses\/freebet\/","name":"Bast falas nga BetLabel | 15% n\u00eb depozit\u00ebn tuaj t\u00eb par\u00eb deri n\u00eb 9.000 lek\u00eb!","isPartOf":{"@id":"https:\/\/betlabel.games\/al\/#website"},"datePublished":"2025-06-13T07:21:59+00:00","dateModified":"2026-03-10T11:28:48+00:00","description":"Merrni bastin tuaj falas t\u00eb mir\u00ebseardhjes nga BetLabel dhe merrni 15% n\u00eb depozit\u00ebn tuaj t\u00eb par\u00eb! Regjistrohuni, aktivizoni bonusin dhe rimbushni bilancin tuaj - p\u00ebrfitimet maksimale ju presin! Mos e humbisni shansin tuaj!","breadcrumb":{"@id":"https:\/\/betlabel.games\/al\/bonuses\/freebet\/#breadcrumb"},"inLanguage":"sq","potentialAction":[{"@type":"ReadAction","target":["https:\/\/betlabel.games\/al\/bonuses\/freebet\/"]}]},{"@type":"BreadcrumbList","@id":"https:\/\/betlabel.games\/al\/bonuses\/freebet\/#breadcrumb","itemListElement":[{"@type":"ListItem","position":1,"name":"Home","item":"https:\/\/betlabel.games\/al\/"},{"@type":"ListItem","position":2,"name":"Bonuse","item":"https:\/\/betlabel.games\/al\/bonuses\/"},{"@type":"ListItem","position":3,"name":"Bast Falas"}]},{"@type":"WebSite","@id":"https:\/\/betlabel.games\/al\/#website","url":"https:\/\/betlabel.games\/al\/","name":"Betlabel al","description":"My WordPress Blog","potentialAction":[{"@type":"SearchAction","target":{"@type":"EntryPoint","urlTemplate":"https:\/\/betlabel.games\/al\/?s={search_term_string}"},"query-input":{"@type":"PropertyValueSpecification","valueRequired":true,"valueName":"search_term_string"}}],"inLanguage":"sq"}]}},"_links":{"self":[{"href":"https:\/\/betlabel.games\/al\/wp-json\/wp\/v2\/pages\/440","targetHints":{"allow":["GET"]}}],"collection":[{"href":"https:\/\/betlabel.games\/al\/wp-json\/wp\/v2\/pages"}],"about":[{"href":"https:\/\/betlabel.games\/al\/wp-json\/wp\/v2\/types\/page"}],"author":[{"embeddable":true,"href":"https:\/\/betlabel.games\/al\/wp-json\/wp\/v2\/users\/1"}],"replies":[{"embeddable":true,"href":"https:\/\/betlabel.games\/al\/wp-json\/wp\/v2\/comments?post=440"}],"version-history":[{"count":4,"href":"https:\/\/betlabel.games\/al\/wp-json\/wp\/v2\/pages\/440\/revisions"}],"predecessor-version":[{"id":1077,"href":"https:\/\/betlabel.games\/al\/wp-json\/wp\/v2\/pages\/440\/revisions\/1077"}],"up":[{"embeddable":true,"href":"https:\/\/betlabel.games\/al\/wp-json\/wp\/v2\/pages\/201"}],"wp:attachment":[{"href":"https:\/\/betlabel.games\/al\/wp-json\/wp\/v2\/media?parent=440"}],"curies":[{"name":"wp","href":"https:\/\/api.w.org\/{rel}","templated":true}]}}