{"id":443,"date":"2025-06-13T07:30:16","date_gmt":"2025-06-13T07:30:16","guid":{"rendered":"https:\/\/betlabel.games\/al\/?page_id=443"},"modified":"2026-03-10T11:14:09","modified_gmt":"2026-03-10T11:14:09","slug":"casino-welcome-pack","status":"publish","type":"page","link":"https:\/\/betlabel.games\/al\/bonuses\/casino-welcome-pack\/","title":{"rendered":"Paketa e Mir\u00ebseardhjes n\u00eb Kazino"},"content":{"rendered":"","protected":false},"excerpt":{"rendered":"","protected":false},"author":1,"featured_media":0,"parent":201,"menu_order":0,"comment_status":"closed","ping_status":"closed","template":"","meta":{"footnotes":""},"class_list":["post-443","page","type-page","status-publish","hentry"],"yoast_head":"<!-- This site is optimized with the Yoast SEO plugin v27.4 - https:\/\/yoast.com\/product\/yoast-seo-wordpress\/ -->\n<title>Paketa e Mir\u00ebseardhjes n\u00eb Kazinon\u00eb BetLabel | dhe 150 rrotullime falas!<\/title>\n<meta name=\"description\" content=\"Zhytuni n\u00eb bot\u00ebn e fitimeve emocionuese me paket\u00ebn e mir\u00ebseardhjes s\u00eb kazinos\u00eb BetLabel! Merrni bonuse bujare deri n\u00eb 150.000 lek\u00eb dhe 150 rrotullime falas p\u00ebr kat\u00ebr depozitat tuaja t\u00eb para. Regjistrohuni dhe filloni t\u00eb luani sot!\" \/>\n<meta name=\"robots\" content=\"index, follow, max-snippet:-1, max-image-preview:large, max-video-preview:-1\" \/>\n<meta property=\"og:locale\" content=\"sq_AL\" \/>\n<meta property=\"og:type\" content=\"article\" \/>\n<meta property=\"og:title\" content=\"Paketa e Mir\u00ebseardhjes n\u00eb Kazinon\u00eb BetLabel | dhe 150 rrotullime falas!\" \/>\n<meta property=\"og:description\" content=\"Zhytuni n\u00eb bot\u00ebn e fitimeve emocionuese me paket\u00ebn e mir\u00ebseardhjes s\u00eb kazinos\u00eb BetLabel! Merrni bonuse bujare deri n\u00eb 150.000 lek\u00eb dhe 150 rrotullime falas p\u00ebr kat\u00ebr depozitat tuaja t\u00eb para. Regjistrohuni dhe filloni t\u00eb luani sot!\" \/>\n<meta property=\"og:url\" content=\"https:\/\/betlabel.games\/al\/bonuses\/casino-welcome-pack\/\" \/>\n<meta property=\"og:site_name\" content=\"Betlabel al\" \/>\n<meta property=\"article:modified_time\" content=\"2026-03-10T11:14:09+00:00\" \/>\n<meta name=\"twitter:card\" content=\"summary_large_image\" \/>\n<script type=\"application\/ld+json\" class=\"yoast-schema-graph\">{\"@context\":\"https:\\\/\\\/schema.org\",\"@graph\":[{\"@type\":\"WebPage\",\"@id\":\"https:\\\/\\\/betlabel.games\\\/al\\\/bonuses\\\/casino-welcome-pack\\\/\",\"url\":\"https:\\\/\\\/betlabel.games\\\/al\\\/bonuses\\\/casino-welcome-pack\\\/\",\"name\":\"Paketa e Mir\u00ebseardhjes n\u00eb Kazinon\u00eb BetLabel | dhe 150 rrotullime falas!\",\"isPartOf\":{\"@id\":\"https:\\\/\\\/betlabel.games\\\/al\\\/#website\"},\"datePublished\":\"2025-06-13T07:30:16+00:00\",\"dateModified\":\"2026-03-10T11:14:09+00:00\",\"description\":\"Zhytuni n\u00eb bot\u00ebn e fitimeve emocionuese me paket\u00ebn e mir\u00ebseardhjes s\u00eb kazinos\u00eb BetLabel! Merrni bonuse bujare deri n\u00eb 150.000 lek\u00eb dhe 150 rrotullime falas p\u00ebr kat\u00ebr depozitat tuaja t\u00eb para. Regjistrohuni dhe filloni t\u00eb luani sot!\",\"breadcrumb\":{\"@id\":\"https:\\\/\\\/betlabel.games\\\/al\\\/bonuses\\\/casino-welcome-pack\\\/#breadcrumb\"},\"inLanguage\":\"sq\",\"potentialAction\":[{\"@type\":\"ReadAction\",\"target\":[\"https:\\\/\\\/betlabel.games\\\/al\\\/bonuses\\\/casino-welcome-pack\\\/\"]}]},{\"@type\":\"BreadcrumbList\",\"@id\":\"https:\\\/\\\/betlabel.games\\\/al\\\/bonuses\\\/casino-welcome-pack\\\/#breadcrumb\",\"itemListElement\":[{\"@type\":\"ListItem\",\"position\":1,\"name\":\"Home\",\"item\":\"https:\\\/\\\/betlabel.games\\\/al\\\/\"},{\"@type\":\"ListItem\",\"position\":2,\"name\":\"Bonuse\",\"item\":\"https:\\\/\\\/betlabel.games\\\/al\\\/bonuses\\\/\"},{\"@type\":\"ListItem\",\"position\":3,\"name\":\"Paketa e Mir\u00ebseardhjes n\u00eb Kazino\"}]},{\"@type\":\"WebSite\",\"@id\":\"https:\\\/\\\/betlabel.games\\\/al\\\/#website\",\"url\":\"https:\\\/\\\/betlabel.games\\\/al\\\/\",\"name\":\"Betlabel al\",\"description\":\"My WordPress Blog\",\"potentialAction\":[{\"@type\":\"SearchAction\",\"target\":{\"@type\":\"EntryPoint\",\"urlTemplate\":\"https:\\\/\\\/betlabel.games\\\/al\\\/?s={search_term_string}\"},\"query-input\":{\"@type\":\"PropertyValueSpecification\",\"valueRequired\":true,\"valueName\":\"search_term_string\"}}],\"inLanguage\":\"sq\"}]}<\/script>\n<!-- \/ Yoast SEO plugin. -->","yoast_head_json":{"title":"Paketa e Mir\u00ebseardhjes n\u00eb Kazinon\u00eb BetLabel | dhe 150 rrotullime falas!","description":"Zhytuni n\u00eb bot\u00ebn e fitimeve emocionuese me paket\u00ebn e mir\u00ebseardhjes s\u00eb kazinos\u00eb BetLabel! Merrni bonuse bujare deri n\u00eb 150.000 lek\u00eb dhe 150 rrotullime falas p\u00ebr kat\u00ebr depozitat tuaja t\u00eb para. Regjistrohuni dhe filloni t\u00eb luani sot!","robots":{"index":"index","follow":"follow","max-snippet":"max-snippet:-1","max-image-preview":"max-image-preview:large","max-video-preview":"max-video-preview:-1"},"og_locale":"sq_AL","og_type":"article","og_title":"Paketa e Mir\u00ebseardhjes n\u00eb Kazinon\u00eb BetLabel | dhe 150 rrotullime falas!","og_description":"Zhytuni n\u00eb bot\u00ebn e fitimeve emocionuese me paket\u00ebn e mir\u00ebseardhjes s\u00eb kazinos\u00eb BetLabel! Merrni bonuse bujare deri n\u00eb 150.000 lek\u00eb dhe 150 rrotullime falas p\u00ebr kat\u00ebr depozitat tuaja t\u00eb para. Regjistrohuni dhe filloni t\u00eb luani sot!","og_url":"https:\/\/betlabel.games\/al\/bonuses\/casino-welcome-pack\/","og_site_name":"Betlabel al","article_modified_time":"2026-03-10T11:14:09+00:00","twitter_card":"summary_large_image","schema":{"@context":"https:\/\/schema.org","@graph":[{"@type":"WebPage","@id":"https:\/\/betlabel.games\/al\/bonuses\/casino-welcome-pack\/","url":"https:\/\/betlabel.games\/al\/bonuses\/casino-welcome-pack\/","name":"Paketa e Mir\u00ebseardhjes n\u00eb Kazinon\u00eb BetLabel | dhe 150 rrotullime falas!","isPartOf":{"@id":"https:\/\/betlabel.games\/al\/#website"},"datePublished":"2025-06-13T07:30:16+00:00","dateModified":"2026-03-10T11:14:09+00:00","description":"Zhytuni n\u00eb bot\u00ebn e fitimeve emocionuese me paket\u00ebn e mir\u00ebseardhjes s\u00eb kazinos\u00eb BetLabel! Merrni bonuse bujare deri n\u00eb 150.000 lek\u00eb dhe 150 rrotullime falas p\u00ebr kat\u00ebr depozitat tuaja t\u00eb para. Regjistrohuni dhe filloni t\u00eb luani sot!","breadcrumb":{"@id":"https:\/\/betlabel.games\/al\/bonuses\/casino-welcome-pack\/#breadcrumb"},"inLanguage":"sq","potentialAction":[{"@type":"ReadAction","target":["https:\/\/betlabel.games\/al\/bonuses\/casino-welcome-pack\/"]}]},{"@type":"BreadcrumbList","@id":"https:\/\/betlabel.games\/al\/bonuses\/casino-welcome-pack\/#breadcrumb","itemListElement":[{"@type":"ListItem","position":1,"name":"Home","item":"https:\/\/betlabel.games\/al\/"},{"@type":"ListItem","position":2,"name":"Bonuse","item":"https:\/\/betlabel.games\/al\/bonuses\/"},{"@type":"ListItem","position":3,"name":"Paketa e Mir\u00ebseardhjes n\u00eb Kazino"}]},{"@type":"WebSite","@id":"https:\/\/betlabel.games\/al\/#website","url":"https:\/\/betlabel.games\/al\/","name":"Betlabel al","description":"My WordPress Blog","potentialAction":[{"@type":"SearchAction","target":{"@type":"EntryPoint","urlTemplate":"https:\/\/betlabel.games\/al\/?s={search_term_string}"},"query-input":{"@type":"PropertyValueSpecification","valueRequired":true,"valueName":"search_term_string"}}],"inLanguage":"sq"}]}},"_links":{"self":[{"href":"https:\/\/betlabel.games\/al\/wp-json\/wp\/v2\/pages\/443","targetHints":{"allow":["GET"]}}],"collection":[{"href":"https:\/\/betlabel.games\/al\/wp-json\/wp\/v2\/pages"}],"about":[{"href":"https:\/\/betlabel.games\/al\/wp-json\/wp\/v2\/types\/page"}],"author":[{"embeddable":true,"href":"https:\/\/betlabel.games\/al\/wp-json\/wp\/v2\/users\/1"}],"replies":[{"embeddable":true,"href":"https:\/\/betlabel.games\/al\/wp-json\/wp\/v2\/comments?post=443"}],"version-history":[{"count":5,"href":"https:\/\/betlabel.games\/al\/wp-json\/wp\/v2\/pages\/443\/revisions"}],"predecessor-version":[{"id":1074,"href":"https:\/\/betlabel.games\/al\/wp-json\/wp\/v2\/pages\/443\/revisions\/1074"}],"up":[{"embeddable":true,"href":"https:\/\/betlabel.games\/al\/wp-json\/wp\/v2\/pages\/201"}],"wp:attachment":[{"href":"https:\/\/betlabel.games\/al\/wp-json\/wp\/v2\/media?parent=443"}],"curies":[{"name":"wp","href":"https:\/\/api.w.org\/{rel}","templated":true}]}}