{"id":447,"date":"2025-06-13T07:40:56","date_gmt":"2025-06-13T07:40:56","guid":{"rendered":"https:\/\/betlabel.games\/al\/?page_id=447"},"modified":"2026-03-10T11:31:00","modified_gmt":"2026-03-10T11:31:00","slug":"sports-cashback","status":"publish","type":"page","link":"https:\/\/betlabel.games\/al\/bonuses\/sports-cashback\/","title":{"rendered":"Kthim parash p\u00ebr sporte"},"content":{"rendered":"","protected":false},"excerpt":{"rendered":"","protected":false},"author":1,"featured_media":0,"parent":201,"menu_order":0,"comment_status":"closed","ping_status":"closed","template":"","meta":{"footnotes":""},"class_list":["post-447","page","type-page","status-publish","hentry"],"yoast_head":"<!-- This site is optimized with the Yoast SEO plugin v27.4 - https:\/\/yoast.com\/product\/yoast-seo-wordpress\/ -->\n<title>Kthim parash p\u00ebr sporte nga BetLabel | Merrni mbrapsht 3% t\u00eb humbjeve tuaja<\/title>\n<meta name=\"description\" content=\"Mos e humbisni mund\u00ebsin\u00eb p\u00ebr t\u00eb marr\u00eb mbrapsht disa nga humbjet tuaja me cashback nga BetLabel! Merrni mbrapsht 3% t\u00eb basteve tuaja \u00e7do jav\u00eb pa pasur nevoj\u00eb p\u00ebr depozita shtes\u00eb.\" \/>\n<meta name=\"robots\" content=\"index, follow, max-snippet:-1, max-image-preview:large, max-video-preview:-1\" \/>\n<meta property=\"og:locale\" content=\"sq_AL\" \/>\n<meta property=\"og:type\" content=\"article\" \/>\n<meta property=\"og:title\" content=\"Kthim parash p\u00ebr sporte nga BetLabel | Merrni mbrapsht 3% t\u00eb humbjeve tuaja\" \/>\n<meta property=\"og:description\" content=\"Mos e humbisni mund\u00ebsin\u00eb p\u00ebr t\u00eb marr\u00eb mbrapsht disa nga humbjet tuaja me cashback nga BetLabel! Merrni mbrapsht 3% t\u00eb basteve tuaja \u00e7do jav\u00eb pa pasur nevoj\u00eb p\u00ebr depozita shtes\u00eb.\" \/>\n<meta property=\"og:url\" content=\"https:\/\/betlabel.games\/al\/bonuses\/sports-cashback\/\" \/>\n<meta property=\"og:site_name\" content=\"Betlabel al\" \/>\n<meta property=\"article:modified_time\" content=\"2026-03-10T11:31:00+00:00\" \/>\n<meta name=\"twitter:card\" content=\"summary_large_image\" \/>\n<script type=\"application\/ld+json\" class=\"yoast-schema-graph\">{\"@context\":\"https:\\\/\\\/schema.org\",\"@graph\":[{\"@type\":\"WebPage\",\"@id\":\"https:\\\/\\\/betlabel.games\\\/al\\\/bonuses\\\/sports-cashback\\\/\",\"url\":\"https:\\\/\\\/betlabel.games\\\/al\\\/bonuses\\\/sports-cashback\\\/\",\"name\":\"Kthim parash p\u00ebr sporte nga BetLabel | Merrni mbrapsht 3% t\u00eb humbjeve tuaja\",\"isPartOf\":{\"@id\":\"https:\\\/\\\/betlabel.games\\\/al\\\/#website\"},\"datePublished\":\"2025-06-13T07:40:56+00:00\",\"dateModified\":\"2026-03-10T11:31:00+00:00\",\"description\":\"Mos e humbisni mund\u00ebsin\u00eb p\u00ebr t\u00eb marr\u00eb mbrapsht disa nga humbjet tuaja me cashback nga BetLabel! Merrni mbrapsht 3% t\u00eb basteve tuaja \u00e7do jav\u00eb pa pasur nevoj\u00eb p\u00ebr depozita shtes\u00eb.\",\"breadcrumb\":{\"@id\":\"https:\\\/\\\/betlabel.games\\\/al\\\/bonuses\\\/sports-cashback\\\/#breadcrumb\"},\"inLanguage\":\"sq\",\"potentialAction\":[{\"@type\":\"ReadAction\",\"target\":[\"https:\\\/\\\/betlabel.games\\\/al\\\/bonuses\\\/sports-cashback\\\/\"]}]},{\"@type\":\"BreadcrumbList\",\"@id\":\"https:\\\/\\\/betlabel.games\\\/al\\\/bonuses\\\/sports-cashback\\\/#breadcrumb\",\"itemListElement\":[{\"@type\":\"ListItem\",\"position\":1,\"name\":\"Home\",\"item\":\"https:\\\/\\\/betlabel.games\\\/al\\\/\"},{\"@type\":\"ListItem\",\"position\":2,\"name\":\"Bonuse\",\"item\":\"https:\\\/\\\/betlabel.games\\\/al\\\/bonuses\\\/\"},{\"@type\":\"ListItem\",\"position\":3,\"name\":\"Kthim parash p\u00ebr sporte\"}]},{\"@type\":\"WebSite\",\"@id\":\"https:\\\/\\\/betlabel.games\\\/al\\\/#website\",\"url\":\"https:\\\/\\\/betlabel.games\\\/al\\\/\",\"name\":\"Betlabel al\",\"description\":\"My WordPress Blog\",\"potentialAction\":[{\"@type\":\"SearchAction\",\"target\":{\"@type\":\"EntryPoint\",\"urlTemplate\":\"https:\\\/\\\/betlabel.games\\\/al\\\/?s={search_term_string}\"},\"query-input\":{\"@type\":\"PropertyValueSpecification\",\"valueRequired\":true,\"valueName\":\"search_term_string\"}}],\"inLanguage\":\"sq\"}]}<\/script>\n<!-- \/ Yoast SEO plugin. -->","yoast_head_json":{"title":"Kthim parash p\u00ebr sporte nga BetLabel | Merrni mbrapsht 3% t\u00eb humbjeve tuaja","description":"Mos e humbisni mund\u00ebsin\u00eb p\u00ebr t\u00eb marr\u00eb mbrapsht disa nga humbjet tuaja me cashback nga BetLabel! Merrni mbrapsht 3% t\u00eb basteve tuaja \u00e7do jav\u00eb pa pasur nevoj\u00eb p\u00ebr depozita shtes\u00eb.","robots":{"index":"index","follow":"follow","max-snippet":"max-snippet:-1","max-image-preview":"max-image-preview:large","max-video-preview":"max-video-preview:-1"},"og_locale":"sq_AL","og_type":"article","og_title":"Kthim parash p\u00ebr sporte nga BetLabel | Merrni mbrapsht 3% t\u00eb humbjeve tuaja","og_description":"Mos e humbisni mund\u00ebsin\u00eb p\u00ebr t\u00eb marr\u00eb mbrapsht disa nga humbjet tuaja me cashback nga BetLabel! Merrni mbrapsht 3% t\u00eb basteve tuaja \u00e7do jav\u00eb pa pasur nevoj\u00eb p\u00ebr depozita shtes\u00eb.","og_url":"https:\/\/betlabel.games\/al\/bonuses\/sports-cashback\/","og_site_name":"Betlabel al","article_modified_time":"2026-03-10T11:31:00+00:00","twitter_card":"summary_large_image","schema":{"@context":"https:\/\/schema.org","@graph":[{"@type":"WebPage","@id":"https:\/\/betlabel.games\/al\/bonuses\/sports-cashback\/","url":"https:\/\/betlabel.games\/al\/bonuses\/sports-cashback\/","name":"Kthim parash p\u00ebr sporte nga BetLabel | Merrni mbrapsht 3% t\u00eb humbjeve tuaja","isPartOf":{"@id":"https:\/\/betlabel.games\/al\/#website"},"datePublished":"2025-06-13T07:40:56+00:00","dateModified":"2026-03-10T11:31:00+00:00","description":"Mos e humbisni mund\u00ebsin\u00eb p\u00ebr t\u00eb marr\u00eb mbrapsht disa nga humbjet tuaja me cashback nga BetLabel! Merrni mbrapsht 3% t\u00eb basteve tuaja \u00e7do jav\u00eb pa pasur nevoj\u00eb p\u00ebr depozita shtes\u00eb.","breadcrumb":{"@id":"https:\/\/betlabel.games\/al\/bonuses\/sports-cashback\/#breadcrumb"},"inLanguage":"sq","potentialAction":[{"@type":"ReadAction","target":["https:\/\/betlabel.games\/al\/bonuses\/sports-cashback\/"]}]},{"@type":"BreadcrumbList","@id":"https:\/\/betlabel.games\/al\/bonuses\/sports-cashback\/#breadcrumb","itemListElement":[{"@type":"ListItem","position":1,"name":"Home","item":"https:\/\/betlabel.games\/al\/"},{"@type":"ListItem","position":2,"name":"Bonuse","item":"https:\/\/betlabel.games\/al\/bonuses\/"},{"@type":"ListItem","position":3,"name":"Kthim parash p\u00ebr sporte"}]},{"@type":"WebSite","@id":"https:\/\/betlabel.games\/al\/#website","url":"https:\/\/betlabel.games\/al\/","name":"Betlabel al","description":"My WordPress Blog","potentialAction":[{"@type":"SearchAction","target":{"@type":"EntryPoint","urlTemplate":"https:\/\/betlabel.games\/al\/?s={search_term_string}"},"query-input":{"@type":"PropertyValueSpecification","valueRequired":true,"valueName":"search_term_string"}}],"inLanguage":"sq"}]}},"_links":{"self":[{"href":"https:\/\/betlabel.games\/al\/wp-json\/wp\/v2\/pages\/447","targetHints":{"allow":["GET"]}}],"collection":[{"href":"https:\/\/betlabel.games\/al\/wp-json\/wp\/v2\/pages"}],"about":[{"href":"https:\/\/betlabel.games\/al\/wp-json\/wp\/v2\/types\/page"}],"author":[{"embeddable":true,"href":"https:\/\/betlabel.games\/al\/wp-json\/wp\/v2\/users\/1"}],"replies":[{"embeddable":true,"href":"https:\/\/betlabel.games\/al\/wp-json\/wp\/v2\/comments?post=447"}],"version-history":[{"count":5,"href":"https:\/\/betlabel.games\/al\/wp-json\/wp\/v2\/pages\/447\/revisions"}],"predecessor-version":[{"id":1079,"href":"https:\/\/betlabel.games\/al\/wp-json\/wp\/v2\/pages\/447\/revisions\/1079"}],"up":[{"embeddable":true,"href":"https:\/\/betlabel.games\/al\/wp-json\/wp\/v2\/pages\/201"}],"wp:attachment":[{"href":"https:\/\/betlabel.games\/al\/wp-json\/wp\/v2\/media?parent=447"}],"curies":[{"name":"wp","href":"https:\/\/api.w.org\/{rel}","templated":true}]}}