{"id":725,"date":"2025-12-24T13:46:39","date_gmt":"2025-12-24T13:46:39","guid":{"rendered":"https:\/\/betlabel.games\/al\/?page_id=725"},"modified":"2026-03-12T08:01:29","modified_gmt":"2026-03-12T08:01:29","slug":"boxing-betting","status":"publish","type":"page","link":"https:\/\/betlabel.games\/al\/boxing-betting\/","title":{"rendered":"Boxing"},"content":{"rendered":"","protected":false},"excerpt":{"rendered":"","protected":false},"author":1,"featured_media":0,"parent":0,"menu_order":0,"comment_status":"closed","ping_status":"closed","template":"","meta":{"footnotes":""},"class_list":["post-725","page","type-page","status-publish","hentry"],"yoast_head":"<!-- This site is optimized with the Yoast SEO plugin v27.4 - https:\/\/yoast.com\/product\/yoast-seo-wordpress\/ -->\n<title>Baste n\u00eb boks n\u00eb BetLabel \ud83e\udd4a UFC, WBC, shanse dhe bonuse live<\/title>\n<meta name=\"description\" content=\"Baste n\u00eb boks dhe MMA n\u00eb BetLabel: Ndeshje p\u00ebr titull WBC, WBA, UFC me koeficient\u00eb n\u00eb raunde, nokaut dhe metod\u00eb fitoreje. Koeficient\u00eb t\u00eb lart\u00eb, transmetime t\u00eb drejtp\u00ebrdrejta dhe nj\u00eb bonus 100%. Baste para ndeshjes dhe t\u00eb drejtp\u00ebrdrejta n\u00eb ndeshjet m\u00eb t\u00eb mira.\" \/>\n<meta name=\"robots\" content=\"index, follow, max-snippet:-1, max-image-preview:large, max-video-preview:-1\" \/>\n<meta property=\"og:locale\" content=\"sq_AL\" \/>\n<meta property=\"og:type\" content=\"article\" \/>\n<meta property=\"og:title\" content=\"Baste n\u00eb boks n\u00eb BetLabel \ud83e\udd4a UFC, WBC, shanse dhe bonuse live\" \/>\n<meta property=\"og:description\" content=\"Baste n\u00eb boks dhe MMA n\u00eb BetLabel: Ndeshje p\u00ebr titull WBC, WBA, UFC me koeficient\u00eb n\u00eb raunde, nokaut dhe metod\u00eb fitoreje. Koeficient\u00eb t\u00eb lart\u00eb, transmetime t\u00eb drejtp\u00ebrdrejta dhe nj\u00eb bonus 100%. Baste para ndeshjes dhe t\u00eb drejtp\u00ebrdrejta n\u00eb ndeshjet m\u00eb t\u00eb mira.\" \/>\n<meta property=\"og:url\" content=\"https:\/\/betlabel.games\/al\/boxing-betting\/\" \/>\n<meta property=\"og:site_name\" content=\"Betlabel al\" \/>\n<meta property=\"article:modified_time\" content=\"2026-03-12T08:01:29+00:00\" \/>\n<meta name=\"twitter:card\" content=\"summary_large_image\" \/>\n<script type=\"application\/ld+json\" class=\"yoast-schema-graph\">{\"@context\":\"https:\\\/\\\/schema.org\",\"@graph\":[{\"@type\":\"WebPage\",\"@id\":\"https:\\\/\\\/betlabel.games\\\/al\\\/boxing-betting\\\/\",\"url\":\"https:\\\/\\\/betlabel.games\\\/al\\\/boxing-betting\\\/\",\"name\":\"Baste n\u00eb boks n\u00eb BetLabel \ud83e\udd4a UFC, WBC, shanse dhe bonuse live\",\"isPartOf\":{\"@id\":\"https:\\\/\\\/betlabel.games\\\/al\\\/#website\"},\"datePublished\":\"2025-12-24T13:46:39+00:00\",\"dateModified\":\"2026-03-12T08:01:29+00:00\",\"description\":\"Baste n\u00eb boks dhe MMA n\u00eb BetLabel: Ndeshje p\u00ebr titull WBC, WBA, UFC me koeficient\u00eb n\u00eb raunde, nokaut dhe metod\u00eb fitoreje. Koeficient\u00eb t\u00eb lart\u00eb, transmetime t\u00eb drejtp\u00ebrdrejta dhe nj\u00eb bonus 100%. Baste para ndeshjes dhe t\u00eb drejtp\u00ebrdrejta n\u00eb ndeshjet m\u00eb t\u00eb mira.\",\"breadcrumb\":{\"@id\":\"https:\\\/\\\/betlabel.games\\\/al\\\/boxing-betting\\\/#breadcrumb\"},\"inLanguage\":\"sq\",\"potentialAction\":[{\"@type\":\"ReadAction\",\"target\":[\"https:\\\/\\\/betlabel.games\\\/al\\\/boxing-betting\\\/\"]}]},{\"@type\":\"BreadcrumbList\",\"@id\":\"https:\\\/\\\/betlabel.games\\\/al\\\/boxing-betting\\\/#breadcrumb\",\"itemListElement\":[{\"@type\":\"ListItem\",\"position\":1,\"name\":\"Home\",\"item\":\"https:\\\/\\\/betlabel.games\\\/al\\\/\"},{\"@type\":\"ListItem\",\"position\":2,\"name\":\"Boxing\"}]},{\"@type\":\"WebSite\",\"@id\":\"https:\\\/\\\/betlabel.games\\\/al\\\/#website\",\"url\":\"https:\\\/\\\/betlabel.games\\\/al\\\/\",\"name\":\"Betlabel al\",\"description\":\"My WordPress Blog\",\"potentialAction\":[{\"@type\":\"SearchAction\",\"target\":{\"@type\":\"EntryPoint\",\"urlTemplate\":\"https:\\\/\\\/betlabel.games\\\/al\\\/?s={search_term_string}\"},\"query-input\":{\"@type\":\"PropertyValueSpecification\",\"valueRequired\":true,\"valueName\":\"search_term_string\"}}],\"inLanguage\":\"sq\"}]}<\/script>\n<!-- \/ Yoast SEO plugin. -->","yoast_head_json":{"title":"Baste n\u00eb boks n\u00eb BetLabel \ud83e\udd4a UFC, WBC, shanse dhe bonuse live","description":"Baste n\u00eb boks dhe MMA n\u00eb BetLabel: Ndeshje p\u00ebr titull WBC, WBA, UFC me koeficient\u00eb n\u00eb raunde, nokaut dhe metod\u00eb fitoreje. Koeficient\u00eb t\u00eb lart\u00eb, transmetime t\u00eb drejtp\u00ebrdrejta dhe nj\u00eb bonus 100%. Baste para ndeshjes dhe t\u00eb drejtp\u00ebrdrejta n\u00eb ndeshjet m\u00eb t\u00eb mira.","robots":{"index":"index","follow":"follow","max-snippet":"max-snippet:-1","max-image-preview":"max-image-preview:large","max-video-preview":"max-video-preview:-1"},"og_locale":"sq_AL","og_type":"article","og_title":"Baste n\u00eb boks n\u00eb BetLabel \ud83e\udd4a UFC, WBC, shanse dhe bonuse live","og_description":"Baste n\u00eb boks dhe MMA n\u00eb BetLabel: Ndeshje p\u00ebr titull WBC, WBA, UFC me koeficient\u00eb n\u00eb raunde, nokaut dhe metod\u00eb fitoreje. Koeficient\u00eb t\u00eb lart\u00eb, transmetime t\u00eb drejtp\u00ebrdrejta dhe nj\u00eb bonus 100%. Baste para ndeshjes dhe t\u00eb drejtp\u00ebrdrejta n\u00eb ndeshjet m\u00eb t\u00eb mira.","og_url":"https:\/\/betlabel.games\/al\/boxing-betting\/","og_site_name":"Betlabel al","article_modified_time":"2026-03-12T08:01:29+00:00","twitter_card":"summary_large_image","schema":{"@context":"https:\/\/schema.org","@graph":[{"@type":"WebPage","@id":"https:\/\/betlabel.games\/al\/boxing-betting\/","url":"https:\/\/betlabel.games\/al\/boxing-betting\/","name":"Baste n\u00eb boks n\u00eb BetLabel \ud83e\udd4a UFC, WBC, shanse dhe bonuse live","isPartOf":{"@id":"https:\/\/betlabel.games\/al\/#website"},"datePublished":"2025-12-24T13:46:39+00:00","dateModified":"2026-03-12T08:01:29+00:00","description":"Baste n\u00eb boks dhe MMA n\u00eb BetLabel: Ndeshje p\u00ebr titull WBC, WBA, UFC me koeficient\u00eb n\u00eb raunde, nokaut dhe metod\u00eb fitoreje. Koeficient\u00eb t\u00eb lart\u00eb, transmetime t\u00eb drejtp\u00ebrdrejta dhe nj\u00eb bonus 100%. Baste para ndeshjes dhe t\u00eb drejtp\u00ebrdrejta n\u00eb ndeshjet m\u00eb t\u00eb mira.","breadcrumb":{"@id":"https:\/\/betlabel.games\/al\/boxing-betting\/#breadcrumb"},"inLanguage":"sq","potentialAction":[{"@type":"ReadAction","target":["https:\/\/betlabel.games\/al\/boxing-betting\/"]}]},{"@type":"BreadcrumbList","@id":"https:\/\/betlabel.games\/al\/boxing-betting\/#breadcrumb","itemListElement":[{"@type":"ListItem","position":1,"name":"Home","item":"https:\/\/betlabel.games\/al\/"},{"@type":"ListItem","position":2,"name":"Boxing"}]},{"@type":"WebSite","@id":"https:\/\/betlabel.games\/al\/#website","url":"https:\/\/betlabel.games\/al\/","name":"Betlabel al","description":"My WordPress Blog","potentialAction":[{"@type":"SearchAction","target":{"@type":"EntryPoint","urlTemplate":"https:\/\/betlabel.games\/al\/?s={search_term_string}"},"query-input":{"@type":"PropertyValueSpecification","valueRequired":true,"valueName":"search_term_string"}}],"inLanguage":"sq"}]}},"_links":{"self":[{"href":"https:\/\/betlabel.games\/al\/wp-json\/wp\/v2\/pages\/725","targetHints":{"allow":["GET"]}}],"collection":[{"href":"https:\/\/betlabel.games\/al\/wp-json\/wp\/v2\/pages"}],"about":[{"href":"https:\/\/betlabel.games\/al\/wp-json\/wp\/v2\/types\/page"}],"author":[{"embeddable":true,"href":"https:\/\/betlabel.games\/al\/wp-json\/wp\/v2\/users\/1"}],"replies":[{"embeddable":true,"href":"https:\/\/betlabel.games\/al\/wp-json\/wp\/v2\/comments?post=725"}],"version-history":[{"count":5,"href":"https:\/\/betlabel.games\/al\/wp-json\/wp\/v2\/pages\/725\/revisions"}],"predecessor-version":[{"id":1082,"href":"https:\/\/betlabel.games\/al\/wp-json\/wp\/v2\/pages\/725\/revisions\/1082"}],"wp:attachment":[{"href":"https:\/\/betlabel.games\/al\/wp-json\/wp\/v2\/media?parent=725"}],"curies":[{"name":"wp","href":"https:\/\/api.w.org\/{rel}","templated":true}]}}