{"id":812,"date":"2026-01-02T17:05:33","date_gmt":"2026-01-02T17:05:33","guid":{"rendered":"https:\/\/betlabel.games\/al\/?page_id=812"},"modified":"2026-03-12T08:49:23","modified_gmt":"2026-03-12T08:49:23","slug":"jetx","status":"publish","type":"page","link":"https:\/\/betlabel.games\/al\/jetx\/","title":{"rendered":"JetX"},"content":{"rendered":"","protected":false},"excerpt":{"rendered":"","protected":false},"author":1,"featured_media":0,"parent":0,"menu_order":0,"comment_status":"closed","ping_status":"closed","template":"","meta":{"footnotes":""},"class_list":["post-812","page","type-page","status-publish","hentry"],"yoast_head":"<!-- This site is optimized with the Yoast SEO plugin v27.4 - https:\/\/yoast.com\/product\/yoast-seo-wordpress\/ -->\n<title>JetX n\u00eb BetLabel Casino \u2714\ufe0f nj\u00eb loj\u00eb p\u00ebrplasjeje me shanse n\u00eb rritje<\/title>\n<meta name=\"description\" content=\"JetX n\u00eb BetLabel \u00ebsht\u00eb nj\u00eb loj\u00eb e njohur p\u00ebr goditje t\u00eb shpejta ku shanset rriten n\u00eb koh\u00eb reale. M\u00ebsoni si t\u00eb luani, kur t\u00eb t\u00ebrhiqni para, cilat strategji funksionojn\u00eb m\u00eb mir\u00eb dhe pse JetX \u00ebsht\u00eb ideal p\u00ebr seanca t\u00eb shpejta.\" \/>\n<meta name=\"robots\" content=\"index, follow, max-snippet:-1, max-image-preview:large, max-video-preview:-1\" \/>\n<meta property=\"og:locale\" content=\"sq_AL\" \/>\n<meta property=\"og:type\" content=\"article\" \/>\n<meta property=\"og:title\" content=\"JetX n\u00eb BetLabel Casino \u2714\ufe0f nj\u00eb loj\u00eb p\u00ebrplasjeje me shanse n\u00eb rritje\" \/>\n<meta property=\"og:description\" content=\"JetX n\u00eb BetLabel \u00ebsht\u00eb nj\u00eb loj\u00eb e njohur p\u00ebr goditje t\u00eb shpejta ku shanset rriten n\u00eb koh\u00eb reale. M\u00ebsoni si t\u00eb luani, kur t\u00eb t\u00ebrhiqni para, cilat strategji funksionojn\u00eb m\u00eb mir\u00eb dhe pse JetX \u00ebsht\u00eb ideal p\u00ebr seanca t\u00eb shpejta.\" \/>\n<meta property=\"og:url\" content=\"https:\/\/betlabel.games\/al\/jetx\/\" \/>\n<meta property=\"og:site_name\" content=\"Betlabel al\" \/>\n<meta property=\"article:modified_time\" content=\"2026-03-12T08:49:23+00:00\" \/>\n<meta name=\"twitter:card\" content=\"summary_large_image\" \/>\n<script type=\"application\/ld+json\" class=\"yoast-schema-graph\">{\"@context\":\"https:\\\/\\\/schema.org\",\"@graph\":[{\"@type\":\"WebPage\",\"@id\":\"https:\\\/\\\/betlabel.games\\\/al\\\/jetx\\\/\",\"url\":\"https:\\\/\\\/betlabel.games\\\/al\\\/jetx\\\/\",\"name\":\"JetX n\u00eb BetLabel Casino \u2714\ufe0f nj\u00eb loj\u00eb p\u00ebrplasjeje me shanse n\u00eb rritje\",\"isPartOf\":{\"@id\":\"https:\\\/\\\/betlabel.games\\\/al\\\/#website\"},\"datePublished\":\"2026-01-02T17:05:33+00:00\",\"dateModified\":\"2026-03-12T08:49:23+00:00\",\"description\":\"JetX n\u00eb BetLabel \u00ebsht\u00eb nj\u00eb loj\u00eb e njohur p\u00ebr goditje t\u00eb shpejta ku shanset rriten n\u00eb koh\u00eb reale. M\u00ebsoni si t\u00eb luani, kur t\u00eb t\u00ebrhiqni para, cilat strategji funksionojn\u00eb m\u00eb mir\u00eb dhe pse JetX \u00ebsht\u00eb ideal p\u00ebr seanca t\u00eb shpejta.\",\"breadcrumb\":{\"@id\":\"https:\\\/\\\/betlabel.games\\\/al\\\/jetx\\\/#breadcrumb\"},\"inLanguage\":\"sq\",\"potentialAction\":[{\"@type\":\"ReadAction\",\"target\":[\"https:\\\/\\\/betlabel.games\\\/al\\\/jetx\\\/\"]}]},{\"@type\":\"BreadcrumbList\",\"@id\":\"https:\\\/\\\/betlabel.games\\\/al\\\/jetx\\\/#breadcrumb\",\"itemListElement\":[{\"@type\":\"ListItem\",\"position\":1,\"name\":\"Home\",\"item\":\"https:\\\/\\\/betlabel.games\\\/al\\\/\"},{\"@type\":\"ListItem\",\"position\":2,\"name\":\"JetX\"}]},{\"@type\":\"WebSite\",\"@id\":\"https:\\\/\\\/betlabel.games\\\/al\\\/#website\",\"url\":\"https:\\\/\\\/betlabel.games\\\/al\\\/\",\"name\":\"Betlabel al\",\"description\":\"My WordPress Blog\",\"potentialAction\":[{\"@type\":\"SearchAction\",\"target\":{\"@type\":\"EntryPoint\",\"urlTemplate\":\"https:\\\/\\\/betlabel.games\\\/al\\\/?s={search_term_string}\"},\"query-input\":{\"@type\":\"PropertyValueSpecification\",\"valueRequired\":true,\"valueName\":\"search_term_string\"}}],\"inLanguage\":\"sq\"}]}<\/script>\n<!-- \/ Yoast SEO plugin. -->","yoast_head_json":{"title":"JetX n\u00eb BetLabel Casino \u2714\ufe0f nj\u00eb loj\u00eb p\u00ebrplasjeje me shanse n\u00eb rritje","description":"JetX n\u00eb BetLabel \u00ebsht\u00eb nj\u00eb loj\u00eb e njohur p\u00ebr goditje t\u00eb shpejta ku shanset rriten n\u00eb koh\u00eb reale. M\u00ebsoni si t\u00eb luani, kur t\u00eb t\u00ebrhiqni para, cilat strategji funksionojn\u00eb m\u00eb mir\u00eb dhe pse JetX \u00ebsht\u00eb ideal p\u00ebr seanca t\u00eb shpejta.","robots":{"index":"index","follow":"follow","max-snippet":"max-snippet:-1","max-image-preview":"max-image-preview:large","max-video-preview":"max-video-preview:-1"},"og_locale":"sq_AL","og_type":"article","og_title":"JetX n\u00eb BetLabel Casino \u2714\ufe0f nj\u00eb loj\u00eb p\u00ebrplasjeje me shanse n\u00eb rritje","og_description":"JetX n\u00eb BetLabel \u00ebsht\u00eb nj\u00eb loj\u00eb e njohur p\u00ebr goditje t\u00eb shpejta ku shanset rriten n\u00eb koh\u00eb reale. M\u00ebsoni si t\u00eb luani, kur t\u00eb t\u00ebrhiqni para, cilat strategji funksionojn\u00eb m\u00eb mir\u00eb dhe pse JetX \u00ebsht\u00eb ideal p\u00ebr seanca t\u00eb shpejta.","og_url":"https:\/\/betlabel.games\/al\/jetx\/","og_site_name":"Betlabel al","article_modified_time":"2026-03-12T08:49:23+00:00","twitter_card":"summary_large_image","schema":{"@context":"https:\/\/schema.org","@graph":[{"@type":"WebPage","@id":"https:\/\/betlabel.games\/al\/jetx\/","url":"https:\/\/betlabel.games\/al\/jetx\/","name":"JetX n\u00eb BetLabel Casino \u2714\ufe0f nj\u00eb loj\u00eb p\u00ebrplasjeje me shanse n\u00eb rritje","isPartOf":{"@id":"https:\/\/betlabel.games\/al\/#website"},"datePublished":"2026-01-02T17:05:33+00:00","dateModified":"2026-03-12T08:49:23+00:00","description":"JetX n\u00eb BetLabel \u00ebsht\u00eb nj\u00eb loj\u00eb e njohur p\u00ebr goditje t\u00eb shpejta ku shanset rriten n\u00eb koh\u00eb reale. M\u00ebsoni si t\u00eb luani, kur t\u00eb t\u00ebrhiqni para, cilat strategji funksionojn\u00eb m\u00eb mir\u00eb dhe pse JetX \u00ebsht\u00eb ideal p\u00ebr seanca t\u00eb shpejta.","breadcrumb":{"@id":"https:\/\/betlabel.games\/al\/jetx\/#breadcrumb"},"inLanguage":"sq","potentialAction":[{"@type":"ReadAction","target":["https:\/\/betlabel.games\/al\/jetx\/"]}]},{"@type":"BreadcrumbList","@id":"https:\/\/betlabel.games\/al\/jetx\/#breadcrumb","itemListElement":[{"@type":"ListItem","position":1,"name":"Home","item":"https:\/\/betlabel.games\/al\/"},{"@type":"ListItem","position":2,"name":"JetX"}]},{"@type":"WebSite","@id":"https:\/\/betlabel.games\/al\/#website","url":"https:\/\/betlabel.games\/al\/","name":"Betlabel al","description":"My WordPress Blog","potentialAction":[{"@type":"SearchAction","target":{"@type":"EntryPoint","urlTemplate":"https:\/\/betlabel.games\/al\/?s={search_term_string}"},"query-input":{"@type":"PropertyValueSpecification","valueRequired":true,"valueName":"search_term_string"}}],"inLanguage":"sq"}]}},"_links":{"self":[{"href":"https:\/\/betlabel.games\/al\/wp-json\/wp\/v2\/pages\/812","targetHints":{"allow":["GET"]}}],"collection":[{"href":"https:\/\/betlabel.games\/al\/wp-json\/wp\/v2\/pages"}],"about":[{"href":"https:\/\/betlabel.games\/al\/wp-json\/wp\/v2\/types\/page"}],"author":[{"embeddable":true,"href":"https:\/\/betlabel.games\/al\/wp-json\/wp\/v2\/users\/1"}],"replies":[{"embeddable":true,"href":"https:\/\/betlabel.games\/al\/wp-json\/wp\/v2\/comments?post=812"}],"version-history":[{"count":5,"href":"https:\/\/betlabel.games\/al\/wp-json\/wp\/v2\/pages\/812\/revisions"}],"predecessor-version":[{"id":1094,"href":"https:\/\/betlabel.games\/al\/wp-json\/wp\/v2\/pages\/812\/revisions\/1094"}],"wp:attachment":[{"href":"https:\/\/betlabel.games\/al\/wp-json\/wp\/v2\/media?parent=812"}],"curies":[{"name":"wp","href":"https:\/\/api.w.org\/{rel}","templated":true}]}}