{"id":204,"date":"2024-10-03T12:46:23","date_gmt":"2024-10-03T12:46:23","guid":{"rendered":"https:\/\/betlabel.games\/at\/?page_id=204"},"modified":"2024-12-09T16:08:35","modified_gmt":"2024-12-09T16:08:35","slug":"mobile","status":"publish","type":"page","link":"https:\/\/betlabel.games\/at\/mobile\/","title":{"rendered":"Mobil"},"content":{"rendered":"","protected":false},"excerpt":{"rendered":"","protected":false},"author":1,"featured_media":0,"parent":0,"menu_order":0,"comment_status":"closed","ping_status":"closed","template":"","meta":{"footnotes":""},"class_list":["post-204","page","type-page","status-publish","hentry"],"yoast_head":"<!-- This site is optimized with the Yoast SEO plugin v26.6 - https:\/\/yoast.com\/wordpress\/plugins\/seo\/ -->\n<title>BetLabel App \u00d6sterreich\u1409 Download-Anleitung f\u00fcr Android und iOS<\/title>\n<meta name=\"description\" content=\"Downoad BetLabel App f\u00fcr Android- und iOS-Ger\u00e4te \u2714\ufe0f\ufe0f Genie\u00dfen Sie jederzeit die besten Quoten und Boni auf Ihrem Handy \u2b50\ufe0f BetLabel Mobile App hat ein modernes Design und eine intuitive Benutzeroberfl\u00e4che\" \/>\n<meta name=\"robots\" content=\"index, follow, max-snippet:-1, max-image-preview:large, max-video-preview:-1\" \/>\n<meta property=\"og:locale\" content=\"de_DE\" \/>\n<meta property=\"og:type\" content=\"article\" \/>\n<meta property=\"og:title\" content=\"BetLabel App \u00d6sterreich\u1409 Download-Anleitung f\u00fcr Android und iOS\" \/>\n<meta property=\"og:description\" content=\"Downoad BetLabel App f\u00fcr Android- und iOS-Ger\u00e4te \u2714\ufe0f\ufe0f Genie\u00dfen Sie jederzeit die besten Quoten und Boni auf Ihrem Handy \u2b50\ufe0f BetLabel Mobile App hat ein modernes Design und eine intuitive Benutzeroberfl\u00e4che\" \/>\n<meta property=\"og:url\" content=\"https:\/\/betlabel.games\/at\/mobile\/\" \/>\n<meta property=\"og:site_name\" content=\"Betlabel at\" \/>\n<meta property=\"article:modified_time\" content=\"2024-12-09T16:08:35+00:00\" \/>\n<meta name=\"twitter:card\" content=\"summary_large_image\" \/>\n<script type=\"application\/ld+json\" class=\"yoast-schema-graph\">{\"@context\":\"https:\/\/schema.org\",\"@graph\":[{\"@type\":\"WebPage\",\"@id\":\"https:\/\/betlabel.games\/at\/mobile\/\",\"url\":\"https:\/\/betlabel.games\/at\/mobile\/\",\"name\":\"BetLabel App \u00d6sterreich\u1409 Download-Anleitung f\u00fcr Android und iOS\",\"isPartOf\":{\"@id\":\"https:\/\/betlabel.games\/at\/#website\"},\"datePublished\":\"2024-10-03T12:46:23+00:00\",\"dateModified\":\"2024-12-09T16:08:35+00:00\",\"description\":\"Downoad BetLabel App f\u00fcr Android- und iOS-Ger\u00e4te \u2714\ufe0f\ufe0f Genie\u00dfen Sie jederzeit die besten Quoten und Boni auf Ihrem Handy \u2b50\ufe0f BetLabel Mobile App hat ein modernes Design und eine intuitive Benutzeroberfl\u00e4che\",\"breadcrumb\":{\"@id\":\"https:\/\/betlabel.games\/at\/mobile\/#breadcrumb\"},\"inLanguage\":\"de-AT\",\"potentialAction\":[{\"@type\":\"ReadAction\",\"target\":[\"https:\/\/betlabel.games\/at\/mobile\/\"]}]},{\"@type\":\"BreadcrumbList\",\"@id\":\"https:\/\/betlabel.games\/at\/mobile\/#breadcrumb\",\"itemListElement\":[{\"@type\":\"ListItem\",\"position\":1,\"name\":\"Home\",\"item\":\"https:\/\/betlabel.games\/at\/\"},{\"@type\":\"ListItem\",\"position\":2,\"name\":\"Mobil\"}]},{\"@type\":\"WebSite\",\"@id\":\"https:\/\/betlabel.games\/at\/#website\",\"url\":\"https:\/\/betlabel.games\/at\/\",\"name\":\"Betlabel at\",\"description\":\"My WordPress Blog\",\"potentialAction\":[{\"@type\":\"SearchAction\",\"target\":{\"@type\":\"EntryPoint\",\"urlTemplate\":\"https:\/\/betlabel.games\/at\/?s={search_term_string}\"},\"query-input\":{\"@type\":\"PropertyValueSpecification\",\"valueRequired\":true,\"valueName\":\"search_term_string\"}}],\"inLanguage\":\"de-AT\"}]}<\/script>\n<!-- \/ Yoast SEO plugin. -->","yoast_head_json":{"title":"BetLabel App \u00d6sterreich\u1409 Download-Anleitung f\u00fcr Android und iOS","description":"Downoad BetLabel App f\u00fcr Android- und iOS-Ger\u00e4te \u2714\ufe0f\ufe0f Genie\u00dfen Sie jederzeit die besten Quoten und Boni auf Ihrem Handy \u2b50\ufe0f BetLabel Mobile App hat ein modernes Design und eine intuitive Benutzeroberfl\u00e4che","robots":{"index":"index","follow":"follow","max-snippet":"max-snippet:-1","max-image-preview":"max-image-preview:large","max-video-preview":"max-video-preview:-1"},"og_locale":"de_DE","og_type":"article","og_title":"BetLabel App \u00d6sterreich\u1409 Download-Anleitung f\u00fcr Android und iOS","og_description":"Downoad BetLabel App f\u00fcr Android- und iOS-Ger\u00e4te \u2714\ufe0f\ufe0f Genie\u00dfen Sie jederzeit die besten Quoten und Boni auf Ihrem Handy \u2b50\ufe0f BetLabel Mobile App hat ein modernes Design und eine intuitive Benutzeroberfl\u00e4che","og_url":"https:\/\/betlabel.games\/at\/mobile\/","og_site_name":"Betlabel at","article_modified_time":"2024-12-09T16:08:35+00:00","twitter_card":"summary_large_image","schema":{"@context":"https:\/\/schema.org","@graph":[{"@type":"WebPage","@id":"https:\/\/betlabel.games\/at\/mobile\/","url":"https:\/\/betlabel.games\/at\/mobile\/","name":"BetLabel App \u00d6sterreich\u1409 Download-Anleitung f\u00fcr Android und iOS","isPartOf":{"@id":"https:\/\/betlabel.games\/at\/#website"},"datePublished":"2024-10-03T12:46:23+00:00","dateModified":"2024-12-09T16:08:35+00:00","description":"Downoad BetLabel App f\u00fcr Android- und iOS-Ger\u00e4te \u2714\ufe0f\ufe0f Genie\u00dfen Sie jederzeit die besten Quoten und Boni auf Ihrem Handy \u2b50\ufe0f BetLabel Mobile App hat ein modernes Design und eine intuitive Benutzeroberfl\u00e4che","breadcrumb":{"@id":"https:\/\/betlabel.games\/at\/mobile\/#breadcrumb"},"inLanguage":"de-AT","potentialAction":[{"@type":"ReadAction","target":["https:\/\/betlabel.games\/at\/mobile\/"]}]},{"@type":"BreadcrumbList","@id":"https:\/\/betlabel.games\/at\/mobile\/#breadcrumb","itemListElement":[{"@type":"ListItem","position":1,"name":"Home","item":"https:\/\/betlabel.games\/at\/"},{"@type":"ListItem","position":2,"name":"Mobil"}]},{"@type":"WebSite","@id":"https:\/\/betlabel.games\/at\/#website","url":"https:\/\/betlabel.games\/at\/","name":"Betlabel at","description":"My WordPress Blog","potentialAction":[{"@type":"SearchAction","target":{"@type":"EntryPoint","urlTemplate":"https:\/\/betlabel.games\/at\/?s={search_term_string}"},"query-input":{"@type":"PropertyValueSpecification","valueRequired":true,"valueName":"search_term_string"}}],"inLanguage":"de-AT"}]}},"_links":{"self":[{"href":"https:\/\/betlabel.games\/at\/wp-json\/wp\/v2\/pages\/204","targetHints":{"allow":["GET"]}}],"collection":[{"href":"https:\/\/betlabel.games\/at\/wp-json\/wp\/v2\/pages"}],"about":[{"href":"https:\/\/betlabel.games\/at\/wp-json\/wp\/v2\/types\/page"}],"author":[{"embeddable":true,"href":"https:\/\/betlabel.games\/at\/wp-json\/wp\/v2\/users\/1"}],"replies":[{"embeddable":true,"href":"https:\/\/betlabel.games\/at\/wp-json\/wp\/v2\/comments?post=204"}],"version-history":[{"count":1,"href":"https:\/\/betlabel.games\/at\/wp-json\/wp\/v2\/pages\/204\/revisions"}],"predecessor-version":[{"id":418,"href":"https:\/\/betlabel.games\/at\/wp-json\/wp\/v2\/pages\/204\/revisions\/418"}],"wp:attachment":[{"href":"https:\/\/betlabel.games\/at\/wp-json\/wp\/v2\/media?parent=204"}],"curies":[{"name":"wp","href":"https:\/\/api.w.org\/{rel}","templated":true}]}}