{"id":443,"date":"2025-06-13T07:30:16","date_gmt":"2025-06-13T07:30:16","guid":{"rendered":"https:\/\/betlabel.games\/at\/?page_id=443"},"modified":"2026-04-22T06:32:48","modified_gmt":"2026-04-22T06:32:48","slug":"casino-welcome-pack","status":"publish","type":"page","link":"https:\/\/betlabel.games\/at\/bonuses\/casino-welcome-pack\/","title":{"rendered":"Casino-Willkommenspaket"},"content":{"rendered":"","protected":false},"excerpt":{"rendered":"","protected":false},"author":1,"featured_media":0,"parent":201,"menu_order":0,"comment_status":"closed","ping_status":"closed","template":"","meta":{"footnotes":""},"class_list":["post-443","page","type-page","status-publish","hentry"],"yoast_head":"<!-- This site is optimized with the Yoast SEO plugin v27.4 - https:\/\/yoast.com\/product\/yoast-seo-wordpress\/ -->\n<title>BetLabel Casino Willkommenspaket | 1.500 \u20ac und 150 Freispiele!<\/title>\n<meta name=\"description\" content=\"Tauchen Sie ein in die Welt der spannenden Gewinne mit dem BetLabel \u00d6sterreich Casino Willkommenspaket! Erhalten Sie gro\u00dfz\u00fcgige Boni von bis zu 1.500 \u20ac und 150 Freispiele f\u00fcr Ihre ersten vier Einzahlungen. Registrieren Sie sich und beginnen Sie noch heute zu spielen!\" \/>\n<meta name=\"robots\" content=\"index, follow, max-snippet:-1, max-image-preview:large, max-video-preview:-1\" \/>\n<meta property=\"og:locale\" content=\"de_DE\" \/>\n<meta property=\"og:type\" content=\"article\" \/>\n<meta property=\"og:title\" content=\"BetLabel Casino Willkommenspaket | 1.500 \u20ac und 150 Freispiele!\" \/>\n<meta property=\"og:description\" content=\"Tauchen Sie ein in die Welt der spannenden Gewinne mit dem BetLabel \u00d6sterreich Casino Willkommenspaket! Erhalten Sie gro\u00dfz\u00fcgige Boni von bis zu 1.500 \u20ac und 150 Freispiele f\u00fcr Ihre ersten vier Einzahlungen. Registrieren Sie sich und beginnen Sie noch heute zu spielen!\" \/>\n<meta property=\"og:url\" content=\"https:\/\/betlabel.games\/at\/bonuses\/casino-welcome-pack\/\" \/>\n<meta property=\"og:site_name\" content=\"Betlabel at\" \/>\n<meta property=\"article:modified_time\" content=\"2026-04-22T06:32:48+00:00\" \/>\n<meta name=\"twitter:card\" content=\"summary_large_image\" \/>\n<script type=\"application\/ld+json\" class=\"yoast-schema-graph\">{\"@context\":\"https:\\\/\\\/schema.org\",\"@graph\":[{\"@type\":\"WebPage\",\"@id\":\"https:\\\/\\\/betlabel.games\\\/at\\\/bonuses\\\/casino-welcome-pack\\\/\",\"url\":\"https:\\\/\\\/betlabel.games\\\/at\\\/bonuses\\\/casino-welcome-pack\\\/\",\"name\":\"BetLabel Casino Willkommenspaket | 1.500 \u20ac und 150 Freispiele!\",\"isPartOf\":{\"@id\":\"https:\\\/\\\/betlabel.games\\\/at\\\/#website\"},\"datePublished\":\"2025-06-13T07:30:16+00:00\",\"dateModified\":\"2026-04-22T06:32:48+00:00\",\"description\":\"Tauchen Sie ein in die Welt der spannenden Gewinne mit dem BetLabel \u00d6sterreich Casino Willkommenspaket! Erhalten Sie gro\u00dfz\u00fcgige Boni von bis zu 1.500 \u20ac und 150 Freispiele f\u00fcr Ihre ersten vier Einzahlungen. Registrieren Sie sich und beginnen Sie noch heute zu spielen!\",\"breadcrumb\":{\"@id\":\"https:\\\/\\\/betlabel.games\\\/at\\\/bonuses\\\/casino-welcome-pack\\\/#breadcrumb\"},\"inLanguage\":\"de-AT\",\"potentialAction\":[{\"@type\":\"ReadAction\",\"target\":[\"https:\\\/\\\/betlabel.games\\\/at\\\/bonuses\\\/casino-welcome-pack\\\/\"]}]},{\"@type\":\"BreadcrumbList\",\"@id\":\"https:\\\/\\\/betlabel.games\\\/at\\\/bonuses\\\/casino-welcome-pack\\\/#breadcrumb\",\"itemListElement\":[{\"@type\":\"ListItem\",\"position\":1,\"name\":\"Home\",\"item\":\"https:\\\/\\\/betlabel.games\\\/at\\\/\"},{\"@type\":\"ListItem\",\"position\":2,\"name\":\"Bonusse\",\"item\":\"https:\\\/\\\/betlabel.games\\\/at\\\/bonuses\\\/\"},{\"@type\":\"ListItem\",\"position\":3,\"name\":\"Casino-Willkommenspaket\"}]},{\"@type\":\"WebSite\",\"@id\":\"https:\\\/\\\/betlabel.games\\\/at\\\/#website\",\"url\":\"https:\\\/\\\/betlabel.games\\\/at\\\/\",\"name\":\"Betlabel at\",\"description\":\"My WordPress Blog\",\"potentialAction\":[{\"@type\":\"SearchAction\",\"target\":{\"@type\":\"EntryPoint\",\"urlTemplate\":\"https:\\\/\\\/betlabel.games\\\/at\\\/?s={search_term_string}\"},\"query-input\":{\"@type\":\"PropertyValueSpecification\",\"valueRequired\":true,\"valueName\":\"search_term_string\"}}],\"inLanguage\":\"de-AT\"}]}<\/script>\n<!-- \/ Yoast SEO plugin. -->","yoast_head_json":{"title":"BetLabel Casino Willkommenspaket | 1.500 \u20ac und 150 Freispiele!","description":"Tauchen Sie ein in die Welt der spannenden Gewinne mit dem BetLabel \u00d6sterreich Casino Willkommenspaket! Erhalten Sie gro\u00dfz\u00fcgige Boni von bis zu 1.500 \u20ac und 150 Freispiele f\u00fcr Ihre ersten vier Einzahlungen. Registrieren Sie sich und beginnen Sie noch heute zu spielen!","robots":{"index":"index","follow":"follow","max-snippet":"max-snippet:-1","max-image-preview":"max-image-preview:large","max-video-preview":"max-video-preview:-1"},"og_locale":"de_DE","og_type":"article","og_title":"BetLabel Casino Willkommenspaket | 1.500 \u20ac und 150 Freispiele!","og_description":"Tauchen Sie ein in die Welt der spannenden Gewinne mit dem BetLabel \u00d6sterreich Casino Willkommenspaket! Erhalten Sie gro\u00dfz\u00fcgige Boni von bis zu 1.500 \u20ac und 150 Freispiele f\u00fcr Ihre ersten vier Einzahlungen. Registrieren Sie sich und beginnen Sie noch heute zu spielen!","og_url":"https:\/\/betlabel.games\/at\/bonuses\/casino-welcome-pack\/","og_site_name":"Betlabel at","article_modified_time":"2026-04-22T06:32:48+00:00","twitter_card":"summary_large_image","schema":{"@context":"https:\/\/schema.org","@graph":[{"@type":"WebPage","@id":"https:\/\/betlabel.games\/at\/bonuses\/casino-welcome-pack\/","url":"https:\/\/betlabel.games\/at\/bonuses\/casino-welcome-pack\/","name":"BetLabel Casino Willkommenspaket | 1.500 \u20ac und 150 Freispiele!","isPartOf":{"@id":"https:\/\/betlabel.games\/at\/#website"},"datePublished":"2025-06-13T07:30:16+00:00","dateModified":"2026-04-22T06:32:48+00:00","description":"Tauchen Sie ein in die Welt der spannenden Gewinne mit dem BetLabel \u00d6sterreich Casino Willkommenspaket! Erhalten Sie gro\u00dfz\u00fcgige Boni von bis zu 1.500 \u20ac und 150 Freispiele f\u00fcr Ihre ersten vier Einzahlungen. Registrieren Sie sich und beginnen Sie noch heute zu spielen!","breadcrumb":{"@id":"https:\/\/betlabel.games\/at\/bonuses\/casino-welcome-pack\/#breadcrumb"},"inLanguage":"de-AT","potentialAction":[{"@type":"ReadAction","target":["https:\/\/betlabel.games\/at\/bonuses\/casino-welcome-pack\/"]}]},{"@type":"BreadcrumbList","@id":"https:\/\/betlabel.games\/at\/bonuses\/casino-welcome-pack\/#breadcrumb","itemListElement":[{"@type":"ListItem","position":1,"name":"Home","item":"https:\/\/betlabel.games\/at\/"},{"@type":"ListItem","position":2,"name":"Bonusse","item":"https:\/\/betlabel.games\/at\/bonuses\/"},{"@type":"ListItem","position":3,"name":"Casino-Willkommenspaket"}]},{"@type":"WebSite","@id":"https:\/\/betlabel.games\/at\/#website","url":"https:\/\/betlabel.games\/at\/","name":"Betlabel at","description":"My WordPress Blog","potentialAction":[{"@type":"SearchAction","target":{"@type":"EntryPoint","urlTemplate":"https:\/\/betlabel.games\/at\/?s={search_term_string}"},"query-input":{"@type":"PropertyValueSpecification","valueRequired":true,"valueName":"search_term_string"}}],"inLanguage":"de-AT"}]}},"_links":{"self":[{"href":"https:\/\/betlabel.games\/at\/wp-json\/wp\/v2\/pages\/443","targetHints":{"allow":["GET"]}}],"collection":[{"href":"https:\/\/betlabel.games\/at\/wp-json\/wp\/v2\/pages"}],"about":[{"href":"https:\/\/betlabel.games\/at\/wp-json\/wp\/v2\/types\/page"}],"author":[{"embeddable":true,"href":"https:\/\/betlabel.games\/at\/wp-json\/wp\/v2\/users\/1"}],"replies":[{"embeddable":true,"href":"https:\/\/betlabel.games\/at\/wp-json\/wp\/v2\/comments?post=443"}],"version-history":[{"count":5,"href":"https:\/\/betlabel.games\/at\/wp-json\/wp\/v2\/pages\/443\/revisions"}],"predecessor-version":[{"id":1178,"href":"https:\/\/betlabel.games\/at\/wp-json\/wp\/v2\/pages\/443\/revisions\/1178"}],"up":[{"embeddable":true,"href":"https:\/\/betlabel.games\/at\/wp-json\/wp\/v2\/pages\/201"}],"wp:attachment":[{"href":"https:\/\/betlabel.games\/at\/wp-json\/wp\/v2\/media?parent=443"}],"curies":[{"name":"wp","href":"https:\/\/api.w.org\/{rel}","templated":true}]}}