{"id":2,"date":"2023-05-18T17:18:34","date_gmt":"2023-05-18T17:18:34","guid":{"rendered":"https:\/\/betlabel.games\/az\/?page_id=2"},"modified":"2025-11-19T18:28:07","modified_gmt":"2025-11-19T18:28:07","slug":"sample-page","status":"publish","type":"page","link":"https:\/\/betlabel.games\/az\/","title":{"rendered":"Ev"},"content":{"rendered":"","protected":false},"excerpt":{"rendered":"","protected":false},"author":1,"featured_media":0,"parent":0,"menu_order":0,"comment_status":"closed","ping_status":"open","template":"","meta":{"footnotes":""},"class_list":["post-2","page","type-page","status-publish","hentry"],"yoast_head":"<!-- This site is optimized with the Yoast SEO plugin v27.4 - https:\/\/yoast.com\/product\/yoast-seo-wordpress\/ -->\n<title>BetLabel \u1409 \u0130dman m\u0259rcl\u0259ri v\u0259 kazino sayt\u0131 \u00fc\u00e7\u00fcn b\u0259l\u0259d\u00e7iniz<\/title>\n<meta name=\"description\" content=\"\u0130dman m\u0259rcl\u0259ri v\u0259 kazino oyunlar\u0131 \u00fc\u00e7\u00fcn son m\u0259kan\u0131n\u0131z olan BetLabel-i k\u0259\u015ff edin \u2705 Oyun t\u0259cr\u00fcb\u0259nizi art\u0131rmaq \u00fc\u00e7\u00fcn ekspert m\u0259sl\u0259h\u0259tl\u0259rini, fikirl\u0259ri v\u0259 \u0259n son tendensiyalar\u0131 ara\u015fd\u0131r\u0131n\" \/>\n<meta name=\"robots\" content=\"index, follow, max-snippet:-1, max-image-preview:large, max-video-preview:-1\" \/>\n<meta property=\"og:locale\" content=\"az_AZ\" \/>\n<meta property=\"og:type\" content=\"article\" \/>\n<meta property=\"og:title\" content=\"BetLabel \u1409 \u0130dman m\u0259rcl\u0259ri v\u0259 kazino sayt\u0131 \u00fc\u00e7\u00fcn b\u0259l\u0259d\u00e7iniz\" \/>\n<meta property=\"og:description\" content=\"\u0130dman m\u0259rcl\u0259ri v\u0259 kazino oyunlar\u0131 \u00fc\u00e7\u00fcn son m\u0259kan\u0131n\u0131z olan BetLabel-i k\u0259\u015ff edin \u2705 Oyun t\u0259cr\u00fcb\u0259nizi art\u0131rmaq \u00fc\u00e7\u00fcn ekspert m\u0259sl\u0259h\u0259tl\u0259rini, fikirl\u0259ri v\u0259 \u0259n son tendensiyalar\u0131 ara\u015fd\u0131r\u0131n\" \/>\n<meta property=\"og:url\" content=\"https:\/\/betlabel.games\/az\/\" \/>\n<meta property=\"og:site_name\" content=\"Betlabel Games az\" \/>\n<meta property=\"article:modified_time\" content=\"2025-11-19T18:28:07+00:00\" \/>\n<meta name=\"twitter:card\" content=\"summary_large_image\" \/>\n<script type=\"application\/ld+json\" class=\"yoast-schema-graph\">{\"@context\":\"https:\\\/\\\/schema.org\",\"@graph\":[{\"@type\":\"WebPage\",\"@id\":\"https:\\\/\\\/betlabel.games\\\/az\\\/\",\"url\":\"https:\\\/\\\/betlabel.games\\\/az\\\/\",\"name\":\"BetLabel \u1409 \u0130dman m\u0259rcl\u0259ri v\u0259 kazino sayt\u0131 \u00fc\u00e7\u00fcn b\u0259l\u0259d\u00e7iniz\",\"isPartOf\":{\"@id\":\"https:\\\/\\\/betlabel.games\\\/az\\\/#website\"},\"datePublished\":\"2023-05-18T17:18:34+00:00\",\"dateModified\":\"2025-11-19T18:28:07+00:00\",\"description\":\"\u0130dman m\u0259rcl\u0259ri v\u0259 kazino oyunlar\u0131 \u00fc\u00e7\u00fcn son m\u0259kan\u0131n\u0131z olan BetLabel-i k\u0259\u015ff edin \u2705 Oyun t\u0259cr\u00fcb\u0259nizi art\u0131rmaq \u00fc\u00e7\u00fcn ekspert m\u0259sl\u0259h\u0259tl\u0259rini, fikirl\u0259ri v\u0259 \u0259n son tendensiyalar\u0131 ara\u015fd\u0131r\u0131n\",\"breadcrumb\":{\"@id\":\"https:\\\/\\\/betlabel.games\\\/az\\\/#breadcrumb\"},\"inLanguage\":\"az\",\"potentialAction\":[{\"@type\":\"ReadAction\",\"target\":[\"https:\\\/\\\/betlabel.games\\\/az\\\/\"]}]},{\"@type\":\"BreadcrumbList\",\"@id\":\"https:\\\/\\\/betlabel.games\\\/az\\\/#breadcrumb\",\"itemListElement\":[{\"@type\":\"ListItem\",\"position\":1,\"name\":\"Home\",\"item\":\"https:\\\/\\\/betlabel.games\\\/az\\\/\"},{\"@type\":\"ListItem\",\"position\":2,\"name\":\"Ev\"}]},{\"@type\":\"WebSite\",\"@id\":\"https:\\\/\\\/betlabel.games\\\/az\\\/#website\",\"url\":\"https:\\\/\\\/betlabel.games\\\/az\\\/\",\"name\":\"Betlabel Games az\",\"description\":\"My WordPress Blog\",\"potentialAction\":[{\"@type\":\"SearchAction\",\"target\":{\"@type\":\"EntryPoint\",\"urlTemplate\":\"https:\\\/\\\/betlabel.games\\\/az\\\/?s={search_term_string}\"},\"query-input\":{\"@type\":\"PropertyValueSpecification\",\"valueRequired\":true,\"valueName\":\"search_term_string\"}}],\"inLanguage\":\"az\"}]}<\/script>\n<!-- \/ Yoast SEO plugin. -->","yoast_head_json":{"title":"BetLabel \u1409 \u0130dman m\u0259rcl\u0259ri v\u0259 kazino sayt\u0131 \u00fc\u00e7\u00fcn b\u0259l\u0259d\u00e7iniz","description":"\u0130dman m\u0259rcl\u0259ri v\u0259 kazino oyunlar\u0131 \u00fc\u00e7\u00fcn son m\u0259kan\u0131n\u0131z olan BetLabel-i k\u0259\u015ff edin \u2705 Oyun t\u0259cr\u00fcb\u0259nizi art\u0131rmaq \u00fc\u00e7\u00fcn ekspert m\u0259sl\u0259h\u0259tl\u0259rini, fikirl\u0259ri v\u0259 \u0259n son tendensiyalar\u0131 ara\u015fd\u0131r\u0131n","robots":{"index":"index","follow":"follow","max-snippet":"max-snippet:-1","max-image-preview":"max-image-preview:large","max-video-preview":"max-video-preview:-1"},"og_locale":"az_AZ","og_type":"article","og_title":"BetLabel \u1409 \u0130dman m\u0259rcl\u0259ri v\u0259 kazino sayt\u0131 \u00fc\u00e7\u00fcn b\u0259l\u0259d\u00e7iniz","og_description":"\u0130dman m\u0259rcl\u0259ri v\u0259 kazino oyunlar\u0131 \u00fc\u00e7\u00fcn son m\u0259kan\u0131n\u0131z olan BetLabel-i k\u0259\u015ff edin \u2705 Oyun t\u0259cr\u00fcb\u0259nizi art\u0131rmaq \u00fc\u00e7\u00fcn ekspert m\u0259sl\u0259h\u0259tl\u0259rini, fikirl\u0259ri v\u0259 \u0259n son tendensiyalar\u0131 ara\u015fd\u0131r\u0131n","og_url":"https:\/\/betlabel.games\/az\/","og_site_name":"Betlabel Games az","article_modified_time":"2025-11-19T18:28:07+00:00","twitter_card":"summary_large_image","schema":{"@context":"https:\/\/schema.org","@graph":[{"@type":"WebPage","@id":"https:\/\/betlabel.games\/az\/","url":"https:\/\/betlabel.games\/az\/","name":"BetLabel \u1409 \u0130dman m\u0259rcl\u0259ri v\u0259 kazino sayt\u0131 \u00fc\u00e7\u00fcn b\u0259l\u0259d\u00e7iniz","isPartOf":{"@id":"https:\/\/betlabel.games\/az\/#website"},"datePublished":"2023-05-18T17:18:34+00:00","dateModified":"2025-11-19T18:28:07+00:00","description":"\u0130dman m\u0259rcl\u0259ri v\u0259 kazino oyunlar\u0131 \u00fc\u00e7\u00fcn son m\u0259kan\u0131n\u0131z olan BetLabel-i k\u0259\u015ff edin \u2705 Oyun t\u0259cr\u00fcb\u0259nizi art\u0131rmaq \u00fc\u00e7\u00fcn ekspert m\u0259sl\u0259h\u0259tl\u0259rini, fikirl\u0259ri v\u0259 \u0259n son tendensiyalar\u0131 ara\u015fd\u0131r\u0131n","breadcrumb":{"@id":"https:\/\/betlabel.games\/az\/#breadcrumb"},"inLanguage":"az","potentialAction":[{"@type":"ReadAction","target":["https:\/\/betlabel.games\/az\/"]}]},{"@type":"BreadcrumbList","@id":"https:\/\/betlabel.games\/az\/#breadcrumb","itemListElement":[{"@type":"ListItem","position":1,"name":"Home","item":"https:\/\/betlabel.games\/az\/"},{"@type":"ListItem","position":2,"name":"Ev"}]},{"@type":"WebSite","@id":"https:\/\/betlabel.games\/az\/#website","url":"https:\/\/betlabel.games\/az\/","name":"Betlabel Games az","description":"My WordPress Blog","potentialAction":[{"@type":"SearchAction","target":{"@type":"EntryPoint","urlTemplate":"https:\/\/betlabel.games\/az\/?s={search_term_string}"},"query-input":{"@type":"PropertyValueSpecification","valueRequired":true,"valueName":"search_term_string"}}],"inLanguage":"az"}]}},"_links":{"self":[{"href":"https:\/\/betlabel.games\/az\/wp-json\/wp\/v2\/pages\/2","targetHints":{"allow":["GET"]}}],"collection":[{"href":"https:\/\/betlabel.games\/az\/wp-json\/wp\/v2\/pages"}],"about":[{"href":"https:\/\/betlabel.games\/az\/wp-json\/wp\/v2\/types\/page"}],"author":[{"embeddable":true,"href":"https:\/\/betlabel.games\/az\/wp-json\/wp\/v2\/users\/1"}],"replies":[{"embeddable":true,"href":"https:\/\/betlabel.games\/az\/wp-json\/wp\/v2\/comments?post=2"}],"version-history":[{"count":29,"href":"https:\/\/betlabel.games\/az\/wp-json\/wp\/v2\/pages\/2\/revisions"}],"predecessor-version":[{"id":637,"href":"https:\/\/betlabel.games\/az\/wp-json\/wp\/v2\/pages\/2\/revisions\/637"}],"wp:attachment":[{"href":"https:\/\/betlabel.games\/az\/wp-json\/wp\/v2\/media?parent=2"}],"curies":[{"name":"wp","href":"https:\/\/api.w.org\/{rel}","templated":true}]}}