{"id":201,"date":"2024-10-03T12:45:57","date_gmt":"2024-10-03T12:45:57","guid":{"rendered":"https:\/\/betlabel.games\/az\/?page_id=201"},"modified":"2025-10-17T09:46:48","modified_gmt":"2025-10-17T09:46:48","slug":"bonuses","status":"publish","type":"page","link":"https:\/\/betlabel.games\/az\/bonuses\/","title":{"rendered":"Bonuslar"},"content":{"rendered":"","protected":false},"excerpt":{"rendered":"","protected":false},"author":1,"featured_media":0,"parent":0,"menu_order":0,"comment_status":"closed","ping_status":"closed","template":"","meta":{"footnotes":""},"class_list":["post-201","page","type-page","status-publish","hentry"],"yoast_head":"<!-- This site is optimized with the Yoast SEO plugin v27.4 - https:\/\/yoast.com\/product\/yoast-seo-wordpress\/ -->\n<title>BetLabel Bonusu \u1409 \u0130dman v\u0259 Casino \u00fc\u00e7\u00fcn t\u0259klifl\u0259r<\/title>\n<meta name=\"description\" content=\"BetLabel-d\u0259 2,500 AZN v\u0259 150 \u200b\u200bpulsuz f\u0131rlanma h\u0259diyy\u0259 paketi \u0259ld\u0259 edin \u00b7 B\u00fct\u00fcn Casino Bonuslar\u0131n\u0131 v\u0259 M\u0259rc Aksiyalar\u0131n\u0131 k\u0259\u015ff edin \u00b7 VIP Cashback \u00b7 Pulsuz m\u0259rcl\u0259r \u00b7 H\u0259ft\u0259lik T\u0259klifl\u0259r \u00b7 BetLabel-\u0259 qo\u015fulun v\u0259 h\u0259r g\u00fcn ekskl\u00fcziv bonuslar \u0259ld\u0259 edin.\" \/>\n<meta name=\"robots\" content=\"index, follow, max-snippet:-1, max-image-preview:large, max-video-preview:-1\" \/>\n<meta property=\"og:locale\" content=\"az_AZ\" \/>\n<meta property=\"og:type\" content=\"article\" \/>\n<meta property=\"og:title\" content=\"BetLabel Bonusu \u1409 \u0130dman v\u0259 Casino \u00fc\u00e7\u00fcn t\u0259klifl\u0259r\" \/>\n<meta property=\"og:description\" content=\"BetLabel-d\u0259 2,500 AZN v\u0259 150 \u200b\u200bpulsuz f\u0131rlanma h\u0259diyy\u0259 paketi \u0259ld\u0259 edin \u00b7 B\u00fct\u00fcn Casino Bonuslar\u0131n\u0131 v\u0259 M\u0259rc Aksiyalar\u0131n\u0131 k\u0259\u015ff edin \u00b7 VIP Cashback \u00b7 Pulsuz m\u0259rcl\u0259r \u00b7 H\u0259ft\u0259lik T\u0259klifl\u0259r \u00b7 BetLabel-\u0259 qo\u015fulun v\u0259 h\u0259r g\u00fcn ekskl\u00fcziv bonuslar \u0259ld\u0259 edin.\" \/>\n<meta property=\"og:url\" content=\"https:\/\/betlabel.games\/az\/bonuses\/\" \/>\n<meta property=\"og:site_name\" content=\"Betlabel Games az\" \/>\n<meta property=\"article:modified_time\" content=\"2025-10-17T09:46:48+00:00\" \/>\n<meta name=\"twitter:card\" content=\"summary_large_image\" \/>\n<script type=\"application\/ld+json\" class=\"yoast-schema-graph\">{\"@context\":\"https:\\\/\\\/schema.org\",\"@graph\":[{\"@type\":\"WebPage\",\"@id\":\"https:\\\/\\\/betlabel.games\\\/az\\\/bonuses\\\/\",\"url\":\"https:\\\/\\\/betlabel.games\\\/az\\\/bonuses\\\/\",\"name\":\"BetLabel Bonusu \u1409 \u0130dman v\u0259 Casino \u00fc\u00e7\u00fcn t\u0259klifl\u0259r\",\"isPartOf\":{\"@id\":\"https:\\\/\\\/betlabel.games\\\/az\\\/#website\"},\"datePublished\":\"2024-10-03T12:45:57+00:00\",\"dateModified\":\"2025-10-17T09:46:48+00:00\",\"description\":\"BetLabel-d\u0259 2,500 AZN v\u0259 150 \u200b\u200bpulsuz f\u0131rlanma h\u0259diyy\u0259 paketi \u0259ld\u0259 edin \u00b7 B\u00fct\u00fcn Casino Bonuslar\u0131n\u0131 v\u0259 M\u0259rc Aksiyalar\u0131n\u0131 k\u0259\u015ff edin \u00b7 VIP Cashback \u00b7 Pulsuz m\u0259rcl\u0259r \u00b7 H\u0259ft\u0259lik T\u0259klifl\u0259r \u00b7 BetLabel-\u0259 qo\u015fulun v\u0259 h\u0259r g\u00fcn ekskl\u00fcziv bonuslar \u0259ld\u0259 edin.\",\"breadcrumb\":{\"@id\":\"https:\\\/\\\/betlabel.games\\\/az\\\/bonuses\\\/#breadcrumb\"},\"inLanguage\":\"az\",\"potentialAction\":[{\"@type\":\"ReadAction\",\"target\":[\"https:\\\/\\\/betlabel.games\\\/az\\\/bonuses\\\/\"]}]},{\"@type\":\"BreadcrumbList\",\"@id\":\"https:\\\/\\\/betlabel.games\\\/az\\\/bonuses\\\/#breadcrumb\",\"itemListElement\":[{\"@type\":\"ListItem\",\"position\":1,\"name\":\"Home\",\"item\":\"https:\\\/\\\/betlabel.games\\\/az\\\/\"},{\"@type\":\"ListItem\",\"position\":2,\"name\":\"Bonuslar\"}]},{\"@type\":\"WebSite\",\"@id\":\"https:\\\/\\\/betlabel.games\\\/az\\\/#website\",\"url\":\"https:\\\/\\\/betlabel.games\\\/az\\\/\",\"name\":\"Betlabel Games az\",\"description\":\"My WordPress Blog\",\"potentialAction\":[{\"@type\":\"SearchAction\",\"target\":{\"@type\":\"EntryPoint\",\"urlTemplate\":\"https:\\\/\\\/betlabel.games\\\/az\\\/?s={search_term_string}\"},\"query-input\":{\"@type\":\"PropertyValueSpecification\",\"valueRequired\":true,\"valueName\":\"search_term_string\"}}],\"inLanguage\":\"az\"}]}<\/script>\n<!-- \/ Yoast SEO plugin. -->","yoast_head_json":{"title":"BetLabel Bonusu \u1409 \u0130dman v\u0259 Casino \u00fc\u00e7\u00fcn t\u0259klifl\u0259r","description":"BetLabel-d\u0259 2,500 AZN v\u0259 150 \u200b\u200bpulsuz f\u0131rlanma h\u0259diyy\u0259 paketi \u0259ld\u0259 edin \u00b7 B\u00fct\u00fcn Casino Bonuslar\u0131n\u0131 v\u0259 M\u0259rc Aksiyalar\u0131n\u0131 k\u0259\u015ff edin \u00b7 VIP Cashback \u00b7 Pulsuz m\u0259rcl\u0259r \u00b7 H\u0259ft\u0259lik T\u0259klifl\u0259r \u00b7 BetLabel-\u0259 qo\u015fulun v\u0259 h\u0259r g\u00fcn ekskl\u00fcziv bonuslar \u0259ld\u0259 edin.","robots":{"index":"index","follow":"follow","max-snippet":"max-snippet:-1","max-image-preview":"max-image-preview:large","max-video-preview":"max-video-preview:-1"},"og_locale":"az_AZ","og_type":"article","og_title":"BetLabel Bonusu \u1409 \u0130dman v\u0259 Casino \u00fc\u00e7\u00fcn t\u0259klifl\u0259r","og_description":"BetLabel-d\u0259 2,500 AZN v\u0259 150 \u200b\u200bpulsuz f\u0131rlanma h\u0259diyy\u0259 paketi \u0259ld\u0259 edin \u00b7 B\u00fct\u00fcn Casino Bonuslar\u0131n\u0131 v\u0259 M\u0259rc Aksiyalar\u0131n\u0131 k\u0259\u015ff edin \u00b7 VIP Cashback \u00b7 Pulsuz m\u0259rcl\u0259r \u00b7 H\u0259ft\u0259lik T\u0259klifl\u0259r \u00b7 BetLabel-\u0259 qo\u015fulun v\u0259 h\u0259r g\u00fcn ekskl\u00fcziv bonuslar \u0259ld\u0259 edin.","og_url":"https:\/\/betlabel.games\/az\/bonuses\/","og_site_name":"Betlabel Games az","article_modified_time":"2025-10-17T09:46:48+00:00","twitter_card":"summary_large_image","schema":{"@context":"https:\/\/schema.org","@graph":[{"@type":"WebPage","@id":"https:\/\/betlabel.games\/az\/bonuses\/","url":"https:\/\/betlabel.games\/az\/bonuses\/","name":"BetLabel Bonusu \u1409 \u0130dman v\u0259 Casino \u00fc\u00e7\u00fcn t\u0259klifl\u0259r","isPartOf":{"@id":"https:\/\/betlabel.games\/az\/#website"},"datePublished":"2024-10-03T12:45:57+00:00","dateModified":"2025-10-17T09:46:48+00:00","description":"BetLabel-d\u0259 2,500 AZN v\u0259 150 \u200b\u200bpulsuz f\u0131rlanma h\u0259diyy\u0259 paketi \u0259ld\u0259 edin \u00b7 B\u00fct\u00fcn Casino Bonuslar\u0131n\u0131 v\u0259 M\u0259rc Aksiyalar\u0131n\u0131 k\u0259\u015ff edin \u00b7 VIP Cashback \u00b7 Pulsuz m\u0259rcl\u0259r \u00b7 H\u0259ft\u0259lik T\u0259klifl\u0259r \u00b7 BetLabel-\u0259 qo\u015fulun v\u0259 h\u0259r g\u00fcn ekskl\u00fcziv bonuslar \u0259ld\u0259 edin.","breadcrumb":{"@id":"https:\/\/betlabel.games\/az\/bonuses\/#breadcrumb"},"inLanguage":"az","potentialAction":[{"@type":"ReadAction","target":["https:\/\/betlabel.games\/az\/bonuses\/"]}]},{"@type":"BreadcrumbList","@id":"https:\/\/betlabel.games\/az\/bonuses\/#breadcrumb","itemListElement":[{"@type":"ListItem","position":1,"name":"Home","item":"https:\/\/betlabel.games\/az\/"},{"@type":"ListItem","position":2,"name":"Bonuslar"}]},{"@type":"WebSite","@id":"https:\/\/betlabel.games\/az\/#website","url":"https:\/\/betlabel.games\/az\/","name":"Betlabel Games az","description":"My WordPress Blog","potentialAction":[{"@type":"SearchAction","target":{"@type":"EntryPoint","urlTemplate":"https:\/\/betlabel.games\/az\/?s={search_term_string}"},"query-input":{"@type":"PropertyValueSpecification","valueRequired":true,"valueName":"search_term_string"}}],"inLanguage":"az"}]}},"_links":{"self":[{"href":"https:\/\/betlabel.games\/az\/wp-json\/wp\/v2\/pages\/201","targetHints":{"allow":["GET"]}}],"collection":[{"href":"https:\/\/betlabel.games\/az\/wp-json\/wp\/v2\/pages"}],"about":[{"href":"https:\/\/betlabel.games\/az\/wp-json\/wp\/v2\/types\/page"}],"author":[{"embeddable":true,"href":"https:\/\/betlabel.games\/az\/wp-json\/wp\/v2\/users\/1"}],"replies":[{"embeddable":true,"href":"https:\/\/betlabel.games\/az\/wp-json\/wp\/v2\/comments?post=201"}],"version-history":[{"count":2,"href":"https:\/\/betlabel.games\/az\/wp-json\/wp\/v2\/pages\/201\/revisions"}],"predecessor-version":[{"id":607,"href":"https:\/\/betlabel.games\/az\/wp-json\/wp\/v2\/pages\/201\/revisions\/607"}],"wp:attachment":[{"href":"https:\/\/betlabel.games\/az\/wp-json\/wp\/v2\/media?parent=201"}],"curies":[{"name":"wp","href":"https:\/\/api.w.org\/{rel}","templated":true}]}}