{"id":204,"date":"2024-10-03T12:46:23","date_gmt":"2024-10-03T12:46:23","guid":{"rendered":"https:\/\/betlabel.games\/az\/?page_id=204"},"modified":"2025-10-17T19:28:17","modified_gmt":"2025-10-17T19:28:17","slug":"mobile","status":"publish","type":"page","link":"https:\/\/betlabel.games\/az\/mobile\/","title":{"rendered":"Mobil"},"content":{"rendered":"","protected":false},"excerpt":{"rendered":"","protected":false},"author":1,"featured_media":0,"parent":0,"menu_order":0,"comment_status":"closed","ping_status":"closed","template":"","meta":{"footnotes":""},"class_list":["post-204","page","type-page","status-publish","hentry"],"yoast_head":"<!-- This site is optimized with the Yoast SEO plugin v27.4 - https:\/\/yoast.com\/product\/yoast-seo-wordpress\/ -->\n<title>BetLabel T\u0259tbiqi \u1409 Android v\u0259 iOS \u00fc\u00e7\u00fcn B\u0259l\u0259d\u00e7i Y\u00fckl\u0259yin<\/title>\n<meta name=\"description\" content=\"Android v\u0259 iOS cihazlar\u0131 \u00fc\u00e7\u00fcn BetLabel T\u0259tbiqini endirin \u2714\ufe0f\ufe0f \u0130st\u0259nil\u0259n vaxt mobil telefonunuzda \u0259n yax\u015f\u0131 \u0259msal v\u0259 bonuslardan h\u0259zz al\u0131n \u2b50\ufe0f BetLabel Mobil T\u0259tbiqi m\u00fcasir dizayna v\u0259 intuitiv interfeys\u0259 malikdir.\" \/>\n<meta name=\"robots\" content=\"index, follow, max-snippet:-1, max-image-preview:large, max-video-preview:-1\" \/>\n<meta property=\"og:locale\" content=\"az_AZ\" \/>\n<meta property=\"og:type\" content=\"article\" \/>\n<meta property=\"og:title\" content=\"BetLabel T\u0259tbiqi \u1409 Android v\u0259 iOS \u00fc\u00e7\u00fcn B\u0259l\u0259d\u00e7i Y\u00fckl\u0259yin\" \/>\n<meta property=\"og:description\" content=\"Android v\u0259 iOS cihazlar\u0131 \u00fc\u00e7\u00fcn BetLabel T\u0259tbiqini endirin \u2714\ufe0f\ufe0f \u0130st\u0259nil\u0259n vaxt mobil telefonunuzda \u0259n yax\u015f\u0131 \u0259msal v\u0259 bonuslardan h\u0259zz al\u0131n \u2b50\ufe0f BetLabel Mobil T\u0259tbiqi m\u00fcasir dizayna v\u0259 intuitiv interfeys\u0259 malikdir.\" \/>\n<meta property=\"og:url\" content=\"https:\/\/betlabel.games\/az\/mobile\/\" \/>\n<meta property=\"og:site_name\" content=\"Betlabel Games az\" \/>\n<meta property=\"article:modified_time\" content=\"2025-10-17T19:28:17+00:00\" \/>\n<meta name=\"twitter:card\" content=\"summary_large_image\" \/>\n<script type=\"application\/ld+json\" class=\"yoast-schema-graph\">{\"@context\":\"https:\\\/\\\/schema.org\",\"@graph\":[{\"@type\":\"WebPage\",\"@id\":\"https:\\\/\\\/betlabel.games\\\/az\\\/mobile\\\/\",\"url\":\"https:\\\/\\\/betlabel.games\\\/az\\\/mobile\\\/\",\"name\":\"BetLabel T\u0259tbiqi \u1409 Android v\u0259 iOS \u00fc\u00e7\u00fcn B\u0259l\u0259d\u00e7i Y\u00fckl\u0259yin\",\"isPartOf\":{\"@id\":\"https:\\\/\\\/betlabel.games\\\/az\\\/#website\"},\"datePublished\":\"2024-10-03T12:46:23+00:00\",\"dateModified\":\"2025-10-17T19:28:17+00:00\",\"description\":\"Android v\u0259 iOS cihazlar\u0131 \u00fc\u00e7\u00fcn BetLabel T\u0259tbiqini endirin \u2714\ufe0f\ufe0f \u0130st\u0259nil\u0259n vaxt mobil telefonunuzda \u0259n yax\u015f\u0131 \u0259msal v\u0259 bonuslardan h\u0259zz al\u0131n \u2b50\ufe0f BetLabel Mobil T\u0259tbiqi m\u00fcasir dizayna v\u0259 intuitiv interfeys\u0259 malikdir.\",\"breadcrumb\":{\"@id\":\"https:\\\/\\\/betlabel.games\\\/az\\\/mobile\\\/#breadcrumb\"},\"inLanguage\":\"az\",\"potentialAction\":[{\"@type\":\"ReadAction\",\"target\":[\"https:\\\/\\\/betlabel.games\\\/az\\\/mobile\\\/\"]}]},{\"@type\":\"BreadcrumbList\",\"@id\":\"https:\\\/\\\/betlabel.games\\\/az\\\/mobile\\\/#breadcrumb\",\"itemListElement\":[{\"@type\":\"ListItem\",\"position\":1,\"name\":\"Home\",\"item\":\"https:\\\/\\\/betlabel.games\\\/az\\\/\"},{\"@type\":\"ListItem\",\"position\":2,\"name\":\"Mobil\"}]},{\"@type\":\"WebSite\",\"@id\":\"https:\\\/\\\/betlabel.games\\\/az\\\/#website\",\"url\":\"https:\\\/\\\/betlabel.games\\\/az\\\/\",\"name\":\"Betlabel Games az\",\"description\":\"My WordPress Blog\",\"potentialAction\":[{\"@type\":\"SearchAction\",\"target\":{\"@type\":\"EntryPoint\",\"urlTemplate\":\"https:\\\/\\\/betlabel.games\\\/az\\\/?s={search_term_string}\"},\"query-input\":{\"@type\":\"PropertyValueSpecification\",\"valueRequired\":true,\"valueName\":\"search_term_string\"}}],\"inLanguage\":\"az\"}]}<\/script>\n<!-- \/ Yoast SEO plugin. -->","yoast_head_json":{"title":"BetLabel T\u0259tbiqi \u1409 Android v\u0259 iOS \u00fc\u00e7\u00fcn B\u0259l\u0259d\u00e7i Y\u00fckl\u0259yin","description":"Android v\u0259 iOS cihazlar\u0131 \u00fc\u00e7\u00fcn BetLabel T\u0259tbiqini endirin \u2714\ufe0f\ufe0f \u0130st\u0259nil\u0259n vaxt mobil telefonunuzda \u0259n yax\u015f\u0131 \u0259msal v\u0259 bonuslardan h\u0259zz al\u0131n \u2b50\ufe0f BetLabel Mobil T\u0259tbiqi m\u00fcasir dizayna v\u0259 intuitiv interfeys\u0259 malikdir.","robots":{"index":"index","follow":"follow","max-snippet":"max-snippet:-1","max-image-preview":"max-image-preview:large","max-video-preview":"max-video-preview:-1"},"og_locale":"az_AZ","og_type":"article","og_title":"BetLabel T\u0259tbiqi \u1409 Android v\u0259 iOS \u00fc\u00e7\u00fcn B\u0259l\u0259d\u00e7i Y\u00fckl\u0259yin","og_description":"Android v\u0259 iOS cihazlar\u0131 \u00fc\u00e7\u00fcn BetLabel T\u0259tbiqini endirin \u2714\ufe0f\ufe0f \u0130st\u0259nil\u0259n vaxt mobil telefonunuzda \u0259n yax\u015f\u0131 \u0259msal v\u0259 bonuslardan h\u0259zz al\u0131n \u2b50\ufe0f BetLabel Mobil T\u0259tbiqi m\u00fcasir dizayna v\u0259 intuitiv interfeys\u0259 malikdir.","og_url":"https:\/\/betlabel.games\/az\/mobile\/","og_site_name":"Betlabel Games az","article_modified_time":"2025-10-17T19:28:17+00:00","twitter_card":"summary_large_image","schema":{"@context":"https:\/\/schema.org","@graph":[{"@type":"WebPage","@id":"https:\/\/betlabel.games\/az\/mobile\/","url":"https:\/\/betlabel.games\/az\/mobile\/","name":"BetLabel T\u0259tbiqi \u1409 Android v\u0259 iOS \u00fc\u00e7\u00fcn B\u0259l\u0259d\u00e7i Y\u00fckl\u0259yin","isPartOf":{"@id":"https:\/\/betlabel.games\/az\/#website"},"datePublished":"2024-10-03T12:46:23+00:00","dateModified":"2025-10-17T19:28:17+00:00","description":"Android v\u0259 iOS cihazlar\u0131 \u00fc\u00e7\u00fcn BetLabel T\u0259tbiqini endirin \u2714\ufe0f\ufe0f \u0130st\u0259nil\u0259n vaxt mobil telefonunuzda \u0259n yax\u015f\u0131 \u0259msal v\u0259 bonuslardan h\u0259zz al\u0131n \u2b50\ufe0f BetLabel Mobil T\u0259tbiqi m\u00fcasir dizayna v\u0259 intuitiv interfeys\u0259 malikdir.","breadcrumb":{"@id":"https:\/\/betlabel.games\/az\/mobile\/#breadcrumb"},"inLanguage":"az","potentialAction":[{"@type":"ReadAction","target":["https:\/\/betlabel.games\/az\/mobile\/"]}]},{"@type":"BreadcrumbList","@id":"https:\/\/betlabel.games\/az\/mobile\/#breadcrumb","itemListElement":[{"@type":"ListItem","position":1,"name":"Home","item":"https:\/\/betlabel.games\/az\/"},{"@type":"ListItem","position":2,"name":"Mobil"}]},{"@type":"WebSite","@id":"https:\/\/betlabel.games\/az\/#website","url":"https:\/\/betlabel.games\/az\/","name":"Betlabel Games az","description":"My WordPress Blog","potentialAction":[{"@type":"SearchAction","target":{"@type":"EntryPoint","urlTemplate":"https:\/\/betlabel.games\/az\/?s={search_term_string}"},"query-input":{"@type":"PropertyValueSpecification","valueRequired":true,"valueName":"search_term_string"}}],"inLanguage":"az"}]}},"_links":{"self":[{"href":"https:\/\/betlabel.games\/az\/wp-json\/wp\/v2\/pages\/204","targetHints":{"allow":["GET"]}}],"collection":[{"href":"https:\/\/betlabel.games\/az\/wp-json\/wp\/v2\/pages"}],"about":[{"href":"https:\/\/betlabel.games\/az\/wp-json\/wp\/v2\/types\/page"}],"author":[{"embeddable":true,"href":"https:\/\/betlabel.games\/az\/wp-json\/wp\/v2\/users\/1"}],"replies":[{"embeddable":true,"href":"https:\/\/betlabel.games\/az\/wp-json\/wp\/v2\/comments?post=204"}],"version-history":[{"count":2,"href":"https:\/\/betlabel.games\/az\/wp-json\/wp\/v2\/pages\/204\/revisions"}],"predecessor-version":[{"id":622,"href":"https:\/\/betlabel.games\/az\/wp-json\/wp\/v2\/pages\/204\/revisions\/622"}],"wp:attachment":[{"href":"https:\/\/betlabel.games\/az\/wp-json\/wp\/v2\/media?parent=204"}],"curies":[{"name":"wp","href":"https:\/\/api.w.org\/{rel}","templated":true}]}}