{"id":258,"date":"2024-10-09T14:42:29","date_gmt":"2024-10-09T14:42:29","guid":{"rendered":"https:\/\/betlabel.games\/az\/?page_id=258"},"modified":"2025-10-31T18:41:33","modified_gmt":"2025-10-31T18:41:33","slug":"promo-code","status":"publish","type":"page","link":"https:\/\/betlabel.games\/az\/promo-code\/","title":{"rendered":"Promo Kodu"},"content":{"rendered":"","protected":false},"excerpt":{"rendered":"","protected":false},"author":1,"featured_media":0,"parent":0,"menu_order":0,"comment_status":"closed","ping_status":"closed","template":"","meta":{"footnotes":""},"class_list":["post-258","page","type-page","status-publish","hentry"],"yoast_head":"<!-- This site is optimized with the Yoast SEO plugin v27.4 - https:\/\/yoast.com\/product\/yoast-seo-wordpress\/ -->\n<title>BetLabel Promo Kodu 2026 \ud83c\udf81 100% Bonus \u00fc\u00e7\u00fcn istifad\u0259 edin<\/title>\n<meta name=\"description\" content=\"Qeydiyyat zaman\u0131 BetLabel promo kodu il\u0259 xo\u015f g\u0259lmisiniz bonusunu \u0259ld\u0259 edin. Sevimli idman v\u0259 oyunlara m\u0259rc etm\u0259k \u00fc\u00e7\u00fcn faktiki BetLabel promo kodlar\u0131n\u0131 nec\u0259 t\u0259l\u0259b ed\u0259c\u0259yinizi \u00f6yr\u0259nin. BetLabel bonus kodunu nec\u0259 aktivl\u0259\u015fdirm\u0259k olar\" \/>\n<meta name=\"robots\" content=\"index, follow, max-snippet:-1, max-image-preview:large, max-video-preview:-1\" \/>\n<meta property=\"og:locale\" content=\"az_AZ\" \/>\n<meta property=\"og:type\" content=\"article\" \/>\n<meta property=\"og:title\" content=\"BetLabel Promo Kodu 2026 \ud83c\udf81 100% Bonus \u00fc\u00e7\u00fcn istifad\u0259 edin\" \/>\n<meta property=\"og:description\" content=\"Qeydiyyat zaman\u0131 BetLabel promo kodu il\u0259 xo\u015f g\u0259lmisiniz bonusunu \u0259ld\u0259 edin. Sevimli idman v\u0259 oyunlara m\u0259rc etm\u0259k \u00fc\u00e7\u00fcn faktiki BetLabel promo kodlar\u0131n\u0131 nec\u0259 t\u0259l\u0259b ed\u0259c\u0259yinizi \u00f6yr\u0259nin. BetLabel bonus kodunu nec\u0259 aktivl\u0259\u015fdirm\u0259k olar\" \/>\n<meta property=\"og:url\" content=\"https:\/\/betlabel.games\/az\/promo-code\/\" \/>\n<meta property=\"og:site_name\" content=\"Betlabel Games az\" \/>\n<meta property=\"article:modified_time\" content=\"2025-10-31T18:41:33+00:00\" \/>\n<meta name=\"twitter:card\" content=\"summary_large_image\" \/>\n<script type=\"application\/ld+json\" class=\"yoast-schema-graph\">{\"@context\":\"https:\\\/\\\/schema.org\",\"@graph\":[{\"@type\":\"WebPage\",\"@id\":\"https:\\\/\\\/betlabel.games\\\/az\\\/promo-code\\\/\",\"url\":\"https:\\\/\\\/betlabel.games\\\/az\\\/promo-code\\\/\",\"name\":\"BetLabel Promo Kodu 2026 \ud83c\udf81 100% Bonus \u00fc\u00e7\u00fcn istifad\u0259 edin\",\"isPartOf\":{\"@id\":\"https:\\\/\\\/betlabel.games\\\/az\\\/#website\"},\"datePublished\":\"2024-10-09T14:42:29+00:00\",\"dateModified\":\"2025-10-31T18:41:33+00:00\",\"description\":\"Qeydiyyat zaman\u0131 BetLabel promo kodu il\u0259 xo\u015f g\u0259lmisiniz bonusunu \u0259ld\u0259 edin. Sevimli idman v\u0259 oyunlara m\u0259rc etm\u0259k \u00fc\u00e7\u00fcn faktiki BetLabel promo kodlar\u0131n\u0131 nec\u0259 t\u0259l\u0259b ed\u0259c\u0259yinizi \u00f6yr\u0259nin. BetLabel bonus kodunu nec\u0259 aktivl\u0259\u015fdirm\u0259k olar\",\"breadcrumb\":{\"@id\":\"https:\\\/\\\/betlabel.games\\\/az\\\/promo-code\\\/#breadcrumb\"},\"inLanguage\":\"az\",\"potentialAction\":[{\"@type\":\"ReadAction\",\"target\":[\"https:\\\/\\\/betlabel.games\\\/az\\\/promo-code\\\/\"]}]},{\"@type\":\"BreadcrumbList\",\"@id\":\"https:\\\/\\\/betlabel.games\\\/az\\\/promo-code\\\/#breadcrumb\",\"itemListElement\":[{\"@type\":\"ListItem\",\"position\":1,\"name\":\"Home\",\"item\":\"https:\\\/\\\/betlabel.games\\\/az\\\/\"},{\"@type\":\"ListItem\",\"position\":2,\"name\":\"Promo Kodu\"}]},{\"@type\":\"WebSite\",\"@id\":\"https:\\\/\\\/betlabel.games\\\/az\\\/#website\",\"url\":\"https:\\\/\\\/betlabel.games\\\/az\\\/\",\"name\":\"Betlabel Games az\",\"description\":\"My WordPress Blog\",\"potentialAction\":[{\"@type\":\"SearchAction\",\"target\":{\"@type\":\"EntryPoint\",\"urlTemplate\":\"https:\\\/\\\/betlabel.games\\\/az\\\/?s={search_term_string}\"},\"query-input\":{\"@type\":\"PropertyValueSpecification\",\"valueRequired\":true,\"valueName\":\"search_term_string\"}}],\"inLanguage\":\"az\"}]}<\/script>\n<!-- \/ Yoast SEO plugin. -->","yoast_head_json":{"title":"BetLabel Promo Kodu 2026 \ud83c\udf81 100% Bonus \u00fc\u00e7\u00fcn istifad\u0259 edin","description":"Qeydiyyat zaman\u0131 BetLabel promo kodu il\u0259 xo\u015f g\u0259lmisiniz bonusunu \u0259ld\u0259 edin. Sevimli idman v\u0259 oyunlara m\u0259rc etm\u0259k \u00fc\u00e7\u00fcn faktiki BetLabel promo kodlar\u0131n\u0131 nec\u0259 t\u0259l\u0259b ed\u0259c\u0259yinizi \u00f6yr\u0259nin. BetLabel bonus kodunu nec\u0259 aktivl\u0259\u015fdirm\u0259k olar","robots":{"index":"index","follow":"follow","max-snippet":"max-snippet:-1","max-image-preview":"max-image-preview:large","max-video-preview":"max-video-preview:-1"},"og_locale":"az_AZ","og_type":"article","og_title":"BetLabel Promo Kodu 2026 \ud83c\udf81 100% Bonus \u00fc\u00e7\u00fcn istifad\u0259 edin","og_description":"Qeydiyyat zaman\u0131 BetLabel promo kodu il\u0259 xo\u015f g\u0259lmisiniz bonusunu \u0259ld\u0259 edin. Sevimli idman v\u0259 oyunlara m\u0259rc etm\u0259k \u00fc\u00e7\u00fcn faktiki BetLabel promo kodlar\u0131n\u0131 nec\u0259 t\u0259l\u0259b ed\u0259c\u0259yinizi \u00f6yr\u0259nin. BetLabel bonus kodunu nec\u0259 aktivl\u0259\u015fdirm\u0259k olar","og_url":"https:\/\/betlabel.games\/az\/promo-code\/","og_site_name":"Betlabel Games az","article_modified_time":"2025-10-31T18:41:33+00:00","twitter_card":"summary_large_image","schema":{"@context":"https:\/\/schema.org","@graph":[{"@type":"WebPage","@id":"https:\/\/betlabel.games\/az\/promo-code\/","url":"https:\/\/betlabel.games\/az\/promo-code\/","name":"BetLabel Promo Kodu 2026 \ud83c\udf81 100% Bonus \u00fc\u00e7\u00fcn istifad\u0259 edin","isPartOf":{"@id":"https:\/\/betlabel.games\/az\/#website"},"datePublished":"2024-10-09T14:42:29+00:00","dateModified":"2025-10-31T18:41:33+00:00","description":"Qeydiyyat zaman\u0131 BetLabel promo kodu il\u0259 xo\u015f g\u0259lmisiniz bonusunu \u0259ld\u0259 edin. Sevimli idman v\u0259 oyunlara m\u0259rc etm\u0259k \u00fc\u00e7\u00fcn faktiki BetLabel promo kodlar\u0131n\u0131 nec\u0259 t\u0259l\u0259b ed\u0259c\u0259yinizi \u00f6yr\u0259nin. BetLabel bonus kodunu nec\u0259 aktivl\u0259\u015fdirm\u0259k olar","breadcrumb":{"@id":"https:\/\/betlabel.games\/az\/promo-code\/#breadcrumb"},"inLanguage":"az","potentialAction":[{"@type":"ReadAction","target":["https:\/\/betlabel.games\/az\/promo-code\/"]}]},{"@type":"BreadcrumbList","@id":"https:\/\/betlabel.games\/az\/promo-code\/#breadcrumb","itemListElement":[{"@type":"ListItem","position":1,"name":"Home","item":"https:\/\/betlabel.games\/az\/"},{"@type":"ListItem","position":2,"name":"Promo Kodu"}]},{"@type":"WebSite","@id":"https:\/\/betlabel.games\/az\/#website","url":"https:\/\/betlabel.games\/az\/","name":"Betlabel Games az","description":"My WordPress Blog","potentialAction":[{"@type":"SearchAction","target":{"@type":"EntryPoint","urlTemplate":"https:\/\/betlabel.games\/az\/?s={search_term_string}"},"query-input":{"@type":"PropertyValueSpecification","valueRequired":true,"valueName":"search_term_string"}}],"inLanguage":"az"}]}},"_links":{"self":[{"href":"https:\/\/betlabel.games\/az\/wp-json\/wp\/v2\/pages\/258","targetHints":{"allow":["GET"]}}],"collection":[{"href":"https:\/\/betlabel.games\/az\/wp-json\/wp\/v2\/pages"}],"about":[{"href":"https:\/\/betlabel.games\/az\/wp-json\/wp\/v2\/types\/page"}],"author":[{"embeddable":true,"href":"https:\/\/betlabel.games\/az\/wp-json\/wp\/v2\/users\/1"}],"replies":[{"embeddable":true,"href":"https:\/\/betlabel.games\/az\/wp-json\/wp\/v2\/comments?post=258"}],"version-history":[{"count":5,"href":"https:\/\/betlabel.games\/az\/wp-json\/wp\/v2\/pages\/258\/revisions"}],"predecessor-version":[{"id":625,"href":"https:\/\/betlabel.games\/az\/wp-json\/wp\/v2\/pages\/258\/revisions\/625"}],"wp:attachment":[{"href":"https:\/\/betlabel.games\/az\/wp-json\/wp\/v2\/media?parent=258"}],"curies":[{"name":"wp","href":"https:\/\/api.w.org\/{rel}","templated":true}]}}