{"id":262,"date":"2024-10-09T14:48:40","date_gmt":"2024-10-09T14:48:40","guid":{"rendered":"https:\/\/betlabel.games\/az\/?page_id=262"},"modified":"2025-10-31T18:31:05","modified_gmt":"2025-10-31T18:31:05","slug":"apk","status":"publish","type":"page","link":"https:\/\/betlabel.games\/az\/apk\/","title":{"rendered":"Apk"},"content":{"rendered":"","protected":false},"excerpt":{"rendered":"","protected":false},"author":1,"featured_media":0,"parent":0,"menu_order":0,"comment_status":"closed","ping_status":"closed","template":"","meta":{"footnotes":""},"class_list":["post-262","page","type-page","status-publish","hentry"],"yoast_head":"<!-- This site is optimized with the Yoast SEO plugin v27.4 - https:\/\/yoast.com\/product\/yoast-seo-wordpress\/ -->\n<title>BetLabel Apk \u2b07\ufe0f Android v\u0259 iOS 2026 \u00fc\u00e7\u00fcn APK y\u00fckl\u0259yin<\/title>\n<meta name=\"description\" content=\"Add\u0131m-add\u0131m t\u0259limat\u0131m\u0131zla Android v\u0259 ya iOS cihaz\u0131n\u0131za BetLabel Apk-\u0131 endirin v\u0259 qura\u015fd\u0131r\u0131n. BetLabel Mobile Apk il\u0259 Mobil Bahis v\u0259 Casino Oyunlar\u0131n\u0131 k\u0259\u015ff edin \u2b50 BetLabel Apk-n\u0131 y\u00fckl\u0259m\u0259kd\u0259n h\u0259zz al\u0131n\" \/>\n<meta name=\"robots\" content=\"index, follow, max-snippet:-1, max-image-preview:large, max-video-preview:-1\" \/>\n<meta property=\"og:locale\" content=\"az_AZ\" \/>\n<meta property=\"og:type\" content=\"article\" \/>\n<meta property=\"og:title\" content=\"BetLabel Apk \u2b07\ufe0f Android v\u0259 iOS 2026 \u00fc\u00e7\u00fcn APK y\u00fckl\u0259yin\" \/>\n<meta property=\"og:description\" content=\"Add\u0131m-add\u0131m t\u0259limat\u0131m\u0131zla Android v\u0259 ya iOS cihaz\u0131n\u0131za BetLabel Apk-\u0131 endirin v\u0259 qura\u015fd\u0131r\u0131n. BetLabel Mobile Apk il\u0259 Mobil Bahis v\u0259 Casino Oyunlar\u0131n\u0131 k\u0259\u015ff edin \u2b50 BetLabel Apk-n\u0131 y\u00fckl\u0259m\u0259kd\u0259n h\u0259zz al\u0131n\" \/>\n<meta property=\"og:url\" content=\"https:\/\/betlabel.games\/az\/apk\/\" \/>\n<meta property=\"og:site_name\" content=\"Betlabel Games az\" \/>\n<meta property=\"article:modified_time\" content=\"2025-10-31T18:31:05+00:00\" \/>\n<meta name=\"twitter:card\" content=\"summary_large_image\" \/>\n<script type=\"application\/ld+json\" class=\"yoast-schema-graph\">{\"@context\":\"https:\\\/\\\/schema.org\",\"@graph\":[{\"@type\":\"WebPage\",\"@id\":\"https:\\\/\\\/betlabel.games\\\/az\\\/apk\\\/\",\"url\":\"https:\\\/\\\/betlabel.games\\\/az\\\/apk\\\/\",\"name\":\"BetLabel Apk \u2b07\ufe0f Android v\u0259 iOS 2026 \u00fc\u00e7\u00fcn APK y\u00fckl\u0259yin\",\"isPartOf\":{\"@id\":\"https:\\\/\\\/betlabel.games\\\/az\\\/#website\"},\"datePublished\":\"2024-10-09T14:48:40+00:00\",\"dateModified\":\"2025-10-31T18:31:05+00:00\",\"description\":\"Add\u0131m-add\u0131m t\u0259limat\u0131m\u0131zla Android v\u0259 ya iOS cihaz\u0131n\u0131za BetLabel Apk-\u0131 endirin v\u0259 qura\u015fd\u0131r\u0131n. BetLabel Mobile Apk il\u0259 Mobil Bahis v\u0259 Casino Oyunlar\u0131n\u0131 k\u0259\u015ff edin \u2b50 BetLabel Apk-n\u0131 y\u00fckl\u0259m\u0259kd\u0259n h\u0259zz al\u0131n\",\"breadcrumb\":{\"@id\":\"https:\\\/\\\/betlabel.games\\\/az\\\/apk\\\/#breadcrumb\"},\"inLanguage\":\"az\",\"potentialAction\":[{\"@type\":\"ReadAction\",\"target\":[\"https:\\\/\\\/betlabel.games\\\/az\\\/apk\\\/\"]}]},{\"@type\":\"BreadcrumbList\",\"@id\":\"https:\\\/\\\/betlabel.games\\\/az\\\/apk\\\/#breadcrumb\",\"itemListElement\":[{\"@type\":\"ListItem\",\"position\":1,\"name\":\"Home\",\"item\":\"https:\\\/\\\/betlabel.games\\\/az\\\/\"},{\"@type\":\"ListItem\",\"position\":2,\"name\":\"Apk\"}]},{\"@type\":\"WebSite\",\"@id\":\"https:\\\/\\\/betlabel.games\\\/az\\\/#website\",\"url\":\"https:\\\/\\\/betlabel.games\\\/az\\\/\",\"name\":\"Betlabel Games az\",\"description\":\"My WordPress Blog\",\"potentialAction\":[{\"@type\":\"SearchAction\",\"target\":{\"@type\":\"EntryPoint\",\"urlTemplate\":\"https:\\\/\\\/betlabel.games\\\/az\\\/?s={search_term_string}\"},\"query-input\":{\"@type\":\"PropertyValueSpecification\",\"valueRequired\":true,\"valueName\":\"search_term_string\"}}],\"inLanguage\":\"az\"}]}<\/script>\n<!-- \/ Yoast SEO plugin. -->","yoast_head_json":{"title":"BetLabel Apk \u2b07\ufe0f Android v\u0259 iOS 2026 \u00fc\u00e7\u00fcn APK y\u00fckl\u0259yin","description":"Add\u0131m-add\u0131m t\u0259limat\u0131m\u0131zla Android v\u0259 ya iOS cihaz\u0131n\u0131za BetLabel Apk-\u0131 endirin v\u0259 qura\u015fd\u0131r\u0131n. BetLabel Mobile Apk il\u0259 Mobil Bahis v\u0259 Casino Oyunlar\u0131n\u0131 k\u0259\u015ff edin \u2b50 BetLabel Apk-n\u0131 y\u00fckl\u0259m\u0259kd\u0259n h\u0259zz al\u0131n","robots":{"index":"index","follow":"follow","max-snippet":"max-snippet:-1","max-image-preview":"max-image-preview:large","max-video-preview":"max-video-preview:-1"},"og_locale":"az_AZ","og_type":"article","og_title":"BetLabel Apk \u2b07\ufe0f Android v\u0259 iOS 2026 \u00fc\u00e7\u00fcn APK y\u00fckl\u0259yin","og_description":"Add\u0131m-add\u0131m t\u0259limat\u0131m\u0131zla Android v\u0259 ya iOS cihaz\u0131n\u0131za BetLabel Apk-\u0131 endirin v\u0259 qura\u015fd\u0131r\u0131n. BetLabel Mobile Apk il\u0259 Mobil Bahis v\u0259 Casino Oyunlar\u0131n\u0131 k\u0259\u015ff edin \u2b50 BetLabel Apk-n\u0131 y\u00fckl\u0259m\u0259kd\u0259n h\u0259zz al\u0131n","og_url":"https:\/\/betlabel.games\/az\/apk\/","og_site_name":"Betlabel Games az","article_modified_time":"2025-10-31T18:31:05+00:00","twitter_card":"summary_large_image","schema":{"@context":"https:\/\/schema.org","@graph":[{"@type":"WebPage","@id":"https:\/\/betlabel.games\/az\/apk\/","url":"https:\/\/betlabel.games\/az\/apk\/","name":"BetLabel Apk \u2b07\ufe0f Android v\u0259 iOS 2026 \u00fc\u00e7\u00fcn APK y\u00fckl\u0259yin","isPartOf":{"@id":"https:\/\/betlabel.games\/az\/#website"},"datePublished":"2024-10-09T14:48:40+00:00","dateModified":"2025-10-31T18:31:05+00:00","description":"Add\u0131m-add\u0131m t\u0259limat\u0131m\u0131zla Android v\u0259 ya iOS cihaz\u0131n\u0131za BetLabel Apk-\u0131 endirin v\u0259 qura\u015fd\u0131r\u0131n. BetLabel Mobile Apk il\u0259 Mobil Bahis v\u0259 Casino Oyunlar\u0131n\u0131 k\u0259\u015ff edin \u2b50 BetLabel Apk-n\u0131 y\u00fckl\u0259m\u0259kd\u0259n h\u0259zz al\u0131n","breadcrumb":{"@id":"https:\/\/betlabel.games\/az\/apk\/#breadcrumb"},"inLanguage":"az","potentialAction":[{"@type":"ReadAction","target":["https:\/\/betlabel.games\/az\/apk\/"]}]},{"@type":"BreadcrumbList","@id":"https:\/\/betlabel.games\/az\/apk\/#breadcrumb","itemListElement":[{"@type":"ListItem","position":1,"name":"Home","item":"https:\/\/betlabel.games\/az\/"},{"@type":"ListItem","position":2,"name":"Apk"}]},{"@type":"WebSite","@id":"https:\/\/betlabel.games\/az\/#website","url":"https:\/\/betlabel.games\/az\/","name":"Betlabel Games az","description":"My WordPress Blog","potentialAction":[{"@type":"SearchAction","target":{"@type":"EntryPoint","urlTemplate":"https:\/\/betlabel.games\/az\/?s={search_term_string}"},"query-input":{"@type":"PropertyValueSpecification","valueRequired":true,"valueName":"search_term_string"}}],"inLanguage":"az"}]}},"_links":{"self":[{"href":"https:\/\/betlabel.games\/az\/wp-json\/wp\/v2\/pages\/262","targetHints":{"allow":["GET"]}}],"collection":[{"href":"https:\/\/betlabel.games\/az\/wp-json\/wp\/v2\/pages"}],"about":[{"href":"https:\/\/betlabel.games\/az\/wp-json\/wp\/v2\/types\/page"}],"author":[{"embeddable":true,"href":"https:\/\/betlabel.games\/az\/wp-json\/wp\/v2\/users\/1"}],"replies":[{"embeddable":true,"href":"https:\/\/betlabel.games\/az\/wp-json\/wp\/v2\/comments?post=262"}],"version-history":[{"count":1,"href":"https:\/\/betlabel.games\/az\/wp-json\/wp\/v2\/pages\/262\/revisions"}],"predecessor-version":[{"id":605,"href":"https:\/\/betlabel.games\/az\/wp-json\/wp\/v2\/pages\/262\/revisions\/605"}],"wp:attachment":[{"href":"https:\/\/betlabel.games\/az\/wp-json\/wp\/v2\/media?parent=262"}],"curies":[{"name":"wp","href":"https:\/\/api.w.org\/{rel}","templated":true}]}}