{"id":267,"date":"2024-10-10T12:44:36","date_gmt":"2024-10-10T12:44:36","guid":{"rendered":"https:\/\/betlabel.games\/az\/?page_id=267"},"modified":"2025-11-13T18:17:29","modified_gmt":"2025-11-13T18:17:29","slug":"registration","status":"publish","type":"page","link":"https:\/\/betlabel.games\/az\/registration\/","title":{"rendered":"Qeydiyyat"},"content":{"rendered":"","protected":false},"excerpt":{"rendered":"","protected":false},"author":1,"featured_media":0,"parent":0,"menu_order":0,"comment_status":"closed","ping_status":"closed","template":"","meta":{"footnotes":""},"class_list":["post-267","page","type-page","status-publish","hentry"],"yoast_head":"<!-- This site is optimized with the Yoast SEO plugin v27.4 - https:\/\/yoast.com\/product\/yoast-seo-wordpress\/ -->\n<title>BetLabel Qeydiyyat\u0131 | 2026 \u00fc\u00e7\u00fcn Asan Qeydiyyat B\u0259l\u0259d\u00e7isi<\/title>\n<meta name=\"description\" content=\"BetLabel hesab\u0131 a\u00e7maq v\u0259 bonuslardan nec\u0259 yararlanmaq olar. Qeydiyyatdan ke\u00e7in v\u0259 BetLabel xo\u015f g\u0259lmisiniz bonusu \u0259ld\u0259 edin \u2713 Qeydiyyatdan ke\u00e7in v\u0259 m\u0259rc s\u0259yah\u0259tiniz\u0259 indi ba\u015flay\u0131n\" \/>\n<meta name=\"robots\" content=\"index, follow, max-snippet:-1, max-image-preview:large, max-video-preview:-1\" \/>\n<meta property=\"og:locale\" content=\"az_AZ\" \/>\n<meta property=\"og:type\" content=\"article\" \/>\n<meta property=\"og:title\" content=\"BetLabel Qeydiyyat\u0131 | 2026 \u00fc\u00e7\u00fcn Asan Qeydiyyat B\u0259l\u0259d\u00e7isi\" \/>\n<meta property=\"og:description\" content=\"BetLabel hesab\u0131 a\u00e7maq v\u0259 bonuslardan nec\u0259 yararlanmaq olar. Qeydiyyatdan ke\u00e7in v\u0259 BetLabel xo\u015f g\u0259lmisiniz bonusu \u0259ld\u0259 edin \u2713 Qeydiyyatdan ke\u00e7in v\u0259 m\u0259rc s\u0259yah\u0259tiniz\u0259 indi ba\u015flay\u0131n\" \/>\n<meta property=\"og:url\" content=\"https:\/\/betlabel.games\/az\/registration\/\" \/>\n<meta property=\"og:site_name\" content=\"Betlabel Games az\" \/>\n<meta property=\"article:modified_time\" content=\"2025-11-13T18:17:29+00:00\" \/>\n<meta name=\"twitter:card\" content=\"summary_large_image\" \/>\n<script type=\"application\/ld+json\" class=\"yoast-schema-graph\">{\"@context\":\"https:\\\/\\\/schema.org\",\"@graph\":[{\"@type\":\"WebPage\",\"@id\":\"https:\\\/\\\/betlabel.games\\\/az\\\/registration\\\/\",\"url\":\"https:\\\/\\\/betlabel.games\\\/az\\\/registration\\\/\",\"name\":\"BetLabel Qeydiyyat\u0131 | 2026 \u00fc\u00e7\u00fcn Asan Qeydiyyat B\u0259l\u0259d\u00e7isi\",\"isPartOf\":{\"@id\":\"https:\\\/\\\/betlabel.games\\\/az\\\/#website\"},\"datePublished\":\"2024-10-10T12:44:36+00:00\",\"dateModified\":\"2025-11-13T18:17:29+00:00\",\"description\":\"BetLabel hesab\u0131 a\u00e7maq v\u0259 bonuslardan nec\u0259 yararlanmaq olar. Qeydiyyatdan ke\u00e7in v\u0259 BetLabel xo\u015f g\u0259lmisiniz bonusu \u0259ld\u0259 edin \u2713 Qeydiyyatdan ke\u00e7in v\u0259 m\u0259rc s\u0259yah\u0259tiniz\u0259 indi ba\u015flay\u0131n\",\"breadcrumb\":{\"@id\":\"https:\\\/\\\/betlabel.games\\\/az\\\/registration\\\/#breadcrumb\"},\"inLanguage\":\"az\",\"potentialAction\":[{\"@type\":\"ReadAction\",\"target\":[\"https:\\\/\\\/betlabel.games\\\/az\\\/registration\\\/\"]}]},{\"@type\":\"BreadcrumbList\",\"@id\":\"https:\\\/\\\/betlabel.games\\\/az\\\/registration\\\/#breadcrumb\",\"itemListElement\":[{\"@type\":\"ListItem\",\"position\":1,\"name\":\"Home\",\"item\":\"https:\\\/\\\/betlabel.games\\\/az\\\/\"},{\"@type\":\"ListItem\",\"position\":2,\"name\":\"Qeydiyyat\"}]},{\"@type\":\"WebSite\",\"@id\":\"https:\\\/\\\/betlabel.games\\\/az\\\/#website\",\"url\":\"https:\\\/\\\/betlabel.games\\\/az\\\/\",\"name\":\"Betlabel Games az\",\"description\":\"My WordPress Blog\",\"potentialAction\":[{\"@type\":\"SearchAction\",\"target\":{\"@type\":\"EntryPoint\",\"urlTemplate\":\"https:\\\/\\\/betlabel.games\\\/az\\\/?s={search_term_string}\"},\"query-input\":{\"@type\":\"PropertyValueSpecification\",\"valueRequired\":true,\"valueName\":\"search_term_string\"}}],\"inLanguage\":\"az\"}]}<\/script>\n<!-- \/ Yoast SEO plugin. -->","yoast_head_json":{"title":"BetLabel Qeydiyyat\u0131 | 2026 \u00fc\u00e7\u00fcn Asan Qeydiyyat B\u0259l\u0259d\u00e7isi","description":"BetLabel hesab\u0131 a\u00e7maq v\u0259 bonuslardan nec\u0259 yararlanmaq olar. Qeydiyyatdan ke\u00e7in v\u0259 BetLabel xo\u015f g\u0259lmisiniz bonusu \u0259ld\u0259 edin \u2713 Qeydiyyatdan ke\u00e7in v\u0259 m\u0259rc s\u0259yah\u0259tiniz\u0259 indi ba\u015flay\u0131n","robots":{"index":"index","follow":"follow","max-snippet":"max-snippet:-1","max-image-preview":"max-image-preview:large","max-video-preview":"max-video-preview:-1"},"og_locale":"az_AZ","og_type":"article","og_title":"BetLabel Qeydiyyat\u0131 | 2026 \u00fc\u00e7\u00fcn Asan Qeydiyyat B\u0259l\u0259d\u00e7isi","og_description":"BetLabel hesab\u0131 a\u00e7maq v\u0259 bonuslardan nec\u0259 yararlanmaq olar. Qeydiyyatdan ke\u00e7in v\u0259 BetLabel xo\u015f g\u0259lmisiniz bonusu \u0259ld\u0259 edin \u2713 Qeydiyyatdan ke\u00e7in v\u0259 m\u0259rc s\u0259yah\u0259tiniz\u0259 indi ba\u015flay\u0131n","og_url":"https:\/\/betlabel.games\/az\/registration\/","og_site_name":"Betlabel Games az","article_modified_time":"2025-11-13T18:17:29+00:00","twitter_card":"summary_large_image","schema":{"@context":"https:\/\/schema.org","@graph":[{"@type":"WebPage","@id":"https:\/\/betlabel.games\/az\/registration\/","url":"https:\/\/betlabel.games\/az\/registration\/","name":"BetLabel Qeydiyyat\u0131 | 2026 \u00fc\u00e7\u00fcn Asan Qeydiyyat B\u0259l\u0259d\u00e7isi","isPartOf":{"@id":"https:\/\/betlabel.games\/az\/#website"},"datePublished":"2024-10-10T12:44:36+00:00","dateModified":"2025-11-13T18:17:29+00:00","description":"BetLabel hesab\u0131 a\u00e7maq v\u0259 bonuslardan nec\u0259 yararlanmaq olar. Qeydiyyatdan ke\u00e7in v\u0259 BetLabel xo\u015f g\u0259lmisiniz bonusu \u0259ld\u0259 edin \u2713 Qeydiyyatdan ke\u00e7in v\u0259 m\u0259rc s\u0259yah\u0259tiniz\u0259 indi ba\u015flay\u0131n","breadcrumb":{"@id":"https:\/\/betlabel.games\/az\/registration\/#breadcrumb"},"inLanguage":"az","potentialAction":[{"@type":"ReadAction","target":["https:\/\/betlabel.games\/az\/registration\/"]}]},{"@type":"BreadcrumbList","@id":"https:\/\/betlabel.games\/az\/registration\/#breadcrumb","itemListElement":[{"@type":"ListItem","position":1,"name":"Home","item":"https:\/\/betlabel.games\/az\/"},{"@type":"ListItem","position":2,"name":"Qeydiyyat"}]},{"@type":"WebSite","@id":"https:\/\/betlabel.games\/az\/#website","url":"https:\/\/betlabel.games\/az\/","name":"Betlabel Games az","description":"My WordPress Blog","potentialAction":[{"@type":"SearchAction","target":{"@type":"EntryPoint","urlTemplate":"https:\/\/betlabel.games\/az\/?s={search_term_string}"},"query-input":{"@type":"PropertyValueSpecification","valueRequired":true,"valueName":"search_term_string"}}],"inLanguage":"az"}]}},"_links":{"self":[{"href":"https:\/\/betlabel.games\/az\/wp-json\/wp\/v2\/pages\/267","targetHints":{"allow":["GET"]}}],"collection":[{"href":"https:\/\/betlabel.games\/az\/wp-json\/wp\/v2\/pages"}],"about":[{"href":"https:\/\/betlabel.games\/az\/wp-json\/wp\/v2\/types\/page"}],"author":[{"embeddable":true,"href":"https:\/\/betlabel.games\/az\/wp-json\/wp\/v2\/users\/1"}],"replies":[{"embeddable":true,"href":"https:\/\/betlabel.games\/az\/wp-json\/wp\/v2\/comments?post=267"}],"version-history":[{"count":4,"href":"https:\/\/betlabel.games\/az\/wp-json\/wp\/v2\/pages\/267\/revisions"}],"predecessor-version":[{"id":638,"href":"https:\/\/betlabel.games\/az\/wp-json\/wp\/v2\/pages\/267\/revisions\/638"}],"wp:attachment":[{"href":"https:\/\/betlabel.games\/az\/wp-json\/wp\/v2\/media?parent=267"}],"curies":[{"name":"wp","href":"https:\/\/api.w.org\/{rel}","templated":true}]}}