{"id":270,"date":"2024-10-10T12:51:51","date_gmt":"2024-10-10T12:51:51","guid":{"rendered":"https:\/\/betlabel.games\/az\/?page_id=270"},"modified":"2025-10-17T18:36:13","modified_gmt":"2025-10-17T18:36:13","slug":"login","status":"publish","type":"page","link":"https:\/\/betlabel.games\/az\/login\/","title":{"rendered":"Daxil ol"},"content":{"rendered":"","protected":false},"excerpt":{"rendered":"","protected":false},"author":1,"featured_media":0,"parent":0,"menu_order":0,"comment_status":"closed","ping_status":"closed","template":"","meta":{"footnotes":""},"class_list":["post-270","page","type-page","status-publish","hentry"],"yoast_head":"<!-- This site is optimized with the Yoast SEO plugin v27.4 - https:\/\/yoast.com\/product\/yoast-seo-wordpress\/ -->\n<title>BetLabel | R\u0259smi Bahis Veb sayt\u0131na daxil olun<\/title>\n<meta name=\"description\" content=\"R\u0259smi BetLabel Sayt\u0131na daxil olun \u2713 BetLabel giri\u015finizi nec\u0259 tamamlamaq v\u0259 m\u0259rc oynama\u011fa ba\u015flamaq olar \u279c BetLabel Giri\u015fi \u00fc\u00e7\u00fcn sad\u0259c\u0259 BetLabel \u0130dman Kitab\u0131na daxil olun v\u0259 istifad\u0259\u00e7i ad\u0131n\u0131z\u0131 v\u0259 \u015fifr\u0259nizi t\u0259qdim edin\" \/>\n<meta name=\"robots\" content=\"index, follow, max-snippet:-1, max-image-preview:large, max-video-preview:-1\" \/>\n<meta property=\"og:locale\" content=\"az_AZ\" \/>\n<meta property=\"og:type\" content=\"article\" \/>\n<meta property=\"og:title\" content=\"BetLabel | R\u0259smi Bahis Veb sayt\u0131na daxil olun\" \/>\n<meta property=\"og:description\" content=\"R\u0259smi BetLabel Sayt\u0131na daxil olun \u2713 BetLabel giri\u015finizi nec\u0259 tamamlamaq v\u0259 m\u0259rc oynama\u011fa ba\u015flamaq olar \u279c BetLabel Giri\u015fi \u00fc\u00e7\u00fcn sad\u0259c\u0259 BetLabel \u0130dman Kitab\u0131na daxil olun v\u0259 istifad\u0259\u00e7i ad\u0131n\u0131z\u0131 v\u0259 \u015fifr\u0259nizi t\u0259qdim edin\" \/>\n<meta property=\"og:url\" content=\"https:\/\/betlabel.games\/az\/login\/\" \/>\n<meta property=\"og:site_name\" content=\"Betlabel Games az\" \/>\n<meta property=\"article:modified_time\" content=\"2025-10-17T18:36:13+00:00\" \/>\n<meta name=\"twitter:card\" content=\"summary_large_image\" \/>\n<script type=\"application\/ld+json\" class=\"yoast-schema-graph\">{\"@context\":\"https:\\\/\\\/schema.org\",\"@graph\":[{\"@type\":\"WebPage\",\"@id\":\"https:\\\/\\\/betlabel.games\\\/az\\\/login\\\/\",\"url\":\"https:\\\/\\\/betlabel.games\\\/az\\\/login\\\/\",\"name\":\"BetLabel | R\u0259smi Bahis Veb sayt\u0131na daxil olun\",\"isPartOf\":{\"@id\":\"https:\\\/\\\/betlabel.games\\\/az\\\/#website\"},\"datePublished\":\"2024-10-10T12:51:51+00:00\",\"dateModified\":\"2025-10-17T18:36:13+00:00\",\"description\":\"R\u0259smi BetLabel Sayt\u0131na daxil olun \u2713 BetLabel giri\u015finizi nec\u0259 tamamlamaq v\u0259 m\u0259rc oynama\u011fa ba\u015flamaq olar \u279c BetLabel Giri\u015fi \u00fc\u00e7\u00fcn sad\u0259c\u0259 BetLabel \u0130dman Kitab\u0131na daxil olun v\u0259 istifad\u0259\u00e7i ad\u0131n\u0131z\u0131 v\u0259 \u015fifr\u0259nizi t\u0259qdim edin\",\"breadcrumb\":{\"@id\":\"https:\\\/\\\/betlabel.games\\\/az\\\/login\\\/#breadcrumb\"},\"inLanguage\":\"az\",\"potentialAction\":[{\"@type\":\"ReadAction\",\"target\":[\"https:\\\/\\\/betlabel.games\\\/az\\\/login\\\/\"]}]},{\"@type\":\"BreadcrumbList\",\"@id\":\"https:\\\/\\\/betlabel.games\\\/az\\\/login\\\/#breadcrumb\",\"itemListElement\":[{\"@type\":\"ListItem\",\"position\":1,\"name\":\"Home\",\"item\":\"https:\\\/\\\/betlabel.games\\\/az\\\/\"},{\"@type\":\"ListItem\",\"position\":2,\"name\":\"Daxil ol\"}]},{\"@type\":\"WebSite\",\"@id\":\"https:\\\/\\\/betlabel.games\\\/az\\\/#website\",\"url\":\"https:\\\/\\\/betlabel.games\\\/az\\\/\",\"name\":\"Betlabel Games az\",\"description\":\"My WordPress Blog\",\"potentialAction\":[{\"@type\":\"SearchAction\",\"target\":{\"@type\":\"EntryPoint\",\"urlTemplate\":\"https:\\\/\\\/betlabel.games\\\/az\\\/?s={search_term_string}\"},\"query-input\":{\"@type\":\"PropertyValueSpecification\",\"valueRequired\":true,\"valueName\":\"search_term_string\"}}],\"inLanguage\":\"az\"}]}<\/script>\n<!-- \/ Yoast SEO plugin. -->","yoast_head_json":{"title":"BetLabel | R\u0259smi Bahis Veb sayt\u0131na daxil olun","description":"R\u0259smi BetLabel Sayt\u0131na daxil olun \u2713 BetLabel giri\u015finizi nec\u0259 tamamlamaq v\u0259 m\u0259rc oynama\u011fa ba\u015flamaq olar \u279c BetLabel Giri\u015fi \u00fc\u00e7\u00fcn sad\u0259c\u0259 BetLabel \u0130dman Kitab\u0131na daxil olun v\u0259 istifad\u0259\u00e7i ad\u0131n\u0131z\u0131 v\u0259 \u015fifr\u0259nizi t\u0259qdim edin","robots":{"index":"index","follow":"follow","max-snippet":"max-snippet:-1","max-image-preview":"max-image-preview:large","max-video-preview":"max-video-preview:-1"},"og_locale":"az_AZ","og_type":"article","og_title":"BetLabel | R\u0259smi Bahis Veb sayt\u0131na daxil olun","og_description":"R\u0259smi BetLabel Sayt\u0131na daxil olun \u2713 BetLabel giri\u015finizi nec\u0259 tamamlamaq v\u0259 m\u0259rc oynama\u011fa ba\u015flamaq olar \u279c BetLabel Giri\u015fi \u00fc\u00e7\u00fcn sad\u0259c\u0259 BetLabel \u0130dman Kitab\u0131na daxil olun v\u0259 istifad\u0259\u00e7i ad\u0131n\u0131z\u0131 v\u0259 \u015fifr\u0259nizi t\u0259qdim edin","og_url":"https:\/\/betlabel.games\/az\/login\/","og_site_name":"Betlabel Games az","article_modified_time":"2025-10-17T18:36:13+00:00","twitter_card":"summary_large_image","schema":{"@context":"https:\/\/schema.org","@graph":[{"@type":"WebPage","@id":"https:\/\/betlabel.games\/az\/login\/","url":"https:\/\/betlabel.games\/az\/login\/","name":"BetLabel | R\u0259smi Bahis Veb sayt\u0131na daxil olun","isPartOf":{"@id":"https:\/\/betlabel.games\/az\/#website"},"datePublished":"2024-10-10T12:51:51+00:00","dateModified":"2025-10-17T18:36:13+00:00","description":"R\u0259smi BetLabel Sayt\u0131na daxil olun \u2713 BetLabel giri\u015finizi nec\u0259 tamamlamaq v\u0259 m\u0259rc oynama\u011fa ba\u015flamaq olar \u279c BetLabel Giri\u015fi \u00fc\u00e7\u00fcn sad\u0259c\u0259 BetLabel \u0130dman Kitab\u0131na daxil olun v\u0259 istifad\u0259\u00e7i ad\u0131n\u0131z\u0131 v\u0259 \u015fifr\u0259nizi t\u0259qdim edin","breadcrumb":{"@id":"https:\/\/betlabel.games\/az\/login\/#breadcrumb"},"inLanguage":"az","potentialAction":[{"@type":"ReadAction","target":["https:\/\/betlabel.games\/az\/login\/"]}]},{"@type":"BreadcrumbList","@id":"https:\/\/betlabel.games\/az\/login\/#breadcrumb","itemListElement":[{"@type":"ListItem","position":1,"name":"Home","item":"https:\/\/betlabel.games\/az\/"},{"@type":"ListItem","position":2,"name":"Daxil ol"}]},{"@type":"WebSite","@id":"https:\/\/betlabel.games\/az\/#website","url":"https:\/\/betlabel.games\/az\/","name":"Betlabel Games az","description":"My WordPress Blog","potentialAction":[{"@type":"SearchAction","target":{"@type":"EntryPoint","urlTemplate":"https:\/\/betlabel.games\/az\/?s={search_term_string}"},"query-input":{"@type":"PropertyValueSpecification","valueRequired":true,"valueName":"search_term_string"}}],"inLanguage":"az"}]}},"_links":{"self":[{"href":"https:\/\/betlabel.games\/az\/wp-json\/wp\/v2\/pages\/270","targetHints":{"allow":["GET"]}}],"collection":[{"href":"https:\/\/betlabel.games\/az\/wp-json\/wp\/v2\/pages"}],"about":[{"href":"https:\/\/betlabel.games\/az\/wp-json\/wp\/v2\/types\/page"}],"author":[{"embeddable":true,"href":"https:\/\/betlabel.games\/az\/wp-json\/wp\/v2\/users\/1"}],"replies":[{"embeddable":true,"href":"https:\/\/betlabel.games\/az\/wp-json\/wp\/v2\/comments?post=270"}],"version-history":[{"count":2,"href":"https:\/\/betlabel.games\/az\/wp-json\/wp\/v2\/pages\/270\/revisions"}],"predecessor-version":[{"id":620,"href":"https:\/\/betlabel.games\/az\/wp-json\/wp\/v2\/pages\/270\/revisions\/620"}],"wp:attachment":[{"href":"https:\/\/betlabel.games\/az\/wp-json\/wp\/v2\/media?parent=270"}],"curies":[{"name":"wp","href":"https:\/\/api.w.org\/{rel}","templated":true}]}}