{"id":275,"date":"2024-10-10T12:58:51","date_gmt":"2024-10-10T12:58:51","guid":{"rendered":"https:\/\/betlabel.games\/az\/?page_id=275"},"modified":"2025-11-13T18:18:41","modified_gmt":"2025-11-13T18:18:41","slug":"affiliate","status":"publish","type":"page","link":"https:\/\/betlabel.games\/az\/affiliate\/","title":{"rendered":"Affiliate"},"content":{"rendered":"","protected":false},"excerpt":{"rendered":"","protected":false},"author":1,"featured_media":0,"parent":0,"menu_order":0,"comment_status":"closed","ping_status":"closed","template":"","meta":{"footnotes":""},"class_list":["post-275","page","type-page","status-publish","hentry"],"yoast_head":"<!-- This site is optimized with the Yoast SEO plugin v27.4 - https:\/\/yoast.com\/product\/yoast-seo-wordpress\/ -->\n<title>BetLabel T\u0259r\u0259fda\u015flar | Bahis v\u0259 Casino Ortaq Proqram\u0131<\/title>\n<meta name=\"description\" content=\"BetLabel ortaq proqram\u0131 rahat hesabat v\u0259 marketinq al\u0259tl\u0259ri il\u0259 30% g\u0259lir pay\u0131 komissiyalar\u0131 t\u0259klif edir. \u015e\u0259xsi BetLabel linkinizi payla\u015f\u0131n v\u0259 qeydiyyatdan ke\u00e7\u0259n v\u0259 pul m\u0259rc ed\u0259n h\u0259r bir istifad\u0259\u00e7i \u00fc\u00e7\u00fcn komissiya qazan\u0131n\" \/>\n<meta name=\"robots\" content=\"index, follow, max-snippet:-1, max-image-preview:large, max-video-preview:-1\" \/>\n<meta property=\"og:locale\" content=\"az_AZ\" \/>\n<meta property=\"og:type\" content=\"article\" \/>\n<meta property=\"og:title\" content=\"BetLabel T\u0259r\u0259fda\u015flar | Bahis v\u0259 Casino Ortaq Proqram\u0131\" \/>\n<meta property=\"og:description\" content=\"BetLabel ortaq proqram\u0131 rahat hesabat v\u0259 marketinq al\u0259tl\u0259ri il\u0259 30% g\u0259lir pay\u0131 komissiyalar\u0131 t\u0259klif edir. \u015e\u0259xsi BetLabel linkinizi payla\u015f\u0131n v\u0259 qeydiyyatdan ke\u00e7\u0259n v\u0259 pul m\u0259rc ed\u0259n h\u0259r bir istifad\u0259\u00e7i \u00fc\u00e7\u00fcn komissiya qazan\u0131n\" \/>\n<meta property=\"og:url\" content=\"https:\/\/betlabel.games\/az\/affiliate\/\" \/>\n<meta property=\"og:site_name\" content=\"Betlabel Games az\" \/>\n<meta property=\"article:modified_time\" content=\"2025-11-13T18:18:41+00:00\" \/>\n<meta name=\"twitter:card\" content=\"summary_large_image\" \/>\n<script type=\"application\/ld+json\" class=\"yoast-schema-graph\">{\"@context\":\"https:\\\/\\\/schema.org\",\"@graph\":[{\"@type\":\"WebPage\",\"@id\":\"https:\\\/\\\/betlabel.games\\\/az\\\/affiliate\\\/\",\"url\":\"https:\\\/\\\/betlabel.games\\\/az\\\/affiliate\\\/\",\"name\":\"BetLabel T\u0259r\u0259fda\u015flar | Bahis v\u0259 Casino Ortaq Proqram\u0131\",\"isPartOf\":{\"@id\":\"https:\\\/\\\/betlabel.games\\\/az\\\/#website\"},\"datePublished\":\"2024-10-10T12:58:51+00:00\",\"dateModified\":\"2025-11-13T18:18:41+00:00\",\"description\":\"BetLabel ortaq proqram\u0131 rahat hesabat v\u0259 marketinq al\u0259tl\u0259ri il\u0259 30% g\u0259lir pay\u0131 komissiyalar\u0131 t\u0259klif edir. \u015e\u0259xsi BetLabel linkinizi payla\u015f\u0131n v\u0259 qeydiyyatdan ke\u00e7\u0259n v\u0259 pul m\u0259rc ed\u0259n h\u0259r bir istifad\u0259\u00e7i \u00fc\u00e7\u00fcn komissiya qazan\u0131n\",\"breadcrumb\":{\"@id\":\"https:\\\/\\\/betlabel.games\\\/az\\\/affiliate\\\/#breadcrumb\"},\"inLanguage\":\"az\",\"potentialAction\":[{\"@type\":\"ReadAction\",\"target\":[\"https:\\\/\\\/betlabel.games\\\/az\\\/affiliate\\\/\"]}]},{\"@type\":\"BreadcrumbList\",\"@id\":\"https:\\\/\\\/betlabel.games\\\/az\\\/affiliate\\\/#breadcrumb\",\"itemListElement\":[{\"@type\":\"ListItem\",\"position\":1,\"name\":\"Home\",\"item\":\"https:\\\/\\\/betlabel.games\\\/az\\\/\"},{\"@type\":\"ListItem\",\"position\":2,\"name\":\"Affiliate\"}]},{\"@type\":\"WebSite\",\"@id\":\"https:\\\/\\\/betlabel.games\\\/az\\\/#website\",\"url\":\"https:\\\/\\\/betlabel.games\\\/az\\\/\",\"name\":\"Betlabel Games az\",\"description\":\"My WordPress Blog\",\"potentialAction\":[{\"@type\":\"SearchAction\",\"target\":{\"@type\":\"EntryPoint\",\"urlTemplate\":\"https:\\\/\\\/betlabel.games\\\/az\\\/?s={search_term_string}\"},\"query-input\":{\"@type\":\"PropertyValueSpecification\",\"valueRequired\":true,\"valueName\":\"search_term_string\"}}],\"inLanguage\":\"az\"}]}<\/script>\n<!-- \/ Yoast SEO plugin. -->","yoast_head_json":{"title":"BetLabel T\u0259r\u0259fda\u015flar | Bahis v\u0259 Casino Ortaq Proqram\u0131","description":"BetLabel ortaq proqram\u0131 rahat hesabat v\u0259 marketinq al\u0259tl\u0259ri il\u0259 30% g\u0259lir pay\u0131 komissiyalar\u0131 t\u0259klif edir. \u015e\u0259xsi BetLabel linkinizi payla\u015f\u0131n v\u0259 qeydiyyatdan ke\u00e7\u0259n v\u0259 pul m\u0259rc ed\u0259n h\u0259r bir istifad\u0259\u00e7i \u00fc\u00e7\u00fcn komissiya qazan\u0131n","robots":{"index":"index","follow":"follow","max-snippet":"max-snippet:-1","max-image-preview":"max-image-preview:large","max-video-preview":"max-video-preview:-1"},"og_locale":"az_AZ","og_type":"article","og_title":"BetLabel T\u0259r\u0259fda\u015flar | Bahis v\u0259 Casino Ortaq Proqram\u0131","og_description":"BetLabel ortaq proqram\u0131 rahat hesabat v\u0259 marketinq al\u0259tl\u0259ri il\u0259 30% g\u0259lir pay\u0131 komissiyalar\u0131 t\u0259klif edir. \u015e\u0259xsi BetLabel linkinizi payla\u015f\u0131n v\u0259 qeydiyyatdan ke\u00e7\u0259n v\u0259 pul m\u0259rc ed\u0259n h\u0259r bir istifad\u0259\u00e7i \u00fc\u00e7\u00fcn komissiya qazan\u0131n","og_url":"https:\/\/betlabel.games\/az\/affiliate\/","og_site_name":"Betlabel Games az","article_modified_time":"2025-11-13T18:18:41+00:00","twitter_card":"summary_large_image","schema":{"@context":"https:\/\/schema.org","@graph":[{"@type":"WebPage","@id":"https:\/\/betlabel.games\/az\/affiliate\/","url":"https:\/\/betlabel.games\/az\/affiliate\/","name":"BetLabel T\u0259r\u0259fda\u015flar | Bahis v\u0259 Casino Ortaq Proqram\u0131","isPartOf":{"@id":"https:\/\/betlabel.games\/az\/#website"},"datePublished":"2024-10-10T12:58:51+00:00","dateModified":"2025-11-13T18:18:41+00:00","description":"BetLabel ortaq proqram\u0131 rahat hesabat v\u0259 marketinq al\u0259tl\u0259ri il\u0259 30% g\u0259lir pay\u0131 komissiyalar\u0131 t\u0259klif edir. \u015e\u0259xsi BetLabel linkinizi payla\u015f\u0131n v\u0259 qeydiyyatdan ke\u00e7\u0259n v\u0259 pul m\u0259rc ed\u0259n h\u0259r bir istifad\u0259\u00e7i \u00fc\u00e7\u00fcn komissiya qazan\u0131n","breadcrumb":{"@id":"https:\/\/betlabel.games\/az\/affiliate\/#breadcrumb"},"inLanguage":"az","potentialAction":[{"@type":"ReadAction","target":["https:\/\/betlabel.games\/az\/affiliate\/"]}]},{"@type":"BreadcrumbList","@id":"https:\/\/betlabel.games\/az\/affiliate\/#breadcrumb","itemListElement":[{"@type":"ListItem","position":1,"name":"Home","item":"https:\/\/betlabel.games\/az\/"},{"@type":"ListItem","position":2,"name":"Affiliate"}]},{"@type":"WebSite","@id":"https:\/\/betlabel.games\/az\/#website","url":"https:\/\/betlabel.games\/az\/","name":"Betlabel Games az","description":"My WordPress Blog","potentialAction":[{"@type":"SearchAction","target":{"@type":"EntryPoint","urlTemplate":"https:\/\/betlabel.games\/az\/?s={search_term_string}"},"query-input":{"@type":"PropertyValueSpecification","valueRequired":true,"valueName":"search_term_string"}}],"inLanguage":"az"}]}},"_links":{"self":[{"href":"https:\/\/betlabel.games\/az\/wp-json\/wp\/v2\/pages\/275","targetHints":{"allow":["GET"]}}],"collection":[{"href":"https:\/\/betlabel.games\/az\/wp-json\/wp\/v2\/pages"}],"about":[{"href":"https:\/\/betlabel.games\/az\/wp-json\/wp\/v2\/types\/page"}],"author":[{"embeddable":true,"href":"https:\/\/betlabel.games\/az\/wp-json\/wp\/v2\/users\/1"}],"replies":[{"embeddable":true,"href":"https:\/\/betlabel.games\/az\/wp-json\/wp\/v2\/comments?post=275"}],"version-history":[{"count":6,"href":"https:\/\/betlabel.games\/az\/wp-json\/wp\/v2\/pages\/275\/revisions"}],"predecessor-version":[{"id":629,"href":"https:\/\/betlabel.games\/az\/wp-json\/wp\/v2\/pages\/275\/revisions\/629"}],"wp:attachment":[{"href":"https:\/\/betlabel.games\/az\/wp-json\/wp\/v2\/media?parent=275"}],"curies":[{"name":"wp","href":"https:\/\/api.w.org\/{rel}","templated":true}]}}