{"id":420,"date":"2025-06-13T06:21:39","date_gmt":"2025-06-13T06:21:39","guid":{"rendered":"https:\/\/betlabel.games\/az\/?page_id=420"},"modified":"2025-11-13T18:13:24","modified_gmt":"2025-11-13T18:13:24","slug":"first-deposit","status":"publish","type":"page","link":"https:\/\/betlabel.games\/az\/bonuses\/first-deposit\/","title":{"rendered":"\u0130lk Depozit"},"content":{"rendered":"","protected":false},"excerpt":{"rendered":"","protected":false},"author":1,"featured_media":0,"parent":201,"menu_order":0,"comment_status":"closed","ping_status":"closed","template":"","meta":{"footnotes":""},"class_list":["post-420","page","type-page","status-publish","hentry"],"yoast_head":"<!-- This site is optimized with the Yoast SEO plugin v27.4 - https:\/\/yoast.com\/product\/yoast-seo-wordpress\/ -->\n<title>BetLabel-d\u0259 ilk depozitinizd\u0259 100% qazan\u0131n | 200 AZN-\u0259 q\u0259d\u0259r<\/title>\n<meta name=\"description\" content=\"BetLabel-d\u0259 ilk depozitinizd\u0259 100% \u0259ld\u0259 etm\u0259k \u015fans\u0131n\u0131z\u0131 qa\u00e7\u0131rmay\u0131n! Qeydiyyatdan ke\u00e7in v\u0259 idman m\u0259rc oyunlar\u0131 \u00fc\u00e7\u00fcn 200 AZN-\u0259 q\u0259d\u0259r qazan\u0131n. Asan, s\u00fcr\u0259tli v\u0259 s\u0259rf\u0259li - bonusunuz art\u0131q sizi g\u00f6zl\u0259yir!\" \/>\n<meta name=\"robots\" content=\"index, follow, max-snippet:-1, max-image-preview:large, max-video-preview:-1\" \/>\n<meta property=\"og:locale\" content=\"az_AZ\" \/>\n<meta property=\"og:type\" content=\"article\" \/>\n<meta property=\"og:title\" content=\"BetLabel-d\u0259 ilk depozitinizd\u0259 100% qazan\u0131n | 200 AZN-\u0259 q\u0259d\u0259r\" \/>\n<meta property=\"og:description\" content=\"BetLabel-d\u0259 ilk depozitinizd\u0259 100% \u0259ld\u0259 etm\u0259k \u015fans\u0131n\u0131z\u0131 qa\u00e7\u0131rmay\u0131n! Qeydiyyatdan ke\u00e7in v\u0259 idman m\u0259rc oyunlar\u0131 \u00fc\u00e7\u00fcn 200 AZN-\u0259 q\u0259d\u0259r qazan\u0131n. Asan, s\u00fcr\u0259tli v\u0259 s\u0259rf\u0259li - bonusunuz art\u0131q sizi g\u00f6zl\u0259yir!\" \/>\n<meta property=\"og:url\" content=\"https:\/\/betlabel.games\/az\/bonuses\/first-deposit\/\" \/>\n<meta property=\"og:site_name\" content=\"Betlabel Games az\" \/>\n<meta property=\"article:modified_time\" content=\"2025-11-13T18:13:24+00:00\" \/>\n<meta name=\"twitter:card\" content=\"summary_large_image\" \/>\n<script type=\"application\/ld+json\" class=\"yoast-schema-graph\">{\"@context\":\"https:\\\/\\\/schema.org\",\"@graph\":[{\"@type\":\"WebPage\",\"@id\":\"https:\\\/\\\/betlabel.games\\\/az\\\/bonuses\\\/first-deposit\\\/\",\"url\":\"https:\\\/\\\/betlabel.games\\\/az\\\/bonuses\\\/first-deposit\\\/\",\"name\":\"BetLabel-d\u0259 ilk depozitinizd\u0259 100% qazan\u0131n | 200 AZN-\u0259 q\u0259d\u0259r\",\"isPartOf\":{\"@id\":\"https:\\\/\\\/betlabel.games\\\/az\\\/#website\"},\"datePublished\":\"2025-06-13T06:21:39+00:00\",\"dateModified\":\"2025-11-13T18:13:24+00:00\",\"description\":\"BetLabel-d\u0259 ilk depozitinizd\u0259 100% \u0259ld\u0259 etm\u0259k \u015fans\u0131n\u0131z\u0131 qa\u00e7\u0131rmay\u0131n! Qeydiyyatdan ke\u00e7in v\u0259 idman m\u0259rc oyunlar\u0131 \u00fc\u00e7\u00fcn 200 AZN-\u0259 q\u0259d\u0259r qazan\u0131n. Asan, s\u00fcr\u0259tli v\u0259 s\u0259rf\u0259li - bonusunuz art\u0131q sizi g\u00f6zl\u0259yir!\",\"breadcrumb\":{\"@id\":\"https:\\\/\\\/betlabel.games\\\/az\\\/bonuses\\\/first-deposit\\\/#breadcrumb\"},\"inLanguage\":\"az\",\"potentialAction\":[{\"@type\":\"ReadAction\",\"target\":[\"https:\\\/\\\/betlabel.games\\\/az\\\/bonuses\\\/first-deposit\\\/\"]}]},{\"@type\":\"BreadcrumbList\",\"@id\":\"https:\\\/\\\/betlabel.games\\\/az\\\/bonuses\\\/first-deposit\\\/#breadcrumb\",\"itemListElement\":[{\"@type\":\"ListItem\",\"position\":1,\"name\":\"Home\",\"item\":\"https:\\\/\\\/betlabel.games\\\/az\\\/\"},{\"@type\":\"ListItem\",\"position\":2,\"name\":\"Bonuslar\",\"item\":\"https:\\\/\\\/betlabel.games\\\/az\\\/bonuses\\\/\"},{\"@type\":\"ListItem\",\"position\":3,\"name\":\"\u0130lk Depozit\"}]},{\"@type\":\"WebSite\",\"@id\":\"https:\\\/\\\/betlabel.games\\\/az\\\/#website\",\"url\":\"https:\\\/\\\/betlabel.games\\\/az\\\/\",\"name\":\"Betlabel Games az\",\"description\":\"My WordPress Blog\",\"potentialAction\":[{\"@type\":\"SearchAction\",\"target\":{\"@type\":\"EntryPoint\",\"urlTemplate\":\"https:\\\/\\\/betlabel.games\\\/az\\\/?s={search_term_string}\"},\"query-input\":{\"@type\":\"PropertyValueSpecification\",\"valueRequired\":true,\"valueName\":\"search_term_string\"}}],\"inLanguage\":\"az\"}]}<\/script>\n<!-- \/ Yoast SEO plugin. -->","yoast_head_json":{"title":"BetLabel-d\u0259 ilk depozitinizd\u0259 100% qazan\u0131n | 200 AZN-\u0259 q\u0259d\u0259r","description":"BetLabel-d\u0259 ilk depozitinizd\u0259 100% \u0259ld\u0259 etm\u0259k \u015fans\u0131n\u0131z\u0131 qa\u00e7\u0131rmay\u0131n! Qeydiyyatdan ke\u00e7in v\u0259 idman m\u0259rc oyunlar\u0131 \u00fc\u00e7\u00fcn 200 AZN-\u0259 q\u0259d\u0259r qazan\u0131n. Asan, s\u00fcr\u0259tli v\u0259 s\u0259rf\u0259li - bonusunuz art\u0131q sizi g\u00f6zl\u0259yir!","robots":{"index":"index","follow":"follow","max-snippet":"max-snippet:-1","max-image-preview":"max-image-preview:large","max-video-preview":"max-video-preview:-1"},"og_locale":"az_AZ","og_type":"article","og_title":"BetLabel-d\u0259 ilk depozitinizd\u0259 100% qazan\u0131n | 200 AZN-\u0259 q\u0259d\u0259r","og_description":"BetLabel-d\u0259 ilk depozitinizd\u0259 100% \u0259ld\u0259 etm\u0259k \u015fans\u0131n\u0131z\u0131 qa\u00e7\u0131rmay\u0131n! Qeydiyyatdan ke\u00e7in v\u0259 idman m\u0259rc oyunlar\u0131 \u00fc\u00e7\u00fcn 200 AZN-\u0259 q\u0259d\u0259r qazan\u0131n. Asan, s\u00fcr\u0259tli v\u0259 s\u0259rf\u0259li - bonusunuz art\u0131q sizi g\u00f6zl\u0259yir!","og_url":"https:\/\/betlabel.games\/az\/bonuses\/first-deposit\/","og_site_name":"Betlabel Games az","article_modified_time":"2025-11-13T18:13:24+00:00","twitter_card":"summary_large_image","schema":{"@context":"https:\/\/schema.org","@graph":[{"@type":"WebPage","@id":"https:\/\/betlabel.games\/az\/bonuses\/first-deposit\/","url":"https:\/\/betlabel.games\/az\/bonuses\/first-deposit\/","name":"BetLabel-d\u0259 ilk depozitinizd\u0259 100% qazan\u0131n | 200 AZN-\u0259 q\u0259d\u0259r","isPartOf":{"@id":"https:\/\/betlabel.games\/az\/#website"},"datePublished":"2025-06-13T06:21:39+00:00","dateModified":"2025-11-13T18:13:24+00:00","description":"BetLabel-d\u0259 ilk depozitinizd\u0259 100% \u0259ld\u0259 etm\u0259k \u015fans\u0131n\u0131z\u0131 qa\u00e7\u0131rmay\u0131n! Qeydiyyatdan ke\u00e7in v\u0259 idman m\u0259rc oyunlar\u0131 \u00fc\u00e7\u00fcn 200 AZN-\u0259 q\u0259d\u0259r qazan\u0131n. Asan, s\u00fcr\u0259tli v\u0259 s\u0259rf\u0259li - bonusunuz art\u0131q sizi g\u00f6zl\u0259yir!","breadcrumb":{"@id":"https:\/\/betlabel.games\/az\/bonuses\/first-deposit\/#breadcrumb"},"inLanguage":"az","potentialAction":[{"@type":"ReadAction","target":["https:\/\/betlabel.games\/az\/bonuses\/first-deposit\/"]}]},{"@type":"BreadcrumbList","@id":"https:\/\/betlabel.games\/az\/bonuses\/first-deposit\/#breadcrumb","itemListElement":[{"@type":"ListItem","position":1,"name":"Home","item":"https:\/\/betlabel.games\/az\/"},{"@type":"ListItem","position":2,"name":"Bonuslar","item":"https:\/\/betlabel.games\/az\/bonuses\/"},{"@type":"ListItem","position":3,"name":"\u0130lk Depozit"}]},{"@type":"WebSite","@id":"https:\/\/betlabel.games\/az\/#website","url":"https:\/\/betlabel.games\/az\/","name":"Betlabel Games az","description":"My WordPress Blog","potentialAction":[{"@type":"SearchAction","target":{"@type":"EntryPoint","urlTemplate":"https:\/\/betlabel.games\/az\/?s={search_term_string}"},"query-input":{"@type":"PropertyValueSpecification","valueRequired":true,"valueName":"search_term_string"}}],"inLanguage":"az"}]}},"_links":{"self":[{"href":"https:\/\/betlabel.games\/az\/wp-json\/wp\/v2\/pages\/420","targetHints":{"allow":["GET"]}}],"collection":[{"href":"https:\/\/betlabel.games\/az\/wp-json\/wp\/v2\/pages"}],"about":[{"href":"https:\/\/betlabel.games\/az\/wp-json\/wp\/v2\/types\/page"}],"author":[{"embeddable":true,"href":"https:\/\/betlabel.games\/az\/wp-json\/wp\/v2\/users\/1"}],"replies":[{"embeddable":true,"href":"https:\/\/betlabel.games\/az\/wp-json\/wp\/v2\/comments?post=420"}],"version-history":[{"count":8,"href":"https:\/\/betlabel.games\/az\/wp-json\/wp\/v2\/pages\/420\/revisions"}],"predecessor-version":[{"id":610,"href":"https:\/\/betlabel.games\/az\/wp-json\/wp\/v2\/pages\/420\/revisions\/610"}],"up":[{"embeddable":true,"href":"https:\/\/betlabel.games\/az\/wp-json\/wp\/v2\/pages\/201"}],"wp:attachment":[{"href":"https:\/\/betlabel.games\/az\/wp-json\/wp\/v2\/media?parent=420"}],"curies":[{"name":"wp","href":"https:\/\/api.w.org\/{rel}","templated":true}]}}