{"id":440,"date":"2025-06-13T07:21:59","date_gmt":"2025-06-13T07:21:59","guid":{"rendered":"https:\/\/betlabel.games\/az\/?page_id=440"},"modified":"2025-11-13T18:13:47","modified_gmt":"2025-11-13T18:13:47","slug":"freebet","status":"publish","type":"page","link":"https:\/\/betlabel.games\/az\/bonuses\/freebet\/","title":{"rendered":"Pulsuz m\u0259rc"},"content":{"rendered":"","protected":false},"excerpt":{"rendered":"","protected":false},"author":1,"featured_media":0,"parent":201,"menu_order":0,"comment_status":"closed","ping_status":"closed","template":"","meta":{"footnotes":""},"class_list":["post-440","page","type-page","status-publish","hentry"],"yoast_head":"<!-- This site is optimized with the Yoast SEO plugin v27.4 - https:\/\/yoast.com\/product\/yoast-seo-wordpress\/ -->\n<title>BetLabel-d\u0259n pulsuz m\u0259rc | 200 AZN-\u0259 q\u0259d\u0259r ilk depozitinizd\u0259 15%!<\/title>\n<meta name=\"description\" content=\"BetLabel-d\u0259n pulsuz xo\u015f m\u0259rcinizi al\u0131n v\u0259 ilk depozitinizd\u0259 15% qazan\u0131n! Qeydiyyatdan ke\u00e7in, bonusu aktivl\u0259\u015fdirin v\u0259 balans\u0131n\u0131z\u0131 art\u0131r\u0131n \u2013 maksimum faydalar sizi g\u00f6zl\u0259yir! \u015eans\u0131n\u0131z\u0131 qa\u00e7\u0131rmay\u0131n!\" \/>\n<meta name=\"robots\" content=\"index, follow, max-snippet:-1, max-image-preview:large, max-video-preview:-1\" \/>\n<meta property=\"og:locale\" content=\"az_AZ\" \/>\n<meta property=\"og:type\" content=\"article\" \/>\n<meta property=\"og:title\" content=\"BetLabel-d\u0259n pulsuz m\u0259rc | 200 AZN-\u0259 q\u0259d\u0259r ilk depozitinizd\u0259 15%!\" \/>\n<meta property=\"og:description\" content=\"BetLabel-d\u0259n pulsuz xo\u015f m\u0259rcinizi al\u0131n v\u0259 ilk depozitinizd\u0259 15% qazan\u0131n! Qeydiyyatdan ke\u00e7in, bonusu aktivl\u0259\u015fdirin v\u0259 balans\u0131n\u0131z\u0131 art\u0131r\u0131n \u2013 maksimum faydalar sizi g\u00f6zl\u0259yir! \u015eans\u0131n\u0131z\u0131 qa\u00e7\u0131rmay\u0131n!\" \/>\n<meta property=\"og:url\" content=\"https:\/\/betlabel.games\/az\/bonuses\/freebet\/\" \/>\n<meta property=\"og:site_name\" content=\"Betlabel Games az\" \/>\n<meta property=\"article:modified_time\" content=\"2025-11-13T18:13:47+00:00\" \/>\n<meta name=\"twitter:card\" content=\"summary_large_image\" \/>\n<script type=\"application\/ld+json\" class=\"yoast-schema-graph\">{\"@context\":\"https:\\\/\\\/schema.org\",\"@graph\":[{\"@type\":\"WebPage\",\"@id\":\"https:\\\/\\\/betlabel.games\\\/az\\\/bonuses\\\/freebet\\\/\",\"url\":\"https:\\\/\\\/betlabel.games\\\/az\\\/bonuses\\\/freebet\\\/\",\"name\":\"BetLabel-d\u0259n pulsuz m\u0259rc | 200 AZN-\u0259 q\u0259d\u0259r ilk depozitinizd\u0259 15%!\",\"isPartOf\":{\"@id\":\"https:\\\/\\\/betlabel.games\\\/az\\\/#website\"},\"datePublished\":\"2025-06-13T07:21:59+00:00\",\"dateModified\":\"2025-11-13T18:13:47+00:00\",\"description\":\"BetLabel-d\u0259n pulsuz xo\u015f m\u0259rcinizi al\u0131n v\u0259 ilk depozitinizd\u0259 15% qazan\u0131n! Qeydiyyatdan ke\u00e7in, bonusu aktivl\u0259\u015fdirin v\u0259 balans\u0131n\u0131z\u0131 art\u0131r\u0131n \u2013 maksimum faydalar sizi g\u00f6zl\u0259yir! \u015eans\u0131n\u0131z\u0131 qa\u00e7\u0131rmay\u0131n!\",\"breadcrumb\":{\"@id\":\"https:\\\/\\\/betlabel.games\\\/az\\\/bonuses\\\/freebet\\\/#breadcrumb\"},\"inLanguage\":\"az\",\"potentialAction\":[{\"@type\":\"ReadAction\",\"target\":[\"https:\\\/\\\/betlabel.games\\\/az\\\/bonuses\\\/freebet\\\/\"]}]},{\"@type\":\"BreadcrumbList\",\"@id\":\"https:\\\/\\\/betlabel.games\\\/az\\\/bonuses\\\/freebet\\\/#breadcrumb\",\"itemListElement\":[{\"@type\":\"ListItem\",\"position\":1,\"name\":\"Home\",\"item\":\"https:\\\/\\\/betlabel.games\\\/az\\\/\"},{\"@type\":\"ListItem\",\"position\":2,\"name\":\"Bonuslar\",\"item\":\"https:\\\/\\\/betlabel.games\\\/az\\\/bonuses\\\/\"},{\"@type\":\"ListItem\",\"position\":3,\"name\":\"Pulsuz m\u0259rc\"}]},{\"@type\":\"WebSite\",\"@id\":\"https:\\\/\\\/betlabel.games\\\/az\\\/#website\",\"url\":\"https:\\\/\\\/betlabel.games\\\/az\\\/\",\"name\":\"Betlabel Games az\",\"description\":\"My WordPress Blog\",\"potentialAction\":[{\"@type\":\"SearchAction\",\"target\":{\"@type\":\"EntryPoint\",\"urlTemplate\":\"https:\\\/\\\/betlabel.games\\\/az\\\/?s={search_term_string}\"},\"query-input\":{\"@type\":\"PropertyValueSpecification\",\"valueRequired\":true,\"valueName\":\"search_term_string\"}}],\"inLanguage\":\"az\"}]}<\/script>\n<!-- \/ Yoast SEO plugin. -->","yoast_head_json":{"title":"BetLabel-d\u0259n pulsuz m\u0259rc | 200 AZN-\u0259 q\u0259d\u0259r ilk depozitinizd\u0259 15%!","description":"BetLabel-d\u0259n pulsuz xo\u015f m\u0259rcinizi al\u0131n v\u0259 ilk depozitinizd\u0259 15% qazan\u0131n! Qeydiyyatdan ke\u00e7in, bonusu aktivl\u0259\u015fdirin v\u0259 balans\u0131n\u0131z\u0131 art\u0131r\u0131n \u2013 maksimum faydalar sizi g\u00f6zl\u0259yir! \u015eans\u0131n\u0131z\u0131 qa\u00e7\u0131rmay\u0131n!","robots":{"index":"index","follow":"follow","max-snippet":"max-snippet:-1","max-image-preview":"max-image-preview:large","max-video-preview":"max-video-preview:-1"},"og_locale":"az_AZ","og_type":"article","og_title":"BetLabel-d\u0259n pulsuz m\u0259rc | 200 AZN-\u0259 q\u0259d\u0259r ilk depozitinizd\u0259 15%!","og_description":"BetLabel-d\u0259n pulsuz xo\u015f m\u0259rcinizi al\u0131n v\u0259 ilk depozitinizd\u0259 15% qazan\u0131n! Qeydiyyatdan ke\u00e7in, bonusu aktivl\u0259\u015fdirin v\u0259 balans\u0131n\u0131z\u0131 art\u0131r\u0131n \u2013 maksimum faydalar sizi g\u00f6zl\u0259yir! \u015eans\u0131n\u0131z\u0131 qa\u00e7\u0131rmay\u0131n!","og_url":"https:\/\/betlabel.games\/az\/bonuses\/freebet\/","og_site_name":"Betlabel Games az","article_modified_time":"2025-11-13T18:13:47+00:00","twitter_card":"summary_large_image","schema":{"@context":"https:\/\/schema.org","@graph":[{"@type":"WebPage","@id":"https:\/\/betlabel.games\/az\/bonuses\/freebet\/","url":"https:\/\/betlabel.games\/az\/bonuses\/freebet\/","name":"BetLabel-d\u0259n pulsuz m\u0259rc | 200 AZN-\u0259 q\u0259d\u0259r ilk depozitinizd\u0259 15%!","isPartOf":{"@id":"https:\/\/betlabel.games\/az\/#website"},"datePublished":"2025-06-13T07:21:59+00:00","dateModified":"2025-11-13T18:13:47+00:00","description":"BetLabel-d\u0259n pulsuz xo\u015f m\u0259rcinizi al\u0131n v\u0259 ilk depozitinizd\u0259 15% qazan\u0131n! Qeydiyyatdan ke\u00e7in, bonusu aktivl\u0259\u015fdirin v\u0259 balans\u0131n\u0131z\u0131 art\u0131r\u0131n \u2013 maksimum faydalar sizi g\u00f6zl\u0259yir! \u015eans\u0131n\u0131z\u0131 qa\u00e7\u0131rmay\u0131n!","breadcrumb":{"@id":"https:\/\/betlabel.games\/az\/bonuses\/freebet\/#breadcrumb"},"inLanguage":"az","potentialAction":[{"@type":"ReadAction","target":["https:\/\/betlabel.games\/az\/bonuses\/freebet\/"]}]},{"@type":"BreadcrumbList","@id":"https:\/\/betlabel.games\/az\/bonuses\/freebet\/#breadcrumb","itemListElement":[{"@type":"ListItem","position":1,"name":"Home","item":"https:\/\/betlabel.games\/az\/"},{"@type":"ListItem","position":2,"name":"Bonuslar","item":"https:\/\/betlabel.games\/az\/bonuses\/"},{"@type":"ListItem","position":3,"name":"Pulsuz m\u0259rc"}]},{"@type":"WebSite","@id":"https:\/\/betlabel.games\/az\/#website","url":"https:\/\/betlabel.games\/az\/","name":"Betlabel Games az","description":"My WordPress Blog","potentialAction":[{"@type":"SearchAction","target":{"@type":"EntryPoint","urlTemplate":"https:\/\/betlabel.games\/az\/?s={search_term_string}"},"query-input":{"@type":"PropertyValueSpecification","valueRequired":true,"valueName":"search_term_string"}}],"inLanguage":"az"}]}},"_links":{"self":[{"href":"https:\/\/betlabel.games\/az\/wp-json\/wp\/v2\/pages\/440","targetHints":{"allow":["GET"]}}],"collection":[{"href":"https:\/\/betlabel.games\/az\/wp-json\/wp\/v2\/pages"}],"about":[{"href":"https:\/\/betlabel.games\/az\/wp-json\/wp\/v2\/types\/page"}],"author":[{"embeddable":true,"href":"https:\/\/betlabel.games\/az\/wp-json\/wp\/v2\/users\/1"}],"replies":[{"embeddable":true,"href":"https:\/\/betlabel.games\/az\/wp-json\/wp\/v2\/comments?post=440"}],"version-history":[{"count":4,"href":"https:\/\/betlabel.games\/az\/wp-json\/wp\/v2\/pages\/440\/revisions"}],"predecessor-version":[{"id":612,"href":"https:\/\/betlabel.games\/az\/wp-json\/wp\/v2\/pages\/440\/revisions\/612"}],"up":[{"embeddable":true,"href":"https:\/\/betlabel.games\/az\/wp-json\/wp\/v2\/pages\/201"}],"wp:attachment":[{"href":"https:\/\/betlabel.games\/az\/wp-json\/wp\/v2\/media?parent=440"}],"curies":[{"name":"wp","href":"https:\/\/api.w.org\/{rel}","templated":true}]}}