{"id":443,"date":"2025-06-13T07:30:16","date_gmt":"2025-06-13T07:30:16","guid":{"rendered":"https:\/\/betlabel.games\/az\/?page_id=443"},"modified":"2025-11-13T18:14:10","modified_gmt":"2025-11-13T18:14:10","slug":"casino-welcome-pack","status":"publish","type":"page","link":"https:\/\/betlabel.games\/az\/bonuses\/casino-welcome-pack\/","title":{"rendered":"Casino Xo\u015f g\u0259lmisiniz Paketi"},"content":{"rendered":"","protected":false},"excerpt":{"rendered":"","protected":false},"author":1,"featured_media":0,"parent":201,"menu_order":0,"comment_status":"closed","ping_status":"closed","template":"","meta":{"footnotes":""},"class_list":["post-443","page","type-page","status-publish","hentry"],"yoast_head":"<!-- This site is optimized with the Yoast SEO plugin v27.4 - https:\/\/yoast.com\/product\/yoast-seo-wordpress\/ -->\n<title>BetLabel Kazino Xo\u015f g\u0259lmisiniz Paketi | 3000 AZN v\u0259 150 \u200b\u200bFS!<\/title>\n<meta name=\"description\" content=\"BetLabel kazino xo\u015f g\u0259lmisiniz paketi il\u0259 maraql\u0131 udu\u015flar d\u00fcnyas\u0131na q\u0259rq olun! \u0130lk d\u00f6rd depozitiniz \u00fc\u00e7\u00fcn 3000 AZN-\u0259 q\u0259d\u0259r s\u0259xav\u0259tli bonuslar v\u0259 150 \u200b\u200bpulsuz f\u0131rlanma \u0259ld\u0259 edin. Qeydiyyatdan ke\u00e7in v\u0259 bu g\u00fcn oynama\u011fa ba\u015flay\u0131n!\" \/>\n<meta name=\"robots\" content=\"index, follow, max-snippet:-1, max-image-preview:large, max-video-preview:-1\" \/>\n<meta property=\"og:locale\" content=\"az_AZ\" \/>\n<meta property=\"og:type\" content=\"article\" \/>\n<meta property=\"og:title\" content=\"BetLabel Kazino Xo\u015f g\u0259lmisiniz Paketi | 3000 AZN v\u0259 150 \u200b\u200bFS!\" \/>\n<meta property=\"og:description\" content=\"BetLabel kazino xo\u015f g\u0259lmisiniz paketi il\u0259 maraql\u0131 udu\u015flar d\u00fcnyas\u0131na q\u0259rq olun! \u0130lk d\u00f6rd depozitiniz \u00fc\u00e7\u00fcn 3000 AZN-\u0259 q\u0259d\u0259r s\u0259xav\u0259tli bonuslar v\u0259 150 \u200b\u200bpulsuz f\u0131rlanma \u0259ld\u0259 edin. Qeydiyyatdan ke\u00e7in v\u0259 bu g\u00fcn oynama\u011fa ba\u015flay\u0131n!\" \/>\n<meta property=\"og:url\" content=\"https:\/\/betlabel.games\/az\/bonuses\/casino-welcome-pack\/\" \/>\n<meta property=\"og:site_name\" content=\"Betlabel Games az\" \/>\n<meta property=\"article:modified_time\" content=\"2025-11-13T18:14:10+00:00\" \/>\n<meta name=\"twitter:card\" content=\"summary_large_image\" \/>\n<script type=\"application\/ld+json\" class=\"yoast-schema-graph\">{\"@context\":\"https:\\\/\\\/schema.org\",\"@graph\":[{\"@type\":\"WebPage\",\"@id\":\"https:\\\/\\\/betlabel.games\\\/az\\\/bonuses\\\/casino-welcome-pack\\\/\",\"url\":\"https:\\\/\\\/betlabel.games\\\/az\\\/bonuses\\\/casino-welcome-pack\\\/\",\"name\":\"BetLabel Kazino Xo\u015f g\u0259lmisiniz Paketi | 3000 AZN v\u0259 150 \u200b\u200bFS!\",\"isPartOf\":{\"@id\":\"https:\\\/\\\/betlabel.games\\\/az\\\/#website\"},\"datePublished\":\"2025-06-13T07:30:16+00:00\",\"dateModified\":\"2025-11-13T18:14:10+00:00\",\"description\":\"BetLabel kazino xo\u015f g\u0259lmisiniz paketi il\u0259 maraql\u0131 udu\u015flar d\u00fcnyas\u0131na q\u0259rq olun! \u0130lk d\u00f6rd depozitiniz \u00fc\u00e7\u00fcn 3000 AZN-\u0259 q\u0259d\u0259r s\u0259xav\u0259tli bonuslar v\u0259 150 \u200b\u200bpulsuz f\u0131rlanma \u0259ld\u0259 edin. Qeydiyyatdan ke\u00e7in v\u0259 bu g\u00fcn oynama\u011fa ba\u015flay\u0131n!\",\"breadcrumb\":{\"@id\":\"https:\\\/\\\/betlabel.games\\\/az\\\/bonuses\\\/casino-welcome-pack\\\/#breadcrumb\"},\"inLanguage\":\"az\",\"potentialAction\":[{\"@type\":\"ReadAction\",\"target\":[\"https:\\\/\\\/betlabel.games\\\/az\\\/bonuses\\\/casino-welcome-pack\\\/\"]}]},{\"@type\":\"BreadcrumbList\",\"@id\":\"https:\\\/\\\/betlabel.games\\\/az\\\/bonuses\\\/casino-welcome-pack\\\/#breadcrumb\",\"itemListElement\":[{\"@type\":\"ListItem\",\"position\":1,\"name\":\"Home\",\"item\":\"https:\\\/\\\/betlabel.games\\\/az\\\/\"},{\"@type\":\"ListItem\",\"position\":2,\"name\":\"Bonuslar\",\"item\":\"https:\\\/\\\/betlabel.games\\\/az\\\/bonuses\\\/\"},{\"@type\":\"ListItem\",\"position\":3,\"name\":\"Casino Xo\u015f g\u0259lmisiniz Paketi\"}]},{\"@type\":\"WebSite\",\"@id\":\"https:\\\/\\\/betlabel.games\\\/az\\\/#website\",\"url\":\"https:\\\/\\\/betlabel.games\\\/az\\\/\",\"name\":\"Betlabel Games az\",\"description\":\"My WordPress Blog\",\"potentialAction\":[{\"@type\":\"SearchAction\",\"target\":{\"@type\":\"EntryPoint\",\"urlTemplate\":\"https:\\\/\\\/betlabel.games\\\/az\\\/?s={search_term_string}\"},\"query-input\":{\"@type\":\"PropertyValueSpecification\",\"valueRequired\":true,\"valueName\":\"search_term_string\"}}],\"inLanguage\":\"az\"}]}<\/script>\n<!-- \/ Yoast SEO plugin. -->","yoast_head_json":{"title":"BetLabel Kazino Xo\u015f g\u0259lmisiniz Paketi | 3000 AZN v\u0259 150 \u200b\u200bFS!","description":"BetLabel kazino xo\u015f g\u0259lmisiniz paketi il\u0259 maraql\u0131 udu\u015flar d\u00fcnyas\u0131na q\u0259rq olun! \u0130lk d\u00f6rd depozitiniz \u00fc\u00e7\u00fcn 3000 AZN-\u0259 q\u0259d\u0259r s\u0259xav\u0259tli bonuslar v\u0259 150 \u200b\u200bpulsuz f\u0131rlanma \u0259ld\u0259 edin. Qeydiyyatdan ke\u00e7in v\u0259 bu g\u00fcn oynama\u011fa ba\u015flay\u0131n!","robots":{"index":"index","follow":"follow","max-snippet":"max-snippet:-1","max-image-preview":"max-image-preview:large","max-video-preview":"max-video-preview:-1"},"og_locale":"az_AZ","og_type":"article","og_title":"BetLabel Kazino Xo\u015f g\u0259lmisiniz Paketi | 3000 AZN v\u0259 150 \u200b\u200bFS!","og_description":"BetLabel kazino xo\u015f g\u0259lmisiniz paketi il\u0259 maraql\u0131 udu\u015flar d\u00fcnyas\u0131na q\u0259rq olun! \u0130lk d\u00f6rd depozitiniz \u00fc\u00e7\u00fcn 3000 AZN-\u0259 q\u0259d\u0259r s\u0259xav\u0259tli bonuslar v\u0259 150 \u200b\u200bpulsuz f\u0131rlanma \u0259ld\u0259 edin. Qeydiyyatdan ke\u00e7in v\u0259 bu g\u00fcn oynama\u011fa ba\u015flay\u0131n!","og_url":"https:\/\/betlabel.games\/az\/bonuses\/casino-welcome-pack\/","og_site_name":"Betlabel Games az","article_modified_time":"2025-11-13T18:14:10+00:00","twitter_card":"summary_large_image","schema":{"@context":"https:\/\/schema.org","@graph":[{"@type":"WebPage","@id":"https:\/\/betlabel.games\/az\/bonuses\/casino-welcome-pack\/","url":"https:\/\/betlabel.games\/az\/bonuses\/casino-welcome-pack\/","name":"BetLabel Kazino Xo\u015f g\u0259lmisiniz Paketi | 3000 AZN v\u0259 150 \u200b\u200bFS!","isPartOf":{"@id":"https:\/\/betlabel.games\/az\/#website"},"datePublished":"2025-06-13T07:30:16+00:00","dateModified":"2025-11-13T18:14:10+00:00","description":"BetLabel kazino xo\u015f g\u0259lmisiniz paketi il\u0259 maraql\u0131 udu\u015flar d\u00fcnyas\u0131na q\u0259rq olun! \u0130lk d\u00f6rd depozitiniz \u00fc\u00e7\u00fcn 3000 AZN-\u0259 q\u0259d\u0259r s\u0259xav\u0259tli bonuslar v\u0259 150 \u200b\u200bpulsuz f\u0131rlanma \u0259ld\u0259 edin. Qeydiyyatdan ke\u00e7in v\u0259 bu g\u00fcn oynama\u011fa ba\u015flay\u0131n!","breadcrumb":{"@id":"https:\/\/betlabel.games\/az\/bonuses\/casino-welcome-pack\/#breadcrumb"},"inLanguage":"az","potentialAction":[{"@type":"ReadAction","target":["https:\/\/betlabel.games\/az\/bonuses\/casino-welcome-pack\/"]}]},{"@type":"BreadcrumbList","@id":"https:\/\/betlabel.games\/az\/bonuses\/casino-welcome-pack\/#breadcrumb","itemListElement":[{"@type":"ListItem","position":1,"name":"Home","item":"https:\/\/betlabel.games\/az\/"},{"@type":"ListItem","position":2,"name":"Bonuslar","item":"https:\/\/betlabel.games\/az\/bonuses\/"},{"@type":"ListItem","position":3,"name":"Casino Xo\u015f g\u0259lmisiniz Paketi"}]},{"@type":"WebSite","@id":"https:\/\/betlabel.games\/az\/#website","url":"https:\/\/betlabel.games\/az\/","name":"Betlabel Games az","description":"My WordPress Blog","potentialAction":[{"@type":"SearchAction","target":{"@type":"EntryPoint","urlTemplate":"https:\/\/betlabel.games\/az\/?s={search_term_string}"},"query-input":{"@type":"PropertyValueSpecification","valueRequired":true,"valueName":"search_term_string"}}],"inLanguage":"az"}]}},"_links":{"self":[{"href":"https:\/\/betlabel.games\/az\/wp-json\/wp\/v2\/pages\/443","targetHints":{"allow":["GET"]}}],"collection":[{"href":"https:\/\/betlabel.games\/az\/wp-json\/wp\/v2\/pages"}],"about":[{"href":"https:\/\/betlabel.games\/az\/wp-json\/wp\/v2\/types\/page"}],"author":[{"embeddable":true,"href":"https:\/\/betlabel.games\/az\/wp-json\/wp\/v2\/users\/1"}],"replies":[{"embeddable":true,"href":"https:\/\/betlabel.games\/az\/wp-json\/wp\/v2\/comments?post=443"}],"version-history":[{"count":5,"href":"https:\/\/betlabel.games\/az\/wp-json\/wp\/v2\/pages\/443\/revisions"}],"predecessor-version":[{"id":608,"href":"https:\/\/betlabel.games\/az\/wp-json\/wp\/v2\/pages\/443\/revisions\/608"}],"up":[{"embeddable":true,"href":"https:\/\/betlabel.games\/az\/wp-json\/wp\/v2\/pages\/201"}],"wp:attachment":[{"href":"https:\/\/betlabel.games\/az\/wp-json\/wp\/v2\/media?parent=443"}],"curies":[{"name":"wp","href":"https:\/\/api.w.org\/{rel}","templated":true}]}}