{"id":447,"date":"2025-06-13T07:40:56","date_gmt":"2025-06-13T07:40:56","guid":{"rendered":"https:\/\/betlabel.games\/az\/?page_id=447"},"modified":"2025-10-17T10:05:08","modified_gmt":"2025-10-17T10:05:08","slug":"sports-cashback","status":"publish","type":"page","link":"https:\/\/betlabel.games\/az\/bonuses\/sports-cashback\/","title":{"rendered":"\u0130dman Cashback"},"content":{"rendered":"","protected":false},"excerpt":{"rendered":"","protected":false},"author":1,"featured_media":0,"parent":201,"menu_order":0,"comment_status":"closed","ping_status":"closed","template":"","meta":{"footnotes":""},"class_list":["post-447","page","type-page","status-publish","hentry"],"yoast_head":"<!-- This site is optimized with the Yoast SEO plugin v27.4 - https:\/\/yoast.com\/product\/yoast-seo-wordpress\/ -->\n<title>BetLabel-d\u0259n idman ke\u015fbeki | Z\u0259r\u0259rl\u0259rinizin 3%-ni geri al\u0131n<\/title>\n<meta name=\"description\" content=\"BetLabel-d\u0259n cashback il\u0259 itkil\u0259rinizin bir hiss\u0259sini geri almaq \u015fans\u0131n\u0131z\u0131 qa\u00e7\u0131rmay\u0131n! \u018flav\u0259 depozit t\u0259l\u0259b etm\u0259d\u0259n h\u0259r h\u0259ft\u0259 m\u0259rcl\u0259rinizin 3%-ni geri al\u0131n.\" \/>\n<meta name=\"robots\" content=\"index, follow, max-snippet:-1, max-image-preview:large, max-video-preview:-1\" \/>\n<meta property=\"og:locale\" content=\"az_AZ\" \/>\n<meta property=\"og:type\" content=\"article\" \/>\n<meta property=\"og:title\" content=\"BetLabel-d\u0259n idman ke\u015fbeki | Z\u0259r\u0259rl\u0259rinizin 3%-ni geri al\u0131n\" \/>\n<meta property=\"og:description\" content=\"BetLabel-d\u0259n cashback il\u0259 itkil\u0259rinizin bir hiss\u0259sini geri almaq \u015fans\u0131n\u0131z\u0131 qa\u00e7\u0131rmay\u0131n! \u018flav\u0259 depozit t\u0259l\u0259b etm\u0259d\u0259n h\u0259r h\u0259ft\u0259 m\u0259rcl\u0259rinizin 3%-ni geri al\u0131n.\" \/>\n<meta property=\"og:url\" content=\"https:\/\/betlabel.games\/az\/bonuses\/sports-cashback\/\" \/>\n<meta property=\"og:site_name\" content=\"Betlabel Games az\" \/>\n<meta property=\"article:modified_time\" content=\"2025-10-17T10:05:08+00:00\" \/>\n<meta name=\"twitter:card\" content=\"summary_large_image\" \/>\n<script type=\"application\/ld+json\" class=\"yoast-schema-graph\">{\"@context\":\"https:\\\/\\\/schema.org\",\"@graph\":[{\"@type\":\"WebPage\",\"@id\":\"https:\\\/\\\/betlabel.games\\\/az\\\/bonuses\\\/sports-cashback\\\/\",\"url\":\"https:\\\/\\\/betlabel.games\\\/az\\\/bonuses\\\/sports-cashback\\\/\",\"name\":\"BetLabel-d\u0259n idman ke\u015fbeki | Z\u0259r\u0259rl\u0259rinizin 3%-ni geri al\u0131n\",\"isPartOf\":{\"@id\":\"https:\\\/\\\/betlabel.games\\\/az\\\/#website\"},\"datePublished\":\"2025-06-13T07:40:56+00:00\",\"dateModified\":\"2025-10-17T10:05:08+00:00\",\"description\":\"BetLabel-d\u0259n cashback il\u0259 itkil\u0259rinizin bir hiss\u0259sini geri almaq \u015fans\u0131n\u0131z\u0131 qa\u00e7\u0131rmay\u0131n! \u018flav\u0259 depozit t\u0259l\u0259b etm\u0259d\u0259n h\u0259r h\u0259ft\u0259 m\u0259rcl\u0259rinizin 3%-ni geri al\u0131n.\",\"breadcrumb\":{\"@id\":\"https:\\\/\\\/betlabel.games\\\/az\\\/bonuses\\\/sports-cashback\\\/#breadcrumb\"},\"inLanguage\":\"az\",\"potentialAction\":[{\"@type\":\"ReadAction\",\"target\":[\"https:\\\/\\\/betlabel.games\\\/az\\\/bonuses\\\/sports-cashback\\\/\"]}]},{\"@type\":\"BreadcrumbList\",\"@id\":\"https:\\\/\\\/betlabel.games\\\/az\\\/bonuses\\\/sports-cashback\\\/#breadcrumb\",\"itemListElement\":[{\"@type\":\"ListItem\",\"position\":1,\"name\":\"Home\",\"item\":\"https:\\\/\\\/betlabel.games\\\/az\\\/\"},{\"@type\":\"ListItem\",\"position\":2,\"name\":\"Bonuslar\",\"item\":\"https:\\\/\\\/betlabel.games\\\/az\\\/bonuses\\\/\"},{\"@type\":\"ListItem\",\"position\":3,\"name\":\"\u0130dman Cashback\"}]},{\"@type\":\"WebSite\",\"@id\":\"https:\\\/\\\/betlabel.games\\\/az\\\/#website\",\"url\":\"https:\\\/\\\/betlabel.games\\\/az\\\/\",\"name\":\"Betlabel Games az\",\"description\":\"My WordPress Blog\",\"potentialAction\":[{\"@type\":\"SearchAction\",\"target\":{\"@type\":\"EntryPoint\",\"urlTemplate\":\"https:\\\/\\\/betlabel.games\\\/az\\\/?s={search_term_string}\"},\"query-input\":{\"@type\":\"PropertyValueSpecification\",\"valueRequired\":true,\"valueName\":\"search_term_string\"}}],\"inLanguage\":\"az\"}]}<\/script>\n<!-- \/ Yoast SEO plugin. -->","yoast_head_json":{"title":"BetLabel-d\u0259n idman ke\u015fbeki | Z\u0259r\u0259rl\u0259rinizin 3%-ni geri al\u0131n","description":"BetLabel-d\u0259n cashback il\u0259 itkil\u0259rinizin bir hiss\u0259sini geri almaq \u015fans\u0131n\u0131z\u0131 qa\u00e7\u0131rmay\u0131n! \u018flav\u0259 depozit t\u0259l\u0259b etm\u0259d\u0259n h\u0259r h\u0259ft\u0259 m\u0259rcl\u0259rinizin 3%-ni geri al\u0131n.","robots":{"index":"index","follow":"follow","max-snippet":"max-snippet:-1","max-image-preview":"max-image-preview:large","max-video-preview":"max-video-preview:-1"},"og_locale":"az_AZ","og_type":"article","og_title":"BetLabel-d\u0259n idman ke\u015fbeki | Z\u0259r\u0259rl\u0259rinizin 3%-ni geri al\u0131n","og_description":"BetLabel-d\u0259n cashback il\u0259 itkil\u0259rinizin bir hiss\u0259sini geri almaq \u015fans\u0131n\u0131z\u0131 qa\u00e7\u0131rmay\u0131n! \u018flav\u0259 depozit t\u0259l\u0259b etm\u0259d\u0259n h\u0259r h\u0259ft\u0259 m\u0259rcl\u0259rinizin 3%-ni geri al\u0131n.","og_url":"https:\/\/betlabel.games\/az\/bonuses\/sports-cashback\/","og_site_name":"Betlabel Games az","article_modified_time":"2025-10-17T10:05:08+00:00","twitter_card":"summary_large_image","schema":{"@context":"https:\/\/schema.org","@graph":[{"@type":"WebPage","@id":"https:\/\/betlabel.games\/az\/bonuses\/sports-cashback\/","url":"https:\/\/betlabel.games\/az\/bonuses\/sports-cashback\/","name":"BetLabel-d\u0259n idman ke\u015fbeki | Z\u0259r\u0259rl\u0259rinizin 3%-ni geri al\u0131n","isPartOf":{"@id":"https:\/\/betlabel.games\/az\/#website"},"datePublished":"2025-06-13T07:40:56+00:00","dateModified":"2025-10-17T10:05:08+00:00","description":"BetLabel-d\u0259n cashback il\u0259 itkil\u0259rinizin bir hiss\u0259sini geri almaq \u015fans\u0131n\u0131z\u0131 qa\u00e7\u0131rmay\u0131n! \u018flav\u0259 depozit t\u0259l\u0259b etm\u0259d\u0259n h\u0259r h\u0259ft\u0259 m\u0259rcl\u0259rinizin 3%-ni geri al\u0131n.","breadcrumb":{"@id":"https:\/\/betlabel.games\/az\/bonuses\/sports-cashback\/#breadcrumb"},"inLanguage":"az","potentialAction":[{"@type":"ReadAction","target":["https:\/\/betlabel.games\/az\/bonuses\/sports-cashback\/"]}]},{"@type":"BreadcrumbList","@id":"https:\/\/betlabel.games\/az\/bonuses\/sports-cashback\/#breadcrumb","itemListElement":[{"@type":"ListItem","position":1,"name":"Home","item":"https:\/\/betlabel.games\/az\/"},{"@type":"ListItem","position":2,"name":"Bonuslar","item":"https:\/\/betlabel.games\/az\/bonuses\/"},{"@type":"ListItem","position":3,"name":"\u0130dman Cashback"}]},{"@type":"WebSite","@id":"https:\/\/betlabel.games\/az\/#website","url":"https:\/\/betlabel.games\/az\/","name":"Betlabel Games az","description":"My WordPress Blog","potentialAction":[{"@type":"SearchAction","target":{"@type":"EntryPoint","urlTemplate":"https:\/\/betlabel.games\/az\/?s={search_term_string}"},"query-input":{"@type":"PropertyValueSpecification","valueRequired":true,"valueName":"search_term_string"}}],"inLanguage":"az"}]}},"_links":{"self":[{"href":"https:\/\/betlabel.games\/az\/wp-json\/wp\/v2\/pages\/447","targetHints":{"allow":["GET"]}}],"collection":[{"href":"https:\/\/betlabel.games\/az\/wp-json\/wp\/v2\/pages"}],"about":[{"href":"https:\/\/betlabel.games\/az\/wp-json\/wp\/v2\/types\/page"}],"author":[{"embeddable":true,"href":"https:\/\/betlabel.games\/az\/wp-json\/wp\/v2\/users\/1"}],"replies":[{"embeddable":true,"href":"https:\/\/betlabel.games\/az\/wp-json\/wp\/v2\/comments?post=447"}],"version-history":[{"count":5,"href":"https:\/\/betlabel.games\/az\/wp-json\/wp\/v2\/pages\/447\/revisions"}],"predecessor-version":[{"id":614,"href":"https:\/\/betlabel.games\/az\/wp-json\/wp\/v2\/pages\/447\/revisions\/614"}],"up":[{"embeddable":true,"href":"https:\/\/betlabel.games\/az\/wp-json\/wp\/v2\/pages\/201"}],"wp:attachment":[{"href":"https:\/\/betlabel.games\/az\/wp-json\/wp\/v2\/media?parent=447"}],"curies":[{"name":"wp","href":"https:\/\/api.w.org\/{rel}","templated":true}]}}