{"id":267,"date":"2024-10-10T12:44:36","date_gmt":"2024-10-10T12:44:36","guid":{"rendered":"https:\/\/betlabel.games\/bs\/?page_id=267"},"modified":"2025-10-26T13:01:28","modified_gmt":"2025-10-26T13:01:28","slug":"registration","status":"publish","type":"page","link":"https:\/\/betlabel.games\/bs\/registration\/","title":{"rendered":"Registracija"},"content":{"rendered":"","protected":false},"excerpt":{"rendered":"","protected":false},"author":1,"featured_media":0,"parent":0,"menu_order":0,"comment_status":"closed","ping_status":"closed","template":"","meta":{"footnotes":""},"class_list":["post-267","page","type-page","status-publish","hentry"],"yoast_head":"<!-- This site is optimized with the Yoast SEO plugin v27.4 - https:\/\/yoast.com\/product\/yoast-seo-wordpress\/ -->\n<title>Registracija na BetLabel | Jednostavan vodi\u010d za registraciju<\/title>\n<meta name=\"description\" content=\"Kako otvoriti BetLabel Bosnia and Herzegovina ra\u010dun i iskoristiti bonuse. Registrujte se i ostvarite BetLabel bonus dobrodo\u0161lice \u2713 Registrujte se i zapo\u010dnite svoje kladioni\u010darsko putovanje odmah\" \/>\n<meta name=\"robots\" content=\"index, follow, max-snippet:-1, max-image-preview:large, max-video-preview:-1\" \/>\n<meta property=\"og:locale\" content=\"bs_BA\" \/>\n<meta property=\"og:type\" content=\"article\" \/>\n<meta property=\"og:title\" content=\"Registracija na BetLabel | Jednostavan vodi\u010d za registraciju\" \/>\n<meta property=\"og:description\" content=\"Kako otvoriti BetLabel Bosnia and Herzegovina ra\u010dun i iskoristiti bonuse. Registrujte se i ostvarite BetLabel bonus dobrodo\u0161lice \u2713 Registrujte se i zapo\u010dnite svoje kladioni\u010darsko putovanje odmah\" \/>\n<meta property=\"og:url\" content=\"https:\/\/betlabel.games\/bs\/registration\/\" \/>\n<meta property=\"og:site_name\" content=\"Betlabel bs\" \/>\n<meta property=\"article:modified_time\" content=\"2025-10-26T13:01:28+00:00\" \/>\n<meta name=\"twitter:card\" content=\"summary_large_image\" \/>\n<script type=\"application\/ld+json\" class=\"yoast-schema-graph\">{\"@context\":\"https:\\\/\\\/schema.org\",\"@graph\":[{\"@type\":\"WebPage\",\"@id\":\"https:\\\/\\\/betlabel.games\\\/bs\\\/registration\\\/\",\"url\":\"https:\\\/\\\/betlabel.games\\\/bs\\\/registration\\\/\",\"name\":\"Registracija na BetLabel | Jednostavan vodi\u010d za registraciju\",\"isPartOf\":{\"@id\":\"https:\\\/\\\/betlabel.games\\\/bs\\\/#website\"},\"datePublished\":\"2024-10-10T12:44:36+00:00\",\"dateModified\":\"2025-10-26T13:01:28+00:00\",\"description\":\"Kako otvoriti BetLabel Bosnia and Herzegovina ra\u010dun i iskoristiti bonuse. Registrujte se i ostvarite BetLabel bonus dobrodo\u0161lice \u2713 Registrujte se i zapo\u010dnite svoje kladioni\u010darsko putovanje odmah\",\"breadcrumb\":{\"@id\":\"https:\\\/\\\/betlabel.games\\\/bs\\\/registration\\\/#breadcrumb\"},\"inLanguage\":\"bs-BA\",\"potentialAction\":[{\"@type\":\"ReadAction\",\"target\":[\"https:\\\/\\\/betlabel.games\\\/bs\\\/registration\\\/\"]}]},{\"@type\":\"BreadcrumbList\",\"@id\":\"https:\\\/\\\/betlabel.games\\\/bs\\\/registration\\\/#breadcrumb\",\"itemListElement\":[{\"@type\":\"ListItem\",\"position\":1,\"name\":\"Home\",\"item\":\"https:\\\/\\\/betlabel.games\\\/bs\\\/\"},{\"@type\":\"ListItem\",\"position\":2,\"name\":\"Registracija\"}]},{\"@type\":\"WebSite\",\"@id\":\"https:\\\/\\\/betlabel.games\\\/bs\\\/#website\",\"url\":\"https:\\\/\\\/betlabel.games\\\/bs\\\/\",\"name\":\"Betlabel bs\",\"description\":\"My WordPress Blog\",\"potentialAction\":[{\"@type\":\"SearchAction\",\"target\":{\"@type\":\"EntryPoint\",\"urlTemplate\":\"https:\\\/\\\/betlabel.games\\\/bs\\\/?s={search_term_string}\"},\"query-input\":{\"@type\":\"PropertyValueSpecification\",\"valueRequired\":true,\"valueName\":\"search_term_string\"}}],\"inLanguage\":\"bs-BA\"}]}<\/script>\n<!-- \/ Yoast SEO plugin. -->","yoast_head_json":{"title":"Registracija na BetLabel | Jednostavan vodi\u010d za registraciju","description":"Kako otvoriti BetLabel Bosnia and Herzegovina ra\u010dun i iskoristiti bonuse. Registrujte se i ostvarite BetLabel bonus dobrodo\u0161lice \u2713 Registrujte se i zapo\u010dnite svoje kladioni\u010darsko putovanje odmah","robots":{"index":"index","follow":"follow","max-snippet":"max-snippet:-1","max-image-preview":"max-image-preview:large","max-video-preview":"max-video-preview:-1"},"og_locale":"bs_BA","og_type":"article","og_title":"Registracija na BetLabel | Jednostavan vodi\u010d za registraciju","og_description":"Kako otvoriti BetLabel Bosnia and Herzegovina ra\u010dun i iskoristiti bonuse. Registrujte se i ostvarite BetLabel bonus dobrodo\u0161lice \u2713 Registrujte se i zapo\u010dnite svoje kladioni\u010darsko putovanje odmah","og_url":"https:\/\/betlabel.games\/bs\/registration\/","og_site_name":"Betlabel bs","article_modified_time":"2025-10-26T13:01:28+00:00","twitter_card":"summary_large_image","schema":{"@context":"https:\/\/schema.org","@graph":[{"@type":"WebPage","@id":"https:\/\/betlabel.games\/bs\/registration\/","url":"https:\/\/betlabel.games\/bs\/registration\/","name":"Registracija na BetLabel | Jednostavan vodi\u010d za registraciju","isPartOf":{"@id":"https:\/\/betlabel.games\/bs\/#website"},"datePublished":"2024-10-10T12:44:36+00:00","dateModified":"2025-10-26T13:01:28+00:00","description":"Kako otvoriti BetLabel Bosnia and Herzegovina ra\u010dun i iskoristiti bonuse. Registrujte se i ostvarite BetLabel bonus dobrodo\u0161lice \u2713 Registrujte se i zapo\u010dnite svoje kladioni\u010darsko putovanje odmah","breadcrumb":{"@id":"https:\/\/betlabel.games\/bs\/registration\/#breadcrumb"},"inLanguage":"bs-BA","potentialAction":[{"@type":"ReadAction","target":["https:\/\/betlabel.games\/bs\/registration\/"]}]},{"@type":"BreadcrumbList","@id":"https:\/\/betlabel.games\/bs\/registration\/#breadcrumb","itemListElement":[{"@type":"ListItem","position":1,"name":"Home","item":"https:\/\/betlabel.games\/bs\/"},{"@type":"ListItem","position":2,"name":"Registracija"}]},{"@type":"WebSite","@id":"https:\/\/betlabel.games\/bs\/#website","url":"https:\/\/betlabel.games\/bs\/","name":"Betlabel bs","description":"My WordPress Blog","potentialAction":[{"@type":"SearchAction","target":{"@type":"EntryPoint","urlTemplate":"https:\/\/betlabel.games\/bs\/?s={search_term_string}"},"query-input":{"@type":"PropertyValueSpecification","valueRequired":true,"valueName":"search_term_string"}}],"inLanguage":"bs-BA"}]}},"_links":{"self":[{"href":"https:\/\/betlabel.games\/bs\/wp-json\/wp\/v2\/pages\/267","targetHints":{"allow":["GET"]}}],"collection":[{"href":"https:\/\/betlabel.games\/bs\/wp-json\/wp\/v2\/pages"}],"about":[{"href":"https:\/\/betlabel.games\/bs\/wp-json\/wp\/v2\/types\/page"}],"author":[{"embeddable":true,"href":"https:\/\/betlabel.games\/bs\/wp-json\/wp\/v2\/users\/1"}],"replies":[{"embeddable":true,"href":"https:\/\/betlabel.games\/bs\/wp-json\/wp\/v2\/comments?post=267"}],"version-history":[{"count":3,"href":"https:\/\/betlabel.games\/bs\/wp-json\/wp\/v2\/pages\/267\/revisions"}],"predecessor-version":[{"id":623,"href":"https:\/\/betlabel.games\/bs\/wp-json\/wp\/v2\/pages\/267\/revisions\/623"}],"wp:attachment":[{"href":"https:\/\/betlabel.games\/bs\/wp-json\/wp\/v2\/media?parent=267"}],"curies":[{"name":"wp","href":"https:\/\/api.w.org\/{rel}","templated":true}]}}