{"id":270,"date":"2024-10-10T12:51:51","date_gmt":"2024-10-10T12:51:51","guid":{"rendered":"https:\/\/betlabel.games\/bs\/?page_id=270"},"modified":"2025-10-11T09:11:46","modified_gmt":"2025-10-11T09:11:46","slug":"login","status":"publish","type":"page","link":"https:\/\/betlabel.games\/bs\/login\/","title":{"rendered":"Prijava"},"content":{"rendered":"","protected":false},"excerpt":{"rendered":"","protected":false},"author":1,"featured_media":0,"parent":0,"menu_order":0,"comment_status":"closed","ping_status":"closed","template":"","meta":{"footnotes":""},"class_list":["post-270","page","type-page","status-publish","hentry"],"yoast_head":"<!-- This site is optimized with the Yoast SEO plugin v27.4 - https:\/\/yoast.com\/product\/yoast-seo-wordpress\/ -->\n<title>BetLabel | Prijava na slu\u017ebenu web stranicu za kla\u0111enje<\/title>\n<meta name=\"description\" content=\"Prijava na slu\u017ebenu BetLabel Bosnia and Herzegovina stranicu \u2713 Kako dovr\u0161iti prijavu na BetLabel i zapo\u010deti kla\u0111enje \u279c Za prijavu na BetLabel, jednostavno idite na BetLabel Sportsbook i unesite svoje korisni\u010dko ime i lozinku\" \/>\n<meta name=\"robots\" content=\"index, follow, max-snippet:-1, max-image-preview:large, max-video-preview:-1\" \/>\n<meta property=\"og:locale\" content=\"bs_BA\" \/>\n<meta property=\"og:type\" content=\"article\" \/>\n<meta property=\"og:title\" content=\"BetLabel | Prijava na slu\u017ebenu web stranicu za kla\u0111enje\" \/>\n<meta property=\"og:description\" content=\"Prijava na slu\u017ebenu BetLabel Bosnia and Herzegovina stranicu \u2713 Kako dovr\u0161iti prijavu na BetLabel i zapo\u010deti kla\u0111enje \u279c Za prijavu na BetLabel, jednostavno idite na BetLabel Sportsbook i unesite svoje korisni\u010dko ime i lozinku\" \/>\n<meta property=\"og:url\" content=\"https:\/\/betlabel.games\/bs\/login\/\" \/>\n<meta property=\"og:site_name\" content=\"Betlabel bs\" \/>\n<meta property=\"article:modified_time\" content=\"2025-10-11T09:11:46+00:00\" \/>\n<meta name=\"twitter:card\" content=\"summary_large_image\" \/>\n<script type=\"application\/ld+json\" class=\"yoast-schema-graph\">{\"@context\":\"https:\\\/\\\/schema.org\",\"@graph\":[{\"@type\":\"WebPage\",\"@id\":\"https:\\\/\\\/betlabel.games\\\/bs\\\/login\\\/\",\"url\":\"https:\\\/\\\/betlabel.games\\\/bs\\\/login\\\/\",\"name\":\"BetLabel | Prijava na slu\u017ebenu web stranicu za kla\u0111enje\",\"isPartOf\":{\"@id\":\"https:\\\/\\\/betlabel.games\\\/bs\\\/#website\"},\"datePublished\":\"2024-10-10T12:51:51+00:00\",\"dateModified\":\"2025-10-11T09:11:46+00:00\",\"description\":\"Prijava na slu\u017ebenu BetLabel Bosnia and Herzegovina stranicu \u2713 Kako dovr\u0161iti prijavu na BetLabel i zapo\u010deti kla\u0111enje \u279c Za prijavu na BetLabel, jednostavno idite na BetLabel Sportsbook i unesite svoje korisni\u010dko ime i lozinku\",\"breadcrumb\":{\"@id\":\"https:\\\/\\\/betlabel.games\\\/bs\\\/login\\\/#breadcrumb\"},\"inLanguage\":\"bs-BA\",\"potentialAction\":[{\"@type\":\"ReadAction\",\"target\":[\"https:\\\/\\\/betlabel.games\\\/bs\\\/login\\\/\"]}]},{\"@type\":\"BreadcrumbList\",\"@id\":\"https:\\\/\\\/betlabel.games\\\/bs\\\/login\\\/#breadcrumb\",\"itemListElement\":[{\"@type\":\"ListItem\",\"position\":1,\"name\":\"Home\",\"item\":\"https:\\\/\\\/betlabel.games\\\/bs\\\/\"},{\"@type\":\"ListItem\",\"position\":2,\"name\":\"Prijava\"}]},{\"@type\":\"WebSite\",\"@id\":\"https:\\\/\\\/betlabel.games\\\/bs\\\/#website\",\"url\":\"https:\\\/\\\/betlabel.games\\\/bs\\\/\",\"name\":\"Betlabel bs\",\"description\":\"My WordPress Blog\",\"potentialAction\":[{\"@type\":\"SearchAction\",\"target\":{\"@type\":\"EntryPoint\",\"urlTemplate\":\"https:\\\/\\\/betlabel.games\\\/bs\\\/?s={search_term_string}\"},\"query-input\":{\"@type\":\"PropertyValueSpecification\",\"valueRequired\":true,\"valueName\":\"search_term_string\"}}],\"inLanguage\":\"bs-BA\"}]}<\/script>\n<!-- \/ Yoast SEO plugin. -->","yoast_head_json":{"title":"BetLabel | Prijava na slu\u017ebenu web stranicu za kla\u0111enje","description":"Prijava na slu\u017ebenu BetLabel Bosnia and Herzegovina stranicu \u2713 Kako dovr\u0161iti prijavu na BetLabel i zapo\u010deti kla\u0111enje \u279c Za prijavu na BetLabel, jednostavno idite na BetLabel Sportsbook i unesite svoje korisni\u010dko ime i lozinku","robots":{"index":"index","follow":"follow","max-snippet":"max-snippet:-1","max-image-preview":"max-image-preview:large","max-video-preview":"max-video-preview:-1"},"og_locale":"bs_BA","og_type":"article","og_title":"BetLabel | Prijava na slu\u017ebenu web stranicu za kla\u0111enje","og_description":"Prijava na slu\u017ebenu BetLabel Bosnia and Herzegovina stranicu \u2713 Kako dovr\u0161iti prijavu na BetLabel i zapo\u010deti kla\u0111enje \u279c Za prijavu na BetLabel, jednostavno idite na BetLabel Sportsbook i unesite svoje korisni\u010dko ime i lozinku","og_url":"https:\/\/betlabel.games\/bs\/login\/","og_site_name":"Betlabel bs","article_modified_time":"2025-10-11T09:11:46+00:00","twitter_card":"summary_large_image","schema":{"@context":"https:\/\/schema.org","@graph":[{"@type":"WebPage","@id":"https:\/\/betlabel.games\/bs\/login\/","url":"https:\/\/betlabel.games\/bs\/login\/","name":"BetLabel | Prijava na slu\u017ebenu web stranicu za kla\u0111enje","isPartOf":{"@id":"https:\/\/betlabel.games\/bs\/#website"},"datePublished":"2024-10-10T12:51:51+00:00","dateModified":"2025-10-11T09:11:46+00:00","description":"Prijava na slu\u017ebenu BetLabel Bosnia and Herzegovina stranicu \u2713 Kako dovr\u0161iti prijavu na BetLabel i zapo\u010deti kla\u0111enje \u279c Za prijavu na BetLabel, jednostavno idite na BetLabel Sportsbook i unesite svoje korisni\u010dko ime i lozinku","breadcrumb":{"@id":"https:\/\/betlabel.games\/bs\/login\/#breadcrumb"},"inLanguage":"bs-BA","potentialAction":[{"@type":"ReadAction","target":["https:\/\/betlabel.games\/bs\/login\/"]}]},{"@type":"BreadcrumbList","@id":"https:\/\/betlabel.games\/bs\/login\/#breadcrumb","itemListElement":[{"@type":"ListItem","position":1,"name":"Home","item":"https:\/\/betlabel.games\/bs\/"},{"@type":"ListItem","position":2,"name":"Prijava"}]},{"@type":"WebSite","@id":"https:\/\/betlabel.games\/bs\/#website","url":"https:\/\/betlabel.games\/bs\/","name":"Betlabel bs","description":"My WordPress Blog","potentialAction":[{"@type":"SearchAction","target":{"@type":"EntryPoint","urlTemplate":"https:\/\/betlabel.games\/bs\/?s={search_term_string}"},"query-input":{"@type":"PropertyValueSpecification","valueRequired":true,"valueName":"search_term_string"}}],"inLanguage":"bs-BA"}]}},"_links":{"self":[{"href":"https:\/\/betlabel.games\/bs\/wp-json\/wp\/v2\/pages\/270","targetHints":{"allow":["GET"]}}],"collection":[{"href":"https:\/\/betlabel.games\/bs\/wp-json\/wp\/v2\/pages"}],"about":[{"href":"https:\/\/betlabel.games\/bs\/wp-json\/wp\/v2\/types\/page"}],"author":[{"embeddable":true,"href":"https:\/\/betlabel.games\/bs\/wp-json\/wp\/v2\/users\/1"}],"replies":[{"embeddable":true,"href":"https:\/\/betlabel.games\/bs\/wp-json\/wp\/v2\/comments?post=270"}],"version-history":[{"count":2,"href":"https:\/\/betlabel.games\/bs\/wp-json\/wp\/v2\/pages\/270\/revisions"}],"predecessor-version":[{"id":603,"href":"https:\/\/betlabel.games\/bs\/wp-json\/wp\/v2\/pages\/270\/revisions\/603"}],"wp:attachment":[{"href":"https:\/\/betlabel.games\/bs\/wp-json\/wp\/v2\/media?parent=270"}],"curies":[{"name":"wp","href":"https:\/\/api.w.org\/{rel}","templated":true}]}}