{"id":275,"date":"2024-10-10T12:58:51","date_gmt":"2024-10-10T12:58:51","guid":{"rendered":"https:\/\/betlabel.games\/bs\/?page_id=275"},"modified":"2025-10-11T07:54:02","modified_gmt":"2025-10-11T07:54:02","slug":"affiliate","status":"publish","type":"page","link":"https:\/\/betlabel.games\/bs\/affiliate\/","title":{"rendered":"Affiliate"},"content":{"rendered":"","protected":false},"excerpt":{"rendered":"","protected":false},"author":1,"featured_media":0,"parent":0,"menu_order":0,"comment_status":"closed","ping_status":"closed","template":"","meta":{"footnotes":""},"class_list":["post-275","page","type-page","status-publish","hentry"],"yoast_head":"<!-- This site is optimized with the Yoast SEO plugin v27.4 - https:\/\/yoast.com\/product\/yoast-seo-wordpress\/ -->\n<title>BetLabel partneri | Partnerski program za kla\u0111enje i kazino<\/title>\n<meta name=\"description\" content=\"BetLabel Bosnia and Herzegovina partnerski program nudi provizije od 30% za podjelu prihoda uz prakti\u010dne alate za izvje\u0161tavanje i marketing. Podijelite svoj li\u010dni BetLabel link i zaradite proviziju za svakog korisnika koji se registruje i ulo\u017ei novac.\" \/>\n<meta name=\"robots\" content=\"index, follow, max-snippet:-1, max-image-preview:large, max-video-preview:-1\" \/>\n<meta property=\"og:locale\" content=\"bs_BA\" \/>\n<meta property=\"og:type\" content=\"article\" \/>\n<meta property=\"og:title\" content=\"BetLabel partneri | Partnerski program za kla\u0111enje i kazino\" \/>\n<meta property=\"og:description\" content=\"BetLabel Bosnia and Herzegovina partnerski program nudi provizije od 30% za podjelu prihoda uz prakti\u010dne alate za izvje\u0161tavanje i marketing. Podijelite svoj li\u010dni BetLabel link i zaradite proviziju za svakog korisnika koji se registruje i ulo\u017ei novac.\" \/>\n<meta property=\"og:url\" content=\"https:\/\/betlabel.games\/bs\/affiliate\/\" \/>\n<meta property=\"og:site_name\" content=\"Betlabel bs\" \/>\n<meta property=\"article:modified_time\" content=\"2025-10-11T07:54:02+00:00\" \/>\n<meta name=\"twitter:card\" content=\"summary_large_image\" \/>\n<script type=\"application\/ld+json\" class=\"yoast-schema-graph\">{\"@context\":\"https:\\\/\\\/schema.org\",\"@graph\":[{\"@type\":\"WebPage\",\"@id\":\"https:\\\/\\\/betlabel.games\\\/bs\\\/affiliate\\\/\",\"url\":\"https:\\\/\\\/betlabel.games\\\/bs\\\/affiliate\\\/\",\"name\":\"BetLabel partneri | Partnerski program za kla\u0111enje i kazino\",\"isPartOf\":{\"@id\":\"https:\\\/\\\/betlabel.games\\\/bs\\\/#website\"},\"datePublished\":\"2024-10-10T12:58:51+00:00\",\"dateModified\":\"2025-10-11T07:54:02+00:00\",\"description\":\"BetLabel Bosnia and Herzegovina partnerski program nudi provizije od 30% za podjelu prihoda uz prakti\u010dne alate za izvje\u0161tavanje i marketing. Podijelite svoj li\u010dni BetLabel link i zaradite proviziju za svakog korisnika koji se registruje i ulo\u017ei novac.\",\"breadcrumb\":{\"@id\":\"https:\\\/\\\/betlabel.games\\\/bs\\\/affiliate\\\/#breadcrumb\"},\"inLanguage\":\"bs-BA\",\"potentialAction\":[{\"@type\":\"ReadAction\",\"target\":[\"https:\\\/\\\/betlabel.games\\\/bs\\\/affiliate\\\/\"]}]},{\"@type\":\"BreadcrumbList\",\"@id\":\"https:\\\/\\\/betlabel.games\\\/bs\\\/affiliate\\\/#breadcrumb\",\"itemListElement\":[{\"@type\":\"ListItem\",\"position\":1,\"name\":\"Home\",\"item\":\"https:\\\/\\\/betlabel.games\\\/bs\\\/\"},{\"@type\":\"ListItem\",\"position\":2,\"name\":\"Affiliate\"}]},{\"@type\":\"WebSite\",\"@id\":\"https:\\\/\\\/betlabel.games\\\/bs\\\/#website\",\"url\":\"https:\\\/\\\/betlabel.games\\\/bs\\\/\",\"name\":\"Betlabel bs\",\"description\":\"My WordPress Blog\",\"potentialAction\":[{\"@type\":\"SearchAction\",\"target\":{\"@type\":\"EntryPoint\",\"urlTemplate\":\"https:\\\/\\\/betlabel.games\\\/bs\\\/?s={search_term_string}\"},\"query-input\":{\"@type\":\"PropertyValueSpecification\",\"valueRequired\":true,\"valueName\":\"search_term_string\"}}],\"inLanguage\":\"bs-BA\"}]}<\/script>\n<!-- \/ Yoast SEO plugin. -->","yoast_head_json":{"title":"BetLabel partneri | Partnerski program za kla\u0111enje i kazino","description":"BetLabel Bosnia and Herzegovina partnerski program nudi provizije od 30% za podjelu prihoda uz prakti\u010dne alate za izvje\u0161tavanje i marketing. Podijelite svoj li\u010dni BetLabel link i zaradite proviziju za svakog korisnika koji se registruje i ulo\u017ei novac.","robots":{"index":"index","follow":"follow","max-snippet":"max-snippet:-1","max-image-preview":"max-image-preview:large","max-video-preview":"max-video-preview:-1"},"og_locale":"bs_BA","og_type":"article","og_title":"BetLabel partneri | Partnerski program za kla\u0111enje i kazino","og_description":"BetLabel Bosnia and Herzegovina partnerski program nudi provizije od 30% za podjelu prihoda uz prakti\u010dne alate za izvje\u0161tavanje i marketing. Podijelite svoj li\u010dni BetLabel link i zaradite proviziju za svakog korisnika koji se registruje i ulo\u017ei novac.","og_url":"https:\/\/betlabel.games\/bs\/affiliate\/","og_site_name":"Betlabel bs","article_modified_time":"2025-10-11T07:54:02+00:00","twitter_card":"summary_large_image","schema":{"@context":"https:\/\/schema.org","@graph":[{"@type":"WebPage","@id":"https:\/\/betlabel.games\/bs\/affiliate\/","url":"https:\/\/betlabel.games\/bs\/affiliate\/","name":"BetLabel partneri | Partnerski program za kla\u0111enje i kazino","isPartOf":{"@id":"https:\/\/betlabel.games\/bs\/#website"},"datePublished":"2024-10-10T12:58:51+00:00","dateModified":"2025-10-11T07:54:02+00:00","description":"BetLabel Bosnia and Herzegovina partnerski program nudi provizije od 30% za podjelu prihoda uz prakti\u010dne alate za izvje\u0161tavanje i marketing. Podijelite svoj li\u010dni BetLabel link i zaradite proviziju za svakog korisnika koji se registruje i ulo\u017ei novac.","breadcrumb":{"@id":"https:\/\/betlabel.games\/bs\/affiliate\/#breadcrumb"},"inLanguage":"bs-BA","potentialAction":[{"@type":"ReadAction","target":["https:\/\/betlabel.games\/bs\/affiliate\/"]}]},{"@type":"BreadcrumbList","@id":"https:\/\/betlabel.games\/bs\/affiliate\/#breadcrumb","itemListElement":[{"@type":"ListItem","position":1,"name":"Home","item":"https:\/\/betlabel.games\/bs\/"},{"@type":"ListItem","position":2,"name":"Affiliate"}]},{"@type":"WebSite","@id":"https:\/\/betlabel.games\/bs\/#website","url":"https:\/\/betlabel.games\/bs\/","name":"Betlabel bs","description":"My WordPress Blog","potentialAction":[{"@type":"SearchAction","target":{"@type":"EntryPoint","urlTemplate":"https:\/\/betlabel.games\/bs\/?s={search_term_string}"},"query-input":{"@type":"PropertyValueSpecification","valueRequired":true,"valueName":"search_term_string"}}],"inLanguage":"bs-BA"}]}},"_links":{"self":[{"href":"https:\/\/betlabel.games\/bs\/wp-json\/wp\/v2\/pages\/275","targetHints":{"allow":["GET"]}}],"collection":[{"href":"https:\/\/betlabel.games\/bs\/wp-json\/wp\/v2\/pages"}],"about":[{"href":"https:\/\/betlabel.games\/bs\/wp-json\/wp\/v2\/types\/page"}],"author":[{"embeddable":true,"href":"https:\/\/betlabel.games\/bs\/wp-json\/wp\/v2\/users\/1"}],"replies":[{"embeddable":true,"href":"https:\/\/betlabel.games\/bs\/wp-json\/wp\/v2\/comments?post=275"}],"version-history":[{"count":2,"href":"https:\/\/betlabel.games\/bs\/wp-json\/wp\/v2\/pages\/275\/revisions"}],"predecessor-version":[{"id":597,"href":"https:\/\/betlabel.games\/bs\/wp-json\/wp\/v2\/pages\/275\/revisions\/597"}],"wp:attachment":[{"href":"https:\/\/betlabel.games\/bs\/wp-json\/wp\/v2\/media?parent=275"}],"curies":[{"name":"wp","href":"https:\/\/api.w.org\/{rel}","templated":true}]}}