{"id":420,"date":"2025-06-13T06:21:39","date_gmt":"2025-06-13T06:21:39","guid":{"rendered":"https:\/\/betlabel.games\/bs\/?page_id=420"},"modified":"2025-10-26T12:55:12","modified_gmt":"2025-10-26T12:55:12","slug":"first-deposit","status":"publish","type":"page","link":"https:\/\/betlabel.games\/bs\/bonuses\/first-deposit\/","title":{"rendered":"Prvi depozit"},"content":{"rendered":"","protected":false},"excerpt":{"rendered":"","protected":false},"author":1,"featured_media":0,"parent":201,"menu_order":0,"comment_status":"closed","ping_status":"closed","template":"","meta":{"footnotes":""},"class_list":["post-420","page","type-page","status-publish","hentry"],"yoast_head":"<!-- This site is optimized with the Yoast SEO plugin v27.4 - https:\/\/yoast.com\/product\/yoast-seo-wordpress\/ -->\n<title>Ostvarite 100% na svoj prvi depozit na BetLabelu | do 190 BAM<\/title>\n<meta name=\"description\" content=\"Ne propustite priliku da ostvarite 100% popusta na svoj prvi depozit na BetLabel! Registrujte se i ostvarite do 190 KM za sportsko kla\u0111enje. Jednostavno je, brzo i profitabilno \u2013 va\u0161 bonus vas ve\u0107 \u010deka!\" \/>\n<meta name=\"robots\" content=\"index, follow, max-snippet:-1, max-image-preview:large, max-video-preview:-1\" \/>\n<meta property=\"og:locale\" content=\"bs_BA\" \/>\n<meta property=\"og:type\" content=\"article\" \/>\n<meta property=\"og:title\" content=\"Ostvarite 100% na svoj prvi depozit na BetLabelu | do 190 BAM\" \/>\n<meta property=\"og:description\" content=\"Ne propustite priliku da ostvarite 100% popusta na svoj prvi depozit na BetLabel! Registrujte se i ostvarite do 190 KM za sportsko kla\u0111enje. Jednostavno je, brzo i profitabilno \u2013 va\u0161 bonus vas ve\u0107 \u010deka!\" \/>\n<meta property=\"og:url\" content=\"https:\/\/betlabel.games\/bs\/bonuses\/first-deposit\/\" \/>\n<meta property=\"og:site_name\" content=\"Betlabel bs\" \/>\n<meta property=\"article:modified_time\" content=\"2025-10-26T12:55:12+00:00\" \/>\n<meta name=\"twitter:card\" content=\"summary_large_image\" \/>\n<script type=\"application\/ld+json\" class=\"yoast-schema-graph\">{\"@context\":\"https:\\\/\\\/schema.org\",\"@graph\":[{\"@type\":\"WebPage\",\"@id\":\"https:\\\/\\\/betlabel.games\\\/bs\\\/bonuses\\\/first-deposit\\\/\",\"url\":\"https:\\\/\\\/betlabel.games\\\/bs\\\/bonuses\\\/first-deposit\\\/\",\"name\":\"Ostvarite 100% na svoj prvi depozit na BetLabelu | do 190 BAM\",\"isPartOf\":{\"@id\":\"https:\\\/\\\/betlabel.games\\\/bs\\\/#website\"},\"datePublished\":\"2025-06-13T06:21:39+00:00\",\"dateModified\":\"2025-10-26T12:55:12+00:00\",\"description\":\"Ne propustite priliku da ostvarite 100% popusta na svoj prvi depozit na BetLabel! Registrujte se i ostvarite do 190 KM za sportsko kla\u0111enje. Jednostavno je, brzo i profitabilno \u2013 va\u0161 bonus vas ve\u0107 \u010deka!\",\"breadcrumb\":{\"@id\":\"https:\\\/\\\/betlabel.games\\\/bs\\\/bonuses\\\/first-deposit\\\/#breadcrumb\"},\"inLanguage\":\"bs-BA\",\"potentialAction\":[{\"@type\":\"ReadAction\",\"target\":[\"https:\\\/\\\/betlabel.games\\\/bs\\\/bonuses\\\/first-deposit\\\/\"]}]},{\"@type\":\"BreadcrumbList\",\"@id\":\"https:\\\/\\\/betlabel.games\\\/bs\\\/bonuses\\\/first-deposit\\\/#breadcrumb\",\"itemListElement\":[{\"@type\":\"ListItem\",\"position\":1,\"name\":\"Home\",\"item\":\"https:\\\/\\\/betlabel.games\\\/bs\\\/\"},{\"@type\":\"ListItem\",\"position\":2,\"name\":\"Bonusi\",\"item\":\"https:\\\/\\\/betlabel.games\\\/bs\\\/bonuses\\\/\"},{\"@type\":\"ListItem\",\"position\":3,\"name\":\"Prvi depozit\"}]},{\"@type\":\"WebSite\",\"@id\":\"https:\\\/\\\/betlabel.games\\\/bs\\\/#website\",\"url\":\"https:\\\/\\\/betlabel.games\\\/bs\\\/\",\"name\":\"Betlabel bs\",\"description\":\"My WordPress Blog\",\"potentialAction\":[{\"@type\":\"SearchAction\",\"target\":{\"@type\":\"EntryPoint\",\"urlTemplate\":\"https:\\\/\\\/betlabel.games\\\/bs\\\/?s={search_term_string}\"},\"query-input\":{\"@type\":\"PropertyValueSpecification\",\"valueRequired\":true,\"valueName\":\"search_term_string\"}}],\"inLanguage\":\"bs-BA\"}]}<\/script>\n<!-- \/ Yoast SEO plugin. -->","yoast_head_json":{"title":"Ostvarite 100% na svoj prvi depozit na BetLabelu | do 190 BAM","description":"Ne propustite priliku da ostvarite 100% popusta na svoj prvi depozit na BetLabel! Registrujte se i ostvarite do 190 KM za sportsko kla\u0111enje. Jednostavno je, brzo i profitabilno \u2013 va\u0161 bonus vas ve\u0107 \u010deka!","robots":{"index":"index","follow":"follow","max-snippet":"max-snippet:-1","max-image-preview":"max-image-preview:large","max-video-preview":"max-video-preview:-1"},"og_locale":"bs_BA","og_type":"article","og_title":"Ostvarite 100% na svoj prvi depozit na BetLabelu | do 190 BAM","og_description":"Ne propustite priliku da ostvarite 100% popusta na svoj prvi depozit na BetLabel! Registrujte se i ostvarite do 190 KM za sportsko kla\u0111enje. Jednostavno je, brzo i profitabilno \u2013 va\u0161 bonus vas ve\u0107 \u010deka!","og_url":"https:\/\/betlabel.games\/bs\/bonuses\/first-deposit\/","og_site_name":"Betlabel bs","article_modified_time":"2025-10-26T12:55:12+00:00","twitter_card":"summary_large_image","schema":{"@context":"https:\/\/schema.org","@graph":[{"@type":"WebPage","@id":"https:\/\/betlabel.games\/bs\/bonuses\/first-deposit\/","url":"https:\/\/betlabel.games\/bs\/bonuses\/first-deposit\/","name":"Ostvarite 100% na svoj prvi depozit na BetLabelu | do 190 BAM","isPartOf":{"@id":"https:\/\/betlabel.games\/bs\/#website"},"datePublished":"2025-06-13T06:21:39+00:00","dateModified":"2025-10-26T12:55:12+00:00","description":"Ne propustite priliku da ostvarite 100% popusta na svoj prvi depozit na BetLabel! Registrujte se i ostvarite do 190 KM za sportsko kla\u0111enje. Jednostavno je, brzo i profitabilno \u2013 va\u0161 bonus vas ve\u0107 \u010deka!","breadcrumb":{"@id":"https:\/\/betlabel.games\/bs\/bonuses\/first-deposit\/#breadcrumb"},"inLanguage":"bs-BA","potentialAction":[{"@type":"ReadAction","target":["https:\/\/betlabel.games\/bs\/bonuses\/first-deposit\/"]}]},{"@type":"BreadcrumbList","@id":"https:\/\/betlabel.games\/bs\/bonuses\/first-deposit\/#breadcrumb","itemListElement":[{"@type":"ListItem","position":1,"name":"Home","item":"https:\/\/betlabel.games\/bs\/"},{"@type":"ListItem","position":2,"name":"Bonusi","item":"https:\/\/betlabel.games\/bs\/bonuses\/"},{"@type":"ListItem","position":3,"name":"Prvi depozit"}]},{"@type":"WebSite","@id":"https:\/\/betlabel.games\/bs\/#website","url":"https:\/\/betlabel.games\/bs\/","name":"Betlabel bs","description":"My WordPress Blog","potentialAction":[{"@type":"SearchAction","target":{"@type":"EntryPoint","urlTemplate":"https:\/\/betlabel.games\/bs\/?s={search_term_string}"},"query-input":{"@type":"PropertyValueSpecification","valueRequired":true,"valueName":"search_term_string"}}],"inLanguage":"bs-BA"}]}},"_links":{"self":[{"href":"https:\/\/betlabel.games\/bs\/wp-json\/wp\/v2\/pages\/420","targetHints":{"allow":["GET"]}}],"collection":[{"href":"https:\/\/betlabel.games\/bs\/wp-json\/wp\/v2\/pages"}],"about":[{"href":"https:\/\/betlabel.games\/bs\/wp-json\/wp\/v2\/types\/page"}],"author":[{"embeddable":true,"href":"https:\/\/betlabel.games\/bs\/wp-json\/wp\/v2\/users\/1"}],"replies":[{"embeddable":true,"href":"https:\/\/betlabel.games\/bs\/wp-json\/wp\/v2\/comments?post=420"}],"version-history":[{"count":8,"href":"https:\/\/betlabel.games\/bs\/wp-json\/wp\/v2\/pages\/420\/revisions"}],"predecessor-version":[{"id":614,"href":"https:\/\/betlabel.games\/bs\/wp-json\/wp\/v2\/pages\/420\/revisions\/614"}],"up":[{"embeddable":true,"href":"https:\/\/betlabel.games\/bs\/wp-json\/wp\/v2\/pages\/201"}],"wp:attachment":[{"href":"https:\/\/betlabel.games\/bs\/wp-json\/wp\/v2\/media?parent=420"}],"curies":[{"name":"wp","href":"https:\/\/api.w.org\/{rel}","templated":true}]}}