{"id":201,"date":"2024-10-03T12:45:57","date_gmt":"2024-10-03T12:45:57","guid":{"rendered":"https:\/\/betlabel.games\/cl\/?page_id=201"},"modified":"2026-01-12T05:32:31","modified_gmt":"2026-01-12T05:32:31","slug":"bonuses","status":"publish","type":"page","link":"https:\/\/betlabel.games\/cl\/bonuses\/","title":{"rendered":"Bonificaciones"},"content":{"rendered":"","protected":false},"excerpt":{"rendered":"","protected":false},"author":1,"featured_media":0,"parent":0,"menu_order":0,"comment_status":"closed","ping_status":"closed","template":"","meta":{"footnotes":""},"class_list":["post-201","page","type-page","status-publish","hentry"],"yoast_head":"<!-- This site is optimized with the Yoast SEO plugin v27.4 - https:\/\/yoast.com\/product\/yoast-seo-wordpress\/ -->\n<title>Bonificaci\u00f3n de BetLabel Chile \u1409 Ofertas para deportes y casino<\/title>\n<meta name=\"description\" content=\"Obt\u00e9n un paquete de bienvenida de 1 433 000 CLP m\u00e1s 150 giros gratis en BetLabel. Descubre todos los bonos de casino y promociones de apuestas: Cashback VIP, apuestas gratuitas, ofertas semanales. \u00danete a BetLabel y obt\u00e9n bonos exclusivos todos los d\u00edas.\" \/>\n<meta name=\"robots\" content=\"index, follow, max-snippet:-1, max-image-preview:large, max-video-preview:-1\" \/>\n<meta property=\"og:locale\" content=\"es_ES\" \/>\n<meta property=\"og:type\" content=\"article\" \/>\n<meta property=\"og:title\" content=\"Bonificaci\u00f3n de BetLabel Chile \u1409 Ofertas para deportes y casino\" \/>\n<meta property=\"og:description\" content=\"Obt\u00e9n un paquete de bienvenida de 1 433 000 CLP m\u00e1s 150 giros gratis en BetLabel. Descubre todos los bonos de casino y promociones de apuestas: Cashback VIP, apuestas gratuitas, ofertas semanales. \u00danete a BetLabel y obt\u00e9n bonos exclusivos todos los d\u00edas.\" \/>\n<meta property=\"og:url\" content=\"https:\/\/betlabel.games\/cl\/bonuses\/\" \/>\n<meta property=\"og:site_name\" content=\"Betlabel cl\" \/>\n<meta property=\"article:modified_time\" content=\"2026-01-12T05:32:31+00:00\" \/>\n<meta name=\"twitter:card\" content=\"summary_large_image\" \/>\n<script type=\"application\/ld+json\" class=\"yoast-schema-graph\">{\"@context\":\"https:\\\/\\\/schema.org\",\"@graph\":[{\"@type\":\"WebPage\",\"@id\":\"https:\\\/\\\/betlabel.games\\\/cl\\\/bonuses\\\/\",\"url\":\"https:\\\/\\\/betlabel.games\\\/cl\\\/bonuses\\\/\",\"name\":\"Bonificaci\u00f3n de BetLabel Chile \u1409 Ofertas para deportes y casino\",\"isPartOf\":{\"@id\":\"https:\\\/\\\/betlabel.games\\\/cl\\\/#website\"},\"datePublished\":\"2024-10-03T12:45:57+00:00\",\"dateModified\":\"2026-01-12T05:32:31+00:00\",\"description\":\"Obt\u00e9n un paquete de bienvenida de 1 433 000 CLP m\u00e1s 150 giros gratis en BetLabel. Descubre todos los bonos de casino y promociones de apuestas: Cashback VIP, apuestas gratuitas, ofertas semanales. \u00danete a BetLabel y obt\u00e9n bonos exclusivos todos los d\u00edas.\",\"breadcrumb\":{\"@id\":\"https:\\\/\\\/betlabel.games\\\/cl\\\/bonuses\\\/#breadcrumb\"},\"inLanguage\":\"es-CL\",\"potentialAction\":[{\"@type\":\"ReadAction\",\"target\":[\"https:\\\/\\\/betlabel.games\\\/cl\\\/bonuses\\\/\"]}]},{\"@type\":\"BreadcrumbList\",\"@id\":\"https:\\\/\\\/betlabel.games\\\/cl\\\/bonuses\\\/#breadcrumb\",\"itemListElement\":[{\"@type\":\"ListItem\",\"position\":1,\"name\":\"Home\",\"item\":\"https:\\\/\\\/betlabel.games\\\/cl\\\/\"},{\"@type\":\"ListItem\",\"position\":2,\"name\":\"Bonificaciones\"}]},{\"@type\":\"WebSite\",\"@id\":\"https:\\\/\\\/betlabel.games\\\/cl\\\/#website\",\"url\":\"https:\\\/\\\/betlabel.games\\\/cl\\\/\",\"name\":\"Betlabel cl\",\"description\":\"My WordPress Blog\",\"potentialAction\":[{\"@type\":\"SearchAction\",\"target\":{\"@type\":\"EntryPoint\",\"urlTemplate\":\"https:\\\/\\\/betlabel.games\\\/cl\\\/?s={search_term_string}\"},\"query-input\":{\"@type\":\"PropertyValueSpecification\",\"valueRequired\":true,\"valueName\":\"search_term_string\"}}],\"inLanguage\":\"es-CL\"}]}<\/script>\n<!-- \/ Yoast SEO plugin. -->","yoast_head_json":{"title":"Bonificaci\u00f3n de BetLabel Chile \u1409 Ofertas para deportes y casino","description":"Obt\u00e9n un paquete de bienvenida de 1 433 000 CLP m\u00e1s 150 giros gratis en BetLabel. Descubre todos los bonos de casino y promociones de apuestas: Cashback VIP, apuestas gratuitas, ofertas semanales. \u00danete a BetLabel y obt\u00e9n bonos exclusivos todos los d\u00edas.","robots":{"index":"index","follow":"follow","max-snippet":"max-snippet:-1","max-image-preview":"max-image-preview:large","max-video-preview":"max-video-preview:-1"},"og_locale":"es_ES","og_type":"article","og_title":"Bonificaci\u00f3n de BetLabel Chile \u1409 Ofertas para deportes y casino","og_description":"Obt\u00e9n un paquete de bienvenida de 1 433 000 CLP m\u00e1s 150 giros gratis en BetLabel. Descubre todos los bonos de casino y promociones de apuestas: Cashback VIP, apuestas gratuitas, ofertas semanales. \u00danete a BetLabel y obt\u00e9n bonos exclusivos todos los d\u00edas.","og_url":"https:\/\/betlabel.games\/cl\/bonuses\/","og_site_name":"Betlabel cl","article_modified_time":"2026-01-12T05:32:31+00:00","twitter_card":"summary_large_image","schema":{"@context":"https:\/\/schema.org","@graph":[{"@type":"WebPage","@id":"https:\/\/betlabel.games\/cl\/bonuses\/","url":"https:\/\/betlabel.games\/cl\/bonuses\/","name":"Bonificaci\u00f3n de BetLabel Chile \u1409 Ofertas para deportes y casino","isPartOf":{"@id":"https:\/\/betlabel.games\/cl\/#website"},"datePublished":"2024-10-03T12:45:57+00:00","dateModified":"2026-01-12T05:32:31+00:00","description":"Obt\u00e9n un paquete de bienvenida de 1 433 000 CLP m\u00e1s 150 giros gratis en BetLabel. Descubre todos los bonos de casino y promociones de apuestas: Cashback VIP, apuestas gratuitas, ofertas semanales. \u00danete a BetLabel y obt\u00e9n bonos exclusivos todos los d\u00edas.","breadcrumb":{"@id":"https:\/\/betlabel.games\/cl\/bonuses\/#breadcrumb"},"inLanguage":"es-CL","potentialAction":[{"@type":"ReadAction","target":["https:\/\/betlabel.games\/cl\/bonuses\/"]}]},{"@type":"BreadcrumbList","@id":"https:\/\/betlabel.games\/cl\/bonuses\/#breadcrumb","itemListElement":[{"@type":"ListItem","position":1,"name":"Home","item":"https:\/\/betlabel.games\/cl\/"},{"@type":"ListItem","position":2,"name":"Bonificaciones"}]},{"@type":"WebSite","@id":"https:\/\/betlabel.games\/cl\/#website","url":"https:\/\/betlabel.games\/cl\/","name":"Betlabel cl","description":"My WordPress Blog","potentialAction":[{"@type":"SearchAction","target":{"@type":"EntryPoint","urlTemplate":"https:\/\/betlabel.games\/cl\/?s={search_term_string}"},"query-input":{"@type":"PropertyValueSpecification","valueRequired":true,"valueName":"search_term_string"}}],"inLanguage":"es-CL"}]}},"_links":{"self":[{"href":"https:\/\/betlabel.games\/cl\/wp-json\/wp\/v2\/pages\/201","targetHints":{"allow":["GET"]}}],"collection":[{"href":"https:\/\/betlabel.games\/cl\/wp-json\/wp\/v2\/pages"}],"about":[{"href":"https:\/\/betlabel.games\/cl\/wp-json\/wp\/v2\/types\/page"}],"author":[{"embeddable":true,"href":"https:\/\/betlabel.games\/cl\/wp-json\/wp\/v2\/users\/1"}],"replies":[{"embeddable":true,"href":"https:\/\/betlabel.games\/cl\/wp-json\/wp\/v2\/comments?post=201"}],"version-history":[{"count":5,"href":"https:\/\/betlabel.games\/cl\/wp-json\/wp\/v2\/pages\/201\/revisions"}],"predecessor-version":[{"id":911,"href":"https:\/\/betlabel.games\/cl\/wp-json\/wp\/v2\/pages\/201\/revisions\/911"}],"wp:attachment":[{"href":"https:\/\/betlabel.games\/cl\/wp-json\/wp\/v2\/media?parent=201"}],"curies":[{"name":"wp","href":"https:\/\/api.w.org\/{rel}","templated":true}]}}