{"id":812,"date":"2026-01-02T17:05:33","date_gmt":"2026-01-02T17:05:33","guid":{"rendered":"https:\/\/betlabel.games\/cl\/?page_id=812"},"modified":"2026-01-12T06:50:53","modified_gmt":"2026-01-12T06:50:53","slug":"jetx","status":"publish","type":"page","link":"https:\/\/betlabel.games\/cl\/jetx\/","title":{"rendered":"JetX"},"content":{"rendered":"","protected":false},"excerpt":{"rendered":"","protected":false},"author":1,"featured_media":0,"parent":0,"menu_order":0,"comment_status":"closed","ping_status":"closed","template":"","meta":{"footnotes":""},"class_list":["post-812","page","type-page","status-publish","hentry"],"yoast_head":"<!-- This site is optimized with the Yoast SEO plugin v27.4 - https:\/\/yoast.com\/product\/yoast-seo-wordpress\/ -->\n<title>JetX BetLabel Chile \ud83d\ude80 juego crash y multiplicadores \ud83d\udcb8<\/title>\n<meta name=\"description\" content=\"JetX en BetLabel es un popular juego de choque en el que las probabilidades aumentan en tiempo real. Aprende a jugar, cu\u00e1ndo cobrar, qu\u00e9 estrategias funcionan mejor y por qu\u00e9 JetX es ideal para sesiones r\u00e1pidas.\" \/>\n<meta name=\"robots\" content=\"index, follow, max-snippet:-1, max-image-preview:large, max-video-preview:-1\" \/>\n<meta property=\"og:locale\" content=\"es_ES\" \/>\n<meta property=\"og:type\" content=\"article\" \/>\n<meta property=\"og:title\" content=\"JetX BetLabel Chile \ud83d\ude80 juego crash y multiplicadores \ud83d\udcb8\" \/>\n<meta property=\"og:description\" content=\"JetX en BetLabel es un popular juego de choque en el que las probabilidades aumentan en tiempo real. Aprende a jugar, cu\u00e1ndo cobrar, qu\u00e9 estrategias funcionan mejor y por qu\u00e9 JetX es ideal para sesiones r\u00e1pidas.\" \/>\n<meta property=\"og:url\" content=\"https:\/\/betlabel.games\/cl\/jetx\/\" \/>\n<meta property=\"og:site_name\" content=\"Betlabel cl\" \/>\n<meta property=\"article:modified_time\" content=\"2026-01-12T06:50:53+00:00\" \/>\n<meta name=\"twitter:card\" content=\"summary_large_image\" \/>\n<script type=\"application\/ld+json\" class=\"yoast-schema-graph\">{\"@context\":\"https:\\\/\\\/schema.org\",\"@graph\":[{\"@type\":\"WebPage\",\"@id\":\"https:\\\/\\\/betlabel.games\\\/cl\\\/jetx\\\/\",\"url\":\"https:\\\/\\\/betlabel.games\\\/cl\\\/jetx\\\/\",\"name\":\"JetX BetLabel Chile \ud83d\ude80 juego crash y multiplicadores \ud83d\udcb8\",\"isPartOf\":{\"@id\":\"https:\\\/\\\/betlabel.games\\\/cl\\\/#website\"},\"datePublished\":\"2026-01-02T17:05:33+00:00\",\"dateModified\":\"2026-01-12T06:50:53+00:00\",\"description\":\"JetX en BetLabel es un popular juego de choque en el que las probabilidades aumentan en tiempo real. Aprende a jugar, cu\u00e1ndo cobrar, qu\u00e9 estrategias funcionan mejor y por qu\u00e9 JetX es ideal para sesiones r\u00e1pidas.\",\"breadcrumb\":{\"@id\":\"https:\\\/\\\/betlabel.games\\\/cl\\\/jetx\\\/#breadcrumb\"},\"inLanguage\":\"es-CL\",\"potentialAction\":[{\"@type\":\"ReadAction\",\"target\":[\"https:\\\/\\\/betlabel.games\\\/cl\\\/jetx\\\/\"]}]},{\"@type\":\"BreadcrumbList\",\"@id\":\"https:\\\/\\\/betlabel.games\\\/cl\\\/jetx\\\/#breadcrumb\",\"itemListElement\":[{\"@type\":\"ListItem\",\"position\":1,\"name\":\"Home\",\"item\":\"https:\\\/\\\/betlabel.games\\\/cl\\\/\"},{\"@type\":\"ListItem\",\"position\":2,\"name\":\"JetX\"}]},{\"@type\":\"WebSite\",\"@id\":\"https:\\\/\\\/betlabel.games\\\/cl\\\/#website\",\"url\":\"https:\\\/\\\/betlabel.games\\\/cl\\\/\",\"name\":\"Betlabel cl\",\"description\":\"My WordPress Blog\",\"potentialAction\":[{\"@type\":\"SearchAction\",\"target\":{\"@type\":\"EntryPoint\",\"urlTemplate\":\"https:\\\/\\\/betlabel.games\\\/cl\\\/?s={search_term_string}\"},\"query-input\":{\"@type\":\"PropertyValueSpecification\",\"valueRequired\":true,\"valueName\":\"search_term_string\"}}],\"inLanguage\":\"es-CL\"}]}<\/script>\n<!-- \/ Yoast SEO plugin. -->","yoast_head_json":{"title":"JetX BetLabel Chile \ud83d\ude80 juego crash y multiplicadores \ud83d\udcb8","description":"JetX en BetLabel es un popular juego de choque en el que las probabilidades aumentan en tiempo real. Aprende a jugar, cu\u00e1ndo cobrar, qu\u00e9 estrategias funcionan mejor y por qu\u00e9 JetX es ideal para sesiones r\u00e1pidas.","robots":{"index":"index","follow":"follow","max-snippet":"max-snippet:-1","max-image-preview":"max-image-preview:large","max-video-preview":"max-video-preview:-1"},"og_locale":"es_ES","og_type":"article","og_title":"JetX BetLabel Chile \ud83d\ude80 juego crash y multiplicadores \ud83d\udcb8","og_description":"JetX en BetLabel es un popular juego de choque en el que las probabilidades aumentan en tiempo real. Aprende a jugar, cu\u00e1ndo cobrar, qu\u00e9 estrategias funcionan mejor y por qu\u00e9 JetX es ideal para sesiones r\u00e1pidas.","og_url":"https:\/\/betlabel.games\/cl\/jetx\/","og_site_name":"Betlabel cl","article_modified_time":"2026-01-12T06:50:53+00:00","twitter_card":"summary_large_image","schema":{"@context":"https:\/\/schema.org","@graph":[{"@type":"WebPage","@id":"https:\/\/betlabel.games\/cl\/jetx\/","url":"https:\/\/betlabel.games\/cl\/jetx\/","name":"JetX BetLabel Chile \ud83d\ude80 juego crash y multiplicadores \ud83d\udcb8","isPartOf":{"@id":"https:\/\/betlabel.games\/cl\/#website"},"datePublished":"2026-01-02T17:05:33+00:00","dateModified":"2026-01-12T06:50:53+00:00","description":"JetX en BetLabel es un popular juego de choque en el que las probabilidades aumentan en tiempo real. Aprende a jugar, cu\u00e1ndo cobrar, qu\u00e9 estrategias funcionan mejor y por qu\u00e9 JetX es ideal para sesiones r\u00e1pidas.","breadcrumb":{"@id":"https:\/\/betlabel.games\/cl\/jetx\/#breadcrumb"},"inLanguage":"es-CL","potentialAction":[{"@type":"ReadAction","target":["https:\/\/betlabel.games\/cl\/jetx\/"]}]},{"@type":"BreadcrumbList","@id":"https:\/\/betlabel.games\/cl\/jetx\/#breadcrumb","itemListElement":[{"@type":"ListItem","position":1,"name":"Home","item":"https:\/\/betlabel.games\/cl\/"},{"@type":"ListItem","position":2,"name":"JetX"}]},{"@type":"WebSite","@id":"https:\/\/betlabel.games\/cl\/#website","url":"https:\/\/betlabel.games\/cl\/","name":"Betlabel cl","description":"My WordPress Blog","potentialAction":[{"@type":"SearchAction","target":{"@type":"EntryPoint","urlTemplate":"https:\/\/betlabel.games\/cl\/?s={search_term_string}"},"query-input":{"@type":"PropertyValueSpecification","valueRequired":true,"valueName":"search_term_string"}}],"inLanguage":"es-CL"}]}},"_links":{"self":[{"href":"https:\/\/betlabel.games\/cl\/wp-json\/wp\/v2\/pages\/812","targetHints":{"allow":["GET"]}}],"collection":[{"href":"https:\/\/betlabel.games\/cl\/wp-json\/wp\/v2\/pages"}],"about":[{"href":"https:\/\/betlabel.games\/cl\/wp-json\/wp\/v2\/types\/page"}],"author":[{"embeddable":true,"href":"https:\/\/betlabel.games\/cl\/wp-json\/wp\/v2\/users\/1"}],"replies":[{"embeddable":true,"href":"https:\/\/betlabel.games\/cl\/wp-json\/wp\/v2\/comments?post=812"}],"version-history":[{"count":7,"href":"https:\/\/betlabel.games\/cl\/wp-json\/wp\/v2\/pages\/812\/revisions"}],"predecessor-version":[{"id":983,"href":"https:\/\/betlabel.games\/cl\/wp-json\/wp\/v2\/pages\/812\/revisions\/983"}],"wp:attachment":[{"href":"https:\/\/betlabel.games\/cl\/wp-json\/wp\/v2\/media?parent=812"}],"curies":[{"name":"wp","href":"https:\/\/api.w.org\/{rel}","templated":true}]}}