{"id":850,"date":"2026-01-03T17:45:33","date_gmt":"2026-01-03T17:45:33","guid":{"rendered":"https:\/\/betlabel.games\/cl\/?page_id=850"},"modified":"2026-01-11T14:29:31","modified_gmt":"2026-01-11T14:29:31","slug":"sports-betting","status":"publish","type":"page","link":"https:\/\/betlabel.games\/cl\/sports-betting\/","title":{"rendered":"Apuestas deportivas"},"content":{"rendered":"","protected":false},"excerpt":{"rendered":"","protected":false},"author":1,"featured_media":0,"parent":0,"menu_order":0,"comment_status":"closed","ping_status":"closed","template":"","meta":{"footnotes":""},"class_list":["post-850","page","type-page","status-publish","hentry"],"yoast_head":"<!-- This site is optimized with the Yoast SEO plugin v27.4 - https:\/\/yoast.com\/product\/yoast-seo-wordpress\/ -->\n<title>BetLabel Chile \u26bd apuestas deportivas 2026 \ud83d\udcc8<\/title>\n<meta name=\"description\" content=\"\u00a1Realice apuestas deportivas rentables en l\u00ednea en BetLabel! Seguimiento de partidos en vivo, las mejores cuotas y una interfaz f\u00e1cil de usar. Empiece a ganar ahora mismo con la plataforma de apuestas deportivas n\u00famero uno.\" \/>\n<meta name=\"robots\" content=\"index, follow, max-snippet:-1, max-image-preview:large, max-video-preview:-1\" \/>\n<meta property=\"og:locale\" content=\"es_ES\" \/>\n<meta property=\"og:type\" content=\"article\" \/>\n<meta property=\"og:title\" content=\"BetLabel Chile \u26bd apuestas deportivas 2026 \ud83d\udcc8\" \/>\n<meta property=\"og:description\" content=\"\u00a1Realice apuestas deportivas rentables en l\u00ednea en BetLabel! Seguimiento de partidos en vivo, las mejores cuotas y una interfaz f\u00e1cil de usar. Empiece a ganar ahora mismo con la plataforma de apuestas deportivas n\u00famero uno.\" \/>\n<meta property=\"og:url\" content=\"https:\/\/betlabel.games\/cl\/sports-betting\/\" \/>\n<meta property=\"og:site_name\" content=\"Betlabel cl\" \/>\n<meta property=\"article:modified_time\" content=\"2026-01-11T14:29:31+00:00\" \/>\n<meta name=\"twitter:card\" content=\"summary_large_image\" \/>\n<script type=\"application\/ld+json\" class=\"yoast-schema-graph\">{\"@context\":\"https:\\\/\\\/schema.org\",\"@graph\":[{\"@type\":\"WebPage\",\"@id\":\"https:\\\/\\\/betlabel.games\\\/cl\\\/sports-betting\\\/\",\"url\":\"https:\\\/\\\/betlabel.games\\\/cl\\\/sports-betting\\\/\",\"name\":\"BetLabel Chile \u26bd apuestas deportivas 2026 \ud83d\udcc8\",\"isPartOf\":{\"@id\":\"https:\\\/\\\/betlabel.games\\\/cl\\\/#website\"},\"datePublished\":\"2026-01-03T17:45:33+00:00\",\"dateModified\":\"2026-01-11T14:29:31+00:00\",\"description\":\"\u00a1Realice apuestas deportivas rentables en l\u00ednea en BetLabel! Seguimiento de partidos en vivo, las mejores cuotas y una interfaz f\u00e1cil de usar. Empiece a ganar ahora mismo con la plataforma de apuestas deportivas n\u00famero uno.\",\"breadcrumb\":{\"@id\":\"https:\\\/\\\/betlabel.games\\\/cl\\\/sports-betting\\\/#breadcrumb\"},\"inLanguage\":\"es-CL\",\"potentialAction\":[{\"@type\":\"ReadAction\",\"target\":[\"https:\\\/\\\/betlabel.games\\\/cl\\\/sports-betting\\\/\"]}]},{\"@type\":\"BreadcrumbList\",\"@id\":\"https:\\\/\\\/betlabel.games\\\/cl\\\/sports-betting\\\/#breadcrumb\",\"itemListElement\":[{\"@type\":\"ListItem\",\"position\":1,\"name\":\"Home\",\"item\":\"https:\\\/\\\/betlabel.games\\\/cl\\\/\"},{\"@type\":\"ListItem\",\"position\":2,\"name\":\"Apuestas deportivas\"}]},{\"@type\":\"WebSite\",\"@id\":\"https:\\\/\\\/betlabel.games\\\/cl\\\/#website\",\"url\":\"https:\\\/\\\/betlabel.games\\\/cl\\\/\",\"name\":\"Betlabel cl\",\"description\":\"My WordPress Blog\",\"potentialAction\":[{\"@type\":\"SearchAction\",\"target\":{\"@type\":\"EntryPoint\",\"urlTemplate\":\"https:\\\/\\\/betlabel.games\\\/cl\\\/?s={search_term_string}\"},\"query-input\":{\"@type\":\"PropertyValueSpecification\",\"valueRequired\":true,\"valueName\":\"search_term_string\"}}],\"inLanguage\":\"es-CL\"}]}<\/script>\n<!-- \/ Yoast SEO plugin. -->","yoast_head_json":{"title":"BetLabel Chile \u26bd apuestas deportivas 2026 \ud83d\udcc8","description":"\u00a1Realice apuestas deportivas rentables en l\u00ednea en BetLabel! Seguimiento de partidos en vivo, las mejores cuotas y una interfaz f\u00e1cil de usar. Empiece a ganar ahora mismo con la plataforma de apuestas deportivas n\u00famero uno.","robots":{"index":"index","follow":"follow","max-snippet":"max-snippet:-1","max-image-preview":"max-image-preview:large","max-video-preview":"max-video-preview:-1"},"og_locale":"es_ES","og_type":"article","og_title":"BetLabel Chile \u26bd apuestas deportivas 2026 \ud83d\udcc8","og_description":"\u00a1Realice apuestas deportivas rentables en l\u00ednea en BetLabel! Seguimiento de partidos en vivo, las mejores cuotas y una interfaz f\u00e1cil de usar. Empiece a ganar ahora mismo con la plataforma de apuestas deportivas n\u00famero uno.","og_url":"https:\/\/betlabel.games\/cl\/sports-betting\/","og_site_name":"Betlabel cl","article_modified_time":"2026-01-11T14:29:31+00:00","twitter_card":"summary_large_image","schema":{"@context":"https:\/\/schema.org","@graph":[{"@type":"WebPage","@id":"https:\/\/betlabel.games\/cl\/sports-betting\/","url":"https:\/\/betlabel.games\/cl\/sports-betting\/","name":"BetLabel Chile \u26bd apuestas deportivas 2026 \ud83d\udcc8","isPartOf":{"@id":"https:\/\/betlabel.games\/cl\/#website"},"datePublished":"2026-01-03T17:45:33+00:00","dateModified":"2026-01-11T14:29:31+00:00","description":"\u00a1Realice apuestas deportivas rentables en l\u00ednea en BetLabel! Seguimiento de partidos en vivo, las mejores cuotas y una interfaz f\u00e1cil de usar. Empiece a ganar ahora mismo con la plataforma de apuestas deportivas n\u00famero uno.","breadcrumb":{"@id":"https:\/\/betlabel.games\/cl\/sports-betting\/#breadcrumb"},"inLanguage":"es-CL","potentialAction":[{"@type":"ReadAction","target":["https:\/\/betlabel.games\/cl\/sports-betting\/"]}]},{"@type":"BreadcrumbList","@id":"https:\/\/betlabel.games\/cl\/sports-betting\/#breadcrumb","itemListElement":[{"@type":"ListItem","position":1,"name":"Home","item":"https:\/\/betlabel.games\/cl\/"},{"@type":"ListItem","position":2,"name":"Apuestas deportivas"}]},{"@type":"WebSite","@id":"https:\/\/betlabel.games\/cl\/#website","url":"https:\/\/betlabel.games\/cl\/","name":"Betlabel cl","description":"My WordPress Blog","potentialAction":[{"@type":"SearchAction","target":{"@type":"EntryPoint","urlTemplate":"https:\/\/betlabel.games\/cl\/?s={search_term_string}"},"query-input":{"@type":"PropertyValueSpecification","valueRequired":true,"valueName":"search_term_string"}}],"inLanguage":"es-CL"}]}},"_links":{"self":[{"href":"https:\/\/betlabel.games\/cl\/wp-json\/wp\/v2\/pages\/850","targetHints":{"allow":["GET"]}}],"collection":[{"href":"https:\/\/betlabel.games\/cl\/wp-json\/wp\/v2\/pages"}],"about":[{"href":"https:\/\/betlabel.games\/cl\/wp-json\/wp\/v2\/types\/page"}],"author":[{"embeddable":true,"href":"https:\/\/betlabel.games\/cl\/wp-json\/wp\/v2\/users\/1"}],"replies":[{"embeddable":true,"href":"https:\/\/betlabel.games\/cl\/wp-json\/wp\/v2\/comments?post=850"}],"version-history":[{"count":10,"href":"https:\/\/betlabel.games\/cl\/wp-json\/wp\/v2\/pages\/850\/revisions"}],"predecessor-version":[{"id":956,"href":"https:\/\/betlabel.games\/cl\/wp-json\/wp\/v2\/pages\/850\/revisions\/956"}],"wp:attachment":[{"href":"https:\/\/betlabel.games\/cl\/wp-json\/wp\/v2\/media?parent=850"}],"curies":[{"name":"wp","href":"https:\/\/api.w.org\/{rel}","templated":true}]}}