{"id":1019,"date":"2026-02-12T14:54:40","date_gmt":"2026-02-12T14:54:40","guid":{"rendered":"https:\/\/betlabel.games\/cs\/?page_id=1019"},"modified":"2026-04-28T05:27:56","modified_gmt":"2026-04-28T05:27:56","slug":"telegram","status":"publish","type":"page","link":"https:\/\/betlabel.games\/cs\/telegram\/","title":{"rendered":"Telegram"},"content":{"rendered":"","protected":false},"excerpt":{"rendered":"","protected":false},"author":1,"featured_media":0,"parent":0,"menu_order":0,"comment_status":"closed","ping_status":"closed","template":"","meta":{"footnotes":""},"class_list":["post-1019","page","type-page","status-publish","hentry"],"yoast_head":"<!-- This site is optimized with the Yoast SEO plugin v27.4 - https:\/\/yoast.com\/product\/yoast-seo-wordpress\/ -->\n<title>BetLabel Telegram kan\u00e1l \u2014 Aktu\u00e1ln\u00ed bonusy a promo k\u00f3dy<\/title>\n<meta name=\"description\" content=\"Ofici\u00e1ln\u00ed kan\u00e1l BetLabel na Telegramu \u2014 nejnov\u011bj\u0161\u00ed akce, platn\u00e9 promo k\u00f3dy, exkluzivn\u00ed bonusy a sportovn\u00ed tipy. P\u0159ihlaste se k odb\u011bru, abyste nep\u0159i\u0161li o \u017e\u00e1dn\u00e9 skv\u011bl\u00e9 nab\u00eddky.\" \/>\n<meta name=\"robots\" content=\"index, follow, max-snippet:-1, max-image-preview:large, max-video-preview:-1\" \/>\n<meta property=\"og:locale\" content=\"cs_CZ\" \/>\n<meta property=\"og:type\" content=\"article\" \/>\n<meta property=\"og:title\" content=\"BetLabel Telegram kan\u00e1l \u2014 Aktu\u00e1ln\u00ed bonusy a promo k\u00f3dy\" \/>\n<meta property=\"og:description\" content=\"Ofici\u00e1ln\u00ed kan\u00e1l BetLabel na Telegramu \u2014 nejnov\u011bj\u0161\u00ed akce, platn\u00e9 promo k\u00f3dy, exkluzivn\u00ed bonusy a sportovn\u00ed tipy. P\u0159ihlaste se k odb\u011bru, abyste nep\u0159i\u0161li o \u017e\u00e1dn\u00e9 skv\u011bl\u00e9 nab\u00eddky.\" \/>\n<meta property=\"og:url\" content=\"https:\/\/betlabel.games\/cs\/telegram\/\" \/>\n<meta property=\"og:site_name\" content=\"Betlabel cs\" \/>\n<meta property=\"article:modified_time\" content=\"2026-04-28T05:27:56+00:00\" \/>\n<meta name=\"twitter:card\" content=\"summary_large_image\" \/>\n<script type=\"application\/ld+json\" class=\"yoast-schema-graph\">{\"@context\":\"https:\\\/\\\/schema.org\",\"@graph\":[{\"@type\":\"WebPage\",\"@id\":\"https:\\\/\\\/betlabel.games\\\/cs\\\/telegram\\\/\",\"url\":\"https:\\\/\\\/betlabel.games\\\/cs\\\/telegram\\\/\",\"name\":\"BetLabel Telegram kan\u00e1l \u2014 Aktu\u00e1ln\u00ed bonusy a promo k\u00f3dy\",\"isPartOf\":{\"@id\":\"https:\\\/\\\/betlabel.games\\\/cs\\\/#website\"},\"datePublished\":\"2026-02-12T14:54:40+00:00\",\"dateModified\":\"2026-04-28T05:27:56+00:00\",\"description\":\"Ofici\u00e1ln\u00ed kan\u00e1l BetLabel na Telegramu \u2014 nejnov\u011bj\u0161\u00ed akce, platn\u00e9 promo k\u00f3dy, exkluzivn\u00ed bonusy a sportovn\u00ed tipy. P\u0159ihlaste se k odb\u011bru, abyste nep\u0159i\u0161li o \u017e\u00e1dn\u00e9 skv\u011bl\u00e9 nab\u00eddky.\",\"breadcrumb\":{\"@id\":\"https:\\\/\\\/betlabel.games\\\/cs\\\/telegram\\\/#breadcrumb\"},\"inLanguage\":\"cs\",\"potentialAction\":[{\"@type\":\"ReadAction\",\"target\":[\"https:\\\/\\\/betlabel.games\\\/cs\\\/telegram\\\/\"]}]},{\"@type\":\"BreadcrumbList\",\"@id\":\"https:\\\/\\\/betlabel.games\\\/cs\\\/telegram\\\/#breadcrumb\",\"itemListElement\":[{\"@type\":\"ListItem\",\"position\":1,\"name\":\"Home\",\"item\":\"https:\\\/\\\/betlabel.games\\\/cs\\\/\"},{\"@type\":\"ListItem\",\"position\":2,\"name\":\"Telegram\"}]},{\"@type\":\"WebSite\",\"@id\":\"https:\\\/\\\/betlabel.games\\\/cs\\\/#website\",\"url\":\"https:\\\/\\\/betlabel.games\\\/cs\\\/\",\"name\":\"Betlabel cs\",\"description\":\"My WordPress Blog\",\"potentialAction\":[{\"@type\":\"SearchAction\",\"target\":{\"@type\":\"EntryPoint\",\"urlTemplate\":\"https:\\\/\\\/betlabel.games\\\/cs\\\/?s={search_term_string}\"},\"query-input\":{\"@type\":\"PropertyValueSpecification\",\"valueRequired\":true,\"valueName\":\"search_term_string\"}}],\"inLanguage\":\"cs\"}]}<\/script>\n<!-- \/ Yoast SEO plugin. -->","yoast_head_json":{"title":"BetLabel Telegram kan\u00e1l \u2014 Aktu\u00e1ln\u00ed bonusy a promo k\u00f3dy","description":"Ofici\u00e1ln\u00ed kan\u00e1l BetLabel na Telegramu \u2014 nejnov\u011bj\u0161\u00ed akce, platn\u00e9 promo k\u00f3dy, exkluzivn\u00ed bonusy a sportovn\u00ed tipy. P\u0159ihlaste se k odb\u011bru, abyste nep\u0159i\u0161li o \u017e\u00e1dn\u00e9 skv\u011bl\u00e9 nab\u00eddky.","robots":{"index":"index","follow":"follow","max-snippet":"max-snippet:-1","max-image-preview":"max-image-preview:large","max-video-preview":"max-video-preview:-1"},"og_locale":"cs_CZ","og_type":"article","og_title":"BetLabel Telegram kan\u00e1l \u2014 Aktu\u00e1ln\u00ed bonusy a promo k\u00f3dy","og_description":"Ofici\u00e1ln\u00ed kan\u00e1l BetLabel na Telegramu \u2014 nejnov\u011bj\u0161\u00ed akce, platn\u00e9 promo k\u00f3dy, exkluzivn\u00ed bonusy a sportovn\u00ed tipy. P\u0159ihlaste se k odb\u011bru, abyste nep\u0159i\u0161li o \u017e\u00e1dn\u00e9 skv\u011bl\u00e9 nab\u00eddky.","og_url":"https:\/\/betlabel.games\/cs\/telegram\/","og_site_name":"Betlabel cs","article_modified_time":"2026-04-28T05:27:56+00:00","twitter_card":"summary_large_image","schema":{"@context":"https:\/\/schema.org","@graph":[{"@type":"WebPage","@id":"https:\/\/betlabel.games\/cs\/telegram\/","url":"https:\/\/betlabel.games\/cs\/telegram\/","name":"BetLabel Telegram kan\u00e1l \u2014 Aktu\u00e1ln\u00ed bonusy a promo k\u00f3dy","isPartOf":{"@id":"https:\/\/betlabel.games\/cs\/#website"},"datePublished":"2026-02-12T14:54:40+00:00","dateModified":"2026-04-28T05:27:56+00:00","description":"Ofici\u00e1ln\u00ed kan\u00e1l BetLabel na Telegramu \u2014 nejnov\u011bj\u0161\u00ed akce, platn\u00e9 promo k\u00f3dy, exkluzivn\u00ed bonusy a sportovn\u00ed tipy. P\u0159ihlaste se k odb\u011bru, abyste nep\u0159i\u0161li o \u017e\u00e1dn\u00e9 skv\u011bl\u00e9 nab\u00eddky.","breadcrumb":{"@id":"https:\/\/betlabel.games\/cs\/telegram\/#breadcrumb"},"inLanguage":"cs","potentialAction":[{"@type":"ReadAction","target":["https:\/\/betlabel.games\/cs\/telegram\/"]}]},{"@type":"BreadcrumbList","@id":"https:\/\/betlabel.games\/cs\/telegram\/#breadcrumb","itemListElement":[{"@type":"ListItem","position":1,"name":"Home","item":"https:\/\/betlabel.games\/cs\/"},{"@type":"ListItem","position":2,"name":"Telegram"}]},{"@type":"WebSite","@id":"https:\/\/betlabel.games\/cs\/#website","url":"https:\/\/betlabel.games\/cs\/","name":"Betlabel cs","description":"My WordPress Blog","potentialAction":[{"@type":"SearchAction","target":{"@type":"EntryPoint","urlTemplate":"https:\/\/betlabel.games\/cs\/?s={search_term_string}"},"query-input":{"@type":"PropertyValueSpecification","valueRequired":true,"valueName":"search_term_string"}}],"inLanguage":"cs"}]}},"_links":{"self":[{"href":"https:\/\/betlabel.games\/cs\/wp-json\/wp\/v2\/pages\/1019","targetHints":{"allow":["GET"]}}],"collection":[{"href":"https:\/\/betlabel.games\/cs\/wp-json\/wp\/v2\/pages"}],"about":[{"href":"https:\/\/betlabel.games\/cs\/wp-json\/wp\/v2\/types\/page"}],"author":[{"embeddable":true,"href":"https:\/\/betlabel.games\/cs\/wp-json\/wp\/v2\/users\/1"}],"replies":[{"embeddable":true,"href":"https:\/\/betlabel.games\/cs\/wp-json\/wp\/v2\/comments?post=1019"}],"version-history":[{"count":3,"href":"https:\/\/betlabel.games\/cs\/wp-json\/wp\/v2\/pages\/1019\/revisions"}],"predecessor-version":[{"id":1250,"href":"https:\/\/betlabel.games\/cs\/wp-json\/wp\/v2\/pages\/1019\/revisions\/1250"}],"wp:attachment":[{"href":"https:\/\/betlabel.games\/cs\/wp-json\/wp\/v2\/media?parent=1019"}],"curies":[{"name":"wp","href":"https:\/\/api.w.org\/{rel}","templated":true}]}}