{"id":1095,"date":"2026-03-19T06:54:43","date_gmt":"2026-03-19T06:54:43","guid":{"rendered":"https:\/\/betlabel.games\/cs\/?page_id=1095"},"modified":"2026-04-28T08:54:39","modified_gmt":"2026-04-28T08:54:39","slug":"welcome-bonus","status":"publish","type":"page","link":"https:\/\/betlabel.games\/cs\/welcome-bonus\/","title":{"rendered":"Welcome Bonus"},"content":{"rendered":"","protected":false},"excerpt":{"rendered":"","protected":false},"author":1,"featured_media":0,"parent":0,"menu_order":0,"comment_status":"closed","ping_status":"closed","template":"","meta":{"footnotes":""},"class_list":["post-1095","page","type-page","status-publish","hentry"],"yoast_head":"<!-- This site is optimized with the Yoast SEO plugin v27.4 - https:\/\/yoast.com\/product\/yoast-seo-wordpress\/ -->\n<title>BetLabel Uv\u00edtac\u00ed bonus a\u017e 30 000 K\u010d + 150 zato\u010den\u00ed zdarma<\/title>\n<meta name=\"description\" content=\"Zaregistrujte se a z\u00edskejte a\u017e 30 000 K\u010d + 150 zato\u010den\u00ed zdarma. Minim\u00e1ln\u00ed vklad 200 K\u010d, rychl\u00e9 v\u00fdplaty a jednoduch\u00e9 podm\u00ednky pro aktivaci bonusu.\" \/>\n<meta name=\"robots\" content=\"index, follow, max-snippet:-1, max-image-preview:large, max-video-preview:-1\" \/>\n<meta property=\"og:locale\" content=\"cs_CZ\" \/>\n<meta property=\"og:type\" content=\"article\" \/>\n<meta property=\"og:title\" content=\"BetLabel Uv\u00edtac\u00ed bonus a\u017e 30 000 K\u010d + 150 zato\u010den\u00ed zdarma\" \/>\n<meta property=\"og:description\" content=\"Zaregistrujte se a z\u00edskejte a\u017e 30 000 K\u010d + 150 zato\u010den\u00ed zdarma. Minim\u00e1ln\u00ed vklad 200 K\u010d, rychl\u00e9 v\u00fdplaty a jednoduch\u00e9 podm\u00ednky pro aktivaci bonusu.\" \/>\n<meta property=\"og:url\" content=\"https:\/\/betlabel.games\/cs\/welcome-bonus\/\" \/>\n<meta property=\"og:site_name\" content=\"Betlabel cs\" \/>\n<meta property=\"article:modified_time\" content=\"2026-04-28T08:54:39+00:00\" \/>\n<meta name=\"twitter:card\" content=\"summary_large_image\" \/>\n<script type=\"application\/ld+json\" class=\"yoast-schema-graph\">{\"@context\":\"https:\\\/\\\/schema.org\",\"@graph\":[{\"@type\":\"WebPage\",\"@id\":\"https:\\\/\\\/betlabel.games\\\/cs\\\/welcome-bonus\\\/\",\"url\":\"https:\\\/\\\/betlabel.games\\\/cs\\\/welcome-bonus\\\/\",\"name\":\"BetLabel Uv\u00edtac\u00ed bonus a\u017e 30 000 K\u010d + 150 zato\u010den\u00ed zdarma\",\"isPartOf\":{\"@id\":\"https:\\\/\\\/betlabel.games\\\/cs\\\/#website\"},\"datePublished\":\"2026-03-19T06:54:43+00:00\",\"dateModified\":\"2026-04-28T08:54:39+00:00\",\"description\":\"Zaregistrujte se a z\u00edskejte a\u017e 30 000 K\u010d + 150 zato\u010den\u00ed zdarma. Minim\u00e1ln\u00ed vklad 200 K\u010d, rychl\u00e9 v\u00fdplaty a jednoduch\u00e9 podm\u00ednky pro aktivaci bonusu.\",\"breadcrumb\":{\"@id\":\"https:\\\/\\\/betlabel.games\\\/cs\\\/welcome-bonus\\\/#breadcrumb\"},\"inLanguage\":\"cs\",\"potentialAction\":[{\"@type\":\"ReadAction\",\"target\":[\"https:\\\/\\\/betlabel.games\\\/cs\\\/welcome-bonus\\\/\"]}]},{\"@type\":\"BreadcrumbList\",\"@id\":\"https:\\\/\\\/betlabel.games\\\/cs\\\/welcome-bonus\\\/#breadcrumb\",\"itemListElement\":[{\"@type\":\"ListItem\",\"position\":1,\"name\":\"Home\",\"item\":\"https:\\\/\\\/betlabel.games\\\/cs\\\/\"},{\"@type\":\"ListItem\",\"position\":2,\"name\":\"Welcome Bonus\"}]},{\"@type\":\"WebSite\",\"@id\":\"https:\\\/\\\/betlabel.games\\\/cs\\\/#website\",\"url\":\"https:\\\/\\\/betlabel.games\\\/cs\\\/\",\"name\":\"Betlabel cs\",\"description\":\"My WordPress Blog\",\"potentialAction\":[{\"@type\":\"SearchAction\",\"target\":{\"@type\":\"EntryPoint\",\"urlTemplate\":\"https:\\\/\\\/betlabel.games\\\/cs\\\/?s={search_term_string}\"},\"query-input\":{\"@type\":\"PropertyValueSpecification\",\"valueRequired\":true,\"valueName\":\"search_term_string\"}}],\"inLanguage\":\"cs\"}]}<\/script>\n<!-- \/ Yoast SEO plugin. -->","yoast_head_json":{"title":"BetLabel Uv\u00edtac\u00ed bonus a\u017e 30 000 K\u010d + 150 zato\u010den\u00ed zdarma","description":"Zaregistrujte se a z\u00edskejte a\u017e 30 000 K\u010d + 150 zato\u010den\u00ed zdarma. Minim\u00e1ln\u00ed vklad 200 K\u010d, rychl\u00e9 v\u00fdplaty a jednoduch\u00e9 podm\u00ednky pro aktivaci bonusu.","robots":{"index":"index","follow":"follow","max-snippet":"max-snippet:-1","max-image-preview":"max-image-preview:large","max-video-preview":"max-video-preview:-1"},"og_locale":"cs_CZ","og_type":"article","og_title":"BetLabel Uv\u00edtac\u00ed bonus a\u017e 30 000 K\u010d + 150 zato\u010den\u00ed zdarma","og_description":"Zaregistrujte se a z\u00edskejte a\u017e 30 000 K\u010d + 150 zato\u010den\u00ed zdarma. Minim\u00e1ln\u00ed vklad 200 K\u010d, rychl\u00e9 v\u00fdplaty a jednoduch\u00e9 podm\u00ednky pro aktivaci bonusu.","og_url":"https:\/\/betlabel.games\/cs\/welcome-bonus\/","og_site_name":"Betlabel cs","article_modified_time":"2026-04-28T08:54:39+00:00","twitter_card":"summary_large_image","schema":{"@context":"https:\/\/schema.org","@graph":[{"@type":"WebPage","@id":"https:\/\/betlabel.games\/cs\/welcome-bonus\/","url":"https:\/\/betlabel.games\/cs\/welcome-bonus\/","name":"BetLabel Uv\u00edtac\u00ed bonus a\u017e 30 000 K\u010d + 150 zato\u010den\u00ed zdarma","isPartOf":{"@id":"https:\/\/betlabel.games\/cs\/#website"},"datePublished":"2026-03-19T06:54:43+00:00","dateModified":"2026-04-28T08:54:39+00:00","description":"Zaregistrujte se a z\u00edskejte a\u017e 30 000 K\u010d + 150 zato\u010den\u00ed zdarma. Minim\u00e1ln\u00ed vklad 200 K\u010d, rychl\u00e9 v\u00fdplaty a jednoduch\u00e9 podm\u00ednky pro aktivaci bonusu.","breadcrumb":{"@id":"https:\/\/betlabel.games\/cs\/welcome-bonus\/#breadcrumb"},"inLanguage":"cs","potentialAction":[{"@type":"ReadAction","target":["https:\/\/betlabel.games\/cs\/welcome-bonus\/"]}]},{"@type":"BreadcrumbList","@id":"https:\/\/betlabel.games\/cs\/welcome-bonus\/#breadcrumb","itemListElement":[{"@type":"ListItem","position":1,"name":"Home","item":"https:\/\/betlabel.games\/cs\/"},{"@type":"ListItem","position":2,"name":"Welcome Bonus"}]},{"@type":"WebSite","@id":"https:\/\/betlabel.games\/cs\/#website","url":"https:\/\/betlabel.games\/cs\/","name":"Betlabel cs","description":"My WordPress Blog","potentialAction":[{"@type":"SearchAction","target":{"@type":"EntryPoint","urlTemplate":"https:\/\/betlabel.games\/cs\/?s={search_term_string}"},"query-input":{"@type":"PropertyValueSpecification","valueRequired":true,"valueName":"search_term_string"}}],"inLanguage":"cs"}]}},"_links":{"self":[{"href":"https:\/\/betlabel.games\/cs\/wp-json\/wp\/v2\/pages\/1095","targetHints":{"allow":["GET"]}}],"collection":[{"href":"https:\/\/betlabel.games\/cs\/wp-json\/wp\/v2\/pages"}],"about":[{"href":"https:\/\/betlabel.games\/cs\/wp-json\/wp\/v2\/types\/page"}],"author":[{"embeddable":true,"href":"https:\/\/betlabel.games\/cs\/wp-json\/wp\/v2\/users\/1"}],"replies":[{"embeddable":true,"href":"https:\/\/betlabel.games\/cs\/wp-json\/wp\/v2\/comments?post=1095"}],"version-history":[{"count":3,"href":"https:\/\/betlabel.games\/cs\/wp-json\/wp\/v2\/pages\/1095\/revisions"}],"predecessor-version":[{"id":1258,"href":"https:\/\/betlabel.games\/cs\/wp-json\/wp\/v2\/pages\/1095\/revisions\/1258"}],"wp:attachment":[{"href":"https:\/\/betlabel.games\/cs\/wp-json\/wp\/v2\/media?parent=1095"}],"curies":[{"name":"wp","href":"https:\/\/api.w.org\/{rel}","templated":true}]}}