{"id":1132,"date":"2026-03-19T10:52:31","date_gmt":"2026-03-19T10:52:31","guid":{"rendered":"https:\/\/betlabel.games\/cs\/?page_id=1132"},"modified":"2026-04-27T07:24:23","modified_gmt":"2026-04-27T07:24:23","slug":"bet-slip-sale","status":"publish","type":"page","link":"https:\/\/betlabel.games\/cs\/bet-slip-sale\/","title":{"rendered":"Prodej s\u00e1zkov\u00fdch tiket\u016f"},"content":{"rendered":"","protected":false},"excerpt":{"rendered":"","protected":false},"author":1,"featured_media":0,"parent":0,"menu_order":0,"comment_status":"closed","ping_status":"closed","template":"","meta":{"footnotes":""},"class_list":["post-1132","page","type-page","status-publish","hentry"],"yoast_head":"<!-- This site is optimized with the Yoast SEO plugin v27.4 - https:\/\/yoast.com\/product\/yoast-seo-wordpress\/ -->\n<title>BetLabel Prodej s\u00e1zkov\u00e9ho tiketu \u2013 V\u00fdb\u011br cel\u00e9 nebo \u010d\u00e1sti \u010d\u00e1stky<\/title>\n<meta name=\"description\" content=\"BetLabel nab\u00edz\u00ed funkci \u201eProdej s\u00e1zkov\u00e9ho tiketu\u201c \u2013 prodejte svou s\u00e1zku zcela nebo \u010d\u00e1ste\u010dn\u011b a z\u00edskejte pen\u00edze okam\u017eit\u011b. K dispozici pro jednoduch\u00e9 s\u00e1zky, kombinovan\u00e9 s\u00e1zky i syst\u00e9mov\u00e9 s\u00e1zky.\" \/>\n<meta name=\"robots\" content=\"index, follow, max-snippet:-1, max-image-preview:large, max-video-preview:-1\" \/>\n<meta property=\"og:locale\" content=\"cs_CZ\" \/>\n<meta property=\"og:type\" content=\"article\" \/>\n<meta property=\"og:title\" content=\"BetLabel Prodej s\u00e1zkov\u00e9ho tiketu \u2013 V\u00fdb\u011br cel\u00e9 nebo \u010d\u00e1sti \u010d\u00e1stky\" \/>\n<meta property=\"og:description\" content=\"BetLabel nab\u00edz\u00ed funkci \u201eProdej s\u00e1zkov\u00e9ho tiketu\u201c \u2013 prodejte svou s\u00e1zku zcela nebo \u010d\u00e1ste\u010dn\u011b a z\u00edskejte pen\u00edze okam\u017eit\u011b. K dispozici pro jednoduch\u00e9 s\u00e1zky, kombinovan\u00e9 s\u00e1zky i syst\u00e9mov\u00e9 s\u00e1zky.\" \/>\n<meta property=\"og:url\" content=\"https:\/\/betlabel.games\/cs\/bet-slip-sale\/\" \/>\n<meta property=\"og:site_name\" content=\"Betlabel cs\" \/>\n<meta property=\"article:modified_time\" content=\"2026-04-27T07:24:23+00:00\" \/>\n<meta name=\"twitter:card\" content=\"summary_large_image\" \/>\n<script type=\"application\/ld+json\" class=\"yoast-schema-graph\">{\"@context\":\"https:\\\/\\\/schema.org\",\"@graph\":[{\"@type\":\"WebPage\",\"@id\":\"https:\\\/\\\/betlabel.games\\\/cs\\\/bet-slip-sale\\\/\",\"url\":\"https:\\\/\\\/betlabel.games\\\/cs\\\/bet-slip-sale\\\/\",\"name\":\"BetLabel Prodej s\u00e1zkov\u00e9ho tiketu \u2013 V\u00fdb\u011br cel\u00e9 nebo \u010d\u00e1sti \u010d\u00e1stky\",\"isPartOf\":{\"@id\":\"https:\\\/\\\/betlabel.games\\\/cs\\\/#website\"},\"datePublished\":\"2026-03-19T10:52:31+00:00\",\"dateModified\":\"2026-04-27T07:24:23+00:00\",\"description\":\"BetLabel nab\u00edz\u00ed funkci \u201eProdej s\u00e1zkov\u00e9ho tiketu\u201c \u2013 prodejte svou s\u00e1zku zcela nebo \u010d\u00e1ste\u010dn\u011b a z\u00edskejte pen\u00edze okam\u017eit\u011b. K dispozici pro jednoduch\u00e9 s\u00e1zky, kombinovan\u00e9 s\u00e1zky i syst\u00e9mov\u00e9 s\u00e1zky.\",\"breadcrumb\":{\"@id\":\"https:\\\/\\\/betlabel.games\\\/cs\\\/bet-slip-sale\\\/#breadcrumb\"},\"inLanguage\":\"cs\",\"potentialAction\":[{\"@type\":\"ReadAction\",\"target\":[\"https:\\\/\\\/betlabel.games\\\/cs\\\/bet-slip-sale\\\/\"]}]},{\"@type\":\"BreadcrumbList\",\"@id\":\"https:\\\/\\\/betlabel.games\\\/cs\\\/bet-slip-sale\\\/#breadcrumb\",\"itemListElement\":[{\"@type\":\"ListItem\",\"position\":1,\"name\":\"Home\",\"item\":\"https:\\\/\\\/betlabel.games\\\/cs\\\/\"},{\"@type\":\"ListItem\",\"position\":2,\"name\":\"Prodej s\u00e1zkov\u00fdch tiket\u016f\"}]},{\"@type\":\"WebSite\",\"@id\":\"https:\\\/\\\/betlabel.games\\\/cs\\\/#website\",\"url\":\"https:\\\/\\\/betlabel.games\\\/cs\\\/\",\"name\":\"Betlabel cs\",\"description\":\"My WordPress Blog\",\"potentialAction\":[{\"@type\":\"SearchAction\",\"target\":{\"@type\":\"EntryPoint\",\"urlTemplate\":\"https:\\\/\\\/betlabel.games\\\/cs\\\/?s={search_term_string}\"},\"query-input\":{\"@type\":\"PropertyValueSpecification\",\"valueRequired\":true,\"valueName\":\"search_term_string\"}}],\"inLanguage\":\"cs\"}]}<\/script>\n<!-- \/ Yoast SEO plugin. -->","yoast_head_json":{"title":"BetLabel Prodej s\u00e1zkov\u00e9ho tiketu \u2013 V\u00fdb\u011br cel\u00e9 nebo \u010d\u00e1sti \u010d\u00e1stky","description":"BetLabel nab\u00edz\u00ed funkci \u201eProdej s\u00e1zkov\u00e9ho tiketu\u201c \u2013 prodejte svou s\u00e1zku zcela nebo \u010d\u00e1ste\u010dn\u011b a z\u00edskejte pen\u00edze okam\u017eit\u011b. K dispozici pro jednoduch\u00e9 s\u00e1zky, kombinovan\u00e9 s\u00e1zky i syst\u00e9mov\u00e9 s\u00e1zky.","robots":{"index":"index","follow":"follow","max-snippet":"max-snippet:-1","max-image-preview":"max-image-preview:large","max-video-preview":"max-video-preview:-1"},"og_locale":"cs_CZ","og_type":"article","og_title":"BetLabel Prodej s\u00e1zkov\u00e9ho tiketu \u2013 V\u00fdb\u011br cel\u00e9 nebo \u010d\u00e1sti \u010d\u00e1stky","og_description":"BetLabel nab\u00edz\u00ed funkci \u201eProdej s\u00e1zkov\u00e9ho tiketu\u201c \u2013 prodejte svou s\u00e1zku zcela nebo \u010d\u00e1ste\u010dn\u011b a z\u00edskejte pen\u00edze okam\u017eit\u011b. K dispozici pro jednoduch\u00e9 s\u00e1zky, kombinovan\u00e9 s\u00e1zky i syst\u00e9mov\u00e9 s\u00e1zky.","og_url":"https:\/\/betlabel.games\/cs\/bet-slip-sale\/","og_site_name":"Betlabel cs","article_modified_time":"2026-04-27T07:24:23+00:00","twitter_card":"summary_large_image","schema":{"@context":"https:\/\/schema.org","@graph":[{"@type":"WebPage","@id":"https:\/\/betlabel.games\/cs\/bet-slip-sale\/","url":"https:\/\/betlabel.games\/cs\/bet-slip-sale\/","name":"BetLabel Prodej s\u00e1zkov\u00e9ho tiketu \u2013 V\u00fdb\u011br cel\u00e9 nebo \u010d\u00e1sti \u010d\u00e1stky","isPartOf":{"@id":"https:\/\/betlabel.games\/cs\/#website"},"datePublished":"2026-03-19T10:52:31+00:00","dateModified":"2026-04-27T07:24:23+00:00","description":"BetLabel nab\u00edz\u00ed funkci \u201eProdej s\u00e1zkov\u00e9ho tiketu\u201c \u2013 prodejte svou s\u00e1zku zcela nebo \u010d\u00e1ste\u010dn\u011b a z\u00edskejte pen\u00edze okam\u017eit\u011b. K dispozici pro jednoduch\u00e9 s\u00e1zky, kombinovan\u00e9 s\u00e1zky i syst\u00e9mov\u00e9 s\u00e1zky.","breadcrumb":{"@id":"https:\/\/betlabel.games\/cs\/bet-slip-sale\/#breadcrumb"},"inLanguage":"cs","potentialAction":[{"@type":"ReadAction","target":["https:\/\/betlabel.games\/cs\/bet-slip-sale\/"]}]},{"@type":"BreadcrumbList","@id":"https:\/\/betlabel.games\/cs\/bet-slip-sale\/#breadcrumb","itemListElement":[{"@type":"ListItem","position":1,"name":"Home","item":"https:\/\/betlabel.games\/cs\/"},{"@type":"ListItem","position":2,"name":"Prodej s\u00e1zkov\u00fdch tiket\u016f"}]},{"@type":"WebSite","@id":"https:\/\/betlabel.games\/cs\/#website","url":"https:\/\/betlabel.games\/cs\/","name":"Betlabel cs","description":"My WordPress Blog","potentialAction":[{"@type":"SearchAction","target":{"@type":"EntryPoint","urlTemplate":"https:\/\/betlabel.games\/cs\/?s={search_term_string}"},"query-input":{"@type":"PropertyValueSpecification","valueRequired":true,"valueName":"search_term_string"}}],"inLanguage":"cs"}]}},"_links":{"self":[{"href":"https:\/\/betlabel.games\/cs\/wp-json\/wp\/v2\/pages\/1132","targetHints":{"allow":["GET"]}}],"collection":[{"href":"https:\/\/betlabel.games\/cs\/wp-json\/wp\/v2\/pages"}],"about":[{"href":"https:\/\/betlabel.games\/cs\/wp-json\/wp\/v2\/types\/page"}],"author":[{"embeddable":true,"href":"https:\/\/betlabel.games\/cs\/wp-json\/wp\/v2\/users\/1"}],"replies":[{"embeddable":true,"href":"https:\/\/betlabel.games\/cs\/wp-json\/wp\/v2\/comments?post=1132"}],"version-history":[{"count":4,"href":"https:\/\/betlabel.games\/cs\/wp-json\/wp\/v2\/pages\/1132\/revisions"}],"predecessor-version":[{"id":1192,"href":"https:\/\/betlabel.games\/cs\/wp-json\/wp\/v2\/pages\/1132\/revisions\/1192"}],"wp:attachment":[{"href":"https:\/\/betlabel.games\/cs\/wp-json\/wp\/v2\/media?parent=1132"}],"curies":[{"name":"wp","href":"https:\/\/api.w.org\/{rel}","templated":true}]}}