{"id":1161,"date":"2026-04-13T11:25:54","date_gmt":"2026-04-13T11:25:54","guid":{"rendered":"https:\/\/betlabel.games\/cs\/?page_id=1161"},"modified":"2026-04-28T05:29:20","modified_gmt":"2026-04-28T05:29:20","slug":"table-tennis","status":"publish","type":"page","link":"https:\/\/betlabel.games\/cs\/table-tennis\/","title":{"rendered":"Stoln\u00ed tenis"},"content":{"rendered":"","protected":false},"excerpt":{"rendered":"","protected":false},"author":1,"featured_media":0,"parent":0,"menu_order":0,"comment_status":"closed","ping_status":"closed","template":"","meta":{"footnotes":""},"class_list":["post-1161","page","type-page","status-publish","hentry"],"yoast_head":"<!-- This site is optimized with the Yoast SEO plugin v27.4 - https:\/\/yoast.com\/product\/yoast-seo-wordpress\/ -->\n<title>Betlabel Stoln\u00ed tenis \u2013 live s\u00e1zky, tipy a vysok\u00e9 kurzy<\/title>\n<meta name=\"description\" content=\"Betlabel nab\u00edz\u00ed \u0161irokou \u0161k\u00e1lu s\u00e1zkov\u00fdch mo\u017enost\u00ed na stoln\u00ed tenis \u2014 live s\u00e1zky, s\u00e1zky na sety, handicapy a celkov\u00e9 sk\u00f3re, stejn\u011b jako rychl\u00e9 v\u00fdplaty a u\u017eivatelsky p\u0159\u00edv\u011btiv\u00e9 prost\u0159ed\u00ed pro live s\u00e1zky. Vyu\u017eijte p\u0159edpov\u011bdi a statistiky k nalezen\u00ed v\u00fdhodn\u00fdch s\u00e1zek v t\u011bch nejnap\u00ednav\u011bj\u0161\u00edch z\u00e1pasech.\" \/>\n<meta name=\"robots\" content=\"index, follow, max-snippet:-1, max-image-preview:large, max-video-preview:-1\" \/>\n<meta property=\"og:locale\" content=\"cs_CZ\" \/>\n<meta property=\"og:type\" content=\"article\" \/>\n<meta property=\"og:title\" content=\"Betlabel Stoln\u00ed tenis \u2013 live s\u00e1zky, tipy a vysok\u00e9 kurzy\" \/>\n<meta property=\"og:description\" content=\"Betlabel nab\u00edz\u00ed \u0161irokou \u0161k\u00e1lu s\u00e1zkov\u00fdch mo\u017enost\u00ed na stoln\u00ed tenis \u2014 live s\u00e1zky, s\u00e1zky na sety, handicapy a celkov\u00e9 sk\u00f3re, stejn\u011b jako rychl\u00e9 v\u00fdplaty a u\u017eivatelsky p\u0159\u00edv\u011btiv\u00e9 prost\u0159ed\u00ed pro live s\u00e1zky. Vyu\u017eijte p\u0159edpov\u011bdi a statistiky k nalezen\u00ed v\u00fdhodn\u00fdch s\u00e1zek v t\u011bch nejnap\u00ednav\u011bj\u0161\u00edch z\u00e1pasech.\" \/>\n<meta property=\"og:url\" content=\"https:\/\/betlabel.games\/cs\/table-tennis\/\" \/>\n<meta property=\"og:site_name\" content=\"Betlabel cs\" \/>\n<meta property=\"article:modified_time\" content=\"2026-04-28T05:29:20+00:00\" \/>\n<meta name=\"twitter:card\" content=\"summary_large_image\" \/>\n<script type=\"application\/ld+json\" class=\"yoast-schema-graph\">{\"@context\":\"https:\\\/\\\/schema.org\",\"@graph\":[{\"@type\":\"WebPage\",\"@id\":\"https:\\\/\\\/betlabel.games\\\/cs\\\/table-tennis\\\/\",\"url\":\"https:\\\/\\\/betlabel.games\\\/cs\\\/table-tennis\\\/\",\"name\":\"Betlabel Stoln\u00ed tenis \u2013 live s\u00e1zky, tipy a vysok\u00e9 kurzy\",\"isPartOf\":{\"@id\":\"https:\\\/\\\/betlabel.games\\\/cs\\\/#website\"},\"datePublished\":\"2026-04-13T11:25:54+00:00\",\"dateModified\":\"2026-04-28T05:29:20+00:00\",\"description\":\"Betlabel nab\u00edz\u00ed \u0161irokou \u0161k\u00e1lu s\u00e1zkov\u00fdch mo\u017enost\u00ed na stoln\u00ed tenis \u2014 live s\u00e1zky, s\u00e1zky na sety, handicapy a celkov\u00e9 sk\u00f3re, stejn\u011b jako rychl\u00e9 v\u00fdplaty a u\u017eivatelsky p\u0159\u00edv\u011btiv\u00e9 prost\u0159ed\u00ed pro live s\u00e1zky. Vyu\u017eijte p\u0159edpov\u011bdi a statistiky k nalezen\u00ed v\u00fdhodn\u00fdch s\u00e1zek v t\u011bch nejnap\u00ednav\u011bj\u0161\u00edch z\u00e1pasech.\",\"breadcrumb\":{\"@id\":\"https:\\\/\\\/betlabel.games\\\/cs\\\/table-tennis\\\/#breadcrumb\"},\"inLanguage\":\"cs\",\"potentialAction\":[{\"@type\":\"ReadAction\",\"target\":[\"https:\\\/\\\/betlabel.games\\\/cs\\\/table-tennis\\\/\"]}]},{\"@type\":\"BreadcrumbList\",\"@id\":\"https:\\\/\\\/betlabel.games\\\/cs\\\/table-tennis\\\/#breadcrumb\",\"itemListElement\":[{\"@type\":\"ListItem\",\"position\":1,\"name\":\"Home\",\"item\":\"https:\\\/\\\/betlabel.games\\\/cs\\\/\"},{\"@type\":\"ListItem\",\"position\":2,\"name\":\"Stoln\u00ed tenis\"}]},{\"@type\":\"WebSite\",\"@id\":\"https:\\\/\\\/betlabel.games\\\/cs\\\/#website\",\"url\":\"https:\\\/\\\/betlabel.games\\\/cs\\\/\",\"name\":\"Betlabel cs\",\"description\":\"My WordPress Blog\",\"potentialAction\":[{\"@type\":\"SearchAction\",\"target\":{\"@type\":\"EntryPoint\",\"urlTemplate\":\"https:\\\/\\\/betlabel.games\\\/cs\\\/?s={search_term_string}\"},\"query-input\":{\"@type\":\"PropertyValueSpecification\",\"valueRequired\":true,\"valueName\":\"search_term_string\"}}],\"inLanguage\":\"cs\"}]}<\/script>\n<!-- \/ Yoast SEO plugin. -->","yoast_head_json":{"title":"Betlabel Stoln\u00ed tenis \u2013 live s\u00e1zky, tipy a vysok\u00e9 kurzy","description":"Betlabel nab\u00edz\u00ed \u0161irokou \u0161k\u00e1lu s\u00e1zkov\u00fdch mo\u017enost\u00ed na stoln\u00ed tenis \u2014 live s\u00e1zky, s\u00e1zky na sety, handicapy a celkov\u00e9 sk\u00f3re, stejn\u011b jako rychl\u00e9 v\u00fdplaty a u\u017eivatelsky p\u0159\u00edv\u011btiv\u00e9 prost\u0159ed\u00ed pro live s\u00e1zky. Vyu\u017eijte p\u0159edpov\u011bdi a statistiky k nalezen\u00ed v\u00fdhodn\u00fdch s\u00e1zek v t\u011bch nejnap\u00ednav\u011bj\u0161\u00edch z\u00e1pasech.","robots":{"index":"index","follow":"follow","max-snippet":"max-snippet:-1","max-image-preview":"max-image-preview:large","max-video-preview":"max-video-preview:-1"},"og_locale":"cs_CZ","og_type":"article","og_title":"Betlabel Stoln\u00ed tenis \u2013 live s\u00e1zky, tipy a vysok\u00e9 kurzy","og_description":"Betlabel nab\u00edz\u00ed \u0161irokou \u0161k\u00e1lu s\u00e1zkov\u00fdch mo\u017enost\u00ed na stoln\u00ed tenis \u2014 live s\u00e1zky, s\u00e1zky na sety, handicapy a celkov\u00e9 sk\u00f3re, stejn\u011b jako rychl\u00e9 v\u00fdplaty a u\u017eivatelsky p\u0159\u00edv\u011btiv\u00e9 prost\u0159ed\u00ed pro live s\u00e1zky. Vyu\u017eijte p\u0159edpov\u011bdi a statistiky k nalezen\u00ed v\u00fdhodn\u00fdch s\u00e1zek v t\u011bch nejnap\u00ednav\u011bj\u0161\u00edch z\u00e1pasech.","og_url":"https:\/\/betlabel.games\/cs\/table-tennis\/","og_site_name":"Betlabel cs","article_modified_time":"2026-04-28T05:29:20+00:00","twitter_card":"summary_large_image","schema":{"@context":"https:\/\/schema.org","@graph":[{"@type":"WebPage","@id":"https:\/\/betlabel.games\/cs\/table-tennis\/","url":"https:\/\/betlabel.games\/cs\/table-tennis\/","name":"Betlabel Stoln\u00ed tenis \u2013 live s\u00e1zky, tipy a vysok\u00e9 kurzy","isPartOf":{"@id":"https:\/\/betlabel.games\/cs\/#website"},"datePublished":"2026-04-13T11:25:54+00:00","dateModified":"2026-04-28T05:29:20+00:00","description":"Betlabel nab\u00edz\u00ed \u0161irokou \u0161k\u00e1lu s\u00e1zkov\u00fdch mo\u017enost\u00ed na stoln\u00ed tenis \u2014 live s\u00e1zky, s\u00e1zky na sety, handicapy a celkov\u00e9 sk\u00f3re, stejn\u011b jako rychl\u00e9 v\u00fdplaty a u\u017eivatelsky p\u0159\u00edv\u011btiv\u00e9 prost\u0159ed\u00ed pro live s\u00e1zky. Vyu\u017eijte p\u0159edpov\u011bdi a statistiky k nalezen\u00ed v\u00fdhodn\u00fdch s\u00e1zek v t\u011bch nejnap\u00ednav\u011bj\u0161\u00edch z\u00e1pasech.","breadcrumb":{"@id":"https:\/\/betlabel.games\/cs\/table-tennis\/#breadcrumb"},"inLanguage":"cs","potentialAction":[{"@type":"ReadAction","target":["https:\/\/betlabel.games\/cs\/table-tennis\/"]}]},{"@type":"BreadcrumbList","@id":"https:\/\/betlabel.games\/cs\/table-tennis\/#breadcrumb","itemListElement":[{"@type":"ListItem","position":1,"name":"Home","item":"https:\/\/betlabel.games\/cs\/"},{"@type":"ListItem","position":2,"name":"Stoln\u00ed tenis"}]},{"@type":"WebSite","@id":"https:\/\/betlabel.games\/cs\/#website","url":"https:\/\/betlabel.games\/cs\/","name":"Betlabel cs","description":"My WordPress Blog","potentialAction":[{"@type":"SearchAction","target":{"@type":"EntryPoint","urlTemplate":"https:\/\/betlabel.games\/cs\/?s={search_term_string}"},"query-input":{"@type":"PropertyValueSpecification","valueRequired":true,"valueName":"search_term_string"}}],"inLanguage":"cs"}]}},"_links":{"self":[{"href":"https:\/\/betlabel.games\/cs\/wp-json\/wp\/v2\/pages\/1161","targetHints":{"allow":["GET"]}}],"collection":[{"href":"https:\/\/betlabel.games\/cs\/wp-json\/wp\/v2\/pages"}],"about":[{"href":"https:\/\/betlabel.games\/cs\/wp-json\/wp\/v2\/types\/page"}],"author":[{"embeddable":true,"href":"https:\/\/betlabel.games\/cs\/wp-json\/wp\/v2\/users\/1"}],"replies":[{"embeddable":true,"href":"https:\/\/betlabel.games\/cs\/wp-json\/wp\/v2\/comments?post=1161"}],"version-history":[{"count":5,"href":"https:\/\/betlabel.games\/cs\/wp-json\/wp\/v2\/pages\/1161\/revisions"}],"predecessor-version":[{"id":1249,"href":"https:\/\/betlabel.games\/cs\/wp-json\/wp\/v2\/pages\/1161\/revisions\/1249"}],"wp:attachment":[{"href":"https:\/\/betlabel.games\/cs\/wp-json\/wp\/v2\/media?parent=1161"}],"curies":[{"name":"wp","href":"https:\/\/api.w.org\/{rel}","templated":true}]}}