{"id":1174,"date":"2026-04-24T16:58:10","date_gmt":"2026-04-24T16:58:10","guid":{"rendered":"https:\/\/betlabel.games\/cs\/?page_id=1174"},"modified":"2026-04-28T05:15:15","modified_gmt":"2026-04-28T05:15:15","slug":"sugar-rush","status":"publish","type":"page","link":"https:\/\/betlabel.games\/cs\/sugar-rush\/","title":{"rendered":"Sugar Rush"},"content":{"rendered":"","protected":false},"excerpt":{"rendered":"","protected":false},"author":1,"featured_media":0,"parent":0,"menu_order":0,"comment_status":"closed","ping_status":"closed","template":"","meta":{"footnotes":""},"class_list":["post-1174","page","type-page","status-publish","hentry"],"yoast_head":"<!-- This site is optimized with the Yoast SEO plugin v27.4 - https:\/\/yoast.com\/product\/yoast-seo-wordpress\/ -->\n<title>BetLabel Sugar Rush \u2014 Skv\u011bl\u00e9 v\u00fdhry, v\u00fdplaty seskupen\u00ed symbol\u016f<\/title>\n<meta name=\"description\" content=\"Zahrajte si automat Sugar Rush na BetLabel a pono\u0159te se do hern\u00edho pole s cukrovinkovou tematikou, kter\u00e9 je pln\u00e9 v\u00fdher z klastr\u016f, mechanismu padaj\u00edc\u00edch symbol\u016f a rostouc\u00edch n\u00e1sobitel\u016f. D\u00edky vysok\u00e9 volatilit\u011b, bezplatn\u00fdm oto\u010den\u00edm a potenci\u00e1lu velk\u00fdch v\u00fdher je tento automat ur\u010den pro hr\u00e1\u010de, kte\u0159\u00ed tou\u017e\u00ed po rychl\u00e9 akci a lukrativn\u00edch bonusov\u00fdch kolech.\" \/>\n<meta name=\"robots\" content=\"index, follow, max-snippet:-1, max-image-preview:large, max-video-preview:-1\" \/>\n<meta property=\"og:locale\" content=\"cs_CZ\" \/>\n<meta property=\"og:type\" content=\"article\" \/>\n<meta property=\"og:title\" content=\"BetLabel Sugar Rush \u2014 Skv\u011bl\u00e9 v\u00fdhry, v\u00fdplaty seskupen\u00ed symbol\u016f\" \/>\n<meta property=\"og:description\" content=\"Zahrajte si automat Sugar Rush na BetLabel a pono\u0159te se do hern\u00edho pole s cukrovinkovou tematikou, kter\u00e9 je pln\u00e9 v\u00fdher z klastr\u016f, mechanismu padaj\u00edc\u00edch symbol\u016f a rostouc\u00edch n\u00e1sobitel\u016f. D\u00edky vysok\u00e9 volatilit\u011b, bezplatn\u00fdm oto\u010den\u00edm a potenci\u00e1lu velk\u00fdch v\u00fdher je tento automat ur\u010den pro hr\u00e1\u010de, kte\u0159\u00ed tou\u017e\u00ed po rychl\u00e9 akci a lukrativn\u00edch bonusov\u00fdch kolech.\" \/>\n<meta property=\"og:url\" content=\"https:\/\/betlabel.games\/cs\/sugar-rush\/\" \/>\n<meta property=\"og:site_name\" content=\"Betlabel cs\" \/>\n<meta property=\"article:modified_time\" content=\"2026-04-28T05:15:15+00:00\" \/>\n<meta name=\"twitter:card\" content=\"summary_large_image\" \/>\n<script type=\"application\/ld+json\" class=\"yoast-schema-graph\">{\"@context\":\"https:\\\/\\\/schema.org\",\"@graph\":[{\"@type\":\"WebPage\",\"@id\":\"https:\\\/\\\/betlabel.games\\\/cs\\\/sugar-rush\\\/\",\"url\":\"https:\\\/\\\/betlabel.games\\\/cs\\\/sugar-rush\\\/\",\"name\":\"BetLabel Sugar Rush \u2014 Skv\u011bl\u00e9 v\u00fdhry, v\u00fdplaty seskupen\u00ed symbol\u016f\",\"isPartOf\":{\"@id\":\"https:\\\/\\\/betlabel.games\\\/cs\\\/#website\"},\"datePublished\":\"2026-04-24T16:58:10+00:00\",\"dateModified\":\"2026-04-28T05:15:15+00:00\",\"description\":\"Zahrajte si automat Sugar Rush na BetLabel a pono\u0159te se do hern\u00edho pole s cukrovinkovou tematikou, kter\u00e9 je pln\u00e9 v\u00fdher z klastr\u016f, mechanismu padaj\u00edc\u00edch symbol\u016f a rostouc\u00edch n\u00e1sobitel\u016f. D\u00edky vysok\u00e9 volatilit\u011b, bezplatn\u00fdm oto\u010den\u00edm a potenci\u00e1lu velk\u00fdch v\u00fdher je tento automat ur\u010den pro hr\u00e1\u010de, kte\u0159\u00ed tou\u017e\u00ed po rychl\u00e9 akci a lukrativn\u00edch bonusov\u00fdch kolech.\",\"breadcrumb\":{\"@id\":\"https:\\\/\\\/betlabel.games\\\/cs\\\/sugar-rush\\\/#breadcrumb\"},\"inLanguage\":\"cs\",\"potentialAction\":[{\"@type\":\"ReadAction\",\"target\":[\"https:\\\/\\\/betlabel.games\\\/cs\\\/sugar-rush\\\/\"]}]},{\"@type\":\"BreadcrumbList\",\"@id\":\"https:\\\/\\\/betlabel.games\\\/cs\\\/sugar-rush\\\/#breadcrumb\",\"itemListElement\":[{\"@type\":\"ListItem\",\"position\":1,\"name\":\"Home\",\"item\":\"https:\\\/\\\/betlabel.games\\\/cs\\\/\"},{\"@type\":\"ListItem\",\"position\":2,\"name\":\"Sugar Rush\"}]},{\"@type\":\"WebSite\",\"@id\":\"https:\\\/\\\/betlabel.games\\\/cs\\\/#website\",\"url\":\"https:\\\/\\\/betlabel.games\\\/cs\\\/\",\"name\":\"Betlabel cs\",\"description\":\"My WordPress Blog\",\"potentialAction\":[{\"@type\":\"SearchAction\",\"target\":{\"@type\":\"EntryPoint\",\"urlTemplate\":\"https:\\\/\\\/betlabel.games\\\/cs\\\/?s={search_term_string}\"},\"query-input\":{\"@type\":\"PropertyValueSpecification\",\"valueRequired\":true,\"valueName\":\"search_term_string\"}}],\"inLanguage\":\"cs\"}]}<\/script>\n<!-- \/ Yoast SEO plugin. -->","yoast_head_json":{"title":"BetLabel Sugar Rush \u2014 Skv\u011bl\u00e9 v\u00fdhry, v\u00fdplaty seskupen\u00ed symbol\u016f","description":"Zahrajte si automat Sugar Rush na BetLabel a pono\u0159te se do hern\u00edho pole s cukrovinkovou tematikou, kter\u00e9 je pln\u00e9 v\u00fdher z klastr\u016f, mechanismu padaj\u00edc\u00edch symbol\u016f a rostouc\u00edch n\u00e1sobitel\u016f. D\u00edky vysok\u00e9 volatilit\u011b, bezplatn\u00fdm oto\u010den\u00edm a potenci\u00e1lu velk\u00fdch v\u00fdher je tento automat ur\u010den pro hr\u00e1\u010de, kte\u0159\u00ed tou\u017e\u00ed po rychl\u00e9 akci a lukrativn\u00edch bonusov\u00fdch kolech.","robots":{"index":"index","follow":"follow","max-snippet":"max-snippet:-1","max-image-preview":"max-image-preview:large","max-video-preview":"max-video-preview:-1"},"og_locale":"cs_CZ","og_type":"article","og_title":"BetLabel Sugar Rush \u2014 Skv\u011bl\u00e9 v\u00fdhry, v\u00fdplaty seskupen\u00ed symbol\u016f","og_description":"Zahrajte si automat Sugar Rush na BetLabel a pono\u0159te se do hern\u00edho pole s cukrovinkovou tematikou, kter\u00e9 je pln\u00e9 v\u00fdher z klastr\u016f, mechanismu padaj\u00edc\u00edch symbol\u016f a rostouc\u00edch n\u00e1sobitel\u016f. D\u00edky vysok\u00e9 volatilit\u011b, bezplatn\u00fdm oto\u010den\u00edm a potenci\u00e1lu velk\u00fdch v\u00fdher je tento automat ur\u010den pro hr\u00e1\u010de, kte\u0159\u00ed tou\u017e\u00ed po rychl\u00e9 akci a lukrativn\u00edch bonusov\u00fdch kolech.","og_url":"https:\/\/betlabel.games\/cs\/sugar-rush\/","og_site_name":"Betlabel cs","article_modified_time":"2026-04-28T05:15:15+00:00","twitter_card":"summary_large_image","schema":{"@context":"https:\/\/schema.org","@graph":[{"@type":"WebPage","@id":"https:\/\/betlabel.games\/cs\/sugar-rush\/","url":"https:\/\/betlabel.games\/cs\/sugar-rush\/","name":"BetLabel Sugar Rush \u2014 Skv\u011bl\u00e9 v\u00fdhry, v\u00fdplaty seskupen\u00ed symbol\u016f","isPartOf":{"@id":"https:\/\/betlabel.games\/cs\/#website"},"datePublished":"2026-04-24T16:58:10+00:00","dateModified":"2026-04-28T05:15:15+00:00","description":"Zahrajte si automat Sugar Rush na BetLabel a pono\u0159te se do hern\u00edho pole s cukrovinkovou tematikou, kter\u00e9 je pln\u00e9 v\u00fdher z klastr\u016f, mechanismu padaj\u00edc\u00edch symbol\u016f a rostouc\u00edch n\u00e1sobitel\u016f. D\u00edky vysok\u00e9 volatilit\u011b, bezplatn\u00fdm oto\u010den\u00edm a potenci\u00e1lu velk\u00fdch v\u00fdher je tento automat ur\u010den pro hr\u00e1\u010de, kte\u0159\u00ed tou\u017e\u00ed po rychl\u00e9 akci a lukrativn\u00edch bonusov\u00fdch kolech.","breadcrumb":{"@id":"https:\/\/betlabel.games\/cs\/sugar-rush\/#breadcrumb"},"inLanguage":"cs","potentialAction":[{"@type":"ReadAction","target":["https:\/\/betlabel.games\/cs\/sugar-rush\/"]}]},{"@type":"BreadcrumbList","@id":"https:\/\/betlabel.games\/cs\/sugar-rush\/#breadcrumb","itemListElement":[{"@type":"ListItem","position":1,"name":"Home","item":"https:\/\/betlabel.games\/cs\/"},{"@type":"ListItem","position":2,"name":"Sugar Rush"}]},{"@type":"WebSite","@id":"https:\/\/betlabel.games\/cs\/#website","url":"https:\/\/betlabel.games\/cs\/","name":"Betlabel cs","description":"My WordPress Blog","potentialAction":[{"@type":"SearchAction","target":{"@type":"EntryPoint","urlTemplate":"https:\/\/betlabel.games\/cs\/?s={search_term_string}"},"query-input":{"@type":"PropertyValueSpecification","valueRequired":true,"valueName":"search_term_string"}}],"inLanguage":"cs"}]}},"_links":{"self":[{"href":"https:\/\/betlabel.games\/cs\/wp-json\/wp\/v2\/pages\/1174","targetHints":{"allow":["GET"]}}],"collection":[{"href":"https:\/\/betlabel.games\/cs\/wp-json\/wp\/v2\/pages"}],"about":[{"href":"https:\/\/betlabel.games\/cs\/wp-json\/wp\/v2\/types\/page"}],"author":[{"embeddable":true,"href":"https:\/\/betlabel.games\/cs\/wp-json\/wp\/v2\/users\/1"}],"replies":[{"embeddable":true,"href":"https:\/\/betlabel.games\/cs\/wp-json\/wp\/v2\/comments?post=1174"}],"version-history":[{"count":4,"href":"https:\/\/betlabel.games\/cs\/wp-json\/wp\/v2\/pages\/1174\/revisions"}],"predecessor-version":[{"id":1246,"href":"https:\/\/betlabel.games\/cs\/wp-json\/wp\/v2\/pages\/1174\/revisions\/1246"}],"wp:attachment":[{"href":"https:\/\/betlabel.games\/cs\/wp-json\/wp\/v2\/media?parent=1174"}],"curies":[{"name":"wp","href":"https:\/\/api.w.org\/{rel}","templated":true}]}}