{"id":279,"date":"2024-10-10T13:11:39","date_gmt":"2024-10-10T13:11:39","guid":{"rendered":"https:\/\/betlabel.games\/cs\/?page_id=279"},"modified":"2026-04-27T09:27:42","modified_gmt":"2026-04-27T09:27:42","slug":"casino","status":"publish","type":"page","link":"https:\/\/betlabel.games\/cs\/casino\/","title":{"rendered":"Kasino"},"content":{"rendered":"","protected":false},"excerpt":{"rendered":"","protected":false},"author":1,"featured_media":0,"parent":0,"menu_order":0,"comment_status":"closed","ping_status":"closed","template":"","meta":{"footnotes":""},"class_list":["post-279","page","type-page","status-publish","hentry"],"yoast_head":"<!-- This site is optimized with the Yoast SEO plugin v27.4 - https:\/\/yoast.com\/product\/yoast-seo-wordpress\/ -->\n<title>BetLabel Kasino \u2013 v\u00fdhern\u00ed automaty, \u017eiv\u00e9 hry a jackpoty Kv\u011bten 2026<\/title>\n<meta name=\"description\" content=\"Zahrajte si v kasinu BetLabel\u2122 s nejlep\u0161\u00edmi v\u00fdhern\u00edmi automaty, hrami s \u017eiv\u00fdmi krupi\u00e9ry, hrami s jackpotem a z\u00e1bavou v kasinu o skute\u010dn\u00e9 pen\u00edze, kter\u00e9 se vyzna\u010duje rychl\u00fdmi v\u00fdplatami, plynul\u00fdm pr\u016fb\u011bhem hry a \u0161pi\u010dkov\u00fdmi poskytovateli.\" \/>\n<meta name=\"robots\" content=\"index, follow, max-snippet:-1, max-image-preview:large, max-video-preview:-1\" \/>\n<meta property=\"og:locale\" content=\"cs_CZ\" \/>\n<meta property=\"og:type\" content=\"article\" \/>\n<meta property=\"og:title\" content=\"BetLabel Kasino \u2013 v\u00fdhern\u00ed automaty, \u017eiv\u00e9 hry a jackpoty Kv\u011bten 2026\" \/>\n<meta property=\"og:description\" content=\"Zahrajte si v kasinu BetLabel\u2122 s nejlep\u0161\u00edmi v\u00fdhern\u00edmi automaty, hrami s \u017eiv\u00fdmi krupi\u00e9ry, hrami s jackpotem a z\u00e1bavou v kasinu o skute\u010dn\u00e9 pen\u00edze, kter\u00e9 se vyzna\u010duje rychl\u00fdmi v\u00fdplatami, plynul\u00fdm pr\u016fb\u011bhem hry a \u0161pi\u010dkov\u00fdmi poskytovateli.\" \/>\n<meta property=\"og:url\" content=\"https:\/\/betlabel.games\/cs\/casino\/\" \/>\n<meta property=\"og:site_name\" content=\"Betlabel cs\" \/>\n<meta property=\"article:modified_time\" content=\"2026-04-27T09:27:42+00:00\" \/>\n<meta name=\"twitter:card\" content=\"summary_large_image\" \/>\n<script type=\"application\/ld+json\" class=\"yoast-schema-graph\">{\"@context\":\"https:\\\/\\\/schema.org\",\"@graph\":[{\"@type\":\"WebPage\",\"@id\":\"https:\\\/\\\/betlabel.games\\\/cs\\\/casino\\\/\",\"url\":\"https:\\\/\\\/betlabel.games\\\/cs\\\/casino\\\/\",\"name\":\"BetLabel Kasino \u2013 v\u00fdhern\u00ed automaty, \u017eiv\u00e9 hry a jackpoty Kv\u011bten 2026\",\"isPartOf\":{\"@id\":\"https:\\\/\\\/betlabel.games\\\/cs\\\/#website\"},\"datePublished\":\"2024-10-10T13:11:39+00:00\",\"dateModified\":\"2026-04-27T09:27:42+00:00\",\"description\":\"Zahrajte si v kasinu BetLabel\u2122 s nejlep\u0161\u00edmi v\u00fdhern\u00edmi automaty, hrami s \u017eiv\u00fdmi krupi\u00e9ry, hrami s jackpotem a z\u00e1bavou v kasinu o skute\u010dn\u00e9 pen\u00edze, kter\u00e9 se vyzna\u010duje rychl\u00fdmi v\u00fdplatami, plynul\u00fdm pr\u016fb\u011bhem hry a \u0161pi\u010dkov\u00fdmi poskytovateli.\",\"breadcrumb\":{\"@id\":\"https:\\\/\\\/betlabel.games\\\/cs\\\/casino\\\/#breadcrumb\"},\"inLanguage\":\"cs\",\"potentialAction\":[{\"@type\":\"ReadAction\",\"target\":[\"https:\\\/\\\/betlabel.games\\\/cs\\\/casino\\\/\"]}]},{\"@type\":\"BreadcrumbList\",\"@id\":\"https:\\\/\\\/betlabel.games\\\/cs\\\/casino\\\/#breadcrumb\",\"itemListElement\":[{\"@type\":\"ListItem\",\"position\":1,\"name\":\"Home\",\"item\":\"https:\\\/\\\/betlabel.games\\\/cs\\\/\"},{\"@type\":\"ListItem\",\"position\":2,\"name\":\"Kasino\"}]},{\"@type\":\"WebSite\",\"@id\":\"https:\\\/\\\/betlabel.games\\\/cs\\\/#website\",\"url\":\"https:\\\/\\\/betlabel.games\\\/cs\\\/\",\"name\":\"Betlabel cs\",\"description\":\"My WordPress Blog\",\"potentialAction\":[{\"@type\":\"SearchAction\",\"target\":{\"@type\":\"EntryPoint\",\"urlTemplate\":\"https:\\\/\\\/betlabel.games\\\/cs\\\/?s={search_term_string}\"},\"query-input\":{\"@type\":\"PropertyValueSpecification\",\"valueRequired\":true,\"valueName\":\"search_term_string\"}}],\"inLanguage\":\"cs\"}]}<\/script>\n<!-- \/ Yoast SEO plugin. -->","yoast_head_json":{"title":"BetLabel Kasino \u2013 v\u00fdhern\u00ed automaty, \u017eiv\u00e9 hry a jackpoty Kv\u011bten 2026","description":"Zahrajte si v kasinu BetLabel\u2122 s nejlep\u0161\u00edmi v\u00fdhern\u00edmi automaty, hrami s \u017eiv\u00fdmi krupi\u00e9ry, hrami s jackpotem a z\u00e1bavou v kasinu o skute\u010dn\u00e9 pen\u00edze, kter\u00e9 se vyzna\u010duje rychl\u00fdmi v\u00fdplatami, plynul\u00fdm pr\u016fb\u011bhem hry a \u0161pi\u010dkov\u00fdmi poskytovateli.","robots":{"index":"index","follow":"follow","max-snippet":"max-snippet:-1","max-image-preview":"max-image-preview:large","max-video-preview":"max-video-preview:-1"},"og_locale":"cs_CZ","og_type":"article","og_title":"BetLabel Kasino \u2013 v\u00fdhern\u00ed automaty, \u017eiv\u00e9 hry a jackpoty Kv\u011bten 2026","og_description":"Zahrajte si v kasinu BetLabel\u2122 s nejlep\u0161\u00edmi v\u00fdhern\u00edmi automaty, hrami s \u017eiv\u00fdmi krupi\u00e9ry, hrami s jackpotem a z\u00e1bavou v kasinu o skute\u010dn\u00e9 pen\u00edze, kter\u00e9 se vyzna\u010duje rychl\u00fdmi v\u00fdplatami, plynul\u00fdm pr\u016fb\u011bhem hry a \u0161pi\u010dkov\u00fdmi poskytovateli.","og_url":"https:\/\/betlabel.games\/cs\/casino\/","og_site_name":"Betlabel cs","article_modified_time":"2026-04-27T09:27:42+00:00","twitter_card":"summary_large_image","schema":{"@context":"https:\/\/schema.org","@graph":[{"@type":"WebPage","@id":"https:\/\/betlabel.games\/cs\/casino\/","url":"https:\/\/betlabel.games\/cs\/casino\/","name":"BetLabel Kasino \u2013 v\u00fdhern\u00ed automaty, \u017eiv\u00e9 hry a jackpoty Kv\u011bten 2026","isPartOf":{"@id":"https:\/\/betlabel.games\/cs\/#website"},"datePublished":"2024-10-10T13:11:39+00:00","dateModified":"2026-04-27T09:27:42+00:00","description":"Zahrajte si v kasinu BetLabel\u2122 s nejlep\u0161\u00edmi v\u00fdhern\u00edmi automaty, hrami s \u017eiv\u00fdmi krupi\u00e9ry, hrami s jackpotem a z\u00e1bavou v kasinu o skute\u010dn\u00e9 pen\u00edze, kter\u00e9 se vyzna\u010duje rychl\u00fdmi v\u00fdplatami, plynul\u00fdm pr\u016fb\u011bhem hry a \u0161pi\u010dkov\u00fdmi poskytovateli.","breadcrumb":{"@id":"https:\/\/betlabel.games\/cs\/casino\/#breadcrumb"},"inLanguage":"cs","potentialAction":[{"@type":"ReadAction","target":["https:\/\/betlabel.games\/cs\/casino\/"]}]},{"@type":"BreadcrumbList","@id":"https:\/\/betlabel.games\/cs\/casino\/#breadcrumb","itemListElement":[{"@type":"ListItem","position":1,"name":"Home","item":"https:\/\/betlabel.games\/cs\/"},{"@type":"ListItem","position":2,"name":"Kasino"}]},{"@type":"WebSite","@id":"https:\/\/betlabel.games\/cs\/#website","url":"https:\/\/betlabel.games\/cs\/","name":"Betlabel cs","description":"My WordPress Blog","potentialAction":[{"@type":"SearchAction","target":{"@type":"EntryPoint","urlTemplate":"https:\/\/betlabel.games\/cs\/?s={search_term_string}"},"query-input":{"@type":"PropertyValueSpecification","valueRequired":true,"valueName":"search_term_string"}}],"inLanguage":"cs"}]}},"_links":{"self":[{"href":"https:\/\/betlabel.games\/cs\/wp-json\/wp\/v2\/pages\/279","targetHints":{"allow":["GET"]}}],"collection":[{"href":"https:\/\/betlabel.games\/cs\/wp-json\/wp\/v2\/pages"}],"about":[{"href":"https:\/\/betlabel.games\/cs\/wp-json\/wp\/v2\/types\/page"}],"author":[{"embeddable":true,"href":"https:\/\/betlabel.games\/cs\/wp-json\/wp\/v2\/users\/1"}],"replies":[{"embeddable":true,"href":"https:\/\/betlabel.games\/cs\/wp-json\/wp\/v2\/comments?post=279"}],"version-history":[{"count":5,"href":"https:\/\/betlabel.games\/cs\/wp-json\/wp\/v2\/pages\/279\/revisions"}],"predecessor-version":[{"id":1211,"href":"https:\/\/betlabel.games\/cs\/wp-json\/wp\/v2\/pages\/279\/revisions\/1211"}],"wp:attachment":[{"href":"https:\/\/betlabel.games\/cs\/wp-json\/wp\/v2\/media?parent=279"}],"curies":[{"name":"wp","href":"https:\/\/api.w.org\/{rel}","templated":true}]}}