{"id":440,"date":"2025-06-13T07:21:59","date_gmt":"2025-06-13T07:21:59","guid":{"rendered":"https:\/\/betlabel.games\/cs\/?page_id=440"},"modified":"2026-04-27T08:49:26","modified_gmt":"2026-04-27T08:49:26","slug":"freebet","status":"publish","type":"page","link":"https:\/\/betlabel.games\/cs\/bonuses\/freebet\/","title":{"rendered":"S\u00e1zka zdarma"},"content":{"rendered":"","protected":false},"excerpt":{"rendered":"","protected":false},"author":1,"featured_media":0,"parent":201,"menu_order":0,"comment_status":"closed","ping_status":"closed","template":"","meta":{"footnotes":""},"class_list":["post-440","page","type-page","status-publish","hentry"],"yoast_head":"<!-- This site is optimized with the Yoast SEO plugin v27.4 - https:\/\/yoast.com\/product\/yoast-seo-wordpress\/ -->\n<title>S\u00e1zka zdarma BetLabel | 15% k prvn\u00edmu vkladu a\u017e do v\u00fd\u0161e 2200K\u010d<\/title>\n<meta name=\"description\" content=\"Z\u00edskejte uv\u00edtac\u00ed s\u00e1zku zdarma od BetLabel a 15 % k prvn\u00edmu vkladu! Zaregistrujte se, aktivujte bonus a dopl\u0148te si z\u016fstatek \u2013 \u010dekaj\u00ed na v\u00e1s maxim\u00e1ln\u00ed v\u00fdhody! Nenechte si uj\u00edt tuto p\u0159\u00edle\u017eitost!\" \/>\n<meta name=\"robots\" content=\"index, follow, max-snippet:-1, max-image-preview:large, max-video-preview:-1\" \/>\n<meta property=\"og:locale\" content=\"cs_CZ\" \/>\n<meta property=\"og:type\" content=\"article\" \/>\n<meta property=\"og:title\" content=\"S\u00e1zka zdarma BetLabel | 15% k prvn\u00edmu vkladu a\u017e do v\u00fd\u0161e 2200K\u010d\" \/>\n<meta property=\"og:description\" content=\"Z\u00edskejte uv\u00edtac\u00ed s\u00e1zku zdarma od BetLabel a 15 % k prvn\u00edmu vkladu! Zaregistrujte se, aktivujte bonus a dopl\u0148te si z\u016fstatek \u2013 \u010dekaj\u00ed na v\u00e1s maxim\u00e1ln\u00ed v\u00fdhody! Nenechte si uj\u00edt tuto p\u0159\u00edle\u017eitost!\" \/>\n<meta property=\"og:url\" content=\"https:\/\/betlabel.games\/cs\/bonuses\/freebet\/\" \/>\n<meta property=\"og:site_name\" content=\"Betlabel cs\" \/>\n<meta property=\"article:modified_time\" content=\"2026-04-27T08:49:26+00:00\" \/>\n<meta name=\"twitter:card\" content=\"summary_large_image\" \/>\n<script type=\"application\/ld+json\" class=\"yoast-schema-graph\">{\"@context\":\"https:\\\/\\\/schema.org\",\"@graph\":[{\"@type\":\"WebPage\",\"@id\":\"https:\\\/\\\/betlabel.games\\\/cs\\\/bonuses\\\/freebet\\\/\",\"url\":\"https:\\\/\\\/betlabel.games\\\/cs\\\/bonuses\\\/freebet\\\/\",\"name\":\"S\u00e1zka zdarma BetLabel | 15% k prvn\u00edmu vkladu a\u017e do v\u00fd\u0161e 2200K\u010d\",\"isPartOf\":{\"@id\":\"https:\\\/\\\/betlabel.games\\\/cs\\\/#website\"},\"datePublished\":\"2025-06-13T07:21:59+00:00\",\"dateModified\":\"2026-04-27T08:49:26+00:00\",\"description\":\"Z\u00edskejte uv\u00edtac\u00ed s\u00e1zku zdarma od BetLabel a 15 % k prvn\u00edmu vkladu! Zaregistrujte se, aktivujte bonus a dopl\u0148te si z\u016fstatek \u2013 \u010dekaj\u00ed na v\u00e1s maxim\u00e1ln\u00ed v\u00fdhody! Nenechte si uj\u00edt tuto p\u0159\u00edle\u017eitost!\",\"breadcrumb\":{\"@id\":\"https:\\\/\\\/betlabel.games\\\/cs\\\/bonuses\\\/freebet\\\/#breadcrumb\"},\"inLanguage\":\"cs\",\"potentialAction\":[{\"@type\":\"ReadAction\",\"target\":[\"https:\\\/\\\/betlabel.games\\\/cs\\\/bonuses\\\/freebet\\\/\"]}]},{\"@type\":\"BreadcrumbList\",\"@id\":\"https:\\\/\\\/betlabel.games\\\/cs\\\/bonuses\\\/freebet\\\/#breadcrumb\",\"itemListElement\":[{\"@type\":\"ListItem\",\"position\":1,\"name\":\"Home\",\"item\":\"https:\\\/\\\/betlabel.games\\\/cs\\\/\"},{\"@type\":\"ListItem\",\"position\":2,\"name\":\"Bonusy\",\"item\":\"https:\\\/\\\/betlabel.games\\\/cs\\\/bonuses\\\/\"},{\"@type\":\"ListItem\",\"position\":3,\"name\":\"S\u00e1zka zdarma\"}]},{\"@type\":\"WebSite\",\"@id\":\"https:\\\/\\\/betlabel.games\\\/cs\\\/#website\",\"url\":\"https:\\\/\\\/betlabel.games\\\/cs\\\/\",\"name\":\"Betlabel cs\",\"description\":\"My WordPress Blog\",\"potentialAction\":[{\"@type\":\"SearchAction\",\"target\":{\"@type\":\"EntryPoint\",\"urlTemplate\":\"https:\\\/\\\/betlabel.games\\\/cs\\\/?s={search_term_string}\"},\"query-input\":{\"@type\":\"PropertyValueSpecification\",\"valueRequired\":true,\"valueName\":\"search_term_string\"}}],\"inLanguage\":\"cs\"}]}<\/script>\n<!-- \/ Yoast SEO plugin. -->","yoast_head_json":{"title":"S\u00e1zka zdarma BetLabel | 15% k prvn\u00edmu vkladu a\u017e do v\u00fd\u0161e 2200K\u010d","description":"Z\u00edskejte uv\u00edtac\u00ed s\u00e1zku zdarma od BetLabel a 15 % k prvn\u00edmu vkladu! Zaregistrujte se, aktivujte bonus a dopl\u0148te si z\u016fstatek \u2013 \u010dekaj\u00ed na v\u00e1s maxim\u00e1ln\u00ed v\u00fdhody! Nenechte si uj\u00edt tuto p\u0159\u00edle\u017eitost!","robots":{"index":"index","follow":"follow","max-snippet":"max-snippet:-1","max-image-preview":"max-image-preview:large","max-video-preview":"max-video-preview:-1"},"og_locale":"cs_CZ","og_type":"article","og_title":"S\u00e1zka zdarma BetLabel | 15% k prvn\u00edmu vkladu a\u017e do v\u00fd\u0161e 2200K\u010d","og_description":"Z\u00edskejte uv\u00edtac\u00ed s\u00e1zku zdarma od BetLabel a 15 % k prvn\u00edmu vkladu! Zaregistrujte se, aktivujte bonus a dopl\u0148te si z\u016fstatek \u2013 \u010dekaj\u00ed na v\u00e1s maxim\u00e1ln\u00ed v\u00fdhody! Nenechte si uj\u00edt tuto p\u0159\u00edle\u017eitost!","og_url":"https:\/\/betlabel.games\/cs\/bonuses\/freebet\/","og_site_name":"Betlabel cs","article_modified_time":"2026-04-27T08:49:26+00:00","twitter_card":"summary_large_image","schema":{"@context":"https:\/\/schema.org","@graph":[{"@type":"WebPage","@id":"https:\/\/betlabel.games\/cs\/bonuses\/freebet\/","url":"https:\/\/betlabel.games\/cs\/bonuses\/freebet\/","name":"S\u00e1zka zdarma BetLabel | 15% k prvn\u00edmu vkladu a\u017e do v\u00fd\u0161e 2200K\u010d","isPartOf":{"@id":"https:\/\/betlabel.games\/cs\/#website"},"datePublished":"2025-06-13T07:21:59+00:00","dateModified":"2026-04-27T08:49:26+00:00","description":"Z\u00edskejte uv\u00edtac\u00ed s\u00e1zku zdarma od BetLabel a 15 % k prvn\u00edmu vkladu! Zaregistrujte se, aktivujte bonus a dopl\u0148te si z\u016fstatek \u2013 \u010dekaj\u00ed na v\u00e1s maxim\u00e1ln\u00ed v\u00fdhody! Nenechte si uj\u00edt tuto p\u0159\u00edle\u017eitost!","breadcrumb":{"@id":"https:\/\/betlabel.games\/cs\/bonuses\/freebet\/#breadcrumb"},"inLanguage":"cs","potentialAction":[{"@type":"ReadAction","target":["https:\/\/betlabel.games\/cs\/bonuses\/freebet\/"]}]},{"@type":"BreadcrumbList","@id":"https:\/\/betlabel.games\/cs\/bonuses\/freebet\/#breadcrumb","itemListElement":[{"@type":"ListItem","position":1,"name":"Home","item":"https:\/\/betlabel.games\/cs\/"},{"@type":"ListItem","position":2,"name":"Bonusy","item":"https:\/\/betlabel.games\/cs\/bonuses\/"},{"@type":"ListItem","position":3,"name":"S\u00e1zka zdarma"}]},{"@type":"WebSite","@id":"https:\/\/betlabel.games\/cs\/#website","url":"https:\/\/betlabel.games\/cs\/","name":"Betlabel cs","description":"My WordPress Blog","potentialAction":[{"@type":"SearchAction","target":{"@type":"EntryPoint","urlTemplate":"https:\/\/betlabel.games\/cs\/?s={search_term_string}"},"query-input":{"@type":"PropertyValueSpecification","valueRequired":true,"valueName":"search_term_string"}}],"inLanguage":"cs"}]}},"_links":{"self":[{"href":"https:\/\/betlabel.games\/cs\/wp-json\/wp\/v2\/pages\/440","targetHints":{"allow":["GET"]}}],"collection":[{"href":"https:\/\/betlabel.games\/cs\/wp-json\/wp\/v2\/pages"}],"about":[{"href":"https:\/\/betlabel.games\/cs\/wp-json\/wp\/v2\/types\/page"}],"author":[{"embeddable":true,"href":"https:\/\/betlabel.games\/cs\/wp-json\/wp\/v2\/users\/1"}],"replies":[{"embeddable":true,"href":"https:\/\/betlabel.games\/cs\/wp-json\/wp\/v2\/comments?post=440"}],"version-history":[{"count":4,"href":"https:\/\/betlabel.games\/cs\/wp-json\/wp\/v2\/pages\/440\/revisions"}],"predecessor-version":[{"id":1200,"href":"https:\/\/betlabel.games\/cs\/wp-json\/wp\/v2\/pages\/440\/revisions\/1200"}],"up":[{"embeddable":true,"href":"https:\/\/betlabel.games\/cs\/wp-json\/wp\/v2\/pages\/201"}],"wp:attachment":[{"href":"https:\/\/betlabel.games\/cs\/wp-json\/wp\/v2\/media?parent=440"}],"curies":[{"name":"wp","href":"https:\/\/api.w.org\/{rel}","templated":true}]}}