{"id":716,"date":"2025-12-24T12:19:05","date_gmt":"2025-12-24T12:19:05","guid":{"rendered":"https:\/\/betlabel.games\/cs\/?page_id=716"},"modified":"2026-04-27T14:55:52","modified_gmt":"2026-04-27T14:55:52","slug":"ice-hockey-betting","status":"publish","type":"page","link":"https:\/\/betlabel.games\/cs\/ice-hockey-betting\/","title":{"rendered":"Ledn\u00ed hokej"},"content":{"rendered":"","protected":false},"excerpt":{"rendered":"","protected":false},"author":1,"featured_media":0,"parent":0,"menu_order":0,"comment_status":"closed","ping_status":"closed","template":"","meta":{"footnotes":""},"class_list":["post-716","page","type-page","status-publish","hentry"],"yoast_head":"<!-- This site is optimized with the Yoast SEO plugin v27.4 - https:\/\/yoast.com\/product\/yoast-seo-wordpress\/ -->\n<title>BetLabel S\u00e1zky na hokej \u2014 NHL, KHL, live s\u00e1zky a vysok\u00e9 kurzy<\/title>\n<meta name=\"description\" content=\"S\u00e1zky na hokej na BetLabel \u2014 NHL, KHL, mistrovstv\u00ed sv\u011bta s v\u00edce ne\u017e 1000 s\u00e1zkov\u00fdmi trhy. Vysok\u00e9 kurzy na handicapy, celkov\u00e9 sk\u00f3re a jednotliv\u00e9 t\u0159etiny. \u017div\u00e9 p\u0159enosy, statistiky a 100% bonus k prvn\u00edmu vkladu!\" \/>\n<meta name=\"robots\" content=\"index, follow, max-snippet:-1, max-image-preview:large, max-video-preview:-1\" \/>\n<meta property=\"og:locale\" content=\"cs_CZ\" \/>\n<meta property=\"og:type\" content=\"article\" \/>\n<meta property=\"og:title\" content=\"BetLabel S\u00e1zky na hokej \u2014 NHL, KHL, live s\u00e1zky a vysok\u00e9 kurzy\" \/>\n<meta property=\"og:description\" content=\"S\u00e1zky na hokej na BetLabel \u2014 NHL, KHL, mistrovstv\u00ed sv\u011bta s v\u00edce ne\u017e 1000 s\u00e1zkov\u00fdmi trhy. Vysok\u00e9 kurzy na handicapy, celkov\u00e9 sk\u00f3re a jednotliv\u00e9 t\u0159etiny. \u017div\u00e9 p\u0159enosy, statistiky a 100% bonus k prvn\u00edmu vkladu!\" \/>\n<meta property=\"og:url\" content=\"https:\/\/betlabel.games\/cs\/ice-hockey-betting\/\" \/>\n<meta property=\"og:site_name\" content=\"Betlabel cs\" \/>\n<meta property=\"article:modified_time\" content=\"2026-04-27T14:55:52+00:00\" \/>\n<meta name=\"twitter:card\" content=\"summary_large_image\" \/>\n<script type=\"application\/ld+json\" class=\"yoast-schema-graph\">{\"@context\":\"https:\\\/\\\/schema.org\",\"@graph\":[{\"@type\":\"WebPage\",\"@id\":\"https:\\\/\\\/betlabel.games\\\/cs\\\/ice-hockey-betting\\\/\",\"url\":\"https:\\\/\\\/betlabel.games\\\/cs\\\/ice-hockey-betting\\\/\",\"name\":\"BetLabel S\u00e1zky na hokej \u2014 NHL, KHL, live s\u00e1zky a vysok\u00e9 kurzy\",\"isPartOf\":{\"@id\":\"https:\\\/\\\/betlabel.games\\\/cs\\\/#website\"},\"datePublished\":\"2025-12-24T12:19:05+00:00\",\"dateModified\":\"2026-04-27T14:55:52+00:00\",\"description\":\"S\u00e1zky na hokej na BetLabel \u2014 NHL, KHL, mistrovstv\u00ed sv\u011bta s v\u00edce ne\u017e 1000 s\u00e1zkov\u00fdmi trhy. Vysok\u00e9 kurzy na handicapy, celkov\u00e9 sk\u00f3re a jednotliv\u00e9 t\u0159etiny. \u017div\u00e9 p\u0159enosy, statistiky a 100% bonus k prvn\u00edmu vkladu!\",\"breadcrumb\":{\"@id\":\"https:\\\/\\\/betlabel.games\\\/cs\\\/ice-hockey-betting\\\/#breadcrumb\"},\"inLanguage\":\"cs\",\"potentialAction\":[{\"@type\":\"ReadAction\",\"target\":[\"https:\\\/\\\/betlabel.games\\\/cs\\\/ice-hockey-betting\\\/\"]}]},{\"@type\":\"BreadcrumbList\",\"@id\":\"https:\\\/\\\/betlabel.games\\\/cs\\\/ice-hockey-betting\\\/#breadcrumb\",\"itemListElement\":[{\"@type\":\"ListItem\",\"position\":1,\"name\":\"Home\",\"item\":\"https:\\\/\\\/betlabel.games\\\/cs\\\/\"},{\"@type\":\"ListItem\",\"position\":2,\"name\":\"Ledn\u00ed hokej\"}]},{\"@type\":\"WebSite\",\"@id\":\"https:\\\/\\\/betlabel.games\\\/cs\\\/#website\",\"url\":\"https:\\\/\\\/betlabel.games\\\/cs\\\/\",\"name\":\"Betlabel cs\",\"description\":\"My WordPress Blog\",\"potentialAction\":[{\"@type\":\"SearchAction\",\"target\":{\"@type\":\"EntryPoint\",\"urlTemplate\":\"https:\\\/\\\/betlabel.games\\\/cs\\\/?s={search_term_string}\"},\"query-input\":{\"@type\":\"PropertyValueSpecification\",\"valueRequired\":true,\"valueName\":\"search_term_string\"}}],\"inLanguage\":\"cs\"}]}<\/script>\n<!-- \/ Yoast SEO plugin. -->","yoast_head_json":{"title":"BetLabel S\u00e1zky na hokej \u2014 NHL, KHL, live s\u00e1zky a vysok\u00e9 kurzy","description":"S\u00e1zky na hokej na BetLabel \u2014 NHL, KHL, mistrovstv\u00ed sv\u011bta s v\u00edce ne\u017e 1000 s\u00e1zkov\u00fdmi trhy. Vysok\u00e9 kurzy na handicapy, celkov\u00e9 sk\u00f3re a jednotliv\u00e9 t\u0159etiny. \u017div\u00e9 p\u0159enosy, statistiky a 100% bonus k prvn\u00edmu vkladu!","robots":{"index":"index","follow":"follow","max-snippet":"max-snippet:-1","max-image-preview":"max-image-preview:large","max-video-preview":"max-video-preview:-1"},"og_locale":"cs_CZ","og_type":"article","og_title":"BetLabel S\u00e1zky na hokej \u2014 NHL, KHL, live s\u00e1zky a vysok\u00e9 kurzy","og_description":"S\u00e1zky na hokej na BetLabel \u2014 NHL, KHL, mistrovstv\u00ed sv\u011bta s v\u00edce ne\u017e 1000 s\u00e1zkov\u00fdmi trhy. Vysok\u00e9 kurzy na handicapy, celkov\u00e9 sk\u00f3re a jednotliv\u00e9 t\u0159etiny. \u017div\u00e9 p\u0159enosy, statistiky a 100% bonus k prvn\u00edmu vkladu!","og_url":"https:\/\/betlabel.games\/cs\/ice-hockey-betting\/","og_site_name":"Betlabel cs","article_modified_time":"2026-04-27T14:55:52+00:00","twitter_card":"summary_large_image","schema":{"@context":"https:\/\/schema.org","@graph":[{"@type":"WebPage","@id":"https:\/\/betlabel.games\/cs\/ice-hockey-betting\/","url":"https:\/\/betlabel.games\/cs\/ice-hockey-betting\/","name":"BetLabel S\u00e1zky na hokej \u2014 NHL, KHL, live s\u00e1zky a vysok\u00e9 kurzy","isPartOf":{"@id":"https:\/\/betlabel.games\/cs\/#website"},"datePublished":"2025-12-24T12:19:05+00:00","dateModified":"2026-04-27T14:55:52+00:00","description":"S\u00e1zky na hokej na BetLabel \u2014 NHL, KHL, mistrovstv\u00ed sv\u011bta s v\u00edce ne\u017e 1000 s\u00e1zkov\u00fdmi trhy. Vysok\u00e9 kurzy na handicapy, celkov\u00e9 sk\u00f3re a jednotliv\u00e9 t\u0159etiny. \u017div\u00e9 p\u0159enosy, statistiky a 100% bonus k prvn\u00edmu vkladu!","breadcrumb":{"@id":"https:\/\/betlabel.games\/cs\/ice-hockey-betting\/#breadcrumb"},"inLanguage":"cs","potentialAction":[{"@type":"ReadAction","target":["https:\/\/betlabel.games\/cs\/ice-hockey-betting\/"]}]},{"@type":"BreadcrumbList","@id":"https:\/\/betlabel.games\/cs\/ice-hockey-betting\/#breadcrumb","itemListElement":[{"@type":"ListItem","position":1,"name":"Home","item":"https:\/\/betlabel.games\/cs\/"},{"@type":"ListItem","position":2,"name":"Ledn\u00ed hokej"}]},{"@type":"WebSite","@id":"https:\/\/betlabel.games\/cs\/#website","url":"https:\/\/betlabel.games\/cs\/","name":"Betlabel cs","description":"My WordPress Blog","potentialAction":[{"@type":"SearchAction","target":{"@type":"EntryPoint","urlTemplate":"https:\/\/betlabel.games\/cs\/?s={search_term_string}"},"query-input":{"@type":"PropertyValueSpecification","valueRequired":true,"valueName":"search_term_string"}}],"inLanguage":"cs"}]}},"_links":{"self":[{"href":"https:\/\/betlabel.games\/cs\/wp-json\/wp\/v2\/pages\/716","targetHints":{"allow":["GET"]}}],"collection":[{"href":"https:\/\/betlabel.games\/cs\/wp-json\/wp\/v2\/pages"}],"about":[{"href":"https:\/\/betlabel.games\/cs\/wp-json\/wp\/v2\/types\/page"}],"author":[{"embeddable":true,"href":"https:\/\/betlabel.games\/cs\/wp-json\/wp\/v2\/users\/1"}],"replies":[{"embeddable":true,"href":"https:\/\/betlabel.games\/cs\/wp-json\/wp\/v2\/comments?post=716"}],"version-history":[{"count":5,"href":"https:\/\/betlabel.games\/cs\/wp-json\/wp\/v2\/pages\/716\/revisions"}],"predecessor-version":[{"id":1227,"href":"https:\/\/betlabel.games\/cs\/wp-json\/wp\/v2\/pages\/716\/revisions\/1227"}],"wp:attachment":[{"href":"https:\/\/betlabel.games\/cs\/wp-json\/wp\/v2\/media?parent=716"}],"curies":[{"name":"wp","href":"https:\/\/api.w.org\/{rel}","templated":true}]}}