{"id":725,"date":"2025-12-24T13:46:39","date_gmt":"2025-12-24T13:46:39","guid":{"rendered":"https:\/\/betlabel.games\/cs\/?page_id=725"},"modified":"2026-04-27T09:11:57","modified_gmt":"2026-04-27T09:11:57","slug":"boxing-betting","status":"publish","type":"page","link":"https:\/\/betlabel.games\/cs\/boxing-betting\/","title":{"rendered":"Box"},"content":{"rendered":"","protected":false},"excerpt":{"rendered":"","protected":false},"author":1,"featured_media":0,"parent":0,"menu_order":0,"comment_status":"closed","ping_status":"closed","template":"","meta":{"footnotes":""},"class_list":["post-725","page","type-page","status-publish","hentry"],"yoast_head":"<!-- This site is optimized with the Yoast SEO plugin v27.4 - https:\/\/yoast.com\/product\/yoast-seo-wordpress\/ -->\n<title>S\u00e1zky na box s BetLabel \u2014 UFC, WBC, live kurzy a bonusy<\/title>\n<meta name=\"description\" content=\"S\u00e1zky na box a MMA na BetLabel: Z\u00e1pasy o tituly WBC, WBA a UFC s kurzy na kola, knokauty a zp\u016fsob v\u00edt\u011bzstv\u00ed. Vysok\u00e9 kurzy, \u017eiv\u00e9 p\u0159enosy a 100% bonus. S\u00e1zky p\u0159ed z\u00e1pasem i live s\u00e1zky na \u0161pi\u010dkov\u00e9 z\u00e1pasy.\" \/>\n<meta name=\"robots\" content=\"index, follow, max-snippet:-1, max-image-preview:large, max-video-preview:-1\" \/>\n<meta property=\"og:locale\" content=\"cs_CZ\" \/>\n<meta property=\"og:type\" content=\"article\" \/>\n<meta property=\"og:title\" content=\"S\u00e1zky na box s BetLabel \u2014 UFC, WBC, live kurzy a bonusy\" \/>\n<meta property=\"og:description\" content=\"S\u00e1zky na box a MMA na BetLabel: Z\u00e1pasy o tituly WBC, WBA a UFC s kurzy na kola, knokauty a zp\u016fsob v\u00edt\u011bzstv\u00ed. Vysok\u00e9 kurzy, \u017eiv\u00e9 p\u0159enosy a 100% bonus. S\u00e1zky p\u0159ed z\u00e1pasem i live s\u00e1zky na \u0161pi\u010dkov\u00e9 z\u00e1pasy.\" \/>\n<meta property=\"og:url\" content=\"https:\/\/betlabel.games\/cs\/boxing-betting\/\" \/>\n<meta property=\"og:site_name\" content=\"Betlabel cs\" \/>\n<meta property=\"article:modified_time\" content=\"2026-04-27T09:11:57+00:00\" \/>\n<meta name=\"twitter:card\" content=\"summary_large_image\" \/>\n<script type=\"application\/ld+json\" class=\"yoast-schema-graph\">{\"@context\":\"https:\\\/\\\/schema.org\",\"@graph\":[{\"@type\":\"WebPage\",\"@id\":\"https:\\\/\\\/betlabel.games\\\/cs\\\/boxing-betting\\\/\",\"url\":\"https:\\\/\\\/betlabel.games\\\/cs\\\/boxing-betting\\\/\",\"name\":\"S\u00e1zky na box s BetLabel \u2014 UFC, WBC, live kurzy a bonusy\",\"isPartOf\":{\"@id\":\"https:\\\/\\\/betlabel.games\\\/cs\\\/#website\"},\"datePublished\":\"2025-12-24T13:46:39+00:00\",\"dateModified\":\"2026-04-27T09:11:57+00:00\",\"description\":\"S\u00e1zky na box a MMA na BetLabel: Z\u00e1pasy o tituly WBC, WBA a UFC s kurzy na kola, knokauty a zp\u016fsob v\u00edt\u011bzstv\u00ed. Vysok\u00e9 kurzy, \u017eiv\u00e9 p\u0159enosy a 100% bonus. S\u00e1zky p\u0159ed z\u00e1pasem i live s\u00e1zky na \u0161pi\u010dkov\u00e9 z\u00e1pasy.\",\"breadcrumb\":{\"@id\":\"https:\\\/\\\/betlabel.games\\\/cs\\\/boxing-betting\\\/#breadcrumb\"},\"inLanguage\":\"cs\",\"potentialAction\":[{\"@type\":\"ReadAction\",\"target\":[\"https:\\\/\\\/betlabel.games\\\/cs\\\/boxing-betting\\\/\"]}]},{\"@type\":\"BreadcrumbList\",\"@id\":\"https:\\\/\\\/betlabel.games\\\/cs\\\/boxing-betting\\\/#breadcrumb\",\"itemListElement\":[{\"@type\":\"ListItem\",\"position\":1,\"name\":\"Home\",\"item\":\"https:\\\/\\\/betlabel.games\\\/cs\\\/\"},{\"@type\":\"ListItem\",\"position\":2,\"name\":\"Box\"}]},{\"@type\":\"WebSite\",\"@id\":\"https:\\\/\\\/betlabel.games\\\/cs\\\/#website\",\"url\":\"https:\\\/\\\/betlabel.games\\\/cs\\\/\",\"name\":\"Betlabel cs\",\"description\":\"My WordPress Blog\",\"potentialAction\":[{\"@type\":\"SearchAction\",\"target\":{\"@type\":\"EntryPoint\",\"urlTemplate\":\"https:\\\/\\\/betlabel.games\\\/cs\\\/?s={search_term_string}\"},\"query-input\":{\"@type\":\"PropertyValueSpecification\",\"valueRequired\":true,\"valueName\":\"search_term_string\"}}],\"inLanguage\":\"cs\"}]}<\/script>\n<!-- \/ Yoast SEO plugin. -->","yoast_head_json":{"title":"S\u00e1zky na box s BetLabel \u2014 UFC, WBC, live kurzy a bonusy","description":"S\u00e1zky na box a MMA na BetLabel: Z\u00e1pasy o tituly WBC, WBA a UFC s kurzy na kola, knokauty a zp\u016fsob v\u00edt\u011bzstv\u00ed. Vysok\u00e9 kurzy, \u017eiv\u00e9 p\u0159enosy a 100% bonus. S\u00e1zky p\u0159ed z\u00e1pasem i live s\u00e1zky na \u0161pi\u010dkov\u00e9 z\u00e1pasy.","robots":{"index":"index","follow":"follow","max-snippet":"max-snippet:-1","max-image-preview":"max-image-preview:large","max-video-preview":"max-video-preview:-1"},"og_locale":"cs_CZ","og_type":"article","og_title":"S\u00e1zky na box s BetLabel \u2014 UFC, WBC, live kurzy a bonusy","og_description":"S\u00e1zky na box a MMA na BetLabel: Z\u00e1pasy o tituly WBC, WBA a UFC s kurzy na kola, knokauty a zp\u016fsob v\u00edt\u011bzstv\u00ed. Vysok\u00e9 kurzy, \u017eiv\u00e9 p\u0159enosy a 100% bonus. S\u00e1zky p\u0159ed z\u00e1pasem i live s\u00e1zky na \u0161pi\u010dkov\u00e9 z\u00e1pasy.","og_url":"https:\/\/betlabel.games\/cs\/boxing-betting\/","og_site_name":"Betlabel cs","article_modified_time":"2026-04-27T09:11:57+00:00","twitter_card":"summary_large_image","schema":{"@context":"https:\/\/schema.org","@graph":[{"@type":"WebPage","@id":"https:\/\/betlabel.games\/cs\/boxing-betting\/","url":"https:\/\/betlabel.games\/cs\/boxing-betting\/","name":"S\u00e1zky na box s BetLabel \u2014 UFC, WBC, live kurzy a bonusy","isPartOf":{"@id":"https:\/\/betlabel.games\/cs\/#website"},"datePublished":"2025-12-24T13:46:39+00:00","dateModified":"2026-04-27T09:11:57+00:00","description":"S\u00e1zky na box a MMA na BetLabel: Z\u00e1pasy o tituly WBC, WBA a UFC s kurzy na kola, knokauty a zp\u016fsob v\u00edt\u011bzstv\u00ed. Vysok\u00e9 kurzy, \u017eiv\u00e9 p\u0159enosy a 100% bonus. S\u00e1zky p\u0159ed z\u00e1pasem i live s\u00e1zky na \u0161pi\u010dkov\u00e9 z\u00e1pasy.","breadcrumb":{"@id":"https:\/\/betlabel.games\/cs\/boxing-betting\/#breadcrumb"},"inLanguage":"cs","potentialAction":[{"@type":"ReadAction","target":["https:\/\/betlabel.games\/cs\/boxing-betting\/"]}]},{"@type":"BreadcrumbList","@id":"https:\/\/betlabel.games\/cs\/boxing-betting\/#breadcrumb","itemListElement":[{"@type":"ListItem","position":1,"name":"Home","item":"https:\/\/betlabel.games\/cs\/"},{"@type":"ListItem","position":2,"name":"Box"}]},{"@type":"WebSite","@id":"https:\/\/betlabel.games\/cs\/#website","url":"https:\/\/betlabel.games\/cs\/","name":"Betlabel cs","description":"My WordPress Blog","potentialAction":[{"@type":"SearchAction","target":{"@type":"EntryPoint","urlTemplate":"https:\/\/betlabel.games\/cs\/?s={search_term_string}"},"query-input":{"@type":"PropertyValueSpecification","valueRequired":true,"valueName":"search_term_string"}}],"inLanguage":"cs"}]}},"_links":{"self":[{"href":"https:\/\/betlabel.games\/cs\/wp-json\/wp\/v2\/pages\/725","targetHints":{"allow":["GET"]}}],"collection":[{"href":"https:\/\/betlabel.games\/cs\/wp-json\/wp\/v2\/pages"}],"about":[{"href":"https:\/\/betlabel.games\/cs\/wp-json\/wp\/v2\/types\/page"}],"author":[{"embeddable":true,"href":"https:\/\/betlabel.games\/cs\/wp-json\/wp\/v2\/users\/1"}],"replies":[{"embeddable":true,"href":"https:\/\/betlabel.games\/cs\/wp-json\/wp\/v2\/comments?post=725"}],"version-history":[{"count":5,"href":"https:\/\/betlabel.games\/cs\/wp-json\/wp\/v2\/pages\/725\/revisions"}],"predecessor-version":[{"id":1205,"href":"https:\/\/betlabel.games\/cs\/wp-json\/wp\/v2\/pages\/725\/revisions\/1205"}],"wp:attachment":[{"href":"https:\/\/betlabel.games\/cs\/wp-json\/wp\/v2\/media?parent=725"}],"curies":[{"name":"wp","href":"https:\/\/api.w.org\/{rel}","templated":true}]}}