{"id":752,"date":"2025-12-29T17:44:29","date_gmt":"2025-12-29T17:44:29","guid":{"rendered":"https:\/\/betlabel.games\/cs\/?page_id=752"},"modified":"2026-04-27T09:41:19","modified_gmt":"2026-04-27T09:41:19","slug":"cricket-betting","status":"publish","type":"page","link":"https:\/\/betlabel.games\/cs\/cricket-betting\/","title":{"rendered":"S\u00e1zky na kriket"},"content":{"rendered":"","protected":false},"excerpt":{"rendered":"","protected":false},"author":1,"featured_media":0,"parent":0,"menu_order":0,"comment_status":"closed","ping_status":"closed","template":"","meta":{"footnotes":""},"class_list":["post-752","page","type-page","status-publish","hentry"],"yoast_head":"<!-- This site is optimized with the Yoast SEO plugin v27.4 - https:\/\/yoast.com\/product\/yoast-seo-wordpress\/ -->\n<title>S\u00e1zky na kriket na BetLabel \u2014 kurzy a nab\u00eddky na p\u0159edn\u00ed turnaje<\/title>\n<meta name=\"description\" content=\"S\u00e1zejte na kriket na BetLabel \u2013 \u0161pi\u010dkov\u00e9 turnajov\u00e9 z\u00e1pasy, p\u0159ehledn\u00e9 s\u00e1zkov\u00e9 nab\u00eddky, s\u00e1zky na overy a hr\u00e1\u010de, v\u00fdhodn\u00e9 kurzy a live s\u00e1zky. Ide\u00e1ln\u00ed pro promy\u0161len\u00e9 strategie a p\u0159esn\u00e9 p\u0159edpov\u011bdi.\" \/>\n<meta name=\"robots\" content=\"index, follow, max-snippet:-1, max-image-preview:large, max-video-preview:-1\" \/>\n<meta property=\"og:locale\" content=\"cs_CZ\" \/>\n<meta property=\"og:type\" content=\"article\" \/>\n<meta property=\"og:title\" content=\"S\u00e1zky na kriket na BetLabel \u2014 kurzy a nab\u00eddky na p\u0159edn\u00ed turnaje\" \/>\n<meta property=\"og:description\" content=\"S\u00e1zejte na kriket na BetLabel \u2013 \u0161pi\u010dkov\u00e9 turnajov\u00e9 z\u00e1pasy, p\u0159ehledn\u00e9 s\u00e1zkov\u00e9 nab\u00eddky, s\u00e1zky na overy a hr\u00e1\u010de, v\u00fdhodn\u00e9 kurzy a live s\u00e1zky. Ide\u00e1ln\u00ed pro promy\u0161len\u00e9 strategie a p\u0159esn\u00e9 p\u0159edpov\u011bdi.\" \/>\n<meta property=\"og:url\" content=\"https:\/\/betlabel.games\/cs\/cricket-betting\/\" \/>\n<meta property=\"og:site_name\" content=\"Betlabel cs\" \/>\n<meta property=\"article:modified_time\" content=\"2026-04-27T09:41:19+00:00\" \/>\n<meta name=\"twitter:card\" content=\"summary_large_image\" \/>\n<script type=\"application\/ld+json\" class=\"yoast-schema-graph\">{\"@context\":\"https:\\\/\\\/schema.org\",\"@graph\":[{\"@type\":\"WebPage\",\"@id\":\"https:\\\/\\\/betlabel.games\\\/cs\\\/cricket-betting\\\/\",\"url\":\"https:\\\/\\\/betlabel.games\\\/cs\\\/cricket-betting\\\/\",\"name\":\"S\u00e1zky na kriket na BetLabel \u2014 kurzy a nab\u00eddky na p\u0159edn\u00ed turnaje\",\"isPartOf\":{\"@id\":\"https:\\\/\\\/betlabel.games\\\/cs\\\/#website\"},\"datePublished\":\"2025-12-29T17:44:29+00:00\",\"dateModified\":\"2026-04-27T09:41:19+00:00\",\"description\":\"S\u00e1zejte na kriket na BetLabel \u2013 \u0161pi\u010dkov\u00e9 turnajov\u00e9 z\u00e1pasy, p\u0159ehledn\u00e9 s\u00e1zkov\u00e9 nab\u00eddky, s\u00e1zky na overy a hr\u00e1\u010de, v\u00fdhodn\u00e9 kurzy a live s\u00e1zky. Ide\u00e1ln\u00ed pro promy\u0161len\u00e9 strategie a p\u0159esn\u00e9 p\u0159edpov\u011bdi.\",\"breadcrumb\":{\"@id\":\"https:\\\/\\\/betlabel.games\\\/cs\\\/cricket-betting\\\/#breadcrumb\"},\"inLanguage\":\"cs\",\"potentialAction\":[{\"@type\":\"ReadAction\",\"target\":[\"https:\\\/\\\/betlabel.games\\\/cs\\\/cricket-betting\\\/\"]}]},{\"@type\":\"BreadcrumbList\",\"@id\":\"https:\\\/\\\/betlabel.games\\\/cs\\\/cricket-betting\\\/#breadcrumb\",\"itemListElement\":[{\"@type\":\"ListItem\",\"position\":1,\"name\":\"Home\",\"item\":\"https:\\\/\\\/betlabel.games\\\/cs\\\/\"},{\"@type\":\"ListItem\",\"position\":2,\"name\":\"S\u00e1zky na kriket\"}]},{\"@type\":\"WebSite\",\"@id\":\"https:\\\/\\\/betlabel.games\\\/cs\\\/#website\",\"url\":\"https:\\\/\\\/betlabel.games\\\/cs\\\/\",\"name\":\"Betlabel cs\",\"description\":\"My WordPress Blog\",\"potentialAction\":[{\"@type\":\"SearchAction\",\"target\":{\"@type\":\"EntryPoint\",\"urlTemplate\":\"https:\\\/\\\/betlabel.games\\\/cs\\\/?s={search_term_string}\"},\"query-input\":{\"@type\":\"PropertyValueSpecification\",\"valueRequired\":true,\"valueName\":\"search_term_string\"}}],\"inLanguage\":\"cs\"}]}<\/script>\n<!-- \/ Yoast SEO plugin. -->","yoast_head_json":{"title":"S\u00e1zky na kriket na BetLabel \u2014 kurzy a nab\u00eddky na p\u0159edn\u00ed turnaje","description":"S\u00e1zejte na kriket na BetLabel \u2013 \u0161pi\u010dkov\u00e9 turnajov\u00e9 z\u00e1pasy, p\u0159ehledn\u00e9 s\u00e1zkov\u00e9 nab\u00eddky, s\u00e1zky na overy a hr\u00e1\u010de, v\u00fdhodn\u00e9 kurzy a live s\u00e1zky. Ide\u00e1ln\u00ed pro promy\u0161len\u00e9 strategie a p\u0159esn\u00e9 p\u0159edpov\u011bdi.","robots":{"index":"index","follow":"follow","max-snippet":"max-snippet:-1","max-image-preview":"max-image-preview:large","max-video-preview":"max-video-preview:-1"},"og_locale":"cs_CZ","og_type":"article","og_title":"S\u00e1zky na kriket na BetLabel \u2014 kurzy a nab\u00eddky na p\u0159edn\u00ed turnaje","og_description":"S\u00e1zejte na kriket na BetLabel \u2013 \u0161pi\u010dkov\u00e9 turnajov\u00e9 z\u00e1pasy, p\u0159ehledn\u00e9 s\u00e1zkov\u00e9 nab\u00eddky, s\u00e1zky na overy a hr\u00e1\u010de, v\u00fdhodn\u00e9 kurzy a live s\u00e1zky. Ide\u00e1ln\u00ed pro promy\u0161len\u00e9 strategie a p\u0159esn\u00e9 p\u0159edpov\u011bdi.","og_url":"https:\/\/betlabel.games\/cs\/cricket-betting\/","og_site_name":"Betlabel cs","article_modified_time":"2026-04-27T09:41:19+00:00","twitter_card":"summary_large_image","schema":{"@context":"https:\/\/schema.org","@graph":[{"@type":"WebPage","@id":"https:\/\/betlabel.games\/cs\/cricket-betting\/","url":"https:\/\/betlabel.games\/cs\/cricket-betting\/","name":"S\u00e1zky na kriket na BetLabel \u2014 kurzy a nab\u00eddky na p\u0159edn\u00ed turnaje","isPartOf":{"@id":"https:\/\/betlabel.games\/cs\/#website"},"datePublished":"2025-12-29T17:44:29+00:00","dateModified":"2026-04-27T09:41:19+00:00","description":"S\u00e1zejte na kriket na BetLabel \u2013 \u0161pi\u010dkov\u00e9 turnajov\u00e9 z\u00e1pasy, p\u0159ehledn\u00e9 s\u00e1zkov\u00e9 nab\u00eddky, s\u00e1zky na overy a hr\u00e1\u010de, v\u00fdhodn\u00e9 kurzy a live s\u00e1zky. Ide\u00e1ln\u00ed pro promy\u0161len\u00e9 strategie a p\u0159esn\u00e9 p\u0159edpov\u011bdi.","breadcrumb":{"@id":"https:\/\/betlabel.games\/cs\/cricket-betting\/#breadcrumb"},"inLanguage":"cs","potentialAction":[{"@type":"ReadAction","target":["https:\/\/betlabel.games\/cs\/cricket-betting\/"]}]},{"@type":"BreadcrumbList","@id":"https:\/\/betlabel.games\/cs\/cricket-betting\/#breadcrumb","itemListElement":[{"@type":"ListItem","position":1,"name":"Home","item":"https:\/\/betlabel.games\/cs\/"},{"@type":"ListItem","position":2,"name":"S\u00e1zky na kriket"}]},{"@type":"WebSite","@id":"https:\/\/betlabel.games\/cs\/#website","url":"https:\/\/betlabel.games\/cs\/","name":"Betlabel cs","description":"My WordPress Blog","potentialAction":[{"@type":"SearchAction","target":{"@type":"EntryPoint","urlTemplate":"https:\/\/betlabel.games\/cs\/?s={search_term_string}"},"query-input":{"@type":"PropertyValueSpecification","valueRequired":true,"valueName":"search_term_string"}}],"inLanguage":"cs"}]}},"_links":{"self":[{"href":"https:\/\/betlabel.games\/cs\/wp-json\/wp\/v2\/pages\/752","targetHints":{"allow":["GET"]}}],"collection":[{"href":"https:\/\/betlabel.games\/cs\/wp-json\/wp\/v2\/pages"}],"about":[{"href":"https:\/\/betlabel.games\/cs\/wp-json\/wp\/v2\/types\/page"}],"author":[{"embeddable":true,"href":"https:\/\/betlabel.games\/cs\/wp-json\/wp\/v2\/users\/1"}],"replies":[{"embeddable":true,"href":"https:\/\/betlabel.games\/cs\/wp-json\/wp\/v2\/comments?post=752"}],"version-history":[{"count":5,"href":"https:\/\/betlabel.games\/cs\/wp-json\/wp\/v2\/pages\/752\/revisions"}],"predecessor-version":[{"id":1216,"href":"https:\/\/betlabel.games\/cs\/wp-json\/wp\/v2\/pages\/752\/revisions\/1216"}],"wp:attachment":[{"href":"https:\/\/betlabel.games\/cs\/wp-json\/wp\/v2\/media?parent=752"}],"curies":[{"name":"wp","href":"https:\/\/api.w.org\/{rel}","templated":true}]}}