{"id":772,"date":"2026-01-02T06:51:52","date_gmt":"2026-01-02T06:51:52","guid":{"rendered":"https:\/\/betlabel.games\/cs\/?page_id=772"},"modified":"2026-04-27T09:37:18","modified_gmt":"2026-04-27T09:37:18","slug":"chicken-road","status":"publish","type":"page","link":"https:\/\/betlabel.games\/cs\/chicken-road\/","title":{"rendered":"Chicken Road"},"content":{"rendered":"","protected":false},"excerpt":{"rendered":"","protected":false},"author":1,"featured_media":0,"parent":0,"menu_order":0,"comment_status":"closed","ping_status":"closed","template":"","meta":{"footnotes":""},"class_list":["post-772","page","type-page","status-publish","hentry"],"yoast_head":"<!-- This site is optimized with the Yoast SEO plugin v27.4 - https:\/\/yoast.com\/product\/yoast-seo-wordpress\/ -->\n<title>Zahrajte si Chicken Road na BetLabel \u2014 crash hru s vysok\u00fdm RTP<\/title>\n<meta name=\"description\" content=\"Chicken Road v kasinu BetLabel \u2014 je dynamick\u00e1 crash hra s vysok\u00fdm RTP. Uzav\u0159ete s\u00e1zku, sledujte, jak se n\u00e1sobitel zvy\u0161uje, a v\u010das si vyberte v\u00fdhru. Ide\u00e1ln\u00ed pro rychl\u00e9 a vzru\u0161uj\u00edc\u00ed hern\u00ed seance.\" \/>\n<meta name=\"robots\" content=\"index, follow, max-snippet:-1, max-image-preview:large, max-video-preview:-1\" \/>\n<meta property=\"og:locale\" content=\"cs_CZ\" \/>\n<meta property=\"og:type\" content=\"article\" \/>\n<meta property=\"og:title\" content=\"Zahrajte si Chicken Road na BetLabel \u2014 crash hru s vysok\u00fdm RTP\" \/>\n<meta property=\"og:description\" content=\"Chicken Road v kasinu BetLabel \u2014 je dynamick\u00e1 crash hra s vysok\u00fdm RTP. Uzav\u0159ete s\u00e1zku, sledujte, jak se n\u00e1sobitel zvy\u0161uje, a v\u010das si vyberte v\u00fdhru. Ide\u00e1ln\u00ed pro rychl\u00e9 a vzru\u0161uj\u00edc\u00ed hern\u00ed seance.\" \/>\n<meta property=\"og:url\" content=\"https:\/\/betlabel.games\/cs\/chicken-road\/\" \/>\n<meta property=\"og:site_name\" content=\"Betlabel cs\" \/>\n<meta property=\"article:modified_time\" content=\"2026-04-27T09:37:18+00:00\" \/>\n<meta name=\"twitter:card\" content=\"summary_large_image\" \/>\n<script type=\"application\/ld+json\" class=\"yoast-schema-graph\">{\"@context\":\"https:\\\/\\\/schema.org\",\"@graph\":[{\"@type\":\"WebPage\",\"@id\":\"https:\\\/\\\/betlabel.games\\\/cs\\\/chicken-road\\\/\",\"url\":\"https:\\\/\\\/betlabel.games\\\/cs\\\/chicken-road\\\/\",\"name\":\"Zahrajte si Chicken Road na BetLabel \u2014 crash hru s vysok\u00fdm RTP\",\"isPartOf\":{\"@id\":\"https:\\\/\\\/betlabel.games\\\/cs\\\/#website\"},\"datePublished\":\"2026-01-02T06:51:52+00:00\",\"dateModified\":\"2026-04-27T09:37:18+00:00\",\"description\":\"Chicken Road v kasinu BetLabel \u2014 je dynamick\u00e1 crash hra s vysok\u00fdm RTP. Uzav\u0159ete s\u00e1zku, sledujte, jak se n\u00e1sobitel zvy\u0161uje, a v\u010das si vyberte v\u00fdhru. Ide\u00e1ln\u00ed pro rychl\u00e9 a vzru\u0161uj\u00edc\u00ed hern\u00ed seance.\",\"breadcrumb\":{\"@id\":\"https:\\\/\\\/betlabel.games\\\/cs\\\/chicken-road\\\/#breadcrumb\"},\"inLanguage\":\"cs\",\"potentialAction\":[{\"@type\":\"ReadAction\",\"target\":[\"https:\\\/\\\/betlabel.games\\\/cs\\\/chicken-road\\\/\"]}]},{\"@type\":\"BreadcrumbList\",\"@id\":\"https:\\\/\\\/betlabel.games\\\/cs\\\/chicken-road\\\/#breadcrumb\",\"itemListElement\":[{\"@type\":\"ListItem\",\"position\":1,\"name\":\"Home\",\"item\":\"https:\\\/\\\/betlabel.games\\\/cs\\\/\"},{\"@type\":\"ListItem\",\"position\":2,\"name\":\"Chicken Road\"}]},{\"@type\":\"WebSite\",\"@id\":\"https:\\\/\\\/betlabel.games\\\/cs\\\/#website\",\"url\":\"https:\\\/\\\/betlabel.games\\\/cs\\\/\",\"name\":\"Betlabel cs\",\"description\":\"My WordPress Blog\",\"potentialAction\":[{\"@type\":\"SearchAction\",\"target\":{\"@type\":\"EntryPoint\",\"urlTemplate\":\"https:\\\/\\\/betlabel.games\\\/cs\\\/?s={search_term_string}\"},\"query-input\":{\"@type\":\"PropertyValueSpecification\",\"valueRequired\":true,\"valueName\":\"search_term_string\"}}],\"inLanguage\":\"cs\"}]}<\/script>\n<!-- \/ Yoast SEO plugin. -->","yoast_head_json":{"title":"Zahrajte si Chicken Road na BetLabel \u2014 crash hru s vysok\u00fdm RTP","description":"Chicken Road v kasinu BetLabel \u2014 je dynamick\u00e1 crash hra s vysok\u00fdm RTP. Uzav\u0159ete s\u00e1zku, sledujte, jak se n\u00e1sobitel zvy\u0161uje, a v\u010das si vyberte v\u00fdhru. Ide\u00e1ln\u00ed pro rychl\u00e9 a vzru\u0161uj\u00edc\u00ed hern\u00ed seance.","robots":{"index":"index","follow":"follow","max-snippet":"max-snippet:-1","max-image-preview":"max-image-preview:large","max-video-preview":"max-video-preview:-1"},"og_locale":"cs_CZ","og_type":"article","og_title":"Zahrajte si Chicken Road na BetLabel \u2014 crash hru s vysok\u00fdm RTP","og_description":"Chicken Road v kasinu BetLabel \u2014 je dynamick\u00e1 crash hra s vysok\u00fdm RTP. Uzav\u0159ete s\u00e1zku, sledujte, jak se n\u00e1sobitel zvy\u0161uje, a v\u010das si vyberte v\u00fdhru. Ide\u00e1ln\u00ed pro rychl\u00e9 a vzru\u0161uj\u00edc\u00ed hern\u00ed seance.","og_url":"https:\/\/betlabel.games\/cs\/chicken-road\/","og_site_name":"Betlabel cs","article_modified_time":"2026-04-27T09:37:18+00:00","twitter_card":"summary_large_image","schema":{"@context":"https:\/\/schema.org","@graph":[{"@type":"WebPage","@id":"https:\/\/betlabel.games\/cs\/chicken-road\/","url":"https:\/\/betlabel.games\/cs\/chicken-road\/","name":"Zahrajte si Chicken Road na BetLabel \u2014 crash hru s vysok\u00fdm RTP","isPartOf":{"@id":"https:\/\/betlabel.games\/cs\/#website"},"datePublished":"2026-01-02T06:51:52+00:00","dateModified":"2026-04-27T09:37:18+00:00","description":"Chicken Road v kasinu BetLabel \u2014 je dynamick\u00e1 crash hra s vysok\u00fdm RTP. Uzav\u0159ete s\u00e1zku, sledujte, jak se n\u00e1sobitel zvy\u0161uje, a v\u010das si vyberte v\u00fdhru. Ide\u00e1ln\u00ed pro rychl\u00e9 a vzru\u0161uj\u00edc\u00ed hern\u00ed seance.","breadcrumb":{"@id":"https:\/\/betlabel.games\/cs\/chicken-road\/#breadcrumb"},"inLanguage":"cs","potentialAction":[{"@type":"ReadAction","target":["https:\/\/betlabel.games\/cs\/chicken-road\/"]}]},{"@type":"BreadcrumbList","@id":"https:\/\/betlabel.games\/cs\/chicken-road\/#breadcrumb","itemListElement":[{"@type":"ListItem","position":1,"name":"Home","item":"https:\/\/betlabel.games\/cs\/"},{"@type":"ListItem","position":2,"name":"Chicken Road"}]},{"@type":"WebSite","@id":"https:\/\/betlabel.games\/cs\/#website","url":"https:\/\/betlabel.games\/cs\/","name":"Betlabel cs","description":"My WordPress Blog","potentialAction":[{"@type":"SearchAction","target":{"@type":"EntryPoint","urlTemplate":"https:\/\/betlabel.games\/cs\/?s={search_term_string}"},"query-input":{"@type":"PropertyValueSpecification","valueRequired":true,"valueName":"search_term_string"}}],"inLanguage":"cs"}]}},"_links":{"self":[{"href":"https:\/\/betlabel.games\/cs\/wp-json\/wp\/v2\/pages\/772","targetHints":{"allow":["GET"]}}],"collection":[{"href":"https:\/\/betlabel.games\/cs\/wp-json\/wp\/v2\/pages"}],"about":[{"href":"https:\/\/betlabel.games\/cs\/wp-json\/wp\/v2\/types\/page"}],"author":[{"embeddable":true,"href":"https:\/\/betlabel.games\/cs\/wp-json\/wp\/v2\/users\/1"}],"replies":[{"embeddable":true,"href":"https:\/\/betlabel.games\/cs\/wp-json\/wp\/v2\/comments?post=772"}],"version-history":[{"count":5,"href":"https:\/\/betlabel.games\/cs\/wp-json\/wp\/v2\/pages\/772\/revisions"}],"predecessor-version":[{"id":1214,"href":"https:\/\/betlabel.games\/cs\/wp-json\/wp\/v2\/pages\/772\/revisions\/1214"}],"wp:attachment":[{"href":"https:\/\/betlabel.games\/cs\/wp-json\/wp\/v2\/media?parent=772"}],"curies":[{"name":"wp","href":"https:\/\/api.w.org\/{rel}","templated":true}]}}