{"id":447,"date":"2025-06-13T07:40:56","date_gmt":"2025-06-13T07:40:56","guid":{"rendered":"https:\/\/betlabel.games\/de-at\/?page_id=447"},"modified":"2026-04-22T06:37:47","modified_gmt":"2026-04-22T06:37:47","slug":"sports-cashback","status":"publish","type":"page","link":"https:\/\/betlabel.games\/de-at\/bonuses\/sports-cashback\/","title":{"rendered":"Sport-Cashback"},"content":{"rendered":"","protected":false},"excerpt":{"rendered":"","protected":false},"author":1,"featured_media":0,"parent":201,"menu_order":0,"comment_status":"closed","ping_status":"closed","template":"","meta":{"footnotes":""},"class_list":["post-447","page","type-page","status-publish","hentry"],"yoast_head":"<!-- This site is optimized with the Yoast SEO plugin v27.4 - https:\/\/yoast.com\/product\/yoast-seo-wordpress\/ -->\n<title>Sport-Cashback BetLabel | Erhalten Sie 3 % Ihrer Verluste zur\u00fcck<\/title>\n<meta name=\"description\" content=\"Verpassen Sie nicht Ihre Chance, einen Teil Ihrer Verluste mit Cashback von BetLabel \u00d6sterreich zur\u00fcckzugewinnen! Erhalten Sie jede Woche 3 % Ihrer Eins\u00e4tze zur\u00fcck, ohne dass zus\u00e4tzliche Einzahlungen erforderlich sind.\" \/>\n<meta name=\"robots\" content=\"index, follow, max-snippet:-1, max-image-preview:large, max-video-preview:-1\" \/>\n<meta property=\"og:locale\" content=\"de_DE\" \/>\n<meta property=\"og:type\" content=\"article\" \/>\n<meta property=\"og:title\" content=\"Sport-Cashback BetLabel | Erhalten Sie 3 % Ihrer Verluste zur\u00fcck\" \/>\n<meta property=\"og:description\" content=\"Verpassen Sie nicht Ihre Chance, einen Teil Ihrer Verluste mit Cashback von BetLabel \u00d6sterreich zur\u00fcckzugewinnen! Erhalten Sie jede Woche 3 % Ihrer Eins\u00e4tze zur\u00fcck, ohne dass zus\u00e4tzliche Einzahlungen erforderlich sind.\" \/>\n<meta property=\"og:url\" content=\"https:\/\/betlabel.games\/de-at\/bonuses\/sports-cashback\/\" \/>\n<meta property=\"og:site_name\" content=\"Betlabel de-AT\" \/>\n<meta property=\"article:modified_time\" content=\"2026-04-22T06:37:47+00:00\" \/>\n<meta name=\"twitter:card\" content=\"summary_large_image\" \/>\n<script type=\"application\/ld+json\" class=\"yoast-schema-graph\">{\"@context\":\"https:\\\/\\\/schema.org\",\"@graph\":[{\"@type\":\"WebPage\",\"@id\":\"https:\\\/\\\/betlabel.games\\\/de-at\\\/bonuses\\\/sports-cashback\\\/\",\"url\":\"https:\\\/\\\/betlabel.games\\\/de-at\\\/bonuses\\\/sports-cashback\\\/\",\"name\":\"Sport-Cashback BetLabel | Erhalten Sie 3 % Ihrer Verluste zur\u00fcck\",\"isPartOf\":{\"@id\":\"https:\\\/\\\/betlabel.games\\\/de-at\\\/#website\"},\"datePublished\":\"2025-06-13T07:40:56+00:00\",\"dateModified\":\"2026-04-22T06:37:47+00:00\",\"description\":\"Verpassen Sie nicht Ihre Chance, einen Teil Ihrer Verluste mit Cashback von BetLabel \u00d6sterreich zur\u00fcckzugewinnen! Erhalten Sie jede Woche 3 % Ihrer Eins\u00e4tze zur\u00fcck, ohne dass zus\u00e4tzliche Einzahlungen erforderlich sind.\",\"breadcrumb\":{\"@id\":\"https:\\\/\\\/betlabel.games\\\/de-at\\\/bonuses\\\/sports-cashback\\\/#breadcrumb\"},\"inLanguage\":\"de-AT\",\"potentialAction\":[{\"@type\":\"ReadAction\",\"target\":[\"https:\\\/\\\/betlabel.games\\\/de-at\\\/bonuses\\\/sports-cashback\\\/\"]}]},{\"@type\":\"BreadcrumbList\",\"@id\":\"https:\\\/\\\/betlabel.games\\\/de-at\\\/bonuses\\\/sports-cashback\\\/#breadcrumb\",\"itemListElement\":[{\"@type\":\"ListItem\",\"position\":1,\"name\":\"Home\",\"item\":\"https:\\\/\\\/betlabel.games\\\/de-at\\\/\"},{\"@type\":\"ListItem\",\"position\":2,\"name\":\"Bonusse\",\"item\":\"https:\\\/\\\/betlabel.games\\\/de-at\\\/bonuses\\\/\"},{\"@type\":\"ListItem\",\"position\":3,\"name\":\"Sport-Cashback\"}]},{\"@type\":\"WebSite\",\"@id\":\"https:\\\/\\\/betlabel.games\\\/de-at\\\/#website\",\"url\":\"https:\\\/\\\/betlabel.games\\\/de-at\\\/\",\"name\":\"Betlabel de-AT\",\"description\":\"My WordPress Blog\",\"potentialAction\":[{\"@type\":\"SearchAction\",\"target\":{\"@type\":\"EntryPoint\",\"urlTemplate\":\"https:\\\/\\\/betlabel.games\\\/de-at\\\/?s={search_term_string}\"},\"query-input\":{\"@type\":\"PropertyValueSpecification\",\"valueRequired\":true,\"valueName\":\"search_term_string\"}}],\"inLanguage\":\"de-AT\"}]}<\/script>\n<!-- \/ Yoast SEO plugin. -->","yoast_head_json":{"title":"Sport-Cashback BetLabel | Erhalten Sie 3 % Ihrer Verluste zur\u00fcck","description":"Verpassen Sie nicht Ihre Chance, einen Teil Ihrer Verluste mit Cashback von BetLabel \u00d6sterreich zur\u00fcckzugewinnen! Erhalten Sie jede Woche 3 % Ihrer Eins\u00e4tze zur\u00fcck, ohne dass zus\u00e4tzliche Einzahlungen erforderlich sind.","robots":{"index":"index","follow":"follow","max-snippet":"max-snippet:-1","max-image-preview":"max-image-preview:large","max-video-preview":"max-video-preview:-1"},"og_locale":"de_DE","og_type":"article","og_title":"Sport-Cashback BetLabel | Erhalten Sie 3 % Ihrer Verluste zur\u00fcck","og_description":"Verpassen Sie nicht Ihre Chance, einen Teil Ihrer Verluste mit Cashback von BetLabel \u00d6sterreich zur\u00fcckzugewinnen! Erhalten Sie jede Woche 3 % Ihrer Eins\u00e4tze zur\u00fcck, ohne dass zus\u00e4tzliche Einzahlungen erforderlich sind.","og_url":"https:\/\/betlabel.games\/de-at\/bonuses\/sports-cashback\/","og_site_name":"Betlabel de-AT","article_modified_time":"2026-04-22T06:37:47+00:00","twitter_card":"summary_large_image","schema":{"@context":"https:\/\/schema.org","@graph":[{"@type":"WebPage","@id":"https:\/\/betlabel.games\/de-at\/bonuses\/sports-cashback\/","url":"https:\/\/betlabel.games\/de-at\/bonuses\/sports-cashback\/","name":"Sport-Cashback BetLabel | Erhalten Sie 3 % Ihrer Verluste zur\u00fcck","isPartOf":{"@id":"https:\/\/betlabel.games\/de-at\/#website"},"datePublished":"2025-06-13T07:40:56+00:00","dateModified":"2026-04-22T06:37:47+00:00","description":"Verpassen Sie nicht Ihre Chance, einen Teil Ihrer Verluste mit Cashback von BetLabel \u00d6sterreich zur\u00fcckzugewinnen! Erhalten Sie jede Woche 3 % Ihrer Eins\u00e4tze zur\u00fcck, ohne dass zus\u00e4tzliche Einzahlungen erforderlich sind.","breadcrumb":{"@id":"https:\/\/betlabel.games\/de-at\/bonuses\/sports-cashback\/#breadcrumb"},"inLanguage":"de-AT","potentialAction":[{"@type":"ReadAction","target":["https:\/\/betlabel.games\/de-at\/bonuses\/sports-cashback\/"]}]},{"@type":"BreadcrumbList","@id":"https:\/\/betlabel.games\/de-at\/bonuses\/sports-cashback\/#breadcrumb","itemListElement":[{"@type":"ListItem","position":1,"name":"Home","item":"https:\/\/betlabel.games\/de-at\/"},{"@type":"ListItem","position":2,"name":"Bonusse","item":"https:\/\/betlabel.games\/de-at\/bonuses\/"},{"@type":"ListItem","position":3,"name":"Sport-Cashback"}]},{"@type":"WebSite","@id":"https:\/\/betlabel.games\/de-at\/#website","url":"https:\/\/betlabel.games\/de-at\/","name":"Betlabel de-AT","description":"My WordPress Blog","potentialAction":[{"@type":"SearchAction","target":{"@type":"EntryPoint","urlTemplate":"https:\/\/betlabel.games\/de-at\/?s={search_term_string}"},"query-input":{"@type":"PropertyValueSpecification","valueRequired":true,"valueName":"search_term_string"}}],"inLanguage":"de-AT"}]}},"_links":{"self":[{"href":"https:\/\/betlabel.games\/de-at\/wp-json\/wp\/v2\/pages\/447","targetHints":{"allow":["GET"]}}],"collection":[{"href":"https:\/\/betlabel.games\/de-at\/wp-json\/wp\/v2\/pages"}],"about":[{"href":"https:\/\/betlabel.games\/de-at\/wp-json\/wp\/v2\/types\/page"}],"author":[{"embeddable":true,"href":"https:\/\/betlabel.games\/de-at\/wp-json\/wp\/v2\/users\/1"}],"replies":[{"embeddable":true,"href":"https:\/\/betlabel.games\/de-at\/wp-json\/wp\/v2\/comments?post=447"}],"version-history":[{"count":5,"href":"https:\/\/betlabel.games\/de-at\/wp-json\/wp\/v2\/pages\/447\/revisions"}],"predecessor-version":[{"id":1181,"href":"https:\/\/betlabel.games\/de-at\/wp-json\/wp\/v2\/pages\/447\/revisions\/1181"}],"up":[{"embeddable":true,"href":"https:\/\/betlabel.games\/de-at\/wp-json\/wp\/v2\/pages\/201"}],"wp:attachment":[{"href":"https:\/\/betlabel.games\/de-at\/wp-json\/wp\/v2\/media?parent=447"}],"curies":[{"name":"wp","href":"https:\/\/api.w.org\/{rel}","templated":true}]}}