{"id":752,"date":"2025-12-29T17:44:29","date_gmt":"2025-12-29T17:44:29","guid":{"rendered":"https:\/\/betlabel.games\/de-at\/?page_id=752"},"modified":"2026-04-22T06:49:34","modified_gmt":"2026-04-22T06:49:34","slug":"cricket-betting","status":"publish","type":"page","link":"https:\/\/betlabel.games\/de-at\/cricket-betting\/","title":{"rendered":"Cricket betting"},"content":{"rendered":"","protected":false},"excerpt":{"rendered":"","protected":false},"author":1,"featured_media":0,"parent":0,"menu_order":0,"comment_status":"closed","ping_status":"closed","template":"","meta":{"footnotes":""},"class_list":["post-752","page","type-page","status-publish","hentry"],"yoast_head":"<!-- This site is optimized with the Yoast SEO plugin v27.4 - https:\/\/yoast.com\/product\/yoast-seo-wordpress\/ -->\n<title>Cricket bei BetLabel \u2014 Quoten und Wettangebote f\u00fcr Top-Turniere<\/title>\n<meta name=\"description\" content=\"Wetten Sie auf Cricket bei BetLabel \u00d6sterreich \u2014 Top-Turnierspiele, bequeme Wettlinien, M\u00e4rkte f\u00fcr Overs und Spieler, g\u00fcnstige Quoten und Live-Wetten. Geeignet f\u00fcr gut durchdachte Strategien und genaue Vorhersagen.\" \/>\n<meta name=\"robots\" content=\"index, follow, max-snippet:-1, max-image-preview:large, max-video-preview:-1\" \/>\n<meta property=\"og:locale\" content=\"de_DE\" \/>\n<meta property=\"og:type\" content=\"article\" \/>\n<meta property=\"og:title\" content=\"Cricket bei BetLabel \u2014 Quoten und Wettangebote f\u00fcr Top-Turniere\" \/>\n<meta property=\"og:description\" content=\"Wetten Sie auf Cricket bei BetLabel \u00d6sterreich \u2014 Top-Turnierspiele, bequeme Wettlinien, M\u00e4rkte f\u00fcr Overs und Spieler, g\u00fcnstige Quoten und Live-Wetten. Geeignet f\u00fcr gut durchdachte Strategien und genaue Vorhersagen.\" \/>\n<meta property=\"og:url\" content=\"https:\/\/betlabel.games\/de-at\/cricket-betting\/\" \/>\n<meta property=\"og:site_name\" content=\"Betlabel de-AT\" \/>\n<meta property=\"article:modified_time\" content=\"2026-04-22T06:49:34+00:00\" \/>\n<meta name=\"twitter:card\" content=\"summary_large_image\" \/>\n<script type=\"application\/ld+json\" class=\"yoast-schema-graph\">{\"@context\":\"https:\\\/\\\/schema.org\",\"@graph\":[{\"@type\":\"WebPage\",\"@id\":\"https:\\\/\\\/betlabel.games\\\/de-at\\\/cricket-betting\\\/\",\"url\":\"https:\\\/\\\/betlabel.games\\\/de-at\\\/cricket-betting\\\/\",\"name\":\"Cricket bei BetLabel \u2014 Quoten und Wettangebote f\u00fcr Top-Turniere\",\"isPartOf\":{\"@id\":\"https:\\\/\\\/betlabel.games\\\/de-at\\\/#website\"},\"datePublished\":\"2025-12-29T17:44:29+00:00\",\"dateModified\":\"2026-04-22T06:49:34+00:00\",\"description\":\"Wetten Sie auf Cricket bei BetLabel \u00d6sterreich \u2014 Top-Turnierspiele, bequeme Wettlinien, M\u00e4rkte f\u00fcr Overs und Spieler, g\u00fcnstige Quoten und Live-Wetten. Geeignet f\u00fcr gut durchdachte Strategien und genaue Vorhersagen.\",\"breadcrumb\":{\"@id\":\"https:\\\/\\\/betlabel.games\\\/de-at\\\/cricket-betting\\\/#breadcrumb\"},\"inLanguage\":\"de-AT\",\"potentialAction\":[{\"@type\":\"ReadAction\",\"target\":[\"https:\\\/\\\/betlabel.games\\\/de-at\\\/cricket-betting\\\/\"]}]},{\"@type\":\"BreadcrumbList\",\"@id\":\"https:\\\/\\\/betlabel.games\\\/de-at\\\/cricket-betting\\\/#breadcrumb\",\"itemListElement\":[{\"@type\":\"ListItem\",\"position\":1,\"name\":\"Home\",\"item\":\"https:\\\/\\\/betlabel.games\\\/de-at\\\/\"},{\"@type\":\"ListItem\",\"position\":2,\"name\":\"Cricket betting\"}]},{\"@type\":\"WebSite\",\"@id\":\"https:\\\/\\\/betlabel.games\\\/de-at\\\/#website\",\"url\":\"https:\\\/\\\/betlabel.games\\\/de-at\\\/\",\"name\":\"Betlabel de-AT\",\"description\":\"My WordPress Blog\",\"potentialAction\":[{\"@type\":\"SearchAction\",\"target\":{\"@type\":\"EntryPoint\",\"urlTemplate\":\"https:\\\/\\\/betlabel.games\\\/de-at\\\/?s={search_term_string}\"},\"query-input\":{\"@type\":\"PropertyValueSpecification\",\"valueRequired\":true,\"valueName\":\"search_term_string\"}}],\"inLanguage\":\"de-AT\"}]}<\/script>\n<!-- \/ Yoast SEO plugin. -->","yoast_head_json":{"title":"Cricket bei BetLabel \u2014 Quoten und Wettangebote f\u00fcr Top-Turniere","description":"Wetten Sie auf Cricket bei BetLabel \u00d6sterreich \u2014 Top-Turnierspiele, bequeme Wettlinien, M\u00e4rkte f\u00fcr Overs und Spieler, g\u00fcnstige Quoten und Live-Wetten. Geeignet f\u00fcr gut durchdachte Strategien und genaue Vorhersagen.","robots":{"index":"index","follow":"follow","max-snippet":"max-snippet:-1","max-image-preview":"max-image-preview:large","max-video-preview":"max-video-preview:-1"},"og_locale":"de_DE","og_type":"article","og_title":"Cricket bei BetLabel \u2014 Quoten und Wettangebote f\u00fcr Top-Turniere","og_description":"Wetten Sie auf Cricket bei BetLabel \u00d6sterreich \u2014 Top-Turnierspiele, bequeme Wettlinien, M\u00e4rkte f\u00fcr Overs und Spieler, g\u00fcnstige Quoten und Live-Wetten. Geeignet f\u00fcr gut durchdachte Strategien und genaue Vorhersagen.","og_url":"https:\/\/betlabel.games\/de-at\/cricket-betting\/","og_site_name":"Betlabel de-AT","article_modified_time":"2026-04-22T06:49:34+00:00","twitter_card":"summary_large_image","schema":{"@context":"https:\/\/schema.org","@graph":[{"@type":"WebPage","@id":"https:\/\/betlabel.games\/de-at\/cricket-betting\/","url":"https:\/\/betlabel.games\/de-at\/cricket-betting\/","name":"Cricket bei BetLabel \u2014 Quoten und Wettangebote f\u00fcr Top-Turniere","isPartOf":{"@id":"https:\/\/betlabel.games\/de-at\/#website"},"datePublished":"2025-12-29T17:44:29+00:00","dateModified":"2026-04-22T06:49:34+00:00","description":"Wetten Sie auf Cricket bei BetLabel \u00d6sterreich \u2014 Top-Turnierspiele, bequeme Wettlinien, M\u00e4rkte f\u00fcr Overs und Spieler, g\u00fcnstige Quoten und Live-Wetten. Geeignet f\u00fcr gut durchdachte Strategien und genaue Vorhersagen.","breadcrumb":{"@id":"https:\/\/betlabel.games\/de-at\/cricket-betting\/#breadcrumb"},"inLanguage":"de-AT","potentialAction":[{"@type":"ReadAction","target":["https:\/\/betlabel.games\/de-at\/cricket-betting\/"]}]},{"@type":"BreadcrumbList","@id":"https:\/\/betlabel.games\/de-at\/cricket-betting\/#breadcrumb","itemListElement":[{"@type":"ListItem","position":1,"name":"Home","item":"https:\/\/betlabel.games\/de-at\/"},{"@type":"ListItem","position":2,"name":"Cricket betting"}]},{"@type":"WebSite","@id":"https:\/\/betlabel.games\/de-at\/#website","url":"https:\/\/betlabel.games\/de-at\/","name":"Betlabel de-AT","description":"My WordPress Blog","potentialAction":[{"@type":"SearchAction","target":{"@type":"EntryPoint","urlTemplate":"https:\/\/betlabel.games\/de-at\/?s={search_term_string}"},"query-input":{"@type":"PropertyValueSpecification","valueRequired":true,"valueName":"search_term_string"}}],"inLanguage":"de-AT"}]}},"_links":{"self":[{"href":"https:\/\/betlabel.games\/de-at\/wp-json\/wp\/v2\/pages\/752","targetHints":{"allow":["GET"]}}],"collection":[{"href":"https:\/\/betlabel.games\/de-at\/wp-json\/wp\/v2\/pages"}],"about":[{"href":"https:\/\/betlabel.games\/de-at\/wp-json\/wp\/v2\/types\/page"}],"author":[{"embeddable":true,"href":"https:\/\/betlabel.games\/de-at\/wp-json\/wp\/v2\/users\/1"}],"replies":[{"embeddable":true,"href":"https:\/\/betlabel.games\/de-at\/wp-json\/wp\/v2\/comments?post=752"}],"version-history":[{"count":5,"href":"https:\/\/betlabel.games\/de-at\/wp-json\/wp\/v2\/pages\/752\/revisions"}],"predecessor-version":[{"id":1188,"href":"https:\/\/betlabel.games\/de-at\/wp-json\/wp\/v2\/pages\/752\/revisions\/1188"}],"wp:attachment":[{"href":"https:\/\/betlabel.games\/de-at\/wp-json\/wp\/v2\/media?parent=752"}],"curies":[{"name":"wp","href":"https:\/\/api.w.org\/{rel}","templated":true}]}}