{"id":1069,"date":"2026-03-17T12:33:28","date_gmt":"2026-03-17T12:33:28","guid":{"rendered":"https:\/\/betlabel.games\/?page_id=1069"},"modified":"2026-04-26T07:39:28","modified_gmt":"2026-04-26T07:39:28","slug":"withdrawal","status":"publish","type":"page","link":"https:\/\/betlabel.games\/dk\/withdrawal\/","title":{"rendered":"Tilbagetr\u00e6kning"},"content":{"rendered":"","protected":false},"excerpt":{"rendered":"","protected":false},"author":1,"featured_media":0,"parent":0,"menu_order":0,"comment_status":"closed","ping_status":"closed","template":"","meta":{"footnotes":""},"class_list":["post-1069","page","type-page","status-publish","hentry"],"yoast_head":"<!-- This site is optimized with the Yoast SEO plugin v27.4 - https:\/\/yoast.com\/product\/yoast-seo-wordpress\/ -->\n<title>BetLabel Vejledning til udbetaling \u2014 Udbetal hurtigt og sikkert<\/title>\n<meta name=\"description\" content=\"Det er nemmere at h\u00e6ve penge fra BetLabel, end du tror. F\u00f8lg denne enkle vejledning for at h\u00e6ve dine penge hurtigt, sikkert og uden at beg\u00e5 de typiske fejl.\" \/>\n<meta name=\"robots\" content=\"index, follow, max-snippet:-1, max-image-preview:large, max-video-preview:-1\" \/>\n<meta property=\"og:locale\" content=\"da_DK\" \/>\n<meta property=\"og:type\" content=\"article\" \/>\n<meta property=\"og:title\" content=\"BetLabel Vejledning til udbetaling \u2014 Udbetal hurtigt og sikkert\" \/>\n<meta property=\"og:description\" content=\"Det er nemmere at h\u00e6ve penge fra BetLabel, end du tror. F\u00f8lg denne enkle vejledning for at h\u00e6ve dine penge hurtigt, sikkert og uden at beg\u00e5 de typiske fejl.\" \/>\n<meta property=\"og:url\" content=\"https:\/\/betlabel.games\/dk\/withdrawal\/\" \/>\n<meta property=\"og:site_name\" content=\"Betlabel dk\" \/>\n<meta property=\"article:modified_time\" content=\"2026-04-26T07:39:28+00:00\" \/>\n<meta name=\"twitter:card\" content=\"summary_large_image\" \/>\n<script type=\"application\/ld+json\" class=\"yoast-schema-graph\">{\"@context\":\"https:\\\/\\\/schema.org\",\"@graph\":[{\"@type\":\"WebPage\",\"@id\":\"https:\\\/\\\/betlabel.games\\\/dk\\\/withdrawal\\\/\",\"url\":\"https:\\\/\\\/betlabel.games\\\/dk\\\/withdrawal\\\/\",\"name\":\"BetLabel Vejledning til udbetaling \u2014 Udbetal hurtigt og sikkert\",\"isPartOf\":{\"@id\":\"https:\\\/\\\/betlabel.games\\\/dk\\\/#website\"},\"datePublished\":\"2026-03-17T12:33:28+00:00\",\"dateModified\":\"2026-04-26T07:39:28+00:00\",\"description\":\"Det er nemmere at h\u00e6ve penge fra BetLabel, end du tror. F\u00f8lg denne enkle vejledning for at h\u00e6ve dine penge hurtigt, sikkert og uden at beg\u00e5 de typiske fejl.\",\"breadcrumb\":{\"@id\":\"https:\\\/\\\/betlabel.games\\\/dk\\\/withdrawal\\\/#breadcrumb\"},\"inLanguage\":\"da-DK\",\"potentialAction\":[{\"@type\":\"ReadAction\",\"target\":[\"https:\\\/\\\/betlabel.games\\\/dk\\\/withdrawal\\\/\"]}]},{\"@type\":\"BreadcrumbList\",\"@id\":\"https:\\\/\\\/betlabel.games\\\/dk\\\/withdrawal\\\/#breadcrumb\",\"itemListElement\":[{\"@type\":\"ListItem\",\"position\":1,\"name\":\"Home\",\"item\":\"https:\\\/\\\/betlabel.games\\\/dk\\\/\"},{\"@type\":\"ListItem\",\"position\":2,\"name\":\"Tilbagetr\u00e6kning\"}]},{\"@type\":\"WebSite\",\"@id\":\"https:\\\/\\\/betlabel.games\\\/dk\\\/#website\",\"url\":\"https:\\\/\\\/betlabel.games\\\/dk\\\/\",\"name\":\"Betlabel dk\",\"description\":\"My WordPress Blog\",\"potentialAction\":[{\"@type\":\"SearchAction\",\"target\":{\"@type\":\"EntryPoint\",\"urlTemplate\":\"https:\\\/\\\/betlabel.games\\\/dk\\\/?s={search_term_string}\"},\"query-input\":{\"@type\":\"PropertyValueSpecification\",\"valueRequired\":true,\"valueName\":\"search_term_string\"}}],\"inLanguage\":\"da-DK\"}]}<\/script>\n<!-- \/ Yoast SEO plugin. -->","yoast_head_json":{"title":"BetLabel Vejledning til udbetaling \u2014 Udbetal hurtigt og sikkert","description":"Det er nemmere at h\u00e6ve penge fra BetLabel, end du tror. F\u00f8lg denne enkle vejledning for at h\u00e6ve dine penge hurtigt, sikkert og uden at beg\u00e5 de typiske fejl.","robots":{"index":"index","follow":"follow","max-snippet":"max-snippet:-1","max-image-preview":"max-image-preview:large","max-video-preview":"max-video-preview:-1"},"og_locale":"da_DK","og_type":"article","og_title":"BetLabel Vejledning til udbetaling \u2014 Udbetal hurtigt og sikkert","og_description":"Det er nemmere at h\u00e6ve penge fra BetLabel, end du tror. F\u00f8lg denne enkle vejledning for at h\u00e6ve dine penge hurtigt, sikkert og uden at beg\u00e5 de typiske fejl.","og_url":"https:\/\/betlabel.games\/dk\/withdrawal\/","og_site_name":"Betlabel dk","article_modified_time":"2026-04-26T07:39:28+00:00","twitter_card":"summary_large_image","schema":{"@context":"https:\/\/schema.org","@graph":[{"@type":"WebPage","@id":"https:\/\/betlabel.games\/dk\/withdrawal\/","url":"https:\/\/betlabel.games\/dk\/withdrawal\/","name":"BetLabel Vejledning til udbetaling \u2014 Udbetal hurtigt og sikkert","isPartOf":{"@id":"https:\/\/betlabel.games\/dk\/#website"},"datePublished":"2026-03-17T12:33:28+00:00","dateModified":"2026-04-26T07:39:28+00:00","description":"Det er nemmere at h\u00e6ve penge fra BetLabel, end du tror. F\u00f8lg denne enkle vejledning for at h\u00e6ve dine penge hurtigt, sikkert og uden at beg\u00e5 de typiske fejl.","breadcrumb":{"@id":"https:\/\/betlabel.games\/dk\/withdrawal\/#breadcrumb"},"inLanguage":"da-DK","potentialAction":[{"@type":"ReadAction","target":["https:\/\/betlabel.games\/dk\/withdrawal\/"]}]},{"@type":"BreadcrumbList","@id":"https:\/\/betlabel.games\/dk\/withdrawal\/#breadcrumb","itemListElement":[{"@type":"ListItem","position":1,"name":"Home","item":"https:\/\/betlabel.games\/dk\/"},{"@type":"ListItem","position":2,"name":"Tilbagetr\u00e6kning"}]},{"@type":"WebSite","@id":"https:\/\/betlabel.games\/dk\/#website","url":"https:\/\/betlabel.games\/dk\/","name":"Betlabel dk","description":"My WordPress Blog","potentialAction":[{"@type":"SearchAction","target":{"@type":"EntryPoint","urlTemplate":"https:\/\/betlabel.games\/dk\/?s={search_term_string}"},"query-input":{"@type":"PropertyValueSpecification","valueRequired":true,"valueName":"search_term_string"}}],"inLanguage":"da-DK"}]}},"_links":{"self":[{"href":"https:\/\/betlabel.games\/dk\/wp-json\/wp\/v2\/pages\/1069","targetHints":{"allow":["GET"]}}],"collection":[{"href":"https:\/\/betlabel.games\/dk\/wp-json\/wp\/v2\/pages"}],"about":[{"href":"https:\/\/betlabel.games\/dk\/wp-json\/wp\/v2\/types\/page"}],"author":[{"embeddable":true,"href":"https:\/\/betlabel.games\/dk\/wp-json\/wp\/v2\/users\/1"}],"replies":[{"embeddable":true,"href":"https:\/\/betlabel.games\/dk\/wp-json\/wp\/v2\/comments?post=1069"}],"version-history":[{"count":3,"href":"https:\/\/betlabel.games\/dk\/wp-json\/wp\/v2\/pages\/1069\/revisions"}],"predecessor-version":[{"id":1187,"href":"https:\/\/betlabel.games\/dk\/wp-json\/wp\/v2\/pages\/1069\/revisions\/1187"}],"wp:attachment":[{"href":"https:\/\/betlabel.games\/dk\/wp-json\/wp\/v2\/media?parent=1069"}],"curies":[{"name":"wp","href":"https:\/\/api.w.org\/{rel}","templated":true}]}}