{"id":1091,"date":"2026-03-19T06:28:57","date_gmt":"2026-03-19T06:28:57","guid":{"rendered":"https:\/\/betlabel.games\/?page_id=1091"},"modified":"2026-04-26T15:52:50","modified_gmt":"2026-04-26T15:52:50","slug":"first-deposit-bonus","status":"publish","type":"page","link":"https:\/\/betlabel.games\/dk\/first-deposit-bonus\/","title":{"rendered":"F\u00f8rste indbetalingsbonus"},"content":{"rendered":"","protected":false},"excerpt":{"rendered":"","protected":false},"author":1,"featured_media":0,"parent":0,"menu_order":0,"comment_status":"closed","ping_status":"closed","template":"","meta":{"footnotes":""},"class_list":["post-1091","page","type-page","status-publish","hentry"],"yoast_head":"<!-- This site is optimized with the Yoast SEO plugin v27.4 - https:\/\/yoast.com\/product\/yoast-seo-wordpress\/ -->\n<title>BetLabel 100% F\u00f8rste indskudsbonus p\u00e5 op til 600 DKK \u2013 hent den<\/title>\n<meta name=\"description\" content=\"Tilmeld dig hos BetLabel og modtag en 100 % bonus p\u00e5 op til 600 DKK p\u00e5 din f\u00f8rste indbetaling. Enkle aktiveringsskridt og \u00f8jeblikkelig udbetaling.\" \/>\n<meta name=\"robots\" content=\"index, follow, max-snippet:-1, max-image-preview:large, max-video-preview:-1\" \/>\n<meta property=\"og:locale\" content=\"da_DK\" \/>\n<meta property=\"og:type\" content=\"article\" \/>\n<meta property=\"og:title\" content=\"BetLabel 100% F\u00f8rste indskudsbonus p\u00e5 op til 600 DKK \u2013 hent den\" \/>\n<meta property=\"og:description\" content=\"Tilmeld dig hos BetLabel og modtag en 100 % bonus p\u00e5 op til 600 DKK p\u00e5 din f\u00f8rste indbetaling. Enkle aktiveringsskridt og \u00f8jeblikkelig udbetaling.\" \/>\n<meta property=\"og:url\" content=\"https:\/\/betlabel.games\/dk\/first-deposit-bonus\/\" \/>\n<meta property=\"og:site_name\" content=\"Betlabel dk\" \/>\n<meta property=\"article:modified_time\" content=\"2026-04-26T15:52:50+00:00\" \/>\n<meta name=\"twitter:card\" content=\"summary_large_image\" \/>\n<script type=\"application\/ld+json\" class=\"yoast-schema-graph\">{\"@context\":\"https:\\\/\\\/schema.org\",\"@graph\":[{\"@type\":\"WebPage\",\"@id\":\"https:\\\/\\\/betlabel.games\\\/dk\\\/first-deposit-bonus\\\/\",\"url\":\"https:\\\/\\\/betlabel.games\\\/dk\\\/first-deposit-bonus\\\/\",\"name\":\"BetLabel 100% F\u00f8rste indskudsbonus p\u00e5 op til 600 DKK \u2013 hent den\",\"isPartOf\":{\"@id\":\"https:\\\/\\\/betlabel.games\\\/dk\\\/#website\"},\"datePublished\":\"2026-03-19T06:28:57+00:00\",\"dateModified\":\"2026-04-26T15:52:50+00:00\",\"description\":\"Tilmeld dig hos BetLabel og modtag en 100 % bonus p\u00e5 op til 600 DKK p\u00e5 din f\u00f8rste indbetaling. Enkle aktiveringsskridt og \u00f8jeblikkelig udbetaling.\",\"breadcrumb\":{\"@id\":\"https:\\\/\\\/betlabel.games\\\/dk\\\/first-deposit-bonus\\\/#breadcrumb\"},\"inLanguage\":\"da-DK\",\"potentialAction\":[{\"@type\":\"ReadAction\",\"target\":[\"https:\\\/\\\/betlabel.games\\\/dk\\\/first-deposit-bonus\\\/\"]}]},{\"@type\":\"BreadcrumbList\",\"@id\":\"https:\\\/\\\/betlabel.games\\\/dk\\\/first-deposit-bonus\\\/#breadcrumb\",\"itemListElement\":[{\"@type\":\"ListItem\",\"position\":1,\"name\":\"Home\",\"item\":\"https:\\\/\\\/betlabel.games\\\/dk\\\/\"},{\"@type\":\"ListItem\",\"position\":2,\"name\":\"F\u00f8rste indbetalingsbonus\"}]},{\"@type\":\"WebSite\",\"@id\":\"https:\\\/\\\/betlabel.games\\\/dk\\\/#website\",\"url\":\"https:\\\/\\\/betlabel.games\\\/dk\\\/\",\"name\":\"Betlabel dk\",\"description\":\"My WordPress Blog\",\"potentialAction\":[{\"@type\":\"SearchAction\",\"target\":{\"@type\":\"EntryPoint\",\"urlTemplate\":\"https:\\\/\\\/betlabel.games\\\/dk\\\/?s={search_term_string}\"},\"query-input\":{\"@type\":\"PropertyValueSpecification\",\"valueRequired\":true,\"valueName\":\"search_term_string\"}}],\"inLanguage\":\"da-DK\"}]}<\/script>\n<!-- \/ Yoast SEO plugin. -->","yoast_head_json":{"title":"BetLabel 100% F\u00f8rste indskudsbonus p\u00e5 op til 600 DKK \u2013 hent den","description":"Tilmeld dig hos BetLabel og modtag en 100 % bonus p\u00e5 op til 600 DKK p\u00e5 din f\u00f8rste indbetaling. Enkle aktiveringsskridt og \u00f8jeblikkelig udbetaling.","robots":{"index":"index","follow":"follow","max-snippet":"max-snippet:-1","max-image-preview":"max-image-preview:large","max-video-preview":"max-video-preview:-1"},"og_locale":"da_DK","og_type":"article","og_title":"BetLabel 100% F\u00f8rste indskudsbonus p\u00e5 op til 600 DKK \u2013 hent den","og_description":"Tilmeld dig hos BetLabel og modtag en 100 % bonus p\u00e5 op til 600 DKK p\u00e5 din f\u00f8rste indbetaling. Enkle aktiveringsskridt og \u00f8jeblikkelig udbetaling.","og_url":"https:\/\/betlabel.games\/dk\/first-deposit-bonus\/","og_site_name":"Betlabel dk","article_modified_time":"2026-04-26T15:52:50+00:00","twitter_card":"summary_large_image","schema":{"@context":"https:\/\/schema.org","@graph":[{"@type":"WebPage","@id":"https:\/\/betlabel.games\/dk\/first-deposit-bonus\/","url":"https:\/\/betlabel.games\/dk\/first-deposit-bonus\/","name":"BetLabel 100% F\u00f8rste indskudsbonus p\u00e5 op til 600 DKK \u2013 hent den","isPartOf":{"@id":"https:\/\/betlabel.games\/dk\/#website"},"datePublished":"2026-03-19T06:28:57+00:00","dateModified":"2026-04-26T15:52:50+00:00","description":"Tilmeld dig hos BetLabel og modtag en 100 % bonus p\u00e5 op til 600 DKK p\u00e5 din f\u00f8rste indbetaling. Enkle aktiveringsskridt og \u00f8jeblikkelig udbetaling.","breadcrumb":{"@id":"https:\/\/betlabel.games\/dk\/first-deposit-bonus\/#breadcrumb"},"inLanguage":"da-DK","potentialAction":[{"@type":"ReadAction","target":["https:\/\/betlabel.games\/dk\/first-deposit-bonus\/"]}]},{"@type":"BreadcrumbList","@id":"https:\/\/betlabel.games\/dk\/first-deposit-bonus\/#breadcrumb","itemListElement":[{"@type":"ListItem","position":1,"name":"Home","item":"https:\/\/betlabel.games\/dk\/"},{"@type":"ListItem","position":2,"name":"F\u00f8rste indbetalingsbonus"}]},{"@type":"WebSite","@id":"https:\/\/betlabel.games\/dk\/#website","url":"https:\/\/betlabel.games\/dk\/","name":"Betlabel dk","description":"My WordPress Blog","potentialAction":[{"@type":"SearchAction","target":{"@type":"EntryPoint","urlTemplate":"https:\/\/betlabel.games\/dk\/?s={search_term_string}"},"query-input":{"@type":"PropertyValueSpecification","valueRequired":true,"valueName":"search_term_string"}}],"inLanguage":"da-DK"}]}},"_links":{"self":[{"href":"https:\/\/betlabel.games\/dk\/wp-json\/wp\/v2\/pages\/1091","targetHints":{"allow":["GET"]}}],"collection":[{"href":"https:\/\/betlabel.games\/dk\/wp-json\/wp\/v2\/pages"}],"about":[{"href":"https:\/\/betlabel.games\/dk\/wp-json\/wp\/v2\/types\/page"}],"author":[{"embeddable":true,"href":"https:\/\/betlabel.games\/dk\/wp-json\/wp\/v2\/users\/1"}],"replies":[{"embeddable":true,"href":"https:\/\/betlabel.games\/dk\/wp-json\/wp\/v2\/comments?post=1091"}],"version-history":[{"count":3,"href":"https:\/\/betlabel.games\/dk\/wp-json\/wp\/v2\/pages\/1091\/revisions"}],"predecessor-version":[{"id":1197,"href":"https:\/\/betlabel.games\/dk\/wp-json\/wp\/v2\/pages\/1091\/revisions\/1197"}],"wp:attachment":[{"href":"https:\/\/betlabel.games\/dk\/wp-json\/wp\/v2\/media?parent=1091"}],"curies":[{"name":"wp","href":"https:\/\/api.w.org\/{rel}","templated":true}]}}