{"id":1100,"date":"2026-03-19T07:07:26","date_gmt":"2026-03-19T07:07:26","guid":{"rendered":"https:\/\/betlabel.games\/?page_id=1100"},"modified":"2026-04-26T15:51:40","modified_gmt":"2026-04-26T15:51:40","slug":"free-bet","status":"publish","type":"page","link":"https:\/\/betlabel.games\/dk\/free-bet\/","title":{"rendered":"Gratis v\u00e6ddem\u00e5l"},"content":{"rendered":"","protected":false},"excerpt":{"rendered":"","protected":false},"author":1,"featured_media":0,"parent":0,"menu_order":0,"comment_status":"closed","ping_status":"closed","template":"","meta":{"footnotes":""},"class_list":["post-1100","page","type-page","status-publish","hentry"],"yoast_head":"<!-- This site is optimized with the Yoast SEO plugin v27.4 - https:\/\/yoast.com\/product\/yoast-seo-wordpress\/ -->\n<title>BetLabel Gratis v\u00e6ddem\u00e5l p\u00e5 15% op til 600DKK \u2013 Indskudsbonus<\/title>\n<meta name=\"description\" content=\"F\u00e5 et gratis v\u00e6ddem\u00e5l p\u00e5 15 % ved indskud p\u00e5 op til 600 DKK hos BetLabel. Opret en konto, indbetal penge p\u00e5 din konto, og modtag automatisk bonussen i form af en kampagnekode.\" \/>\n<meta name=\"robots\" content=\"index, follow, max-snippet:-1, max-image-preview:large, max-video-preview:-1\" \/>\n<meta property=\"og:locale\" content=\"da_DK\" \/>\n<meta property=\"og:type\" content=\"article\" \/>\n<meta property=\"og:title\" content=\"BetLabel Gratis v\u00e6ddem\u00e5l p\u00e5 15% op til 600DKK \u2013 Indskudsbonus\" \/>\n<meta property=\"og:description\" content=\"F\u00e5 et gratis v\u00e6ddem\u00e5l p\u00e5 15 % ved indskud p\u00e5 op til 600 DKK hos BetLabel. Opret en konto, indbetal penge p\u00e5 din konto, og modtag automatisk bonussen i form af en kampagnekode.\" \/>\n<meta property=\"og:url\" content=\"https:\/\/betlabel.games\/dk\/free-bet\/\" \/>\n<meta property=\"og:site_name\" content=\"Betlabel dk\" \/>\n<meta property=\"article:modified_time\" content=\"2026-04-26T15:51:40+00:00\" \/>\n<meta name=\"twitter:card\" content=\"summary_large_image\" \/>\n<script type=\"application\/ld+json\" class=\"yoast-schema-graph\">{\"@context\":\"https:\\\/\\\/schema.org\",\"@graph\":[{\"@type\":\"WebPage\",\"@id\":\"https:\\\/\\\/betlabel.games\\\/dk\\\/free-bet\\\/\",\"url\":\"https:\\\/\\\/betlabel.games\\\/dk\\\/free-bet\\\/\",\"name\":\"BetLabel Gratis v\u00e6ddem\u00e5l p\u00e5 15% op til 600DKK \u2013 Indskudsbonus\",\"isPartOf\":{\"@id\":\"https:\\\/\\\/betlabel.games\\\/dk\\\/#website\"},\"datePublished\":\"2026-03-19T07:07:26+00:00\",\"dateModified\":\"2026-04-26T15:51:40+00:00\",\"description\":\"F\u00e5 et gratis v\u00e6ddem\u00e5l p\u00e5 15 % ved indskud p\u00e5 op til 600 DKK hos BetLabel. Opret en konto, indbetal penge p\u00e5 din konto, og modtag automatisk bonussen i form af en kampagnekode.\",\"breadcrumb\":{\"@id\":\"https:\\\/\\\/betlabel.games\\\/dk\\\/free-bet\\\/#breadcrumb\"},\"inLanguage\":\"da-DK\",\"potentialAction\":[{\"@type\":\"ReadAction\",\"target\":[\"https:\\\/\\\/betlabel.games\\\/dk\\\/free-bet\\\/\"]}]},{\"@type\":\"BreadcrumbList\",\"@id\":\"https:\\\/\\\/betlabel.games\\\/dk\\\/free-bet\\\/#breadcrumb\",\"itemListElement\":[{\"@type\":\"ListItem\",\"position\":1,\"name\":\"Home\",\"item\":\"https:\\\/\\\/betlabel.games\\\/dk\\\/\"},{\"@type\":\"ListItem\",\"position\":2,\"name\":\"Gratis v\u00e6ddem\u00e5l\"}]},{\"@type\":\"WebSite\",\"@id\":\"https:\\\/\\\/betlabel.games\\\/dk\\\/#website\",\"url\":\"https:\\\/\\\/betlabel.games\\\/dk\\\/\",\"name\":\"Betlabel dk\",\"description\":\"My WordPress Blog\",\"potentialAction\":[{\"@type\":\"SearchAction\",\"target\":{\"@type\":\"EntryPoint\",\"urlTemplate\":\"https:\\\/\\\/betlabel.games\\\/dk\\\/?s={search_term_string}\"},\"query-input\":{\"@type\":\"PropertyValueSpecification\",\"valueRequired\":true,\"valueName\":\"search_term_string\"}}],\"inLanguage\":\"da-DK\"}]}<\/script>\n<!-- \/ Yoast SEO plugin. -->","yoast_head_json":{"title":"BetLabel Gratis v\u00e6ddem\u00e5l p\u00e5 15% op til 600DKK \u2013 Indskudsbonus","description":"F\u00e5 et gratis v\u00e6ddem\u00e5l p\u00e5 15 % ved indskud p\u00e5 op til 600 DKK hos BetLabel. Opret en konto, indbetal penge p\u00e5 din konto, og modtag automatisk bonussen i form af en kampagnekode.","robots":{"index":"index","follow":"follow","max-snippet":"max-snippet:-1","max-image-preview":"max-image-preview:large","max-video-preview":"max-video-preview:-1"},"og_locale":"da_DK","og_type":"article","og_title":"BetLabel Gratis v\u00e6ddem\u00e5l p\u00e5 15% op til 600DKK \u2013 Indskudsbonus","og_description":"F\u00e5 et gratis v\u00e6ddem\u00e5l p\u00e5 15 % ved indskud p\u00e5 op til 600 DKK hos BetLabel. Opret en konto, indbetal penge p\u00e5 din konto, og modtag automatisk bonussen i form af en kampagnekode.","og_url":"https:\/\/betlabel.games\/dk\/free-bet\/","og_site_name":"Betlabel dk","article_modified_time":"2026-04-26T15:51:40+00:00","twitter_card":"summary_large_image","schema":{"@context":"https:\/\/schema.org","@graph":[{"@type":"WebPage","@id":"https:\/\/betlabel.games\/dk\/free-bet\/","url":"https:\/\/betlabel.games\/dk\/free-bet\/","name":"BetLabel Gratis v\u00e6ddem\u00e5l p\u00e5 15% op til 600DKK \u2013 Indskudsbonus","isPartOf":{"@id":"https:\/\/betlabel.games\/dk\/#website"},"datePublished":"2026-03-19T07:07:26+00:00","dateModified":"2026-04-26T15:51:40+00:00","description":"F\u00e5 et gratis v\u00e6ddem\u00e5l p\u00e5 15 % ved indskud p\u00e5 op til 600 DKK hos BetLabel. Opret en konto, indbetal penge p\u00e5 din konto, og modtag automatisk bonussen i form af en kampagnekode.","breadcrumb":{"@id":"https:\/\/betlabel.games\/dk\/free-bet\/#breadcrumb"},"inLanguage":"da-DK","potentialAction":[{"@type":"ReadAction","target":["https:\/\/betlabel.games\/dk\/free-bet\/"]}]},{"@type":"BreadcrumbList","@id":"https:\/\/betlabel.games\/dk\/free-bet\/#breadcrumb","itemListElement":[{"@type":"ListItem","position":1,"name":"Home","item":"https:\/\/betlabel.games\/dk\/"},{"@type":"ListItem","position":2,"name":"Gratis v\u00e6ddem\u00e5l"}]},{"@type":"WebSite","@id":"https:\/\/betlabel.games\/dk\/#website","url":"https:\/\/betlabel.games\/dk\/","name":"Betlabel dk","description":"My WordPress Blog","potentialAction":[{"@type":"SearchAction","target":{"@type":"EntryPoint","urlTemplate":"https:\/\/betlabel.games\/dk\/?s={search_term_string}"},"query-input":{"@type":"PropertyValueSpecification","valueRequired":true,"valueName":"search_term_string"}}],"inLanguage":"da-DK"}]}},"_links":{"self":[{"href":"https:\/\/betlabel.games\/dk\/wp-json\/wp\/v2\/pages\/1100","targetHints":{"allow":["GET"]}}],"collection":[{"href":"https:\/\/betlabel.games\/dk\/wp-json\/wp\/v2\/pages"}],"about":[{"href":"https:\/\/betlabel.games\/dk\/wp-json\/wp\/v2\/types\/page"}],"author":[{"embeddable":true,"href":"https:\/\/betlabel.games\/dk\/wp-json\/wp\/v2\/users\/1"}],"replies":[{"embeddable":true,"href":"https:\/\/betlabel.games\/dk\/wp-json\/wp\/v2\/comments?post=1100"}],"version-history":[{"count":3,"href":"https:\/\/betlabel.games\/dk\/wp-json\/wp\/v2\/pages\/1100\/revisions"}],"predecessor-version":[{"id":1196,"href":"https:\/\/betlabel.games\/dk\/wp-json\/wp\/v2\/pages\/1100\/revisions\/1196"}],"wp:attachment":[{"href":"https:\/\/betlabel.games\/dk\/wp-json\/wp\/v2\/media?parent=1100"}],"curies":[{"name":"wp","href":"https:\/\/api.w.org\/{rel}","templated":true}]}}