{"id":1107,"date":"2026-03-19T07:49:17","date_gmt":"2026-03-19T07:49:17","guid":{"rendered":"https:\/\/betlabel.games\/?page_id=1107"},"modified":"2026-04-26T16:05:05","modified_gmt":"2026-04-26T16:05:05","slug":"bonus-in-app","status":"publish","type":"page","link":"https:\/\/betlabel.games\/dk\/bonus-in-app\/","title":{"rendered":"Bonus i appen"},"content":{"rendered":"","protected":false},"excerpt":{"rendered":"","protected":false},"author":1,"featured_media":0,"parent":0,"menu_order":0,"comment_status":"closed","ping_status":"closed","template":"","meta":{"footnotes":""},"class_list":["post-1107","page","type-page","status-publish","hentry"],"yoast_head":"<!-- This site is optimized with the Yoast SEO plugin v27.4 - https:\/\/yoast.com\/product\/yoast-seo-wordpress\/ -->\n<title>BetLabel-bonus p\u00e5 op til 1600 DKK \u2013 Bonus i mobilappen<\/title>\n<meta name=\"description\" content=\"F\u00e5 op til 1600 kr. hver m\u00e5ned hos BetLabel, n\u00e5r du spiller via mobilappen. Download appen, aktiver tilbuddet, og spil p\u00e5 tusindvis af begivenheder.\" \/>\n<meta name=\"robots\" content=\"index, follow, max-snippet:-1, max-image-preview:large, max-video-preview:-1\" \/>\n<meta property=\"og:locale\" content=\"da_DK\" \/>\n<meta property=\"og:type\" content=\"article\" \/>\n<meta property=\"og:title\" content=\"BetLabel-bonus p\u00e5 op til 1600 DKK \u2013 Bonus i mobilappen\" \/>\n<meta property=\"og:description\" content=\"F\u00e5 op til 1600 kr. hver m\u00e5ned hos BetLabel, n\u00e5r du spiller via mobilappen. Download appen, aktiver tilbuddet, og spil p\u00e5 tusindvis af begivenheder.\" \/>\n<meta property=\"og:url\" content=\"https:\/\/betlabel.games\/dk\/bonus-in-app\/\" \/>\n<meta property=\"og:site_name\" content=\"Betlabel dk\" \/>\n<meta property=\"article:modified_time\" content=\"2026-04-26T16:05:05+00:00\" \/>\n<meta name=\"twitter:card\" content=\"summary_large_image\" \/>\n<script type=\"application\/ld+json\" class=\"yoast-schema-graph\">{\"@context\":\"https:\\\/\\\/schema.org\",\"@graph\":[{\"@type\":\"WebPage\",\"@id\":\"https:\\\/\\\/betlabel.games\\\/dk\\\/bonus-in-app\\\/\",\"url\":\"https:\\\/\\\/betlabel.games\\\/dk\\\/bonus-in-app\\\/\",\"name\":\"BetLabel-bonus p\u00e5 op til 1600 DKK \u2013 Bonus i mobilappen\",\"isPartOf\":{\"@id\":\"https:\\\/\\\/betlabel.games\\\/dk\\\/#website\"},\"datePublished\":\"2026-03-19T07:49:17+00:00\",\"dateModified\":\"2026-04-26T16:05:05+00:00\",\"description\":\"F\u00e5 op til 1600 kr. hver m\u00e5ned hos BetLabel, n\u00e5r du spiller via mobilappen. Download appen, aktiver tilbuddet, og spil p\u00e5 tusindvis af begivenheder.\",\"breadcrumb\":{\"@id\":\"https:\\\/\\\/betlabel.games\\\/dk\\\/bonus-in-app\\\/#breadcrumb\"},\"inLanguage\":\"da-DK\",\"potentialAction\":[{\"@type\":\"ReadAction\",\"target\":[\"https:\\\/\\\/betlabel.games\\\/dk\\\/bonus-in-app\\\/\"]}]},{\"@type\":\"BreadcrumbList\",\"@id\":\"https:\\\/\\\/betlabel.games\\\/dk\\\/bonus-in-app\\\/#breadcrumb\",\"itemListElement\":[{\"@type\":\"ListItem\",\"position\":1,\"name\":\"Home\",\"item\":\"https:\\\/\\\/betlabel.games\\\/dk\\\/\"},{\"@type\":\"ListItem\",\"position\":2,\"name\":\"Bonus i appen\"}]},{\"@type\":\"WebSite\",\"@id\":\"https:\\\/\\\/betlabel.games\\\/dk\\\/#website\",\"url\":\"https:\\\/\\\/betlabel.games\\\/dk\\\/\",\"name\":\"Betlabel dk\",\"description\":\"My WordPress Blog\",\"potentialAction\":[{\"@type\":\"SearchAction\",\"target\":{\"@type\":\"EntryPoint\",\"urlTemplate\":\"https:\\\/\\\/betlabel.games\\\/dk\\\/?s={search_term_string}\"},\"query-input\":{\"@type\":\"PropertyValueSpecification\",\"valueRequired\":true,\"valueName\":\"search_term_string\"}}],\"inLanguage\":\"da-DK\"}]}<\/script>\n<!-- \/ Yoast SEO plugin. -->","yoast_head_json":{"title":"BetLabel-bonus p\u00e5 op til 1600 DKK \u2013 Bonus i mobilappen","description":"F\u00e5 op til 1600 kr. hver m\u00e5ned hos BetLabel, n\u00e5r du spiller via mobilappen. Download appen, aktiver tilbuddet, og spil p\u00e5 tusindvis af begivenheder.","robots":{"index":"index","follow":"follow","max-snippet":"max-snippet:-1","max-image-preview":"max-image-preview:large","max-video-preview":"max-video-preview:-1"},"og_locale":"da_DK","og_type":"article","og_title":"BetLabel-bonus p\u00e5 op til 1600 DKK \u2013 Bonus i mobilappen","og_description":"F\u00e5 op til 1600 kr. hver m\u00e5ned hos BetLabel, n\u00e5r du spiller via mobilappen. Download appen, aktiver tilbuddet, og spil p\u00e5 tusindvis af begivenheder.","og_url":"https:\/\/betlabel.games\/dk\/bonus-in-app\/","og_site_name":"Betlabel dk","article_modified_time":"2026-04-26T16:05:05+00:00","twitter_card":"summary_large_image","schema":{"@context":"https:\/\/schema.org","@graph":[{"@type":"WebPage","@id":"https:\/\/betlabel.games\/dk\/bonus-in-app\/","url":"https:\/\/betlabel.games\/dk\/bonus-in-app\/","name":"BetLabel-bonus p\u00e5 op til 1600 DKK \u2013 Bonus i mobilappen","isPartOf":{"@id":"https:\/\/betlabel.games\/dk\/#website"},"datePublished":"2026-03-19T07:49:17+00:00","dateModified":"2026-04-26T16:05:05+00:00","description":"F\u00e5 op til 1600 kr. hver m\u00e5ned hos BetLabel, n\u00e5r du spiller via mobilappen. Download appen, aktiver tilbuddet, og spil p\u00e5 tusindvis af begivenheder.","breadcrumb":{"@id":"https:\/\/betlabel.games\/dk\/bonus-in-app\/#breadcrumb"},"inLanguage":"da-DK","potentialAction":[{"@type":"ReadAction","target":["https:\/\/betlabel.games\/dk\/bonus-in-app\/"]}]},{"@type":"BreadcrumbList","@id":"https:\/\/betlabel.games\/dk\/bonus-in-app\/#breadcrumb","itemListElement":[{"@type":"ListItem","position":1,"name":"Home","item":"https:\/\/betlabel.games\/dk\/"},{"@type":"ListItem","position":2,"name":"Bonus i appen"}]},{"@type":"WebSite","@id":"https:\/\/betlabel.games\/dk\/#website","url":"https:\/\/betlabel.games\/dk\/","name":"Betlabel dk","description":"My WordPress Blog","potentialAction":[{"@type":"SearchAction","target":{"@type":"EntryPoint","urlTemplate":"https:\/\/betlabel.games\/dk\/?s={search_term_string}"},"query-input":{"@type":"PropertyValueSpecification","valueRequired":true,"valueName":"search_term_string"}}],"inLanguage":"da-DK"}]}},"_links":{"self":[{"href":"https:\/\/betlabel.games\/dk\/wp-json\/wp\/v2\/pages\/1107","targetHints":{"allow":["GET"]}}],"collection":[{"href":"https:\/\/betlabel.games\/dk\/wp-json\/wp\/v2\/pages"}],"about":[{"href":"https:\/\/betlabel.games\/dk\/wp-json\/wp\/v2\/types\/page"}],"author":[{"embeddable":true,"href":"https:\/\/betlabel.games\/dk\/wp-json\/wp\/v2\/users\/1"}],"replies":[{"embeddable":true,"href":"https:\/\/betlabel.games\/dk\/wp-json\/wp\/v2\/comments?post=1107"}],"version-history":[{"count":2,"href":"https:\/\/betlabel.games\/dk\/wp-json\/wp\/v2\/pages\/1107\/revisions"}],"predecessor-version":[{"id":1202,"href":"https:\/\/betlabel.games\/dk\/wp-json\/wp\/v2\/pages\/1107\/revisions\/1202"}],"wp:attachment":[{"href":"https:\/\/betlabel.games\/dk\/wp-json\/wp\/v2\/media?parent=1107"}],"curies":[{"name":"wp","href":"https:\/\/api.w.org\/{rel}","templated":true}]}}