{"id":1119,"date":"2026-03-19T08:36:40","date_gmt":"2026-03-19T08:36:40","guid":{"rendered":"https:\/\/betlabel.games\/?page_id=1119"},"modified":"2026-04-26T16:27:11","modified_gmt":"2026-04-26T16:27:11","slug":"accumulator-insurance","status":"publish","type":"page","link":"https:\/\/betlabel.games\/dk\/accumulator-insurance\/","title":{"rendered":"Akkuforsikring"},"content":{"rendered":"","protected":false},"excerpt":{"rendered":"","protected":false},"author":1,"featured_media":0,"parent":0,"menu_order":0,"comment_status":"closed","ping_status":"closed","template":"","meta":{"footnotes":""},"class_list":["post-1119","page","type-page","status-publish","hentry"],"yoast_head":"<!-- This site is optimized with the Yoast SEO plugin v27.4 - https:\/\/yoast.com\/product\/yoast-seo-wordpress\/ -->\n<title>BetLabel Akku-forsikring \u2013 100 % Express Forsikring<\/title>\n<meta name=\"description\" content=\"Accumulatorforsikring hos BetLabel \u2013 F\u00e5 100 % af din indsats tilbage, hvis blot \u00e9t valg taber. L\u00e6s mere om vilk\u00e5rene og betingelserne for Accumulatorforsikring, og find ud af, hvordan du deltager.\" \/>\n<meta name=\"robots\" content=\"index, follow, max-snippet:-1, max-image-preview:large, max-video-preview:-1\" \/>\n<meta property=\"og:locale\" content=\"da_DK\" \/>\n<meta property=\"og:type\" content=\"article\" \/>\n<meta property=\"og:title\" content=\"BetLabel Akku-forsikring \u2013 100 % Express Forsikring\" \/>\n<meta property=\"og:description\" content=\"Accumulatorforsikring hos BetLabel \u2013 F\u00e5 100 % af din indsats tilbage, hvis blot \u00e9t valg taber. L\u00e6s mere om vilk\u00e5rene og betingelserne for Accumulatorforsikring, og find ud af, hvordan du deltager.\" \/>\n<meta property=\"og:url\" content=\"https:\/\/betlabel.games\/dk\/accumulator-insurance\/\" \/>\n<meta property=\"og:site_name\" content=\"Betlabel dk\" \/>\n<meta property=\"article:modified_time\" content=\"2026-04-26T16:27:11+00:00\" \/>\n<meta name=\"twitter:card\" content=\"summary_large_image\" \/>\n<script type=\"application\/ld+json\" class=\"yoast-schema-graph\">{\"@context\":\"https:\\\/\\\/schema.org\",\"@graph\":[{\"@type\":\"WebPage\",\"@id\":\"https:\\\/\\\/betlabel.games\\\/dk\\\/accumulator-insurance\\\/\",\"url\":\"https:\\\/\\\/betlabel.games\\\/dk\\\/accumulator-insurance\\\/\",\"name\":\"BetLabel Akku-forsikring \u2013 100 % Express Forsikring\",\"isPartOf\":{\"@id\":\"https:\\\/\\\/betlabel.games\\\/dk\\\/#website\"},\"datePublished\":\"2026-03-19T08:36:40+00:00\",\"dateModified\":\"2026-04-26T16:27:11+00:00\",\"description\":\"Accumulatorforsikring hos BetLabel \u2013 F\u00e5 100 % af din indsats tilbage, hvis blot \u00e9t valg taber. L\u00e6s mere om vilk\u00e5rene og betingelserne for Accumulatorforsikring, og find ud af, hvordan du deltager.\",\"breadcrumb\":{\"@id\":\"https:\\\/\\\/betlabel.games\\\/dk\\\/accumulator-insurance\\\/#breadcrumb\"},\"inLanguage\":\"da-DK\",\"potentialAction\":[{\"@type\":\"ReadAction\",\"target\":[\"https:\\\/\\\/betlabel.games\\\/dk\\\/accumulator-insurance\\\/\"]}]},{\"@type\":\"BreadcrumbList\",\"@id\":\"https:\\\/\\\/betlabel.games\\\/dk\\\/accumulator-insurance\\\/#breadcrumb\",\"itemListElement\":[{\"@type\":\"ListItem\",\"position\":1,\"name\":\"Home\",\"item\":\"https:\\\/\\\/betlabel.games\\\/dk\\\/\"},{\"@type\":\"ListItem\",\"position\":2,\"name\":\"Akkuforsikring\"}]},{\"@type\":\"WebSite\",\"@id\":\"https:\\\/\\\/betlabel.games\\\/dk\\\/#website\",\"url\":\"https:\\\/\\\/betlabel.games\\\/dk\\\/\",\"name\":\"Betlabel dk\",\"description\":\"My WordPress Blog\",\"potentialAction\":[{\"@type\":\"SearchAction\",\"target\":{\"@type\":\"EntryPoint\",\"urlTemplate\":\"https:\\\/\\\/betlabel.games\\\/dk\\\/?s={search_term_string}\"},\"query-input\":{\"@type\":\"PropertyValueSpecification\",\"valueRequired\":true,\"valueName\":\"search_term_string\"}}],\"inLanguage\":\"da-DK\"}]}<\/script>\n<!-- \/ Yoast SEO plugin. -->","yoast_head_json":{"title":"BetLabel Akku-forsikring \u2013 100 % Express Forsikring","description":"Accumulatorforsikring hos BetLabel \u2013 F\u00e5 100 % af din indsats tilbage, hvis blot \u00e9t valg taber. L\u00e6s mere om vilk\u00e5rene og betingelserne for Accumulatorforsikring, og find ud af, hvordan du deltager.","robots":{"index":"index","follow":"follow","max-snippet":"max-snippet:-1","max-image-preview":"max-image-preview:large","max-video-preview":"max-video-preview:-1"},"og_locale":"da_DK","og_type":"article","og_title":"BetLabel Akku-forsikring \u2013 100 % Express Forsikring","og_description":"Accumulatorforsikring hos BetLabel \u2013 F\u00e5 100 % af din indsats tilbage, hvis blot \u00e9t valg taber. L\u00e6s mere om vilk\u00e5rene og betingelserne for Accumulatorforsikring, og find ud af, hvordan du deltager.","og_url":"https:\/\/betlabel.games\/dk\/accumulator-insurance\/","og_site_name":"Betlabel dk","article_modified_time":"2026-04-26T16:27:11+00:00","twitter_card":"summary_large_image","schema":{"@context":"https:\/\/schema.org","@graph":[{"@type":"WebPage","@id":"https:\/\/betlabel.games\/dk\/accumulator-insurance\/","url":"https:\/\/betlabel.games\/dk\/accumulator-insurance\/","name":"BetLabel Akku-forsikring \u2013 100 % Express Forsikring","isPartOf":{"@id":"https:\/\/betlabel.games\/dk\/#website"},"datePublished":"2026-03-19T08:36:40+00:00","dateModified":"2026-04-26T16:27:11+00:00","description":"Accumulatorforsikring hos BetLabel \u2013 F\u00e5 100 % af din indsats tilbage, hvis blot \u00e9t valg taber. L\u00e6s mere om vilk\u00e5rene og betingelserne for Accumulatorforsikring, og find ud af, hvordan du deltager.","breadcrumb":{"@id":"https:\/\/betlabel.games\/dk\/accumulator-insurance\/#breadcrumb"},"inLanguage":"da-DK","potentialAction":[{"@type":"ReadAction","target":["https:\/\/betlabel.games\/dk\/accumulator-insurance\/"]}]},{"@type":"BreadcrumbList","@id":"https:\/\/betlabel.games\/dk\/accumulator-insurance\/#breadcrumb","itemListElement":[{"@type":"ListItem","position":1,"name":"Home","item":"https:\/\/betlabel.games\/dk\/"},{"@type":"ListItem","position":2,"name":"Akkuforsikring"}]},{"@type":"WebSite","@id":"https:\/\/betlabel.games\/dk\/#website","url":"https:\/\/betlabel.games\/dk\/","name":"Betlabel dk","description":"My WordPress Blog","potentialAction":[{"@type":"SearchAction","target":{"@type":"EntryPoint","urlTemplate":"https:\/\/betlabel.games\/dk\/?s={search_term_string}"},"query-input":{"@type":"PropertyValueSpecification","valueRequired":true,"valueName":"search_term_string"}}],"inLanguage":"da-DK"}]}},"_links":{"self":[{"href":"https:\/\/betlabel.games\/dk\/wp-json\/wp\/v2\/pages\/1119","targetHints":{"allow":["GET"]}}],"collection":[{"href":"https:\/\/betlabel.games\/dk\/wp-json\/wp\/v2\/pages"}],"about":[{"href":"https:\/\/betlabel.games\/dk\/wp-json\/wp\/v2\/types\/page"}],"author":[{"embeddable":true,"href":"https:\/\/betlabel.games\/dk\/wp-json\/wp\/v2\/users\/1"}],"replies":[{"embeddable":true,"href":"https:\/\/betlabel.games\/dk\/wp-json\/wp\/v2\/comments?post=1119"}],"version-history":[{"count":3,"href":"https:\/\/betlabel.games\/dk\/wp-json\/wp\/v2\/pages\/1119\/revisions"}],"predecessor-version":[{"id":1209,"href":"https:\/\/betlabel.games\/dk\/wp-json\/wp\/v2\/pages\/1119\/revisions\/1209"}],"wp:attachment":[{"href":"https:\/\/betlabel.games\/dk\/wp-json\/wp\/v2\/media?parent=1119"}],"curies":[{"name":"wp","href":"https:\/\/api.w.org\/{rel}","templated":true}]}}